{"id":5274,"date":"2022-09-08T13:49:46","date_gmt":"2022-09-08T13:49:46","guid":{"rendered":"https:\/\/hannacosmetica.com\/?post_type=product&#038;p=5274"},"modified":"2023-10-26T11:12:01","modified_gmt":"2023-10-26T11:12:01","slug":"kit-k-regenerative-tratamiento-intensivo-antiencrespamiento-sin-formol","status":"publish","type":"product","link":"https:\/\/hannacosmetica.com\/fr\/tienda\/peluqueria\/tratamientos-para-el-cabello\/kit-k-regenerative-tratamiento-intensivo-antiencrespamiento-sin-formol\/","title":{"rendered":"Kit K-REGENERATIVE Tratamiento intensivo antiencrespamiento sin formol"},"content":{"rendered":"<p>Sistema de alisado basado en la keratina y la carbocisteina que elimina el encrespamiento y rizo del cabello, a la vez que aporta brillo y sedosidad.<br \/>\nReconstruye el cabello aportando los activos necesarios para regenerar los cabellos da\u00f1ados por productos qu\u00edmicos como decoloraci\u00f3n, tintes, permanentes, etc., y los causados por aparatos el\u00e9ctricos de acci\u00f3n t\u00e9rmica como secadores y planchas.<\/p>\n<p>La gran aportaci\u00f3n de keratina del tratamiento K- REGENERATIVE ayuda a trabajar el cabello dej\u00e1ndolo completamente liso, suave y sin encrespamiento.<\/p>\n<p>Ventajas:<\/p>\n<p>Acabado liso natural.<br \/>\nHidrata el cabello.<br \/>\nTotalmente seguro.<br \/>\nCompatible con cualquier tratamiento anterior de alisado, coloraci\u00f3n, desrizado, etc.<br \/>\nResultados excepcionales sobre el encrespado, brillo y sedosidad del cabello.<br \/>\nPermite ondular el cabello o peinarlo como se desee.<br \/>\nBasta lavar el cabello para volver a disfrutar del efecto de anti encrespado, sin necesidad de plancha, sec\u00e1ndolo al aire o con secador.<br \/>\nDuraci\u00f3n del tratamiento<br \/>\nEntre dos y tres meses dependiendo del tipo de cabello.<\/p>\n<p>Contenido del kit:<br \/>\nProductos de tratamiento:<\/p>\n<p>50 ml. Champ\u00fa Purificante.<br \/>\n90 ml. Concentrado Activador.<br \/>\n50 ml. B\u00e1lsamo Restaurador.<\/p>\n<p>Productos de Mantenimiento en casa:<\/p>\n<p>200 ml. Champ\u00fa Protector.<br \/>\n100 ml. Mascarilla Reestructurante.<\/p>\n<p><em>Composici\u00f3n:<\/em><\/p>\n<p><em>CHAMPU PUFlFlCANTE<br \/>\nAqua, Sodium Laureth Sulfate, Cocamidopropyl Betaine, Cocamide Dea, Polysorbate 20, Panthenol, Sodium Citrate, Parfum, Disodium EDTA, Sodium Benzoate, Diazolidinyl Urea, Polyquaternium-7, Potassium Sorbate, Citric Acid, PEG\/PPG-20\/B Dimethicone, Hexylcinnamal, Limonene, Benzyl Alcohol, Linalool, Citral, Geraniol, Amyl Cinnamal, Alpha lsomethyl lonone, Sodium Chloride.<br \/>\nCONCENTRADO ACTIVADOR<br \/>\nAqua , Cetearyl Alcohol, Behentrimonium Methosulfate, Polyquaternium-7, Peg-SOM, Paraf\ufb01num l.iquidum, Methylisothiazolinone,<br \/>\nMethylchloroisothiazolinone, Carbocysteine, Keratin Amino Acids, Parfum , Benzyl benzoate, Hexyl cinnamal, Benzyl salicylate, l.inalool, Citronellol, Butylphenyl methylpropional.<br \/>\nBALSAMO REPARADOR<br \/>\nAqua, Paraf\ufb01num Liquidum, Cetearyl Alcohol, Cetyl Alcohol, Propylene Glycol, Steartrimonium Chloride, lsopropyl Alcohol, Behentrimonium Chloride,<br \/>\nPhenoxyethanol, Parfum, Disodium EDTA, Lanolin, Hydrolyzed Collagen, Collagen, Sodium Lactate, Collagen Amino Acids, Mannitol, Urea, Lactic Acid, Glycine, Hexylcinnamal, Umonene, Benzyl Alcohol, Silicone Quaternium-18, Trideceth-6, Trideceth-12, Tocopheryl Acetate, Citric Acid.<br \/>\nCHAMPU PROTECTOR<br \/>\nAqua, Sodium Lauryl Sulfoacetate, Disodium Lauryl Sulfosuccinate, Glycerin, Cocamide Dea, Decyl Glucoside, Cocamidopropyl Betaine, Sodium Citrate, Parfum,<br \/>\nDisodium EDTA, Sodium Benzoate, Diazolidinyl Urea, Panthenol, Potassium Sorbate, Citric Acid, Propylene Glycol, Polyquaternium-7, Faex, Linalool, Limonene, Niacinamide, Riboflavin, Thiamine HCL, Biotin, Pyridoxine, lnositol, Cyanocobalamin, Bis-Cetearyl Amodimethicone, Styrene\/Acrylates Copolymer, Coco-Glucoside, Ceteareth-25, Ceteareth-7, Leureth-2, PEG-SO Glyceryl lsostearate.<br \/>\nMASCARILLA REESTRUCTURANTE<br \/>\nAqua, Cyclopentasiloxane, Alcohol Oenat,, PEG\/PPG-18\/18 Dimethicone, Sodium Chloride, Argania Spinosa Kemel Oil, Dimethiconol, Tocopheryl Acetate,<br \/>\nOctyldodecyl PCA, Phenoxyethanol, Parlum, Ethylhexyl Methoxycinnamate, Ethylhexylglycerin, Cystine Bis-PG-Propyl Silanetriol, Unalool, Umonene, Geraniol, Alpha lsomethyi lonone. Citronellol, Benzyl Salicylate, Citral, Hexylcinnamal.<\/em><\/p>","protected":false},"excerpt":{"rendered":"<p>Sistema de alisado basado en la keratina y la carbocisteina que elimina el encrespamiento y rizo del cabello, a la vez que&hellip;<\/p>","protected":false},"featured_media":5275,"comment_status":"open","ping_status":"closed","template":"","meta":[],"product_cat":[83,111],"product_tag":[],"yoast_head":"<!-- This site is optimized with the Yoast SEO plugin v19.9 - https:\/\/yoast.com\/wordpress\/plugins\/seo\/ -->\n<title>Kit K-REGENERATIVE Tratamiento intensivo antiencrespamiento sin formol - Hanna Cosm\u00e9tica<\/title>\n<meta name=\"robots\" content=\"index, follow, max-snippet:-1, max-image-preview:large, max-video-preview:-1\" \/>\n<link rel=\"canonical\" href=\"https:\/\/hannacosmetica.com\/fr\/tienda\/peluqueria\/tratamientos-para-el-cabello\/kit-k-regenerative-tratamiento-intensivo-antiencrespamiento-sin-formol\/\" \/>\n<meta property=\"og:locale\" content=\"fr_FR\" \/>\n<meta property=\"og:type\" content=\"article\" \/>\n<meta property=\"og:title\" content=\"Kit K-REGENERATIVE Tratamiento intensivo antiencrespamiento sin formol - Hanna Cosm\u00e9tica\" \/>\n<meta property=\"og:description\" content=\"Sistema de alisado basado en la keratina y la carbocisteina que elimina el encrespamiento y rizo del cabello, a la vez que&hellip;\" \/>\n<meta property=\"og:url\" content=\"https:\/\/hannacosmetica.com\/fr\/tienda\/peluqueria\/tratamientos-para-el-cabello\/kit-k-regenerative-tratamiento-intensivo-antiencrespamiento-sin-formol\/\" \/>\n<meta property=\"og:site_name\" content=\"Hanna Cosm\u00e9tica\" \/>\n<meta property=\"article:modified_time\" content=\"2023-10-26T11:12:01+00:00\" \/>\n<meta property=\"og:image\" content=\"https:\/\/hannacosmetica.com\/wp-content\/uploads\/2022\/09\/crema_facial_AC_antiarrigas_colageno_liposomas_60ml_sesiomworld_ml-23.png\" \/>\n\t<meta property=\"og:image:width\" content=\"956\" \/>\n\t<meta property=\"og:image:height\" content=\"999\" \/>\n\t<meta property=\"og:image:type\" content=\"image\/png\" \/>\n<meta name=\"twitter:card\" content=\"summary_large_image\" \/>\n<script type=\"application\/ld+json\" class=\"yoast-schema-graph\">{\"@context\":\"https:\/\/schema.org\",\"@graph\":[{\"@type\":\"WebPage\",\"@id\":\"https:\/\/hannacosmetica.com\/tienda\/peluqueria\/tratamientos-para-el-cabello\/kit-k-regenerative-tratamiento-intensivo-antiencrespamiento-sin-formol\/\",\"url\":\"https:\/\/hannacosmetica.com\/tienda\/peluqueria\/tratamientos-para-el-cabello\/kit-k-regenerative-tratamiento-intensivo-antiencrespamiento-sin-formol\/\",\"name\":\"Kit K-REGENERATIVE Tratamiento intensivo antiencrespamiento sin formol - Hanna Cosm\u00e9tica\",\"isPartOf\":{\"@id\":\"https:\/\/hannacosmetica.com\/#website\"},\"datePublished\":\"2022-09-08T13:49:46+00:00\",\"dateModified\":\"2023-10-26T11:12:01+00:00\",\"breadcrumb\":{\"@id\":\"https:\/\/hannacosmetica.com\/tienda\/peluqueria\/tratamientos-para-el-cabello\/kit-k-regenerative-tratamiento-intensivo-antiencrespamiento-sin-formol\/#breadcrumb\"},\"inLanguage\":\"fr-FR\",\"potentialAction\":[{\"@type\":\"ReadAction\",\"target\":[\"https:\/\/hannacosmetica.com\/tienda\/peluqueria\/tratamientos-para-el-cabello\/kit-k-regenerative-tratamiento-intensivo-antiencrespamiento-sin-formol\/\"]}]},{\"@type\":\"BreadcrumbList\",\"@id\":\"https:\/\/hannacosmetica.com\/tienda\/peluqueria\/tratamientos-para-el-cabello\/kit-k-regenerative-tratamiento-intensivo-antiencrespamiento-sin-formol\/#breadcrumb\",\"itemListElement\":[{\"@type\":\"ListItem\",\"position\":1,\"name\":\"Portada\",\"item\":\"https:\/\/hannacosmetica.com\/\"},{\"@type\":\"ListItem\",\"position\":2,\"name\":\"Tienda\",\"item\":\"https:\/\/hannacosmetica.com\/shop\/\"},{\"@type\":\"ListItem\",\"position\":3,\"name\":\"Kit K-REGENERATIVE Tratamiento intensivo antiencrespamiento sin formol\"}]},{\"@type\":\"WebSite\",\"@id\":\"https:\/\/hannacosmetica.com\/#website\",\"url\":\"https:\/\/hannacosmetica.com\/\",\"name\":\"Hanna Cosm\u00e9tica\",\"description\":\"Tienda de productos u\u00f1as, bellezas y peluquer\u00edas\",\"publisher\":{\"@id\":\"https:\/\/hannacosmetica.com\/#organization\"},\"potentialAction\":[{\"@type\":\"SearchAction\",\"target\":{\"@type\":\"EntryPoint\",\"urlTemplate\":\"https:\/\/hannacosmetica.com\/?s={search_term_string}\"},\"query-input\":\"required name=search_term_string\"}],\"inLanguage\":\"fr-FR\"},{\"@type\":\"Organization\",\"@id\":\"https:\/\/hannacosmetica.com\/#organization\",\"name\":\"Hanna Cosm\u00e9tica\",\"url\":\"https:\/\/hannacosmetica.com\/\",\"logo\":{\"@type\":\"ImageObject\",\"inLanguage\":\"fr-FR\",\"@id\":\"https:\/\/hannacosmetica.com\/#\/schema\/logo\/image\/\",\"url\":\"https:\/\/hannacosmetica.com\/wp-content\/uploads\/2022\/07\/Logo-Joyeria-Femenino-Floral-Negro.png\",\"contentUrl\":\"https:\/\/hannacosmetica.com\/wp-content\/uploads\/2022\/07\/Logo-Joyeria-Femenino-Floral-Negro.png\",\"width\":361,\"height\":126,\"caption\":\"Hanna Cosm\u00e9tica\"},\"image\":{\"@id\":\"https:\/\/hannacosmetica.com\/#\/schema\/logo\/image\/\"}}]}<\/script>\n<!-- \/ Yoast SEO plugin. -->","yoast_head_json":{"title":"Kit K-REGENERATIVE Tratamiento intensivo antiencrespamiento sin formol - Hanna Cosm\u00e9tica","robots":{"index":"index","follow":"follow","max-snippet":"max-snippet:-1","max-image-preview":"max-image-preview:large","max-video-preview":"max-video-preview:-1"},"canonical":"https:\/\/hannacosmetica.com\/fr\/tienda\/peluqueria\/tratamientos-para-el-cabello\/kit-k-regenerative-tratamiento-intensivo-antiencrespamiento-sin-formol\/","og_locale":"fr_FR","og_type":"article","og_title":"Kit K-REGENERATIVE Tratamiento intensivo antiencrespamiento sin formol - Hanna Cosm\u00e9tica","og_description":"Sistema de alisado basado en la keratina y la carbocisteina que elimina el encrespamiento y rizo del cabello, a la vez que&hellip;","og_url":"https:\/\/hannacosmetica.com\/fr\/tienda\/peluqueria\/tratamientos-para-el-cabello\/kit-k-regenerative-tratamiento-intensivo-antiencrespamiento-sin-formol\/","og_site_name":"Hanna Cosm\u00e9tica","article_modified_time":"2023-10-26T11:12:01+00:00","og_image":[{"width":956,"height":999,"url":"https:\/\/hannacosmetica.com\/wp-content\/uploads\/2022\/09\/crema_facial_AC_antiarrigas_colageno_liposomas_60ml_sesiomworld_ml-23.png","type":"image\/png"}],"twitter_card":"summary_large_image","schema":{"@context":"https:\/\/schema.org","@graph":[{"@type":"WebPage","@id":"https:\/\/hannacosmetica.com\/tienda\/peluqueria\/tratamientos-para-el-cabello\/kit-k-regenerative-tratamiento-intensivo-antiencrespamiento-sin-formol\/","url":"https:\/\/hannacosmetica.com\/tienda\/peluqueria\/tratamientos-para-el-cabello\/kit-k-regenerative-tratamiento-intensivo-antiencrespamiento-sin-formol\/","name":"Kit K-REGENERATIVE Tratamiento intensivo antiencrespamiento sin formol - Hanna Cosm\u00e9tica","isPartOf":{"@id":"https:\/\/hannacosmetica.com\/#website"},"datePublished":"2022-09-08T13:49:46+00:00","dateModified":"2023-10-26T11:12:01+00:00","breadcrumb":{"@id":"https:\/\/hannacosmetica.com\/tienda\/peluqueria\/tratamientos-para-el-cabello\/kit-k-regenerative-tratamiento-intensivo-antiencrespamiento-sin-formol\/#breadcrumb"},"inLanguage":"fr-FR","potentialAction":[{"@type":"ReadAction","target":["https:\/\/hannacosmetica.com\/tienda\/peluqueria\/tratamientos-para-el-cabello\/kit-k-regenerative-tratamiento-intensivo-antiencrespamiento-sin-formol\/"]}]},{"@type":"BreadcrumbList","@id":"https:\/\/hannacosmetica.com\/tienda\/peluqueria\/tratamientos-para-el-cabello\/kit-k-regenerative-tratamiento-intensivo-antiencrespamiento-sin-formol\/#breadcrumb","itemListElement":[{"@type":"ListItem","position":1,"name":"Portada","item":"https:\/\/hannacosmetica.com\/"},{"@type":"ListItem","position":2,"name":"Tienda","item":"https:\/\/hannacosmetica.com\/shop\/"},{"@type":"ListItem","position":3,"name":"Kit K-REGENERATIVE Tratamiento intensivo antiencrespamiento sin formol"}]},{"@type":"WebSite","@id":"https:\/\/hannacosmetica.com\/#website","url":"https:\/\/hannacosmetica.com\/","name":"Hanna Cosm\u00e9tica","description":"Tienda de productos u\u00f1as, bellezas y peluquer\u00edas","publisher":{"@id":"https:\/\/hannacosmetica.com\/#organization"},"potentialAction":[{"@type":"SearchAction","target":{"@type":"EntryPoint","urlTemplate":"https:\/\/hannacosmetica.com\/?s={search_term_string}"},"query-input":"required name=search_term_string"}],"inLanguage":"fr-FR"},{"@type":"Organization","@id":"https:\/\/hannacosmetica.com\/#organization","name":"Hanna Cosm\u00e9tica","url":"https:\/\/hannacosmetica.com\/","logo":{"@type":"ImageObject","inLanguage":"fr-FR","@id":"https:\/\/hannacosmetica.com\/#\/schema\/logo\/image\/","url":"https:\/\/hannacosmetica.com\/wp-content\/uploads\/2022\/07\/Logo-Joyeria-Femenino-Floral-Negro.png","contentUrl":"https:\/\/hannacosmetica.com\/wp-content\/uploads\/2022\/07\/Logo-Joyeria-Femenino-Floral-Negro.png","width":361,"height":126,"caption":"Hanna Cosm\u00e9tica"},"image":{"@id":"https:\/\/hannacosmetica.com\/#\/schema\/logo\/image\/"}}]}},"_links":{"self":[{"href":"https:\/\/hannacosmetica.com\/fr\/wp-json\/wp\/v2\/product\/5274"}],"collection":[{"href":"https:\/\/hannacosmetica.com\/fr\/wp-json\/wp\/v2\/product"}],"about":[{"href":"https:\/\/hannacosmetica.com\/fr\/wp-json\/wp\/v2\/types\/product"}],"replies":[{"embeddable":true,"href":"https:\/\/hannacosmetica.com\/fr\/wp-json\/wp\/v2\/comments?post=5274"}],"version-history":[{"count":1,"href":"https:\/\/hannacosmetica.com\/fr\/wp-json\/wp\/v2\/product\/5274\/revisions"}],"predecessor-version":[{"id":5276,"href":"https:\/\/hannacosmetica.com\/fr\/wp-json\/wp\/v2\/product\/5274\/revisions\/5276"}],"wp:featuredmedia":[{"embeddable":true,"href":"https:\/\/hannacosmetica.com\/fr\/wp-json\/wp\/v2\/media\/5275"}],"wp:attachment":[{"href":"https:\/\/hannacosmetica.com\/fr\/wp-json\/wp\/v2\/media?parent=5274"}],"wp:term":[{"taxonomy":"product_cat","embeddable":true,"href":"https:\/\/hannacosmetica.com\/fr\/wp-json\/wp\/v2\/product_cat?post=5274"},{"taxonomy":"product_tag","embeddable":true,"href":"https:\/\/hannacosmetica.com\/fr\/wp-json\/wp\/v2\/product_tag?post=5274"}],"curies":[{"name":"wp","href":"https:\/\/api.w.org\/{rel}","templated":true}]}}