{"id":5265,"date":"2022-09-08T13:46:17","date_gmt":"2022-09-08T13:46:17","guid":{"rendered":"https:\/\/hannacosmetica.com\/?post_type=product&#038;p=5265"},"modified":"2023-10-26T12:25:51","modified_gmt":"2023-10-26T12:25:51","slug":"polvo-de-talco-especial-barberia-peluqueria-350gr","status":"publish","type":"product","link":"https:\/\/hannacosmetica.com\/fr\/tienda\/estetica\/complementos-estetica\/polvo-de-talco-especial-barberia-peluqueria-350gr\/","title":{"rendered":"Polvo de talco especial barber\u00eda\/peluquer\u00eda 350gr."},"content":{"rendered":"<p>Suavidad, frescura y nutrici\u00f3n para la piel. Los polvos de talco son suavizantes, hidratantes y emolientes. Ideal para despu\u00e9s del corte, afeitado o depilaci\u00f3n ya que son espec\u00edficos para las irritaciones o escoceduras, rojeces,\u2026<\/p>","protected":false},"excerpt":{"rendered":"<p>Suavidad, frescura y nutrici\u00f3n para la piel. Los polvos de talco son suavizantes, hidratantes y emolientes. Ideal para despu\u00e9s del corte, afeitado&hellip;<\/p>","protected":false},"featured_media":5266,"comment_status":"open","ping_status":"closed","template":"","meta":[],"product_cat":[83,111,112,84,115],"product_tag":[],"yoast_head":"<!-- This site is optimized with the Yoast SEO plugin v19.9 - https:\/\/yoast.com\/wordpress\/plugins\/seo\/ -->\n<title>Polvo de talco especial barber\u00eda\/peluquer\u00eda 350gr. - Hanna Cosm\u00e9tica<\/title>\n<meta name=\"robots\" content=\"index, follow, max-snippet:-1, max-image-preview:large, max-video-preview:-1\" \/>\n<link rel=\"canonical\" href=\"https:\/\/hannacosmetica.com\/fr\/tienda\/estetica\/complementos-estetica\/polvo-de-talco-especial-barberia-peluqueria-350gr\/\" \/>\n<meta property=\"og:locale\" content=\"fr_FR\" \/>\n<meta property=\"og:type\" content=\"article\" \/>\n<meta property=\"og:title\" content=\"Polvo de talco especial barber\u00eda\/peluquer\u00eda 350gr. - Hanna Cosm\u00e9tica\" \/>\n<meta property=\"og:description\" content=\"Suavidad, frescura y nutrici\u00f3n para la piel. Los polvos de talco son suavizantes, hidratantes y emolientes. Ideal para despu\u00e9s del corte, afeitado&hellip;\" \/>\n<meta property=\"og:url\" content=\"https:\/\/hannacosmetica.com\/fr\/tienda\/estetica\/complementos-estetica\/polvo-de-talco-especial-barberia-peluqueria-350gr\/\" \/>\n<meta property=\"og:site_name\" content=\"Hanna Cosm\u00e9tica\" \/>\n<meta property=\"article:modified_time\" content=\"2023-10-26T12:25:51+00:00\" \/>\n<meta property=\"og:image\" content=\"https:\/\/hannacosmetica.com\/wp-content\/uploads\/2022\/09\/crema_facial_AC_antiarrigas_colageno_liposomas_60ml_sesiomworld_ml-20.png\" \/>\n\t<meta property=\"og:image:width\" content=\"956\" \/>\n\t<meta property=\"og:image:height\" content=\"999\" \/>\n\t<meta property=\"og:image:type\" content=\"image\/png\" \/>\n<meta name=\"twitter:card\" content=\"summary_large_image\" \/>\n<script type=\"application\/ld+json\" class=\"yoast-schema-graph\">{\"@context\":\"https:\/\/schema.org\",\"@graph\":[{\"@type\":\"WebPage\",\"@id\":\"https:\/\/hannacosmetica.com\/tienda\/estetica\/complementos-estetica\/polvo-de-talco-especial-barberia-peluqueria-350gr\/\",\"url\":\"https:\/\/hannacosmetica.com\/tienda\/estetica\/complementos-estetica\/polvo-de-talco-especial-barberia-peluqueria-350gr\/\",\"name\":\"Polvo de talco especial barber\u00eda\/peluquer\u00eda 350gr. - Hanna Cosm\u00e9tica\",\"isPartOf\":{\"@id\":\"https:\/\/hannacosmetica.com\/#website\"},\"datePublished\":\"2022-09-08T13:46:17+00:00\",\"dateModified\":\"2023-10-26T12:25:51+00:00\",\"breadcrumb\":{\"@id\":\"https:\/\/hannacosmetica.com\/tienda\/estetica\/complementos-estetica\/polvo-de-talco-especial-barberia-peluqueria-350gr\/#breadcrumb\"},\"inLanguage\":\"fr-FR\",\"potentialAction\":[{\"@type\":\"ReadAction\",\"target\":[\"https:\/\/hannacosmetica.com\/tienda\/estetica\/complementos-estetica\/polvo-de-talco-especial-barberia-peluqueria-350gr\/\"]}]},{\"@type\":\"BreadcrumbList\",\"@id\":\"https:\/\/hannacosmetica.com\/tienda\/estetica\/complementos-estetica\/polvo-de-talco-especial-barberia-peluqueria-350gr\/#breadcrumb\",\"itemListElement\":[{\"@type\":\"ListItem\",\"position\":1,\"name\":\"Portada\",\"item\":\"https:\/\/hannacosmetica.com\/\"},{\"@type\":\"ListItem\",\"position\":2,\"name\":\"Tienda\",\"item\":\"https:\/\/hannacosmetica.com\/shop\/\"},{\"@type\":\"ListItem\",\"position\":3,\"name\":\"Polvo de talco especial barber\u00eda\/peluquer\u00eda 350gr.\"}]},{\"@type\":\"WebSite\",\"@id\":\"https:\/\/hannacosmetica.com\/#website\",\"url\":\"https:\/\/hannacosmetica.com\/\",\"name\":\"Hanna Cosm\u00e9tica\",\"description\":\"Tienda de productos u\u00f1as, bellezas y peluquer\u00edas\",\"publisher\":{\"@id\":\"https:\/\/hannacosmetica.com\/#organization\"},\"potentialAction\":[{\"@type\":\"SearchAction\",\"target\":{\"@type\":\"EntryPoint\",\"urlTemplate\":\"https:\/\/hannacosmetica.com\/?s={search_term_string}\"},\"query-input\":\"required name=search_term_string\"}],\"inLanguage\":\"fr-FR\"},{\"@type\":\"Organization\",\"@id\":\"https:\/\/hannacosmetica.com\/#organization\",\"name\":\"Hanna Cosm\u00e9tica\",\"url\":\"https:\/\/hannacosmetica.com\/\",\"logo\":{\"@type\":\"ImageObject\",\"inLanguage\":\"fr-FR\",\"@id\":\"https:\/\/hannacosmetica.com\/#\/schema\/logo\/image\/\",\"url\":\"https:\/\/hannacosmetica.com\/wp-content\/uploads\/2022\/07\/Logo-Joyeria-Femenino-Floral-Negro.png\",\"contentUrl\":\"https:\/\/hannacosmetica.com\/wp-content\/uploads\/2022\/07\/Logo-Joyeria-Femenino-Floral-Negro.png\",\"width\":361,\"height\":126,\"caption\":\"Hanna Cosm\u00e9tica\"},\"image\":{\"@id\":\"https:\/\/hannacosmetica.com\/#\/schema\/logo\/image\/\"}}]}<\/script>\n<!-- \/ Yoast SEO plugin. -->","yoast_head_json":{"title":"Polvo de talco especial barber\u00eda\/peluquer\u00eda 350gr. - Hanna Cosm\u00e9tica","robots":{"index":"index","follow":"follow","max-snippet":"max-snippet:-1","max-image-preview":"max-image-preview:large","max-video-preview":"max-video-preview:-1"},"canonical":"https:\/\/hannacosmetica.com\/fr\/tienda\/estetica\/complementos-estetica\/polvo-de-talco-especial-barberia-peluqueria-350gr\/","og_locale":"fr_FR","og_type":"article","og_title":"Polvo de talco especial barber\u00eda\/peluquer\u00eda 350gr. - Hanna Cosm\u00e9tica","og_description":"Suavidad, frescura y nutrici\u00f3n para la piel. Los polvos de talco son suavizantes, hidratantes y emolientes. Ideal para despu\u00e9s del corte, afeitado&hellip;","og_url":"https:\/\/hannacosmetica.com\/fr\/tienda\/estetica\/complementos-estetica\/polvo-de-talco-especial-barberia-peluqueria-350gr\/","og_site_name":"Hanna Cosm\u00e9tica","article_modified_time":"2023-10-26T12:25:51+00:00","og_image":[{"width":956,"height":999,"url":"https:\/\/hannacosmetica.com\/wp-content\/uploads\/2022\/09\/crema_facial_AC_antiarrigas_colageno_liposomas_60ml_sesiomworld_ml-20.png","type":"image\/png"}],"twitter_card":"summary_large_image","schema":{"@context":"https:\/\/schema.org","@graph":[{"@type":"WebPage","@id":"https:\/\/hannacosmetica.com\/tienda\/estetica\/complementos-estetica\/polvo-de-talco-especial-barberia-peluqueria-350gr\/","url":"https:\/\/hannacosmetica.com\/tienda\/estetica\/complementos-estetica\/polvo-de-talco-especial-barberia-peluqueria-350gr\/","name":"Polvo de talco especial barber\u00eda\/peluquer\u00eda 350gr. - Hanna Cosm\u00e9tica","isPartOf":{"@id":"https:\/\/hannacosmetica.com\/#website"},"datePublished":"2022-09-08T13:46:17+00:00","dateModified":"2023-10-26T12:25:51+00:00","breadcrumb":{"@id":"https:\/\/hannacosmetica.com\/tienda\/estetica\/complementos-estetica\/polvo-de-talco-especial-barberia-peluqueria-350gr\/#breadcrumb"},"inLanguage":"fr-FR","potentialAction":[{"@type":"ReadAction","target":["https:\/\/hannacosmetica.com\/tienda\/estetica\/complementos-estetica\/polvo-de-talco-especial-barberia-peluqueria-350gr\/"]}]},{"@type":"BreadcrumbList","@id":"https:\/\/hannacosmetica.com\/tienda\/estetica\/complementos-estetica\/polvo-de-talco-especial-barberia-peluqueria-350gr\/#breadcrumb","itemListElement":[{"@type":"ListItem","position":1,"name":"Portada","item":"https:\/\/hannacosmetica.com\/"},{"@type":"ListItem","position":2,"name":"Tienda","item":"https:\/\/hannacosmetica.com\/shop\/"},{"@type":"ListItem","position":3,"name":"Polvo de talco especial barber\u00eda\/peluquer\u00eda 350gr."}]},{"@type":"WebSite","@id":"https:\/\/hannacosmetica.com\/#website","url":"https:\/\/hannacosmetica.com\/","name":"Hanna Cosm\u00e9tica","description":"Tienda de productos u\u00f1as, bellezas y peluquer\u00edas","publisher":{"@id":"https:\/\/hannacosmetica.com\/#organization"},"potentialAction":[{"@type":"SearchAction","target":{"@type":"EntryPoint","urlTemplate":"https:\/\/hannacosmetica.com\/?s={search_term_string}"},"query-input":"required name=search_term_string"}],"inLanguage":"fr-FR"},{"@type":"Organization","@id":"https:\/\/hannacosmetica.com\/#organization","name":"Hanna Cosm\u00e9tica","url":"https:\/\/hannacosmetica.com\/","logo":{"@type":"ImageObject","inLanguage":"fr-FR","@id":"https:\/\/hannacosmetica.com\/#\/schema\/logo\/image\/","url":"https:\/\/hannacosmetica.com\/wp-content\/uploads\/2022\/07\/Logo-Joyeria-Femenino-Floral-Negro.png","contentUrl":"https:\/\/hannacosmetica.com\/wp-content\/uploads\/2022\/07\/Logo-Joyeria-Femenino-Floral-Negro.png","width":361,"height":126,"caption":"Hanna Cosm\u00e9tica"},"image":{"@id":"https:\/\/hannacosmetica.com\/#\/schema\/logo\/image\/"}}]}},"_links":{"self":[{"href":"https:\/\/hannacosmetica.com\/fr\/wp-json\/wp\/v2\/product\/5265"}],"collection":[{"href":"https:\/\/hannacosmetica.com\/fr\/wp-json\/wp\/v2\/product"}],"about":[{"href":"https:\/\/hannacosmetica.com\/fr\/wp-json\/wp\/v2\/types\/product"}],"replies":[{"embeddable":true,"href":"https:\/\/hannacosmetica.com\/fr\/wp-json\/wp\/v2\/comments?post=5265"}],"version-history":[{"count":1,"href":"https:\/\/hannacosmetica.com\/fr\/wp-json\/wp\/v2\/product\/5265\/revisions"}],"predecessor-version":[{"id":5267,"href":"https:\/\/hannacosmetica.com\/fr\/wp-json\/wp\/v2\/product\/5265\/revisions\/5267"}],"wp:featuredmedia":[{"embeddable":true,"href":"https:\/\/hannacosmetica.com\/fr\/wp-json\/wp\/v2\/media\/5266"}],"wp:attachment":[{"href":"https:\/\/hannacosmetica.com\/fr\/wp-json\/wp\/v2\/media?parent=5265"}],"wp:term":[{"taxonomy":"product_cat","embeddable":true,"href":"https:\/\/hannacosmetica.com\/fr\/wp-json\/wp\/v2\/product_cat?post=5265"},{"taxonomy":"product_tag","embeddable":true,"href":"https:\/\/hannacosmetica.com\/fr\/wp-json\/wp\/v2\/product_tag?post=5265"}],"curies":[{"name":"wp","href":"https:\/\/api.w.org\/{rel}","templated":true}]}}