{"id":5246,"date":"2022-09-08T13:29:38","date_gmt":"2022-09-08T13:29:38","guid":{"rendered":"https:\/\/hannacosmetica.com\/?post_type=product&#038;p=5246"},"modified":"2023-10-26T12:27:54","modified_gmt":"2023-10-26T12:27:54","slug":"leche-limpiadora-de-calendula-y-genciana-cutis-purificante-grasos-500ml","status":"publish","type":"product","link":"https:\/\/hannacosmetica.com\/fr\/tienda\/estetica\/tonicos-y-cremas\/leche-limpiadora-de-calendula-y-genciana-cutis-purificante-grasos-500ml\/","title":{"rendered":"Leche limpiadora de cal\u00e9ndula y genciana cutis purificante grasos 500ml"},"content":{"rendered":"<p>Por su acci\u00f3n, limpia la epidermis en profundidad, eliminando las impurezas, oxigenando la piel y regulando el PH de la misma, por lo que es muy adecuada para pieles\u00a0<strong>j\u00f3venes, grasas, acn\u00e9icas o con tendencias a comedones y puntos negros.<\/strong><\/p>\n<p>Ligeramente astringente, disminuye notablemente el tama\u00f1o del poro.<\/p>\n<p><em>Composici\u00f3n: Aqua, Glycol Stearate, Paraffinum Liquidum, Propylene Glycol, Isopropyl Myristate, Lanolin, PEG-2 Stearate, PEG-8 Stearate, Cetearyl Alcohol, Stearic Acid, Dimethicone, Imidazonlidinyl Urea, Phenoxyethanol, Glycerin, Parfum, Ethylparaben, Methylparaben, Sodium Benzoate, BHT, Gentiana Lutea Root Extract, Benzyl Salicylate, Benzyl Benzoate, Butylphenyl Methylpropional, Linalool, Hexylcinnamal, Calendula Officinalis Flower Extract, Limonene, Citronellol, Hydroxyisohexyl 3-Cyclohexene Carboxaldehyde, Eugenol, Potassium Sorbate, Geraniol.<\/em><\/p>","protected":false},"excerpt":{"rendered":"<p>Por su acci\u00f3n, limpia la epidermis en profundidad, eliminando las impurezas, oxigenando la piel y regulando el PH de la misma, por&hellip;<\/p>","protected":false},"featured_media":5247,"comment_status":"open","ping_status":"closed","template":"","meta":[],"product_cat":[84,114,115],"product_tag":[],"yoast_head":"<!-- This site is optimized with the Yoast SEO plugin v19.9 - https:\/\/yoast.com\/wordpress\/plugins\/seo\/ -->\n<title>Leche limpiadora de cal\u00e9ndula y genciana cutis purificante grasos 500ml - Hanna Cosm\u00e9tica<\/title>\n<meta name=\"robots\" content=\"index, follow, max-snippet:-1, max-image-preview:large, max-video-preview:-1\" \/>\n<link rel=\"canonical\" href=\"https:\/\/hannacosmetica.com\/fr\/tienda\/estetica\/tonicos-y-cremas\/leche-limpiadora-de-calendula-y-genciana-cutis-purificante-grasos-500ml\/\" \/>\n<meta property=\"og:locale\" content=\"fr_FR\" \/>\n<meta property=\"og:type\" content=\"article\" \/>\n<meta property=\"og:title\" content=\"Leche limpiadora de cal\u00e9ndula y genciana cutis purificante grasos 500ml - Hanna Cosm\u00e9tica\" \/>\n<meta property=\"og:description\" content=\"Por su acci\u00f3n, limpia la epidermis en profundidad, eliminando las impurezas, oxigenando la piel y regulando el PH de la misma, por&hellip;\" \/>\n<meta property=\"og:url\" content=\"https:\/\/hannacosmetica.com\/fr\/tienda\/estetica\/tonicos-y-cremas\/leche-limpiadora-de-calendula-y-genciana-cutis-purificante-grasos-500ml\/\" \/>\n<meta property=\"og:site_name\" content=\"Hanna Cosm\u00e9tica\" \/>\n<meta property=\"article:modified_time\" content=\"2023-10-26T12:27:54+00:00\" \/>\n<meta property=\"og:image\" content=\"https:\/\/hannacosmetica.com\/wp-content\/uploads\/2022\/09\/crema_facial_AC_antiarrigas_colageno_liposomas_60ml_sesiomworld_ml-15.png\" \/>\n\t<meta property=\"og:image:width\" content=\"956\" \/>\n\t<meta property=\"og:image:height\" content=\"999\" \/>\n\t<meta property=\"og:image:type\" content=\"image\/png\" \/>\n<meta name=\"twitter:card\" content=\"summary_large_image\" \/>\n<script type=\"application\/ld+json\" class=\"yoast-schema-graph\">{\"@context\":\"https:\/\/schema.org\",\"@graph\":[{\"@type\":\"WebPage\",\"@id\":\"https:\/\/hannacosmetica.com\/tienda\/estetica\/tonicos-y-cremas\/leche-limpiadora-de-calendula-y-genciana-cutis-purificante-grasos-500ml\/\",\"url\":\"https:\/\/hannacosmetica.com\/tienda\/estetica\/tonicos-y-cremas\/leche-limpiadora-de-calendula-y-genciana-cutis-purificante-grasos-500ml\/\",\"name\":\"Leche limpiadora de cal\u00e9ndula y genciana cutis purificante grasos 500ml - Hanna Cosm\u00e9tica\",\"isPartOf\":{\"@id\":\"https:\/\/hannacosmetica.com\/#website\"},\"datePublished\":\"2022-09-08T13:29:38+00:00\",\"dateModified\":\"2023-10-26T12:27:54+00:00\",\"breadcrumb\":{\"@id\":\"https:\/\/hannacosmetica.com\/tienda\/estetica\/tonicos-y-cremas\/leche-limpiadora-de-calendula-y-genciana-cutis-purificante-grasos-500ml\/#breadcrumb\"},\"inLanguage\":\"fr-FR\",\"potentialAction\":[{\"@type\":\"ReadAction\",\"target\":[\"https:\/\/hannacosmetica.com\/tienda\/estetica\/tonicos-y-cremas\/leche-limpiadora-de-calendula-y-genciana-cutis-purificante-grasos-500ml\/\"]}]},{\"@type\":\"BreadcrumbList\",\"@id\":\"https:\/\/hannacosmetica.com\/tienda\/estetica\/tonicos-y-cremas\/leche-limpiadora-de-calendula-y-genciana-cutis-purificante-grasos-500ml\/#breadcrumb\",\"itemListElement\":[{\"@type\":\"ListItem\",\"position\":1,\"name\":\"Portada\",\"item\":\"https:\/\/hannacosmetica.com\/\"},{\"@type\":\"ListItem\",\"position\":2,\"name\":\"Tienda\",\"item\":\"https:\/\/hannacosmetica.com\/shop\/\"},{\"@type\":\"ListItem\",\"position\":3,\"name\":\"Leche limpiadora de cal\u00e9ndula y genciana cutis purificante grasos 500ml\"}]},{\"@type\":\"WebSite\",\"@id\":\"https:\/\/hannacosmetica.com\/#website\",\"url\":\"https:\/\/hannacosmetica.com\/\",\"name\":\"Hanna Cosm\u00e9tica\",\"description\":\"Tienda de productos u\u00f1as, bellezas y peluquer\u00edas\",\"publisher\":{\"@id\":\"https:\/\/hannacosmetica.com\/#organization\"},\"potentialAction\":[{\"@type\":\"SearchAction\",\"target\":{\"@type\":\"EntryPoint\",\"urlTemplate\":\"https:\/\/hannacosmetica.com\/?s={search_term_string}\"},\"query-input\":\"required name=search_term_string\"}],\"inLanguage\":\"fr-FR\"},{\"@type\":\"Organization\",\"@id\":\"https:\/\/hannacosmetica.com\/#organization\",\"name\":\"Hanna Cosm\u00e9tica\",\"url\":\"https:\/\/hannacosmetica.com\/\",\"logo\":{\"@type\":\"ImageObject\",\"inLanguage\":\"fr-FR\",\"@id\":\"https:\/\/hannacosmetica.com\/#\/schema\/logo\/image\/\",\"url\":\"https:\/\/hannacosmetica.com\/wp-content\/uploads\/2022\/07\/Logo-Joyeria-Femenino-Floral-Negro.png\",\"contentUrl\":\"https:\/\/hannacosmetica.com\/wp-content\/uploads\/2022\/07\/Logo-Joyeria-Femenino-Floral-Negro.png\",\"width\":361,\"height\":126,\"caption\":\"Hanna Cosm\u00e9tica\"},\"image\":{\"@id\":\"https:\/\/hannacosmetica.com\/#\/schema\/logo\/image\/\"}}]}<\/script>\n<!-- \/ Yoast SEO plugin. -->","yoast_head_json":{"title":"Leche limpiadora de cal\u00e9ndula y genciana cutis purificante grasos 500ml - Hanna Cosm\u00e9tica","robots":{"index":"index","follow":"follow","max-snippet":"max-snippet:-1","max-image-preview":"max-image-preview:large","max-video-preview":"max-video-preview:-1"},"canonical":"https:\/\/hannacosmetica.com\/fr\/tienda\/estetica\/tonicos-y-cremas\/leche-limpiadora-de-calendula-y-genciana-cutis-purificante-grasos-500ml\/","og_locale":"fr_FR","og_type":"article","og_title":"Leche limpiadora de cal\u00e9ndula y genciana cutis purificante grasos 500ml - Hanna Cosm\u00e9tica","og_description":"Por su acci\u00f3n, limpia la epidermis en profundidad, eliminando las impurezas, oxigenando la piel y regulando el PH de la misma, por&hellip;","og_url":"https:\/\/hannacosmetica.com\/fr\/tienda\/estetica\/tonicos-y-cremas\/leche-limpiadora-de-calendula-y-genciana-cutis-purificante-grasos-500ml\/","og_site_name":"Hanna Cosm\u00e9tica","article_modified_time":"2023-10-26T12:27:54+00:00","og_image":[{"width":956,"height":999,"url":"https:\/\/hannacosmetica.com\/wp-content\/uploads\/2022\/09\/crema_facial_AC_antiarrigas_colageno_liposomas_60ml_sesiomworld_ml-15.png","type":"image\/png"}],"twitter_card":"summary_large_image","schema":{"@context":"https:\/\/schema.org","@graph":[{"@type":"WebPage","@id":"https:\/\/hannacosmetica.com\/tienda\/estetica\/tonicos-y-cremas\/leche-limpiadora-de-calendula-y-genciana-cutis-purificante-grasos-500ml\/","url":"https:\/\/hannacosmetica.com\/tienda\/estetica\/tonicos-y-cremas\/leche-limpiadora-de-calendula-y-genciana-cutis-purificante-grasos-500ml\/","name":"Leche limpiadora de cal\u00e9ndula y genciana cutis purificante grasos 500ml - Hanna Cosm\u00e9tica","isPartOf":{"@id":"https:\/\/hannacosmetica.com\/#website"},"datePublished":"2022-09-08T13:29:38+00:00","dateModified":"2023-10-26T12:27:54+00:00","breadcrumb":{"@id":"https:\/\/hannacosmetica.com\/tienda\/estetica\/tonicos-y-cremas\/leche-limpiadora-de-calendula-y-genciana-cutis-purificante-grasos-500ml\/#breadcrumb"},"inLanguage":"fr-FR","potentialAction":[{"@type":"ReadAction","target":["https:\/\/hannacosmetica.com\/tienda\/estetica\/tonicos-y-cremas\/leche-limpiadora-de-calendula-y-genciana-cutis-purificante-grasos-500ml\/"]}]},{"@type":"BreadcrumbList","@id":"https:\/\/hannacosmetica.com\/tienda\/estetica\/tonicos-y-cremas\/leche-limpiadora-de-calendula-y-genciana-cutis-purificante-grasos-500ml\/#breadcrumb","itemListElement":[{"@type":"ListItem","position":1,"name":"Portada","item":"https:\/\/hannacosmetica.com\/"},{"@type":"ListItem","position":2,"name":"Tienda","item":"https:\/\/hannacosmetica.com\/shop\/"},{"@type":"ListItem","position":3,"name":"Leche limpiadora de cal\u00e9ndula y genciana cutis purificante grasos 500ml"}]},{"@type":"WebSite","@id":"https:\/\/hannacosmetica.com\/#website","url":"https:\/\/hannacosmetica.com\/","name":"Hanna Cosm\u00e9tica","description":"Tienda de productos u\u00f1as, bellezas y peluquer\u00edas","publisher":{"@id":"https:\/\/hannacosmetica.com\/#organization"},"potentialAction":[{"@type":"SearchAction","target":{"@type":"EntryPoint","urlTemplate":"https:\/\/hannacosmetica.com\/?s={search_term_string}"},"query-input":"required name=search_term_string"}],"inLanguage":"fr-FR"},{"@type":"Organization","@id":"https:\/\/hannacosmetica.com\/#organization","name":"Hanna Cosm\u00e9tica","url":"https:\/\/hannacosmetica.com\/","logo":{"@type":"ImageObject","inLanguage":"fr-FR","@id":"https:\/\/hannacosmetica.com\/#\/schema\/logo\/image\/","url":"https:\/\/hannacosmetica.com\/wp-content\/uploads\/2022\/07\/Logo-Joyeria-Femenino-Floral-Negro.png","contentUrl":"https:\/\/hannacosmetica.com\/wp-content\/uploads\/2022\/07\/Logo-Joyeria-Femenino-Floral-Negro.png","width":361,"height":126,"caption":"Hanna Cosm\u00e9tica"},"image":{"@id":"https:\/\/hannacosmetica.com\/#\/schema\/logo\/image\/"}}]}},"_links":{"self":[{"href":"https:\/\/hannacosmetica.com\/fr\/wp-json\/wp\/v2\/product\/5246"}],"collection":[{"href":"https:\/\/hannacosmetica.com\/fr\/wp-json\/wp\/v2\/product"}],"about":[{"href":"https:\/\/hannacosmetica.com\/fr\/wp-json\/wp\/v2\/types\/product"}],"replies":[{"embeddable":true,"href":"https:\/\/hannacosmetica.com\/fr\/wp-json\/wp\/v2\/comments?post=5246"}],"version-history":[{"count":1,"href":"https:\/\/hannacosmetica.com\/fr\/wp-json\/wp\/v2\/product\/5246\/revisions"}],"predecessor-version":[{"id":5248,"href":"https:\/\/hannacosmetica.com\/fr\/wp-json\/wp\/v2\/product\/5246\/revisions\/5248"}],"wp:featuredmedia":[{"embeddable":true,"href":"https:\/\/hannacosmetica.com\/fr\/wp-json\/wp\/v2\/media\/5247"}],"wp:attachment":[{"href":"https:\/\/hannacosmetica.com\/fr\/wp-json\/wp\/v2\/media?parent=5246"}],"wp:term":[{"taxonomy":"product_cat","embeddable":true,"href":"https:\/\/hannacosmetica.com\/fr\/wp-json\/wp\/v2\/product_cat?post=5246"},{"taxonomy":"product_tag","embeddable":true,"href":"https:\/\/hannacosmetica.com\/fr\/wp-json\/wp\/v2\/product_tag?post=5246"}],"curies":[{"name":"wp","href":"https:\/\/api.w.org\/{rel}","templated":true}]}}