{"id":5234,"date":"2022-09-08T13:23:39","date_gmt":"2022-09-08T13:23:39","guid":{"rendered":"https:\/\/hannacosmetica.com\/?post_type=product&#038;p=5234"},"modified":"2023-10-26T12:28:56","modified_gmt":"2023-10-26T12:28:56","slug":"tonico-facial-a-la-genciana-y-bardana-cutis-jovenes-y-grasos-sin-parabenos-500ml","status":"publish","type":"product","link":"https:\/\/hannacosmetica.com\/fr\/tienda\/estetica\/tonicos-y-cremas\/tonico-facial-a-la-genciana-y-bardana-cutis-jovenes-y-grasos-sin-parabenos-500ml\/","title":{"rendered":"T\u00f3nico facial a la genciana y bardana cutis j\u00f3venes y grasos sin parabenos 500ml"},"content":{"rendered":"<p>Regula el pH \u00b7 Purificante y equilibrante de la piel.<\/p>\n<p>T\u00f3nico que por su especial composici\u00f3n, combina la importante funci\u00f3n reguladora de la secreci\u00f3n seb\u00e1cea, por lo que es imprescindible para pieles j\u00f3venes, grasas y acn\u00e9icas. A su efecto astringente y purificante se a\u00f1ade su gran capacidad de hidrataci\u00f3n, logrando el equilibrio adecuado de la piel.<\/p>\n<p>FREE<\/p>\n<p>No Parabens \u00b7 Sin parabenos<\/p>\n<p><em>Composici\u00f3n: Aqua (water), Propylene Glycol, Taraxacum Officinale Extract, Arnica Montana Flower Extract, Rosmarinus Officinalis Extract, Hedera Helix Extract, Hamamelis Virginiana Leaf Extract, Potassium Sorbate, Polysorbate 20, Potassium Sorbate, Phenoxyethanol, Ethylhexylglycerin, Parfum, Linalool, Hydroxyisohexyl-3-cyclohexene Carboxaldehyde\/Lyral, Hydroxycitronellal.<\/em><\/p>","protected":false},"excerpt":{"rendered":"<p>Regula el pH \u00b7 Purificante y equilibrante de la piel. T\u00f3nico que por su especial composici\u00f3n, combina la importante funci\u00f3n reguladora de&hellip;<\/p>","protected":false},"featured_media":5235,"comment_status":"open","ping_status":"closed","template":"","meta":[],"product_cat":[84,114],"product_tag":[],"yoast_head":"<!-- This site is optimized with the Yoast SEO plugin v19.9 - https:\/\/yoast.com\/wordpress\/plugins\/seo\/ -->\n<title>T\u00f3nico facial a la genciana y bardana cutis j\u00f3venes y grasos sin parabenos 500ml - Hanna Cosm\u00e9tica<\/title>\n<meta name=\"robots\" content=\"index, follow, max-snippet:-1, max-image-preview:large, max-video-preview:-1\" \/>\n<link rel=\"canonical\" href=\"https:\/\/hannacosmetica.com\/fr\/tienda\/estetica\/tonicos-y-cremas\/tonico-facial-a-la-genciana-y-bardana-cutis-jovenes-y-grasos-sin-parabenos-500ml\/\" \/>\n<meta property=\"og:locale\" content=\"fr_FR\" \/>\n<meta property=\"og:type\" content=\"article\" \/>\n<meta property=\"og:title\" content=\"T\u00f3nico facial a la genciana y bardana cutis j\u00f3venes y grasos sin parabenos 500ml - Hanna Cosm\u00e9tica\" \/>\n<meta property=\"og:description\" content=\"Regula el pH \u00b7 Purificante y equilibrante de la piel. T\u00f3nico que por su especial composici\u00f3n, combina la importante funci\u00f3n reguladora de&hellip;\" \/>\n<meta property=\"og:url\" content=\"https:\/\/hannacosmetica.com\/fr\/tienda\/estetica\/tonicos-y-cremas\/tonico-facial-a-la-genciana-y-bardana-cutis-jovenes-y-grasos-sin-parabenos-500ml\/\" \/>\n<meta property=\"og:site_name\" content=\"Hanna Cosm\u00e9tica\" \/>\n<meta property=\"article:modified_time\" content=\"2023-10-26T12:28:56+00:00\" \/>\n<meta property=\"og:image\" content=\"https:\/\/hannacosmetica.com\/wp-content\/uploads\/2022\/09\/crema_facial_AC_antiarrigas_colageno_liposomas_60ml_sesiomworld_ml-11.png\" \/>\n\t<meta property=\"og:image:width\" content=\"956\" \/>\n\t<meta property=\"og:image:height\" content=\"999\" \/>\n\t<meta property=\"og:image:type\" content=\"image\/png\" \/>\n<meta name=\"twitter:card\" content=\"summary_large_image\" \/>\n<script type=\"application\/ld+json\" class=\"yoast-schema-graph\">{\"@context\":\"https:\/\/schema.org\",\"@graph\":[{\"@type\":\"WebPage\",\"@id\":\"https:\/\/hannacosmetica.com\/tienda\/estetica\/tonicos-y-cremas\/tonico-facial-a-la-genciana-y-bardana-cutis-jovenes-y-grasos-sin-parabenos-500ml\/\",\"url\":\"https:\/\/hannacosmetica.com\/tienda\/estetica\/tonicos-y-cremas\/tonico-facial-a-la-genciana-y-bardana-cutis-jovenes-y-grasos-sin-parabenos-500ml\/\",\"name\":\"T\u00f3nico facial a la genciana y bardana cutis j\u00f3venes y grasos sin parabenos 500ml - Hanna Cosm\u00e9tica\",\"isPartOf\":{\"@id\":\"https:\/\/hannacosmetica.com\/#website\"},\"datePublished\":\"2022-09-08T13:23:39+00:00\",\"dateModified\":\"2023-10-26T12:28:56+00:00\",\"breadcrumb\":{\"@id\":\"https:\/\/hannacosmetica.com\/tienda\/estetica\/tonicos-y-cremas\/tonico-facial-a-la-genciana-y-bardana-cutis-jovenes-y-grasos-sin-parabenos-500ml\/#breadcrumb\"},\"inLanguage\":\"fr-FR\",\"potentialAction\":[{\"@type\":\"ReadAction\",\"target\":[\"https:\/\/hannacosmetica.com\/tienda\/estetica\/tonicos-y-cremas\/tonico-facial-a-la-genciana-y-bardana-cutis-jovenes-y-grasos-sin-parabenos-500ml\/\"]}]},{\"@type\":\"BreadcrumbList\",\"@id\":\"https:\/\/hannacosmetica.com\/tienda\/estetica\/tonicos-y-cremas\/tonico-facial-a-la-genciana-y-bardana-cutis-jovenes-y-grasos-sin-parabenos-500ml\/#breadcrumb\",\"itemListElement\":[{\"@type\":\"ListItem\",\"position\":1,\"name\":\"Portada\",\"item\":\"https:\/\/hannacosmetica.com\/\"},{\"@type\":\"ListItem\",\"position\":2,\"name\":\"Tienda\",\"item\":\"https:\/\/hannacosmetica.com\/shop\/\"},{\"@type\":\"ListItem\",\"position\":3,\"name\":\"T\u00f3nico facial a la genciana y bardana cutis j\u00f3venes y grasos sin parabenos 500ml\"}]},{\"@type\":\"WebSite\",\"@id\":\"https:\/\/hannacosmetica.com\/#website\",\"url\":\"https:\/\/hannacosmetica.com\/\",\"name\":\"Hanna Cosm\u00e9tica\",\"description\":\"Tienda de productos u\u00f1as, bellezas y peluquer\u00edas\",\"publisher\":{\"@id\":\"https:\/\/hannacosmetica.com\/#organization\"},\"potentialAction\":[{\"@type\":\"SearchAction\",\"target\":{\"@type\":\"EntryPoint\",\"urlTemplate\":\"https:\/\/hannacosmetica.com\/?s={search_term_string}\"},\"query-input\":\"required name=search_term_string\"}],\"inLanguage\":\"fr-FR\"},{\"@type\":\"Organization\",\"@id\":\"https:\/\/hannacosmetica.com\/#organization\",\"name\":\"Hanna Cosm\u00e9tica\",\"url\":\"https:\/\/hannacosmetica.com\/\",\"logo\":{\"@type\":\"ImageObject\",\"inLanguage\":\"fr-FR\",\"@id\":\"https:\/\/hannacosmetica.com\/#\/schema\/logo\/image\/\",\"url\":\"https:\/\/hannacosmetica.com\/wp-content\/uploads\/2022\/07\/Logo-Joyeria-Femenino-Floral-Negro.png\",\"contentUrl\":\"https:\/\/hannacosmetica.com\/wp-content\/uploads\/2022\/07\/Logo-Joyeria-Femenino-Floral-Negro.png\",\"width\":361,\"height\":126,\"caption\":\"Hanna Cosm\u00e9tica\"},\"image\":{\"@id\":\"https:\/\/hannacosmetica.com\/#\/schema\/logo\/image\/\"}}]}<\/script>\n<!-- \/ Yoast SEO plugin. -->","yoast_head_json":{"title":"T\u00f3nico facial a la genciana y bardana cutis j\u00f3venes y grasos sin parabenos 500ml - Hanna Cosm\u00e9tica","robots":{"index":"index","follow":"follow","max-snippet":"max-snippet:-1","max-image-preview":"max-image-preview:large","max-video-preview":"max-video-preview:-1"},"canonical":"https:\/\/hannacosmetica.com\/fr\/tienda\/estetica\/tonicos-y-cremas\/tonico-facial-a-la-genciana-y-bardana-cutis-jovenes-y-grasos-sin-parabenos-500ml\/","og_locale":"fr_FR","og_type":"article","og_title":"T\u00f3nico facial a la genciana y bardana cutis j\u00f3venes y grasos sin parabenos 500ml - Hanna Cosm\u00e9tica","og_description":"Regula el pH \u00b7 Purificante y equilibrante de la piel. T\u00f3nico que por su especial composici\u00f3n, combina la importante funci\u00f3n reguladora de&hellip;","og_url":"https:\/\/hannacosmetica.com\/fr\/tienda\/estetica\/tonicos-y-cremas\/tonico-facial-a-la-genciana-y-bardana-cutis-jovenes-y-grasos-sin-parabenos-500ml\/","og_site_name":"Hanna Cosm\u00e9tica","article_modified_time":"2023-10-26T12:28:56+00:00","og_image":[{"width":956,"height":999,"url":"https:\/\/hannacosmetica.com\/wp-content\/uploads\/2022\/09\/crema_facial_AC_antiarrigas_colageno_liposomas_60ml_sesiomworld_ml-11.png","type":"image\/png"}],"twitter_card":"summary_large_image","schema":{"@context":"https:\/\/schema.org","@graph":[{"@type":"WebPage","@id":"https:\/\/hannacosmetica.com\/tienda\/estetica\/tonicos-y-cremas\/tonico-facial-a-la-genciana-y-bardana-cutis-jovenes-y-grasos-sin-parabenos-500ml\/","url":"https:\/\/hannacosmetica.com\/tienda\/estetica\/tonicos-y-cremas\/tonico-facial-a-la-genciana-y-bardana-cutis-jovenes-y-grasos-sin-parabenos-500ml\/","name":"T\u00f3nico facial a la genciana y bardana cutis j\u00f3venes y grasos sin parabenos 500ml - Hanna Cosm\u00e9tica","isPartOf":{"@id":"https:\/\/hannacosmetica.com\/#website"},"datePublished":"2022-09-08T13:23:39+00:00","dateModified":"2023-10-26T12:28:56+00:00","breadcrumb":{"@id":"https:\/\/hannacosmetica.com\/tienda\/estetica\/tonicos-y-cremas\/tonico-facial-a-la-genciana-y-bardana-cutis-jovenes-y-grasos-sin-parabenos-500ml\/#breadcrumb"},"inLanguage":"fr-FR","potentialAction":[{"@type":"ReadAction","target":["https:\/\/hannacosmetica.com\/tienda\/estetica\/tonicos-y-cremas\/tonico-facial-a-la-genciana-y-bardana-cutis-jovenes-y-grasos-sin-parabenos-500ml\/"]}]},{"@type":"BreadcrumbList","@id":"https:\/\/hannacosmetica.com\/tienda\/estetica\/tonicos-y-cremas\/tonico-facial-a-la-genciana-y-bardana-cutis-jovenes-y-grasos-sin-parabenos-500ml\/#breadcrumb","itemListElement":[{"@type":"ListItem","position":1,"name":"Portada","item":"https:\/\/hannacosmetica.com\/"},{"@type":"ListItem","position":2,"name":"Tienda","item":"https:\/\/hannacosmetica.com\/shop\/"},{"@type":"ListItem","position":3,"name":"T\u00f3nico facial a la genciana y bardana cutis j\u00f3venes y grasos sin parabenos 500ml"}]},{"@type":"WebSite","@id":"https:\/\/hannacosmetica.com\/#website","url":"https:\/\/hannacosmetica.com\/","name":"Hanna Cosm\u00e9tica","description":"Tienda de productos u\u00f1as, bellezas y peluquer\u00edas","publisher":{"@id":"https:\/\/hannacosmetica.com\/#organization"},"potentialAction":[{"@type":"SearchAction","target":{"@type":"EntryPoint","urlTemplate":"https:\/\/hannacosmetica.com\/?s={search_term_string}"},"query-input":"required name=search_term_string"}],"inLanguage":"fr-FR"},{"@type":"Organization","@id":"https:\/\/hannacosmetica.com\/#organization","name":"Hanna Cosm\u00e9tica","url":"https:\/\/hannacosmetica.com\/","logo":{"@type":"ImageObject","inLanguage":"fr-FR","@id":"https:\/\/hannacosmetica.com\/#\/schema\/logo\/image\/","url":"https:\/\/hannacosmetica.com\/wp-content\/uploads\/2022\/07\/Logo-Joyeria-Femenino-Floral-Negro.png","contentUrl":"https:\/\/hannacosmetica.com\/wp-content\/uploads\/2022\/07\/Logo-Joyeria-Femenino-Floral-Negro.png","width":361,"height":126,"caption":"Hanna Cosm\u00e9tica"},"image":{"@id":"https:\/\/hannacosmetica.com\/#\/schema\/logo\/image\/"}}]}},"_links":{"self":[{"href":"https:\/\/hannacosmetica.com\/fr\/wp-json\/wp\/v2\/product\/5234"}],"collection":[{"href":"https:\/\/hannacosmetica.com\/fr\/wp-json\/wp\/v2\/product"}],"about":[{"href":"https:\/\/hannacosmetica.com\/fr\/wp-json\/wp\/v2\/types\/product"}],"replies":[{"embeddable":true,"href":"https:\/\/hannacosmetica.com\/fr\/wp-json\/wp\/v2\/comments?post=5234"}],"version-history":[{"count":1,"href":"https:\/\/hannacosmetica.com\/fr\/wp-json\/wp\/v2\/product\/5234\/revisions"}],"predecessor-version":[{"id":5236,"href":"https:\/\/hannacosmetica.com\/fr\/wp-json\/wp\/v2\/product\/5234\/revisions\/5236"}],"wp:featuredmedia":[{"embeddable":true,"href":"https:\/\/hannacosmetica.com\/fr\/wp-json\/wp\/v2\/media\/5235"}],"wp:attachment":[{"href":"https:\/\/hannacosmetica.com\/fr\/wp-json\/wp\/v2\/media?parent=5234"}],"wp:term":[{"taxonomy":"product_cat","embeddable":true,"href":"https:\/\/hannacosmetica.com\/fr\/wp-json\/wp\/v2\/product_cat?post=5234"},{"taxonomy":"product_tag","embeddable":true,"href":"https:\/\/hannacosmetica.com\/fr\/wp-json\/wp\/v2\/product_tag?post=5234"}],"curies":[{"name":"wp","href":"https:\/\/api.w.org\/{rel}","templated":true}]}}