{"id":5228,"date":"2022-09-08T13:20:28","date_gmt":"2022-09-08T13:20:28","guid":{"rendered":"https:\/\/hannacosmetica.com\/?post_type=product&#038;p=5228"},"modified":"2023-10-26T12:29:35","modified_gmt":"2023-10-26T12:29:35","slug":"mascarilla-facial-nutritiva-de-miel-y-jalea-real-250ml","status":"publish","type":"product","link":"https:\/\/hannacosmetica.com\/fr\/tienda\/estetica\/tonicos-y-cremas\/mascarilla-facial-nutritiva-de-miel-y-jalea-real-250ml\/","title":{"rendered":"Mascarilla facial nutritiva de Miel y Jalea Real 250ml"},"content":{"rendered":"<p>F\u00f3rmula Revitalizante Nutritiva con Miel, Jalea Real y Aceite de Almendras. Antiestr\u00e9s.<\/p>\n<p>Su textura cremosa con marcado efecto antiestr\u00e9s, revive en un instante la luminosidad en pieles apagadas y desvitalizadas. Formulada con activos y aceite de almendras dulces que nutren y regeneran nuestra piel aumentando su elasticidad.<\/p>\n<p>Pieles normales o secas<\/p>\n<p>FREE<\/p>\n<p>\u00b7 No Silicone \u00b7\u00a0 No SLS \u00b7 No SLES \u00b7 No DEA \u00b7<\/p>\n<p><em>Composici\u00f3n: Aqua, Diatomaceous Earth, Aloe Barbadensis Leaf Juice, Propylene Glycol, Stearic Acid, Prunus Amygdalus Dulcis Oil, Octyldodecanol, Titanium Dioxide, Glyceryl Stearate SE, Mel, Potassium Cetyl Phosphate, Cetyl Alcohol, Petrolatum, Imidazolidinyl Urea, Phenoxyethanol, Glycerin, Hydrolized Elastin, Ammonium Glycyrrhizate, Parfum, Royal Jelly Extract, Retinyl Palmitate, Bisabolol, Methylparaben, Ethylparaben, DMDM Hydantoin, Potassium Sorbate, Farnesol, BHT, Tocopherol.<\/em><\/p>","protected":false},"excerpt":{"rendered":"<p>F\u00f3rmula Revitalizante Nutritiva con Miel, Jalea Real y Aceite de Almendras. Antiestr\u00e9s. Su textura cremosa con marcado efecto antiestr\u00e9s, revive en un&hellip;<\/p>","protected":false},"featured_media":5229,"comment_status":"open","ping_status":"closed","template":"","meta":[],"product_cat":[84,114,115],"product_tag":[],"yoast_head":"<!-- This site is optimized with the Yoast SEO plugin v19.9 - https:\/\/yoast.com\/wordpress\/plugins\/seo\/ -->\n<title>Mascarilla facial nutritiva de Miel y Jalea Real 250ml - Hanna Cosm\u00e9tica<\/title>\n<meta name=\"robots\" content=\"index, follow, max-snippet:-1, max-image-preview:large, max-video-preview:-1\" \/>\n<link rel=\"canonical\" href=\"https:\/\/hannacosmetica.com\/fr\/tienda\/estetica\/tonicos-y-cremas\/mascarilla-facial-nutritiva-de-miel-y-jalea-real-250ml\/\" \/>\n<meta property=\"og:locale\" content=\"fr_FR\" \/>\n<meta property=\"og:type\" content=\"article\" \/>\n<meta property=\"og:title\" content=\"Mascarilla facial nutritiva de Miel y Jalea Real 250ml - Hanna Cosm\u00e9tica\" \/>\n<meta property=\"og:description\" content=\"F\u00f3rmula Revitalizante Nutritiva con Miel, Jalea Real y Aceite de Almendras. Antiestr\u00e9s. Su textura cremosa con marcado efecto antiestr\u00e9s, revive en un&hellip;\" \/>\n<meta property=\"og:url\" content=\"https:\/\/hannacosmetica.com\/fr\/tienda\/estetica\/tonicos-y-cremas\/mascarilla-facial-nutritiva-de-miel-y-jalea-real-250ml\/\" \/>\n<meta property=\"og:site_name\" content=\"Hanna Cosm\u00e9tica\" \/>\n<meta property=\"article:modified_time\" content=\"2023-10-26T12:29:35+00:00\" \/>\n<meta property=\"og:image\" content=\"https:\/\/hannacosmetica.com\/wp-content\/uploads\/2022\/09\/crema_facial_AC_antiarrigas_colageno_liposomas_60ml_sesiomworld_ml-9.png\" \/>\n\t<meta property=\"og:image:width\" content=\"956\" \/>\n\t<meta property=\"og:image:height\" content=\"999\" \/>\n\t<meta property=\"og:image:type\" content=\"image\/png\" \/>\n<meta name=\"twitter:card\" content=\"summary_large_image\" \/>\n<script type=\"application\/ld+json\" class=\"yoast-schema-graph\">{\"@context\":\"https:\/\/schema.org\",\"@graph\":[{\"@type\":\"WebPage\",\"@id\":\"https:\/\/hannacosmetica.com\/tienda\/estetica\/tonicos-y-cremas\/mascarilla-facial-nutritiva-de-miel-y-jalea-real-250ml\/\",\"url\":\"https:\/\/hannacosmetica.com\/tienda\/estetica\/tonicos-y-cremas\/mascarilla-facial-nutritiva-de-miel-y-jalea-real-250ml\/\",\"name\":\"Mascarilla facial nutritiva de Miel y Jalea Real 250ml - Hanna Cosm\u00e9tica\",\"isPartOf\":{\"@id\":\"https:\/\/hannacosmetica.com\/#website\"},\"datePublished\":\"2022-09-08T13:20:28+00:00\",\"dateModified\":\"2023-10-26T12:29:35+00:00\",\"breadcrumb\":{\"@id\":\"https:\/\/hannacosmetica.com\/tienda\/estetica\/tonicos-y-cremas\/mascarilla-facial-nutritiva-de-miel-y-jalea-real-250ml\/#breadcrumb\"},\"inLanguage\":\"fr-FR\",\"potentialAction\":[{\"@type\":\"ReadAction\",\"target\":[\"https:\/\/hannacosmetica.com\/tienda\/estetica\/tonicos-y-cremas\/mascarilla-facial-nutritiva-de-miel-y-jalea-real-250ml\/\"]}]},{\"@type\":\"BreadcrumbList\",\"@id\":\"https:\/\/hannacosmetica.com\/tienda\/estetica\/tonicos-y-cremas\/mascarilla-facial-nutritiva-de-miel-y-jalea-real-250ml\/#breadcrumb\",\"itemListElement\":[{\"@type\":\"ListItem\",\"position\":1,\"name\":\"Portada\",\"item\":\"https:\/\/hannacosmetica.com\/\"},{\"@type\":\"ListItem\",\"position\":2,\"name\":\"Tienda\",\"item\":\"https:\/\/hannacosmetica.com\/shop\/\"},{\"@type\":\"ListItem\",\"position\":3,\"name\":\"Mascarilla facial nutritiva de Miel y Jalea Real 250ml\"}]},{\"@type\":\"WebSite\",\"@id\":\"https:\/\/hannacosmetica.com\/#website\",\"url\":\"https:\/\/hannacosmetica.com\/\",\"name\":\"Hanna Cosm\u00e9tica\",\"description\":\"Tienda de productos u\u00f1as, bellezas y peluquer\u00edas\",\"publisher\":{\"@id\":\"https:\/\/hannacosmetica.com\/#organization\"},\"potentialAction\":[{\"@type\":\"SearchAction\",\"target\":{\"@type\":\"EntryPoint\",\"urlTemplate\":\"https:\/\/hannacosmetica.com\/?s={search_term_string}\"},\"query-input\":\"required name=search_term_string\"}],\"inLanguage\":\"fr-FR\"},{\"@type\":\"Organization\",\"@id\":\"https:\/\/hannacosmetica.com\/#organization\",\"name\":\"Hanna Cosm\u00e9tica\",\"url\":\"https:\/\/hannacosmetica.com\/\",\"logo\":{\"@type\":\"ImageObject\",\"inLanguage\":\"fr-FR\",\"@id\":\"https:\/\/hannacosmetica.com\/#\/schema\/logo\/image\/\",\"url\":\"https:\/\/hannacosmetica.com\/wp-content\/uploads\/2022\/07\/Logo-Joyeria-Femenino-Floral-Negro.png\",\"contentUrl\":\"https:\/\/hannacosmetica.com\/wp-content\/uploads\/2022\/07\/Logo-Joyeria-Femenino-Floral-Negro.png\",\"width\":361,\"height\":126,\"caption\":\"Hanna Cosm\u00e9tica\"},\"image\":{\"@id\":\"https:\/\/hannacosmetica.com\/#\/schema\/logo\/image\/\"}}]}<\/script>\n<!-- \/ Yoast SEO plugin. -->","yoast_head_json":{"title":"Mascarilla facial nutritiva de Miel y Jalea Real 250ml - Hanna Cosm\u00e9tica","robots":{"index":"index","follow":"follow","max-snippet":"max-snippet:-1","max-image-preview":"max-image-preview:large","max-video-preview":"max-video-preview:-1"},"canonical":"https:\/\/hannacosmetica.com\/fr\/tienda\/estetica\/tonicos-y-cremas\/mascarilla-facial-nutritiva-de-miel-y-jalea-real-250ml\/","og_locale":"fr_FR","og_type":"article","og_title":"Mascarilla facial nutritiva de Miel y Jalea Real 250ml - Hanna Cosm\u00e9tica","og_description":"F\u00f3rmula Revitalizante Nutritiva con Miel, Jalea Real y Aceite de Almendras. Antiestr\u00e9s. Su textura cremosa con marcado efecto antiestr\u00e9s, revive en un&hellip;","og_url":"https:\/\/hannacosmetica.com\/fr\/tienda\/estetica\/tonicos-y-cremas\/mascarilla-facial-nutritiva-de-miel-y-jalea-real-250ml\/","og_site_name":"Hanna Cosm\u00e9tica","article_modified_time":"2023-10-26T12:29:35+00:00","og_image":[{"width":956,"height":999,"url":"https:\/\/hannacosmetica.com\/wp-content\/uploads\/2022\/09\/crema_facial_AC_antiarrigas_colageno_liposomas_60ml_sesiomworld_ml-9.png","type":"image\/png"}],"twitter_card":"summary_large_image","schema":{"@context":"https:\/\/schema.org","@graph":[{"@type":"WebPage","@id":"https:\/\/hannacosmetica.com\/tienda\/estetica\/tonicos-y-cremas\/mascarilla-facial-nutritiva-de-miel-y-jalea-real-250ml\/","url":"https:\/\/hannacosmetica.com\/tienda\/estetica\/tonicos-y-cremas\/mascarilla-facial-nutritiva-de-miel-y-jalea-real-250ml\/","name":"Mascarilla facial nutritiva de Miel y Jalea Real 250ml - Hanna Cosm\u00e9tica","isPartOf":{"@id":"https:\/\/hannacosmetica.com\/#website"},"datePublished":"2022-09-08T13:20:28+00:00","dateModified":"2023-10-26T12:29:35+00:00","breadcrumb":{"@id":"https:\/\/hannacosmetica.com\/tienda\/estetica\/tonicos-y-cremas\/mascarilla-facial-nutritiva-de-miel-y-jalea-real-250ml\/#breadcrumb"},"inLanguage":"fr-FR","potentialAction":[{"@type":"ReadAction","target":["https:\/\/hannacosmetica.com\/tienda\/estetica\/tonicos-y-cremas\/mascarilla-facial-nutritiva-de-miel-y-jalea-real-250ml\/"]}]},{"@type":"BreadcrumbList","@id":"https:\/\/hannacosmetica.com\/tienda\/estetica\/tonicos-y-cremas\/mascarilla-facial-nutritiva-de-miel-y-jalea-real-250ml\/#breadcrumb","itemListElement":[{"@type":"ListItem","position":1,"name":"Portada","item":"https:\/\/hannacosmetica.com\/"},{"@type":"ListItem","position":2,"name":"Tienda","item":"https:\/\/hannacosmetica.com\/shop\/"},{"@type":"ListItem","position":3,"name":"Mascarilla facial nutritiva de Miel y Jalea Real 250ml"}]},{"@type":"WebSite","@id":"https:\/\/hannacosmetica.com\/#website","url":"https:\/\/hannacosmetica.com\/","name":"Hanna Cosm\u00e9tica","description":"Tienda de productos u\u00f1as, bellezas y peluquer\u00edas","publisher":{"@id":"https:\/\/hannacosmetica.com\/#organization"},"potentialAction":[{"@type":"SearchAction","target":{"@type":"EntryPoint","urlTemplate":"https:\/\/hannacosmetica.com\/?s={search_term_string}"},"query-input":"required name=search_term_string"}],"inLanguage":"fr-FR"},{"@type":"Organization","@id":"https:\/\/hannacosmetica.com\/#organization","name":"Hanna Cosm\u00e9tica","url":"https:\/\/hannacosmetica.com\/","logo":{"@type":"ImageObject","inLanguage":"fr-FR","@id":"https:\/\/hannacosmetica.com\/#\/schema\/logo\/image\/","url":"https:\/\/hannacosmetica.com\/wp-content\/uploads\/2022\/07\/Logo-Joyeria-Femenino-Floral-Negro.png","contentUrl":"https:\/\/hannacosmetica.com\/wp-content\/uploads\/2022\/07\/Logo-Joyeria-Femenino-Floral-Negro.png","width":361,"height":126,"caption":"Hanna Cosm\u00e9tica"},"image":{"@id":"https:\/\/hannacosmetica.com\/#\/schema\/logo\/image\/"}}]}},"_links":{"self":[{"href":"https:\/\/hannacosmetica.com\/fr\/wp-json\/wp\/v2\/product\/5228"}],"collection":[{"href":"https:\/\/hannacosmetica.com\/fr\/wp-json\/wp\/v2\/product"}],"about":[{"href":"https:\/\/hannacosmetica.com\/fr\/wp-json\/wp\/v2\/types\/product"}],"replies":[{"embeddable":true,"href":"https:\/\/hannacosmetica.com\/fr\/wp-json\/wp\/v2\/comments?post=5228"}],"version-history":[{"count":1,"href":"https:\/\/hannacosmetica.com\/fr\/wp-json\/wp\/v2\/product\/5228\/revisions"}],"predecessor-version":[{"id":5230,"href":"https:\/\/hannacosmetica.com\/fr\/wp-json\/wp\/v2\/product\/5228\/revisions\/5230"}],"wp:featuredmedia":[{"embeddable":true,"href":"https:\/\/hannacosmetica.com\/fr\/wp-json\/wp\/v2\/media\/5229"}],"wp:attachment":[{"href":"https:\/\/hannacosmetica.com\/fr\/wp-json\/wp\/v2\/media?parent=5228"}],"wp:term":[{"taxonomy":"product_cat","embeddable":true,"href":"https:\/\/hannacosmetica.com\/fr\/wp-json\/wp\/v2\/product_cat?post=5228"},{"taxonomy":"product_tag","embeddable":true,"href":"https:\/\/hannacosmetica.com\/fr\/wp-json\/wp\/v2\/product_tag?post=5228"}],"curies":[{"name":"wp","href":"https:\/\/api.w.org\/{rel}","templated":true}]}}