{"id":5225,"date":"2022-09-08T13:18:41","date_gmt":"2022-09-08T13:18:41","guid":{"rendered":"https:\/\/hannacosmetica.com\/?post_type=product&#038;p=5225"},"modified":"2023-10-26T12:30:02","modified_gmt":"2023-10-26T12:30:02","slug":"mascarilla-facial-purificante-e-hidratante-con-kaolin-sin-parabenos-250ml","status":"publish","type":"product","link":"https:\/\/hannacosmetica.com\/fr\/tienda\/estetica\/tonicos-y-cremas\/mascarilla-facial-purificante-e-hidratante-con-kaolin-sin-parabenos-250ml\/","title":{"rendered":"Mascarilla facial Purificante e Hidratante con Kaol\u00edn sin Parabenos 250ml."},"content":{"rendered":"<p><strong>Con Kaol\u00edn, extractos de Manzanilla y Tilo<\/strong><\/p>\n<p>Limpia en profundidad la piel absorbiendo la suciedad, eliminando el exceso de grasa, cerrando los poros y reforzando la capacidad de la piel para retener agua.<\/p>\n<p>Modo de Empleo: Aplicar sobre la cara en una capa mediana y dejarla reposar 10-15 minutos aproximadamente. Seguidamente, enjuagar con agua tibia.<\/p>\n<p>FREE<\/p>\n<p>\u00b7 No Parabens \u00b7 No Silicone \u00b7 No Artificial Colours \u00b7 No SLS \u00b7 No SLES \u00b7 No DEA \u00b7<\/p>\n<p><em>Composici\u00f3n: Aqua, Kaolin, PEG-2 Stearate, Propylene Glycol, Prunus Amygdalus Dulcis Oil, Glycerin, Lanolin, Titanium Dioxide, Octyldodecanol, Isopropyl Myristate, Isopropyl Lanolate, Potassium Cetyl Phosphate, Olea Europaea Fruit Oil, PEG-100 Stearate, Glyceryl Stearate SE, Cetyl Alcohol, Phenoxyethanol, Imidazolidinyl Urea, Triethanolamine, Parfum, Hydrolyzed Collagen, Carbomer, Xanthan Gum, Chamomilla Recutita Flower Extract, Collagen, Mannitol, Urea, Sodium Lactate, Collagen Amino Acids, Ethylhexyl- glycerin, Potassium Sorbate, DMDM Hydantoin, Glycine, Menthol, Lactic Acid, Fucus Vesiculosus Extract, Tilia Cordata Extract, Salvia Of cinalis Leaf Extract, Parietaria Of cinalis Extract, BHT, Sodium Benzoate, Calendula Of cinalis Flower Extract, Cucumis Sativus Extract, Aesculus Hippocastanum Extract, Butylphenyl Methylpro- pional, Benzyl Salicylate, Linalool, Amyl Cinnamal, Citronellol.\u00a0<\/em><\/p>","protected":false},"excerpt":{"rendered":"<p>Con Kaol\u00edn, extractos de Manzanilla y Tilo Limpia en profundidad la piel absorbiendo la suciedad, eliminando el exceso de grasa, cerrando los&hellip;<\/p>","protected":false},"featured_media":5226,"comment_status":"open","ping_status":"closed","template":"","meta":[],"product_cat":[84,114,115],"product_tag":[],"yoast_head":"<!-- This site is optimized with the Yoast SEO plugin v19.9 - https:\/\/yoast.com\/wordpress\/plugins\/seo\/ -->\n<title>Mascarilla facial Purificante e Hidratante con Kaol\u00edn sin Parabenos 250ml. - Hanna Cosm\u00e9tica<\/title>\n<meta name=\"robots\" content=\"index, follow, max-snippet:-1, max-image-preview:large, max-video-preview:-1\" \/>\n<link rel=\"canonical\" href=\"https:\/\/hannacosmetica.com\/fr\/tienda\/estetica\/tonicos-y-cremas\/mascarilla-facial-purificante-e-hidratante-con-kaolin-sin-parabenos-250ml\/\" \/>\n<meta property=\"og:locale\" content=\"fr_FR\" \/>\n<meta property=\"og:type\" content=\"article\" \/>\n<meta property=\"og:title\" content=\"Mascarilla facial Purificante e Hidratante con Kaol\u00edn sin Parabenos 250ml. - Hanna Cosm\u00e9tica\" \/>\n<meta property=\"og:description\" content=\"Con Kaol\u00edn, extractos de Manzanilla y Tilo Limpia en profundidad la piel absorbiendo la suciedad, eliminando el exceso de grasa, cerrando los&hellip;\" \/>\n<meta property=\"og:url\" content=\"https:\/\/hannacosmetica.com\/fr\/tienda\/estetica\/tonicos-y-cremas\/mascarilla-facial-purificante-e-hidratante-con-kaolin-sin-parabenos-250ml\/\" \/>\n<meta property=\"og:site_name\" content=\"Hanna Cosm\u00e9tica\" \/>\n<meta property=\"article:modified_time\" content=\"2023-10-26T12:30:02+00:00\" \/>\n<meta property=\"og:image\" content=\"https:\/\/hannacosmetica.com\/wp-content\/uploads\/2022\/09\/crema_facial_AC_antiarrigas_colageno_liposomas_60ml_sesiomworld_ml-8.png\" \/>\n\t<meta property=\"og:image:width\" content=\"956\" \/>\n\t<meta property=\"og:image:height\" content=\"999\" \/>\n\t<meta property=\"og:image:type\" content=\"image\/png\" \/>\n<meta name=\"twitter:card\" content=\"summary_large_image\" \/>\n<script type=\"application\/ld+json\" class=\"yoast-schema-graph\">{\"@context\":\"https:\/\/schema.org\",\"@graph\":[{\"@type\":\"WebPage\",\"@id\":\"https:\/\/hannacosmetica.com\/tienda\/estetica\/tonicos-y-cremas\/mascarilla-facial-purificante-e-hidratante-con-kaolin-sin-parabenos-250ml\/\",\"url\":\"https:\/\/hannacosmetica.com\/tienda\/estetica\/tonicos-y-cremas\/mascarilla-facial-purificante-e-hidratante-con-kaolin-sin-parabenos-250ml\/\",\"name\":\"Mascarilla facial Purificante e Hidratante con Kaol\u00edn sin Parabenos 250ml. - Hanna Cosm\u00e9tica\",\"isPartOf\":{\"@id\":\"https:\/\/hannacosmetica.com\/#website\"},\"datePublished\":\"2022-09-08T13:18:41+00:00\",\"dateModified\":\"2023-10-26T12:30:02+00:00\",\"breadcrumb\":{\"@id\":\"https:\/\/hannacosmetica.com\/tienda\/estetica\/tonicos-y-cremas\/mascarilla-facial-purificante-e-hidratante-con-kaolin-sin-parabenos-250ml\/#breadcrumb\"},\"inLanguage\":\"fr-FR\",\"potentialAction\":[{\"@type\":\"ReadAction\",\"target\":[\"https:\/\/hannacosmetica.com\/tienda\/estetica\/tonicos-y-cremas\/mascarilla-facial-purificante-e-hidratante-con-kaolin-sin-parabenos-250ml\/\"]}]},{\"@type\":\"BreadcrumbList\",\"@id\":\"https:\/\/hannacosmetica.com\/tienda\/estetica\/tonicos-y-cremas\/mascarilla-facial-purificante-e-hidratante-con-kaolin-sin-parabenos-250ml\/#breadcrumb\",\"itemListElement\":[{\"@type\":\"ListItem\",\"position\":1,\"name\":\"Portada\",\"item\":\"https:\/\/hannacosmetica.com\/\"},{\"@type\":\"ListItem\",\"position\":2,\"name\":\"Tienda\",\"item\":\"https:\/\/hannacosmetica.com\/shop\/\"},{\"@type\":\"ListItem\",\"position\":3,\"name\":\"Mascarilla facial Purificante e Hidratante con Kaol\u00edn sin Parabenos 250ml.\"}]},{\"@type\":\"WebSite\",\"@id\":\"https:\/\/hannacosmetica.com\/#website\",\"url\":\"https:\/\/hannacosmetica.com\/\",\"name\":\"Hanna Cosm\u00e9tica\",\"description\":\"Tienda de productos u\u00f1as, bellezas y peluquer\u00edas\",\"publisher\":{\"@id\":\"https:\/\/hannacosmetica.com\/#organization\"},\"potentialAction\":[{\"@type\":\"SearchAction\",\"target\":{\"@type\":\"EntryPoint\",\"urlTemplate\":\"https:\/\/hannacosmetica.com\/?s={search_term_string}\"},\"query-input\":\"required name=search_term_string\"}],\"inLanguage\":\"fr-FR\"},{\"@type\":\"Organization\",\"@id\":\"https:\/\/hannacosmetica.com\/#organization\",\"name\":\"Hanna Cosm\u00e9tica\",\"url\":\"https:\/\/hannacosmetica.com\/\",\"logo\":{\"@type\":\"ImageObject\",\"inLanguage\":\"fr-FR\",\"@id\":\"https:\/\/hannacosmetica.com\/#\/schema\/logo\/image\/\",\"url\":\"https:\/\/hannacosmetica.com\/wp-content\/uploads\/2022\/07\/Logo-Joyeria-Femenino-Floral-Negro.png\",\"contentUrl\":\"https:\/\/hannacosmetica.com\/wp-content\/uploads\/2022\/07\/Logo-Joyeria-Femenino-Floral-Negro.png\",\"width\":361,\"height\":126,\"caption\":\"Hanna Cosm\u00e9tica\"},\"image\":{\"@id\":\"https:\/\/hannacosmetica.com\/#\/schema\/logo\/image\/\"}}]}<\/script>\n<!-- \/ Yoast SEO plugin. -->","yoast_head_json":{"title":"Mascarilla facial Purificante e Hidratante con Kaol\u00edn sin Parabenos 250ml. - Hanna Cosm\u00e9tica","robots":{"index":"index","follow":"follow","max-snippet":"max-snippet:-1","max-image-preview":"max-image-preview:large","max-video-preview":"max-video-preview:-1"},"canonical":"https:\/\/hannacosmetica.com\/fr\/tienda\/estetica\/tonicos-y-cremas\/mascarilla-facial-purificante-e-hidratante-con-kaolin-sin-parabenos-250ml\/","og_locale":"fr_FR","og_type":"article","og_title":"Mascarilla facial Purificante e Hidratante con Kaol\u00edn sin Parabenos 250ml. - Hanna Cosm\u00e9tica","og_description":"Con Kaol\u00edn, extractos de Manzanilla y Tilo Limpia en profundidad la piel absorbiendo la suciedad, eliminando el exceso de grasa, cerrando los&hellip;","og_url":"https:\/\/hannacosmetica.com\/fr\/tienda\/estetica\/tonicos-y-cremas\/mascarilla-facial-purificante-e-hidratante-con-kaolin-sin-parabenos-250ml\/","og_site_name":"Hanna Cosm\u00e9tica","article_modified_time":"2023-10-26T12:30:02+00:00","og_image":[{"width":956,"height":999,"url":"https:\/\/hannacosmetica.com\/wp-content\/uploads\/2022\/09\/crema_facial_AC_antiarrigas_colageno_liposomas_60ml_sesiomworld_ml-8.png","type":"image\/png"}],"twitter_card":"summary_large_image","schema":{"@context":"https:\/\/schema.org","@graph":[{"@type":"WebPage","@id":"https:\/\/hannacosmetica.com\/tienda\/estetica\/tonicos-y-cremas\/mascarilla-facial-purificante-e-hidratante-con-kaolin-sin-parabenos-250ml\/","url":"https:\/\/hannacosmetica.com\/tienda\/estetica\/tonicos-y-cremas\/mascarilla-facial-purificante-e-hidratante-con-kaolin-sin-parabenos-250ml\/","name":"Mascarilla facial Purificante e Hidratante con Kaol\u00edn sin Parabenos 250ml. - Hanna Cosm\u00e9tica","isPartOf":{"@id":"https:\/\/hannacosmetica.com\/#website"},"datePublished":"2022-09-08T13:18:41+00:00","dateModified":"2023-10-26T12:30:02+00:00","breadcrumb":{"@id":"https:\/\/hannacosmetica.com\/tienda\/estetica\/tonicos-y-cremas\/mascarilla-facial-purificante-e-hidratante-con-kaolin-sin-parabenos-250ml\/#breadcrumb"},"inLanguage":"fr-FR","potentialAction":[{"@type":"ReadAction","target":["https:\/\/hannacosmetica.com\/tienda\/estetica\/tonicos-y-cremas\/mascarilla-facial-purificante-e-hidratante-con-kaolin-sin-parabenos-250ml\/"]}]},{"@type":"BreadcrumbList","@id":"https:\/\/hannacosmetica.com\/tienda\/estetica\/tonicos-y-cremas\/mascarilla-facial-purificante-e-hidratante-con-kaolin-sin-parabenos-250ml\/#breadcrumb","itemListElement":[{"@type":"ListItem","position":1,"name":"Portada","item":"https:\/\/hannacosmetica.com\/"},{"@type":"ListItem","position":2,"name":"Tienda","item":"https:\/\/hannacosmetica.com\/shop\/"},{"@type":"ListItem","position":3,"name":"Mascarilla facial Purificante e Hidratante con Kaol\u00edn sin Parabenos 250ml."}]},{"@type":"WebSite","@id":"https:\/\/hannacosmetica.com\/#website","url":"https:\/\/hannacosmetica.com\/","name":"Hanna Cosm\u00e9tica","description":"Tienda de productos u\u00f1as, bellezas y peluquer\u00edas","publisher":{"@id":"https:\/\/hannacosmetica.com\/#organization"},"potentialAction":[{"@type":"SearchAction","target":{"@type":"EntryPoint","urlTemplate":"https:\/\/hannacosmetica.com\/?s={search_term_string}"},"query-input":"required name=search_term_string"}],"inLanguage":"fr-FR"},{"@type":"Organization","@id":"https:\/\/hannacosmetica.com\/#organization","name":"Hanna Cosm\u00e9tica","url":"https:\/\/hannacosmetica.com\/","logo":{"@type":"ImageObject","inLanguage":"fr-FR","@id":"https:\/\/hannacosmetica.com\/#\/schema\/logo\/image\/","url":"https:\/\/hannacosmetica.com\/wp-content\/uploads\/2022\/07\/Logo-Joyeria-Femenino-Floral-Negro.png","contentUrl":"https:\/\/hannacosmetica.com\/wp-content\/uploads\/2022\/07\/Logo-Joyeria-Femenino-Floral-Negro.png","width":361,"height":126,"caption":"Hanna Cosm\u00e9tica"},"image":{"@id":"https:\/\/hannacosmetica.com\/#\/schema\/logo\/image\/"}}]}},"_links":{"self":[{"href":"https:\/\/hannacosmetica.com\/fr\/wp-json\/wp\/v2\/product\/5225"}],"collection":[{"href":"https:\/\/hannacosmetica.com\/fr\/wp-json\/wp\/v2\/product"}],"about":[{"href":"https:\/\/hannacosmetica.com\/fr\/wp-json\/wp\/v2\/types\/product"}],"replies":[{"embeddable":true,"href":"https:\/\/hannacosmetica.com\/fr\/wp-json\/wp\/v2\/comments?post=5225"}],"version-history":[{"count":1,"href":"https:\/\/hannacosmetica.com\/fr\/wp-json\/wp\/v2\/product\/5225\/revisions"}],"predecessor-version":[{"id":5227,"href":"https:\/\/hannacosmetica.com\/fr\/wp-json\/wp\/v2\/product\/5225\/revisions\/5227"}],"wp:featuredmedia":[{"embeddable":true,"href":"https:\/\/hannacosmetica.com\/fr\/wp-json\/wp\/v2\/media\/5226"}],"wp:attachment":[{"href":"https:\/\/hannacosmetica.com\/fr\/wp-json\/wp\/v2\/media?parent=5225"}],"wp:term":[{"taxonomy":"product_cat","embeddable":true,"href":"https:\/\/hannacosmetica.com\/fr\/wp-json\/wp\/v2\/product_cat?post=5225"},{"taxonomy":"product_tag","embeddable":true,"href":"https:\/\/hannacosmetica.com\/fr\/wp-json\/wp\/v2\/product_tag?post=5225"}],"curies":[{"name":"wp","href":"https:\/\/api.w.org\/{rel}","templated":true}]}}