{"id":5222,"date":"2022-09-08T13:16:28","date_gmt":"2022-09-08T13:16:28","guid":{"rendered":"https:\/\/hannacosmetica.com\/?post_type=product&#038;p=5222"},"modified":"2023-10-26T12:32:25","modified_gmt":"2023-10-26T12:32:25","slug":"crema-facial-ho-hidratante-oxigenante-alta-hidratacion-sin-parabenos-200ml","status":"publish","type":"product","link":"https:\/\/hannacosmetica.com\/fr\/tienda\/estetica\/tonicos-y-cremas\/crema-facial-ho-hidratante-oxigenante-alta-hidratacion-sin-parabenos-200ml\/","title":{"rendered":"Crema facial HO Hidratante Oxigenante alta hidrataci\u00f3n sin parabenos 200ml"},"content":{"rendered":"<p>Crema suave y de agradable textura, superhidratante, que activa el consumo de ox\u00edgeno en las c\u00e9lulas, vitalizando as\u00ed el tejido cut\u00e1neo.<\/p>\n<p>Aumenta la capacidad de retener agua de la piel evitando la descamaci\u00f3n y proporcion\u00e1ndole suavidad y turgencia.\u00a0 Ligera y no grasa, gracias a su composici\u00f3n la piel la asimila con gran rapidez siendo por lo tanto muy apropiada como base de maquillaje!<\/p>\n<p>FREE<\/p>\n<p>No Parabens \u00b7 Sin parabenos<\/p>\n<p>No colorant \u00b7 Sin colorantes<\/p>\n<p><em>Composici\u00f3n: Aqua, Paraffinum Liquidum, Cetyl Alcohol, Glyceryl Stearate SE, Glycerin, Oleyl Alcohol, Ethylhexyl Methoxycinnamate, Cyclopentasiloxane, Paraffin, Methyl Glucose Sesquistearate, PEG-100 Stearate, Phenoxyethanol, Imidazolidinyl Urea, Dimethicone, Parfum, Copernicia Cerifera Cera, Carbomer, Triethanolamine, Ethylhexylglycerin, DMDM Hydantoin, Potassium Sorbate, BHT, Synthetic Wax, Sodium Hyaluronate, Butylphenyl Methylpropional, Benzyl Salicylate, Linalool, Amyl Cinnamal, Citronellol, Eugenol, Alpha Isomethyl Ionone, Ginkgo Biloba Leaf Extract, Panax Ginseng Root Extract, Centella Asiatica Extract, Vaccinium Myrtillus Fruit Extract, Faex, Superoxide Dismutase.<\/em><\/p>","protected":false},"excerpt":{"rendered":"<p>Crema suave y de agradable textura, superhidratante, que activa el consumo de ox\u00edgeno en las c\u00e9lulas, vitalizando as\u00ed el tejido cut\u00e1neo. Aumenta&hellip;<\/p>","protected":false},"featured_media":5223,"comment_status":"open","ping_status":"closed","template":"","meta":[],"product_cat":[84,114,115],"product_tag":[],"yoast_head":"<!-- This site is optimized with the Yoast SEO plugin v19.9 - https:\/\/yoast.com\/wordpress\/plugins\/seo\/ -->\n<title>Crema facial HO Hidratante Oxigenante alta hidrataci\u00f3n sin parabenos 200ml - Hanna Cosm\u00e9tica<\/title>\n<meta name=\"robots\" content=\"index, follow, max-snippet:-1, max-image-preview:large, max-video-preview:-1\" \/>\n<link rel=\"canonical\" href=\"https:\/\/hannacosmetica.com\/fr\/tienda\/estetica\/tonicos-y-cremas\/crema-facial-ho-hidratante-oxigenante-alta-hidratacion-sin-parabenos-200ml\/\" \/>\n<meta property=\"og:locale\" content=\"fr_FR\" \/>\n<meta property=\"og:type\" content=\"article\" \/>\n<meta property=\"og:title\" content=\"Crema facial HO Hidratante Oxigenante alta hidrataci\u00f3n sin parabenos 200ml - Hanna Cosm\u00e9tica\" \/>\n<meta property=\"og:description\" content=\"Crema suave y de agradable textura, superhidratante, que activa el consumo de ox\u00edgeno en las c\u00e9lulas, vitalizando as\u00ed el tejido cut\u00e1neo. Aumenta&hellip;\" \/>\n<meta property=\"og:url\" content=\"https:\/\/hannacosmetica.com\/fr\/tienda\/estetica\/tonicos-y-cremas\/crema-facial-ho-hidratante-oxigenante-alta-hidratacion-sin-parabenos-200ml\/\" \/>\n<meta property=\"og:site_name\" content=\"Hanna Cosm\u00e9tica\" \/>\n<meta property=\"article:modified_time\" content=\"2023-10-26T12:32:25+00:00\" \/>\n<meta property=\"og:image\" content=\"https:\/\/hannacosmetica.com\/wp-content\/uploads\/2022\/09\/crema_facial_AC_antiarrigas_colageno_liposomas_60ml_sesiomworld_ml-7.png\" \/>\n\t<meta property=\"og:image:width\" content=\"956\" \/>\n\t<meta property=\"og:image:height\" content=\"999\" \/>\n\t<meta property=\"og:image:type\" content=\"image\/png\" \/>\n<meta name=\"twitter:card\" content=\"summary_large_image\" \/>\n<script type=\"application\/ld+json\" class=\"yoast-schema-graph\">{\"@context\":\"https:\/\/schema.org\",\"@graph\":[{\"@type\":\"WebPage\",\"@id\":\"https:\/\/hannacosmetica.com\/tienda\/estetica\/tonicos-y-cremas\/crema-facial-ho-hidratante-oxigenante-alta-hidratacion-sin-parabenos-200ml\/\",\"url\":\"https:\/\/hannacosmetica.com\/tienda\/estetica\/tonicos-y-cremas\/crema-facial-ho-hidratante-oxigenante-alta-hidratacion-sin-parabenos-200ml\/\",\"name\":\"Crema facial HO Hidratante Oxigenante alta hidrataci\u00f3n sin parabenos 200ml - Hanna Cosm\u00e9tica\",\"isPartOf\":{\"@id\":\"https:\/\/hannacosmetica.com\/#website\"},\"datePublished\":\"2022-09-08T13:16:28+00:00\",\"dateModified\":\"2023-10-26T12:32:25+00:00\",\"breadcrumb\":{\"@id\":\"https:\/\/hannacosmetica.com\/tienda\/estetica\/tonicos-y-cremas\/crema-facial-ho-hidratante-oxigenante-alta-hidratacion-sin-parabenos-200ml\/#breadcrumb\"},\"inLanguage\":\"fr-FR\",\"potentialAction\":[{\"@type\":\"ReadAction\",\"target\":[\"https:\/\/hannacosmetica.com\/tienda\/estetica\/tonicos-y-cremas\/crema-facial-ho-hidratante-oxigenante-alta-hidratacion-sin-parabenos-200ml\/\"]}]},{\"@type\":\"BreadcrumbList\",\"@id\":\"https:\/\/hannacosmetica.com\/tienda\/estetica\/tonicos-y-cremas\/crema-facial-ho-hidratante-oxigenante-alta-hidratacion-sin-parabenos-200ml\/#breadcrumb\",\"itemListElement\":[{\"@type\":\"ListItem\",\"position\":1,\"name\":\"Portada\",\"item\":\"https:\/\/hannacosmetica.com\/\"},{\"@type\":\"ListItem\",\"position\":2,\"name\":\"Tienda\",\"item\":\"https:\/\/hannacosmetica.com\/shop\/\"},{\"@type\":\"ListItem\",\"position\":3,\"name\":\"Crema facial HO Hidratante Oxigenante alta hidrataci\u00f3n sin parabenos 200ml\"}]},{\"@type\":\"WebSite\",\"@id\":\"https:\/\/hannacosmetica.com\/#website\",\"url\":\"https:\/\/hannacosmetica.com\/\",\"name\":\"Hanna Cosm\u00e9tica\",\"description\":\"Tienda de productos u\u00f1as, bellezas y peluquer\u00edas\",\"publisher\":{\"@id\":\"https:\/\/hannacosmetica.com\/#organization\"},\"potentialAction\":[{\"@type\":\"SearchAction\",\"target\":{\"@type\":\"EntryPoint\",\"urlTemplate\":\"https:\/\/hannacosmetica.com\/?s={search_term_string}\"},\"query-input\":\"required name=search_term_string\"}],\"inLanguage\":\"fr-FR\"},{\"@type\":\"Organization\",\"@id\":\"https:\/\/hannacosmetica.com\/#organization\",\"name\":\"Hanna Cosm\u00e9tica\",\"url\":\"https:\/\/hannacosmetica.com\/\",\"logo\":{\"@type\":\"ImageObject\",\"inLanguage\":\"fr-FR\",\"@id\":\"https:\/\/hannacosmetica.com\/#\/schema\/logo\/image\/\",\"url\":\"https:\/\/hannacosmetica.com\/wp-content\/uploads\/2022\/07\/Logo-Joyeria-Femenino-Floral-Negro.png\",\"contentUrl\":\"https:\/\/hannacosmetica.com\/wp-content\/uploads\/2022\/07\/Logo-Joyeria-Femenino-Floral-Negro.png\",\"width\":361,\"height\":126,\"caption\":\"Hanna Cosm\u00e9tica\"},\"image\":{\"@id\":\"https:\/\/hannacosmetica.com\/#\/schema\/logo\/image\/\"}}]}<\/script>\n<!-- \/ Yoast SEO plugin. -->","yoast_head_json":{"title":"Crema facial HO Hidratante Oxigenante alta hidrataci\u00f3n sin parabenos 200ml - Hanna Cosm\u00e9tica","robots":{"index":"index","follow":"follow","max-snippet":"max-snippet:-1","max-image-preview":"max-image-preview:large","max-video-preview":"max-video-preview:-1"},"canonical":"https:\/\/hannacosmetica.com\/fr\/tienda\/estetica\/tonicos-y-cremas\/crema-facial-ho-hidratante-oxigenante-alta-hidratacion-sin-parabenos-200ml\/","og_locale":"fr_FR","og_type":"article","og_title":"Crema facial HO Hidratante Oxigenante alta hidrataci\u00f3n sin parabenos 200ml - Hanna Cosm\u00e9tica","og_description":"Crema suave y de agradable textura, superhidratante, que activa el consumo de ox\u00edgeno en las c\u00e9lulas, vitalizando as\u00ed el tejido cut\u00e1neo. Aumenta&hellip;","og_url":"https:\/\/hannacosmetica.com\/fr\/tienda\/estetica\/tonicos-y-cremas\/crema-facial-ho-hidratante-oxigenante-alta-hidratacion-sin-parabenos-200ml\/","og_site_name":"Hanna Cosm\u00e9tica","article_modified_time":"2023-10-26T12:32:25+00:00","og_image":[{"width":956,"height":999,"url":"https:\/\/hannacosmetica.com\/wp-content\/uploads\/2022\/09\/crema_facial_AC_antiarrigas_colageno_liposomas_60ml_sesiomworld_ml-7.png","type":"image\/png"}],"twitter_card":"summary_large_image","schema":{"@context":"https:\/\/schema.org","@graph":[{"@type":"WebPage","@id":"https:\/\/hannacosmetica.com\/tienda\/estetica\/tonicos-y-cremas\/crema-facial-ho-hidratante-oxigenante-alta-hidratacion-sin-parabenos-200ml\/","url":"https:\/\/hannacosmetica.com\/tienda\/estetica\/tonicos-y-cremas\/crema-facial-ho-hidratante-oxigenante-alta-hidratacion-sin-parabenos-200ml\/","name":"Crema facial HO Hidratante Oxigenante alta hidrataci\u00f3n sin parabenos 200ml - Hanna Cosm\u00e9tica","isPartOf":{"@id":"https:\/\/hannacosmetica.com\/#website"},"datePublished":"2022-09-08T13:16:28+00:00","dateModified":"2023-10-26T12:32:25+00:00","breadcrumb":{"@id":"https:\/\/hannacosmetica.com\/tienda\/estetica\/tonicos-y-cremas\/crema-facial-ho-hidratante-oxigenante-alta-hidratacion-sin-parabenos-200ml\/#breadcrumb"},"inLanguage":"fr-FR","potentialAction":[{"@type":"ReadAction","target":["https:\/\/hannacosmetica.com\/tienda\/estetica\/tonicos-y-cremas\/crema-facial-ho-hidratante-oxigenante-alta-hidratacion-sin-parabenos-200ml\/"]}]},{"@type":"BreadcrumbList","@id":"https:\/\/hannacosmetica.com\/tienda\/estetica\/tonicos-y-cremas\/crema-facial-ho-hidratante-oxigenante-alta-hidratacion-sin-parabenos-200ml\/#breadcrumb","itemListElement":[{"@type":"ListItem","position":1,"name":"Portada","item":"https:\/\/hannacosmetica.com\/"},{"@type":"ListItem","position":2,"name":"Tienda","item":"https:\/\/hannacosmetica.com\/shop\/"},{"@type":"ListItem","position":3,"name":"Crema facial HO Hidratante Oxigenante alta hidrataci\u00f3n sin parabenos 200ml"}]},{"@type":"WebSite","@id":"https:\/\/hannacosmetica.com\/#website","url":"https:\/\/hannacosmetica.com\/","name":"Hanna Cosm\u00e9tica","description":"Tienda de productos u\u00f1as, bellezas y peluquer\u00edas","publisher":{"@id":"https:\/\/hannacosmetica.com\/#organization"},"potentialAction":[{"@type":"SearchAction","target":{"@type":"EntryPoint","urlTemplate":"https:\/\/hannacosmetica.com\/?s={search_term_string}"},"query-input":"required name=search_term_string"}],"inLanguage":"fr-FR"},{"@type":"Organization","@id":"https:\/\/hannacosmetica.com\/#organization","name":"Hanna Cosm\u00e9tica","url":"https:\/\/hannacosmetica.com\/","logo":{"@type":"ImageObject","inLanguage":"fr-FR","@id":"https:\/\/hannacosmetica.com\/#\/schema\/logo\/image\/","url":"https:\/\/hannacosmetica.com\/wp-content\/uploads\/2022\/07\/Logo-Joyeria-Femenino-Floral-Negro.png","contentUrl":"https:\/\/hannacosmetica.com\/wp-content\/uploads\/2022\/07\/Logo-Joyeria-Femenino-Floral-Negro.png","width":361,"height":126,"caption":"Hanna Cosm\u00e9tica"},"image":{"@id":"https:\/\/hannacosmetica.com\/#\/schema\/logo\/image\/"}}]}},"_links":{"self":[{"href":"https:\/\/hannacosmetica.com\/fr\/wp-json\/wp\/v2\/product\/5222"}],"collection":[{"href":"https:\/\/hannacosmetica.com\/fr\/wp-json\/wp\/v2\/product"}],"about":[{"href":"https:\/\/hannacosmetica.com\/fr\/wp-json\/wp\/v2\/types\/product"}],"replies":[{"embeddable":true,"href":"https:\/\/hannacosmetica.com\/fr\/wp-json\/wp\/v2\/comments?post=5222"}],"version-history":[{"count":1,"href":"https:\/\/hannacosmetica.com\/fr\/wp-json\/wp\/v2\/product\/5222\/revisions"}],"predecessor-version":[{"id":5224,"href":"https:\/\/hannacosmetica.com\/fr\/wp-json\/wp\/v2\/product\/5222\/revisions\/5224"}],"wp:featuredmedia":[{"embeddable":true,"href":"https:\/\/hannacosmetica.com\/fr\/wp-json\/wp\/v2\/media\/5223"}],"wp:attachment":[{"href":"https:\/\/hannacosmetica.com\/fr\/wp-json\/wp\/v2\/media?parent=5222"}],"wp:term":[{"taxonomy":"product_cat","embeddable":true,"href":"https:\/\/hannacosmetica.com\/fr\/wp-json\/wp\/v2\/product_cat?post=5222"},{"taxonomy":"product_tag","embeddable":true,"href":"https:\/\/hannacosmetica.com\/fr\/wp-json\/wp\/v2\/product_tag?post=5222"}],"curies":[{"name":"wp","href":"https:\/\/api.w.org\/{rel}","templated":true}]}}