{"id":5219,"date":"2022-09-08T13:13:58","date_gmt":"2022-09-08T13:13:58","guid":{"rendered":"https:\/\/hannacosmetica.com\/?post_type=product&#038;p=5219"},"modified":"2023-10-26T12:30:19","modified_gmt":"2023-10-26T12:30:19","slug":"tonico-facial-de-rosas-cutis-normales-y-mixtos-sin-parabenos-500ml","status":"publish","type":"product","link":"https:\/\/hannacosmetica.com\/fr\/tienda\/estetica\/tonicos-y-cremas\/tonico-facial-de-rosas-cutis-normales-y-mixtos-sin-parabenos-500ml\/","title":{"rendered":"T\u00f3nico facial de rosas cutis normales y mixtos sin parabenos 500ml."},"content":{"rendered":"<p>T\u00f3nico que por su contenido en Agua de Rosas y Aceite de Rosa Mosqueta hidrata, purifica y refresca la epidermis, haci\u00e9ndola recuperar su tonicidad y esplendor.<\/p>\n<p>Sin alcohol. Recomendado para cutis normales y mixtos.<\/p>\n<p>Modo de empleo: Complemento de la leche limpiadora, se aplica con un algod\u00f3n dando ligeros golpes especialmente en barbilla, frente y comisura de los labios.<\/p>\n<p>FREE<\/p>\n<p>No Parabens \u00b7 Sin parabenos<\/p>\n<p><em>Composici\u00f3n: Aqua, Rosa Centifolia Flower Water, Propylene Glycol, Calcium Pantothenate, Polysorbate 80, Polysorbate 20, Parfum, Benzotriazolyl Dodecyl P-Cresol, Magnesium Nitrate, Magnesium Chloride, Rosa Moschata Seed Oil, Amyl Cinnamal, Alpha isomethyl Ionone, Geraniol, Limonene, Methylchloroisothiazolinone, Citronellol, Coumarin, Linalool, Hydoroxyisohexyl 3-Cyclohexene Carboxaldehyde, CI 14720, Methylisothiazolinone.<\/em><\/p>","protected":false},"excerpt":{"rendered":"<p>T\u00f3nico que por su contenido en Agua de Rosas y Aceite de Rosa Mosqueta hidrata, purifica y refresca la epidermis, haci\u00e9ndola recuperar&hellip;<\/p>","protected":false},"featured_media":5220,"comment_status":"open","ping_status":"closed","template":"","meta":[],"product_cat":[84,114],"product_tag":[],"yoast_head":"<!-- This site is optimized with the Yoast SEO plugin v19.9 - https:\/\/yoast.com\/wordpress\/plugins\/seo\/ -->\n<title>T\u00f3nico facial de rosas cutis normales y mixtos sin parabenos 500ml. - Hanna Cosm\u00e9tica<\/title>\n<meta name=\"robots\" content=\"index, follow, max-snippet:-1, max-image-preview:large, max-video-preview:-1\" \/>\n<link rel=\"canonical\" href=\"https:\/\/hannacosmetica.com\/fr\/tienda\/estetica\/tonicos-y-cremas\/tonico-facial-de-rosas-cutis-normales-y-mixtos-sin-parabenos-500ml\/\" \/>\n<meta property=\"og:locale\" content=\"fr_FR\" \/>\n<meta property=\"og:type\" content=\"article\" \/>\n<meta property=\"og:title\" content=\"T\u00f3nico facial de rosas cutis normales y mixtos sin parabenos 500ml. - Hanna Cosm\u00e9tica\" \/>\n<meta property=\"og:description\" content=\"T\u00f3nico que por su contenido en Agua de Rosas y Aceite de Rosa Mosqueta hidrata, purifica y refresca la epidermis, haci\u00e9ndola recuperar&hellip;\" \/>\n<meta property=\"og:url\" content=\"https:\/\/hannacosmetica.com\/fr\/tienda\/estetica\/tonicos-y-cremas\/tonico-facial-de-rosas-cutis-normales-y-mixtos-sin-parabenos-500ml\/\" \/>\n<meta property=\"og:site_name\" content=\"Hanna Cosm\u00e9tica\" \/>\n<meta property=\"article:modified_time\" content=\"2023-10-26T12:30:19+00:00\" \/>\n<meta property=\"og:image\" content=\"https:\/\/hannacosmetica.com\/wp-content\/uploads\/2022\/09\/crema_facial_AC_antiarrigas_colageno_liposomas_60ml_sesiomworld_ml-6.png\" \/>\n\t<meta property=\"og:image:width\" content=\"956\" \/>\n\t<meta property=\"og:image:height\" content=\"999\" \/>\n\t<meta property=\"og:image:type\" content=\"image\/png\" \/>\n<meta name=\"twitter:card\" content=\"summary_large_image\" \/>\n<script type=\"application\/ld+json\" class=\"yoast-schema-graph\">{\"@context\":\"https:\/\/schema.org\",\"@graph\":[{\"@type\":\"WebPage\",\"@id\":\"https:\/\/hannacosmetica.com\/tienda\/estetica\/tonicos-y-cremas\/tonico-facial-de-rosas-cutis-normales-y-mixtos-sin-parabenos-500ml\/\",\"url\":\"https:\/\/hannacosmetica.com\/tienda\/estetica\/tonicos-y-cremas\/tonico-facial-de-rosas-cutis-normales-y-mixtos-sin-parabenos-500ml\/\",\"name\":\"T\u00f3nico facial de rosas cutis normales y mixtos sin parabenos 500ml. - Hanna Cosm\u00e9tica\",\"isPartOf\":{\"@id\":\"https:\/\/hannacosmetica.com\/#website\"},\"datePublished\":\"2022-09-08T13:13:58+00:00\",\"dateModified\":\"2023-10-26T12:30:19+00:00\",\"breadcrumb\":{\"@id\":\"https:\/\/hannacosmetica.com\/tienda\/estetica\/tonicos-y-cremas\/tonico-facial-de-rosas-cutis-normales-y-mixtos-sin-parabenos-500ml\/#breadcrumb\"},\"inLanguage\":\"fr-FR\",\"potentialAction\":[{\"@type\":\"ReadAction\",\"target\":[\"https:\/\/hannacosmetica.com\/tienda\/estetica\/tonicos-y-cremas\/tonico-facial-de-rosas-cutis-normales-y-mixtos-sin-parabenos-500ml\/\"]}]},{\"@type\":\"BreadcrumbList\",\"@id\":\"https:\/\/hannacosmetica.com\/tienda\/estetica\/tonicos-y-cremas\/tonico-facial-de-rosas-cutis-normales-y-mixtos-sin-parabenos-500ml\/#breadcrumb\",\"itemListElement\":[{\"@type\":\"ListItem\",\"position\":1,\"name\":\"Portada\",\"item\":\"https:\/\/hannacosmetica.com\/\"},{\"@type\":\"ListItem\",\"position\":2,\"name\":\"Tienda\",\"item\":\"https:\/\/hannacosmetica.com\/shop\/\"},{\"@type\":\"ListItem\",\"position\":3,\"name\":\"T\u00f3nico facial de rosas cutis normales y mixtos sin parabenos 500ml.\"}]},{\"@type\":\"WebSite\",\"@id\":\"https:\/\/hannacosmetica.com\/#website\",\"url\":\"https:\/\/hannacosmetica.com\/\",\"name\":\"Hanna Cosm\u00e9tica\",\"description\":\"Tienda de productos u\u00f1as, bellezas y peluquer\u00edas\",\"publisher\":{\"@id\":\"https:\/\/hannacosmetica.com\/#organization\"},\"potentialAction\":[{\"@type\":\"SearchAction\",\"target\":{\"@type\":\"EntryPoint\",\"urlTemplate\":\"https:\/\/hannacosmetica.com\/?s={search_term_string}\"},\"query-input\":\"required name=search_term_string\"}],\"inLanguage\":\"fr-FR\"},{\"@type\":\"Organization\",\"@id\":\"https:\/\/hannacosmetica.com\/#organization\",\"name\":\"Hanna Cosm\u00e9tica\",\"url\":\"https:\/\/hannacosmetica.com\/\",\"logo\":{\"@type\":\"ImageObject\",\"inLanguage\":\"fr-FR\",\"@id\":\"https:\/\/hannacosmetica.com\/#\/schema\/logo\/image\/\",\"url\":\"https:\/\/hannacosmetica.com\/wp-content\/uploads\/2022\/07\/Logo-Joyeria-Femenino-Floral-Negro.png\",\"contentUrl\":\"https:\/\/hannacosmetica.com\/wp-content\/uploads\/2022\/07\/Logo-Joyeria-Femenino-Floral-Negro.png\",\"width\":361,\"height\":126,\"caption\":\"Hanna Cosm\u00e9tica\"},\"image\":{\"@id\":\"https:\/\/hannacosmetica.com\/#\/schema\/logo\/image\/\"}}]}<\/script>\n<!-- \/ Yoast SEO plugin. -->","yoast_head_json":{"title":"T\u00f3nico facial de rosas cutis normales y mixtos sin parabenos 500ml. - Hanna Cosm\u00e9tica","robots":{"index":"index","follow":"follow","max-snippet":"max-snippet:-1","max-image-preview":"max-image-preview:large","max-video-preview":"max-video-preview:-1"},"canonical":"https:\/\/hannacosmetica.com\/fr\/tienda\/estetica\/tonicos-y-cremas\/tonico-facial-de-rosas-cutis-normales-y-mixtos-sin-parabenos-500ml\/","og_locale":"fr_FR","og_type":"article","og_title":"T\u00f3nico facial de rosas cutis normales y mixtos sin parabenos 500ml. - Hanna Cosm\u00e9tica","og_description":"T\u00f3nico que por su contenido en Agua de Rosas y Aceite de Rosa Mosqueta hidrata, purifica y refresca la epidermis, haci\u00e9ndola recuperar&hellip;","og_url":"https:\/\/hannacosmetica.com\/fr\/tienda\/estetica\/tonicos-y-cremas\/tonico-facial-de-rosas-cutis-normales-y-mixtos-sin-parabenos-500ml\/","og_site_name":"Hanna Cosm\u00e9tica","article_modified_time":"2023-10-26T12:30:19+00:00","og_image":[{"width":956,"height":999,"url":"https:\/\/hannacosmetica.com\/wp-content\/uploads\/2022\/09\/crema_facial_AC_antiarrigas_colageno_liposomas_60ml_sesiomworld_ml-6.png","type":"image\/png"}],"twitter_card":"summary_large_image","schema":{"@context":"https:\/\/schema.org","@graph":[{"@type":"WebPage","@id":"https:\/\/hannacosmetica.com\/tienda\/estetica\/tonicos-y-cremas\/tonico-facial-de-rosas-cutis-normales-y-mixtos-sin-parabenos-500ml\/","url":"https:\/\/hannacosmetica.com\/tienda\/estetica\/tonicos-y-cremas\/tonico-facial-de-rosas-cutis-normales-y-mixtos-sin-parabenos-500ml\/","name":"T\u00f3nico facial de rosas cutis normales y mixtos sin parabenos 500ml. - Hanna Cosm\u00e9tica","isPartOf":{"@id":"https:\/\/hannacosmetica.com\/#website"},"datePublished":"2022-09-08T13:13:58+00:00","dateModified":"2023-10-26T12:30:19+00:00","breadcrumb":{"@id":"https:\/\/hannacosmetica.com\/tienda\/estetica\/tonicos-y-cremas\/tonico-facial-de-rosas-cutis-normales-y-mixtos-sin-parabenos-500ml\/#breadcrumb"},"inLanguage":"fr-FR","potentialAction":[{"@type":"ReadAction","target":["https:\/\/hannacosmetica.com\/tienda\/estetica\/tonicos-y-cremas\/tonico-facial-de-rosas-cutis-normales-y-mixtos-sin-parabenos-500ml\/"]}]},{"@type":"BreadcrumbList","@id":"https:\/\/hannacosmetica.com\/tienda\/estetica\/tonicos-y-cremas\/tonico-facial-de-rosas-cutis-normales-y-mixtos-sin-parabenos-500ml\/#breadcrumb","itemListElement":[{"@type":"ListItem","position":1,"name":"Portada","item":"https:\/\/hannacosmetica.com\/"},{"@type":"ListItem","position":2,"name":"Tienda","item":"https:\/\/hannacosmetica.com\/shop\/"},{"@type":"ListItem","position":3,"name":"T\u00f3nico facial de rosas cutis normales y mixtos sin parabenos 500ml."}]},{"@type":"WebSite","@id":"https:\/\/hannacosmetica.com\/#website","url":"https:\/\/hannacosmetica.com\/","name":"Hanna Cosm\u00e9tica","description":"Tienda de productos u\u00f1as, bellezas y peluquer\u00edas","publisher":{"@id":"https:\/\/hannacosmetica.com\/#organization"},"potentialAction":[{"@type":"SearchAction","target":{"@type":"EntryPoint","urlTemplate":"https:\/\/hannacosmetica.com\/?s={search_term_string}"},"query-input":"required name=search_term_string"}],"inLanguage":"fr-FR"},{"@type":"Organization","@id":"https:\/\/hannacosmetica.com\/#organization","name":"Hanna Cosm\u00e9tica","url":"https:\/\/hannacosmetica.com\/","logo":{"@type":"ImageObject","inLanguage":"fr-FR","@id":"https:\/\/hannacosmetica.com\/#\/schema\/logo\/image\/","url":"https:\/\/hannacosmetica.com\/wp-content\/uploads\/2022\/07\/Logo-Joyeria-Femenino-Floral-Negro.png","contentUrl":"https:\/\/hannacosmetica.com\/wp-content\/uploads\/2022\/07\/Logo-Joyeria-Femenino-Floral-Negro.png","width":361,"height":126,"caption":"Hanna Cosm\u00e9tica"},"image":{"@id":"https:\/\/hannacosmetica.com\/#\/schema\/logo\/image\/"}}]}},"_links":{"self":[{"href":"https:\/\/hannacosmetica.com\/fr\/wp-json\/wp\/v2\/product\/5219"}],"collection":[{"href":"https:\/\/hannacosmetica.com\/fr\/wp-json\/wp\/v2\/product"}],"about":[{"href":"https:\/\/hannacosmetica.com\/fr\/wp-json\/wp\/v2\/types\/product"}],"replies":[{"embeddable":true,"href":"https:\/\/hannacosmetica.com\/fr\/wp-json\/wp\/v2\/comments?post=5219"}],"version-history":[{"count":1,"href":"https:\/\/hannacosmetica.com\/fr\/wp-json\/wp\/v2\/product\/5219\/revisions"}],"predecessor-version":[{"id":5221,"href":"https:\/\/hannacosmetica.com\/fr\/wp-json\/wp\/v2\/product\/5219\/revisions\/5221"}],"wp:featuredmedia":[{"embeddable":true,"href":"https:\/\/hannacosmetica.com\/fr\/wp-json\/wp\/v2\/media\/5220"}],"wp:attachment":[{"href":"https:\/\/hannacosmetica.com\/fr\/wp-json\/wp\/v2\/media?parent=5219"}],"wp:term":[{"taxonomy":"product_cat","embeddable":true,"href":"https:\/\/hannacosmetica.com\/fr\/wp-json\/wp\/v2\/product_cat?post=5219"},{"taxonomy":"product_tag","embeddable":true,"href":"https:\/\/hannacosmetica.com\/fr\/wp-json\/wp\/v2\/product_tag?post=5219"}],"curies":[{"name":"wp","href":"https:\/\/api.w.org\/{rel}","templated":true}]}}