{"id":5216,"date":"2022-09-08T13:11:01","date_gmt":"2022-09-08T13:11:01","guid":{"rendered":"https:\/\/hannacosmetica.com\/?post_type=product&#038;p=5216"},"modified":"2023-10-26T12:30:51","modified_gmt":"2023-10-26T12:30:51","slug":"exfoliante-natural-cereza-y-cascara-de-nuez-fuerte-pure-cosmetics-250ml","status":"publish","type":"product","link":"https:\/\/hannacosmetica.com\/fr\/tienda\/estetica\/complementos-estetica\/exfoliante-natural-cereza-y-cascara-de-nuez-fuerte-pure-cosmetics-250ml\/","title":{"rendered":"Exfoliante natural Cereza y C\u00e1scara de Nuez Fuerte Pure Cosmetics 250ml"},"content":{"rendered":"<p>M\u00b7O\u00b7I Profesional ha desarrollado una nueva f\u00f3rmula del exfoliante\/scrub de cereza y c\u00e1scara de nuez finamente molida. Nivel 03-Fuerte.<\/p>\n<p>Limpieza profunda eliminando las impurezas y el exceso de c\u00e9lulas muertas. Las viejas c\u00e9lulas superficiales de la piel se eliminan y las nuevas c\u00e9lulas j\u00f3venes salen a la superficie, haciendo que la piel se vea suave y tersa. Alisa el relieve de la superficie cut\u00e1nea, dejando una apariencia m\u00e1s joven y luminosa. Activa la microcirculaci\u00f3n.<\/p>\n<p>Modo de uso: Aplique una peque\u00f1a cantidad, masajee suavemente la piel durante un minuto y ret\u00edrelo con agua.<\/p>\n<p>FREE<\/p>\n<p>No Parabens \u00b7 Sin parabenos<\/p>\n<p>No Silicones \u00b7 Sin siliconas<\/p>\n<p><em>Composici\u00f3n: Aqua (Water), Glycerin, Juglans Regia Shell Powder, Propylene Glycol, Polysorbate 20, Carbomer, Triethanolamine, Phenoxyethanol, Parfum, Disodium Edta, Ethylhexylglycerin, Prunus Avium Fruit Extract, CI 16185, CI 16035, CI 42090, D-Limonene.<\/em><\/p>","protected":false},"excerpt":{"rendered":"<p>M\u00b7O\u00b7I Profesional ha desarrollado una nueva f\u00f3rmula del exfoliante\/scrub de cereza y c\u00e1scara de nuez finamente molida. Nivel 03-Fuerte. Limpieza profunda eliminando&hellip;<\/p>","protected":false},"featured_media":5217,"comment_status":"open","ping_status":"closed","template":"","meta":[],"product_cat":[82,101,84,115],"product_tag":[],"yoast_head":"<!-- This site is optimized with the Yoast SEO plugin v19.9 - https:\/\/yoast.com\/wordpress\/plugins\/seo\/ -->\n<title>Exfoliante natural Cereza y C\u00e1scara de Nuez Fuerte Pure Cosmetics 250ml - Hanna Cosm\u00e9tica<\/title>\n<meta name=\"robots\" content=\"index, follow, max-snippet:-1, max-image-preview:large, max-video-preview:-1\" \/>\n<link rel=\"canonical\" href=\"https:\/\/hannacosmetica.com\/fr\/tienda\/estetica\/complementos-estetica\/exfoliante-natural-cereza-y-cascara-de-nuez-fuerte-pure-cosmetics-250ml\/\" \/>\n<meta property=\"og:locale\" content=\"fr_FR\" \/>\n<meta property=\"og:type\" content=\"article\" \/>\n<meta property=\"og:title\" content=\"Exfoliante natural Cereza y C\u00e1scara de Nuez Fuerte Pure Cosmetics 250ml - Hanna Cosm\u00e9tica\" \/>\n<meta property=\"og:description\" content=\"M\u00b7O\u00b7I Profesional ha desarrollado una nueva f\u00f3rmula del exfoliante\/scrub de cereza y c\u00e1scara de nuez finamente molida. Nivel 03-Fuerte. Limpieza profunda eliminando&hellip;\" \/>\n<meta property=\"og:url\" content=\"https:\/\/hannacosmetica.com\/fr\/tienda\/estetica\/complementos-estetica\/exfoliante-natural-cereza-y-cascara-de-nuez-fuerte-pure-cosmetics-250ml\/\" \/>\n<meta property=\"og:site_name\" content=\"Hanna Cosm\u00e9tica\" \/>\n<meta property=\"article:modified_time\" content=\"2023-10-26T12:30:51+00:00\" \/>\n<meta property=\"og:image\" content=\"https:\/\/hannacosmetica.com\/wp-content\/uploads\/2022\/09\/crema_facial_AC_antiarrigas_colageno_liposomas_60ml_sesiomworld_ml-5.png\" \/>\n\t<meta property=\"og:image:width\" content=\"956\" \/>\n\t<meta property=\"og:image:height\" content=\"999\" \/>\n\t<meta property=\"og:image:type\" content=\"image\/png\" \/>\n<meta name=\"twitter:card\" content=\"summary_large_image\" \/>\n<script type=\"application\/ld+json\" class=\"yoast-schema-graph\">{\"@context\":\"https:\/\/schema.org\",\"@graph\":[{\"@type\":\"WebPage\",\"@id\":\"https:\/\/hannacosmetica.com\/tienda\/estetica\/complementos-estetica\/exfoliante-natural-cereza-y-cascara-de-nuez-fuerte-pure-cosmetics-250ml\/\",\"url\":\"https:\/\/hannacosmetica.com\/tienda\/estetica\/complementos-estetica\/exfoliante-natural-cereza-y-cascara-de-nuez-fuerte-pure-cosmetics-250ml\/\",\"name\":\"Exfoliante natural Cereza y C\u00e1scara de Nuez Fuerte Pure Cosmetics 250ml - Hanna Cosm\u00e9tica\",\"isPartOf\":{\"@id\":\"https:\/\/hannacosmetica.com\/#website\"},\"datePublished\":\"2022-09-08T13:11:01+00:00\",\"dateModified\":\"2023-10-26T12:30:51+00:00\",\"breadcrumb\":{\"@id\":\"https:\/\/hannacosmetica.com\/tienda\/estetica\/complementos-estetica\/exfoliante-natural-cereza-y-cascara-de-nuez-fuerte-pure-cosmetics-250ml\/#breadcrumb\"},\"inLanguage\":\"fr-FR\",\"potentialAction\":[{\"@type\":\"ReadAction\",\"target\":[\"https:\/\/hannacosmetica.com\/tienda\/estetica\/complementos-estetica\/exfoliante-natural-cereza-y-cascara-de-nuez-fuerte-pure-cosmetics-250ml\/\"]}]},{\"@type\":\"BreadcrumbList\",\"@id\":\"https:\/\/hannacosmetica.com\/tienda\/estetica\/complementos-estetica\/exfoliante-natural-cereza-y-cascara-de-nuez-fuerte-pure-cosmetics-250ml\/#breadcrumb\",\"itemListElement\":[{\"@type\":\"ListItem\",\"position\":1,\"name\":\"Portada\",\"item\":\"https:\/\/hannacosmetica.com\/\"},{\"@type\":\"ListItem\",\"position\":2,\"name\":\"Tienda\",\"item\":\"https:\/\/hannacosmetica.com\/shop\/\"},{\"@type\":\"ListItem\",\"position\":3,\"name\":\"Exfoliante natural Cereza y C\u00e1scara de Nuez Fuerte Pure Cosmetics 250ml\"}]},{\"@type\":\"WebSite\",\"@id\":\"https:\/\/hannacosmetica.com\/#website\",\"url\":\"https:\/\/hannacosmetica.com\/\",\"name\":\"Hanna Cosm\u00e9tica\",\"description\":\"Tienda de productos u\u00f1as, bellezas y peluquer\u00edas\",\"publisher\":{\"@id\":\"https:\/\/hannacosmetica.com\/#organization\"},\"potentialAction\":[{\"@type\":\"SearchAction\",\"target\":{\"@type\":\"EntryPoint\",\"urlTemplate\":\"https:\/\/hannacosmetica.com\/?s={search_term_string}\"},\"query-input\":\"required name=search_term_string\"}],\"inLanguage\":\"fr-FR\"},{\"@type\":\"Organization\",\"@id\":\"https:\/\/hannacosmetica.com\/#organization\",\"name\":\"Hanna Cosm\u00e9tica\",\"url\":\"https:\/\/hannacosmetica.com\/\",\"logo\":{\"@type\":\"ImageObject\",\"inLanguage\":\"fr-FR\",\"@id\":\"https:\/\/hannacosmetica.com\/#\/schema\/logo\/image\/\",\"url\":\"https:\/\/hannacosmetica.com\/wp-content\/uploads\/2022\/07\/Logo-Joyeria-Femenino-Floral-Negro.png\",\"contentUrl\":\"https:\/\/hannacosmetica.com\/wp-content\/uploads\/2022\/07\/Logo-Joyeria-Femenino-Floral-Negro.png\",\"width\":361,\"height\":126,\"caption\":\"Hanna Cosm\u00e9tica\"},\"image\":{\"@id\":\"https:\/\/hannacosmetica.com\/#\/schema\/logo\/image\/\"}}]}<\/script>\n<!-- \/ Yoast SEO plugin. -->","yoast_head_json":{"title":"Exfoliante natural Cereza y C\u00e1scara de Nuez Fuerte Pure Cosmetics 250ml - Hanna Cosm\u00e9tica","robots":{"index":"index","follow":"follow","max-snippet":"max-snippet:-1","max-image-preview":"max-image-preview:large","max-video-preview":"max-video-preview:-1"},"canonical":"https:\/\/hannacosmetica.com\/fr\/tienda\/estetica\/complementos-estetica\/exfoliante-natural-cereza-y-cascara-de-nuez-fuerte-pure-cosmetics-250ml\/","og_locale":"fr_FR","og_type":"article","og_title":"Exfoliante natural Cereza y C\u00e1scara de Nuez Fuerte Pure Cosmetics 250ml - Hanna Cosm\u00e9tica","og_description":"M\u00b7O\u00b7I Profesional ha desarrollado una nueva f\u00f3rmula del exfoliante\/scrub de cereza y c\u00e1scara de nuez finamente molida. Nivel 03-Fuerte. Limpieza profunda eliminando&hellip;","og_url":"https:\/\/hannacosmetica.com\/fr\/tienda\/estetica\/complementos-estetica\/exfoliante-natural-cereza-y-cascara-de-nuez-fuerte-pure-cosmetics-250ml\/","og_site_name":"Hanna Cosm\u00e9tica","article_modified_time":"2023-10-26T12:30:51+00:00","og_image":[{"width":956,"height":999,"url":"https:\/\/hannacosmetica.com\/wp-content\/uploads\/2022\/09\/crema_facial_AC_antiarrigas_colageno_liposomas_60ml_sesiomworld_ml-5.png","type":"image\/png"}],"twitter_card":"summary_large_image","schema":{"@context":"https:\/\/schema.org","@graph":[{"@type":"WebPage","@id":"https:\/\/hannacosmetica.com\/tienda\/estetica\/complementos-estetica\/exfoliante-natural-cereza-y-cascara-de-nuez-fuerte-pure-cosmetics-250ml\/","url":"https:\/\/hannacosmetica.com\/tienda\/estetica\/complementos-estetica\/exfoliante-natural-cereza-y-cascara-de-nuez-fuerte-pure-cosmetics-250ml\/","name":"Exfoliante natural Cereza y C\u00e1scara de Nuez Fuerte Pure Cosmetics 250ml - Hanna Cosm\u00e9tica","isPartOf":{"@id":"https:\/\/hannacosmetica.com\/#website"},"datePublished":"2022-09-08T13:11:01+00:00","dateModified":"2023-10-26T12:30:51+00:00","breadcrumb":{"@id":"https:\/\/hannacosmetica.com\/tienda\/estetica\/complementos-estetica\/exfoliante-natural-cereza-y-cascara-de-nuez-fuerte-pure-cosmetics-250ml\/#breadcrumb"},"inLanguage":"fr-FR","potentialAction":[{"@type":"ReadAction","target":["https:\/\/hannacosmetica.com\/tienda\/estetica\/complementos-estetica\/exfoliante-natural-cereza-y-cascara-de-nuez-fuerte-pure-cosmetics-250ml\/"]}]},{"@type":"BreadcrumbList","@id":"https:\/\/hannacosmetica.com\/tienda\/estetica\/complementos-estetica\/exfoliante-natural-cereza-y-cascara-de-nuez-fuerte-pure-cosmetics-250ml\/#breadcrumb","itemListElement":[{"@type":"ListItem","position":1,"name":"Portada","item":"https:\/\/hannacosmetica.com\/"},{"@type":"ListItem","position":2,"name":"Tienda","item":"https:\/\/hannacosmetica.com\/shop\/"},{"@type":"ListItem","position":3,"name":"Exfoliante natural Cereza y C\u00e1scara de Nuez Fuerte Pure Cosmetics 250ml"}]},{"@type":"WebSite","@id":"https:\/\/hannacosmetica.com\/#website","url":"https:\/\/hannacosmetica.com\/","name":"Hanna Cosm\u00e9tica","description":"Tienda de productos u\u00f1as, bellezas y peluquer\u00edas","publisher":{"@id":"https:\/\/hannacosmetica.com\/#organization"},"potentialAction":[{"@type":"SearchAction","target":{"@type":"EntryPoint","urlTemplate":"https:\/\/hannacosmetica.com\/?s={search_term_string}"},"query-input":"required name=search_term_string"}],"inLanguage":"fr-FR"},{"@type":"Organization","@id":"https:\/\/hannacosmetica.com\/#organization","name":"Hanna Cosm\u00e9tica","url":"https:\/\/hannacosmetica.com\/","logo":{"@type":"ImageObject","inLanguage":"fr-FR","@id":"https:\/\/hannacosmetica.com\/#\/schema\/logo\/image\/","url":"https:\/\/hannacosmetica.com\/wp-content\/uploads\/2022\/07\/Logo-Joyeria-Femenino-Floral-Negro.png","contentUrl":"https:\/\/hannacosmetica.com\/wp-content\/uploads\/2022\/07\/Logo-Joyeria-Femenino-Floral-Negro.png","width":361,"height":126,"caption":"Hanna Cosm\u00e9tica"},"image":{"@id":"https:\/\/hannacosmetica.com\/#\/schema\/logo\/image\/"}}]}},"_links":{"self":[{"href":"https:\/\/hannacosmetica.com\/fr\/wp-json\/wp\/v2\/product\/5216"}],"collection":[{"href":"https:\/\/hannacosmetica.com\/fr\/wp-json\/wp\/v2\/product"}],"about":[{"href":"https:\/\/hannacosmetica.com\/fr\/wp-json\/wp\/v2\/types\/product"}],"replies":[{"embeddable":true,"href":"https:\/\/hannacosmetica.com\/fr\/wp-json\/wp\/v2\/comments?post=5216"}],"version-history":[{"count":1,"href":"https:\/\/hannacosmetica.com\/fr\/wp-json\/wp\/v2\/product\/5216\/revisions"}],"predecessor-version":[{"id":5218,"href":"https:\/\/hannacosmetica.com\/fr\/wp-json\/wp\/v2\/product\/5216\/revisions\/5218"}],"wp:featuredmedia":[{"embeddable":true,"href":"https:\/\/hannacosmetica.com\/fr\/wp-json\/wp\/v2\/media\/5217"}],"wp:attachment":[{"href":"https:\/\/hannacosmetica.com\/fr\/wp-json\/wp\/v2\/media?parent=5216"}],"wp:term":[{"taxonomy":"product_cat","embeddable":true,"href":"https:\/\/hannacosmetica.com\/fr\/wp-json\/wp\/v2\/product_cat?post=5216"},{"taxonomy":"product_tag","embeddable":true,"href":"https:\/\/hannacosmetica.com\/fr\/wp-json\/wp\/v2\/product_tag?post=5216"}],"curies":[{"name":"wp","href":"https:\/\/api.w.org\/{rel}","templated":true}]}}