{"id":5204,"date":"2022-09-08T13:04:08","date_gmt":"2022-09-08T13:04:08","guid":{"rendered":"https:\/\/hannacosmetica.com\/?post_type=product&#038;p=5204"},"modified":"2023-12-21T15:29:05","modified_gmt":"2023-12-21T15:29:05","slug":"crema-facial-ha-hidratante-con-azuleno-y-ac-hialuronico-pieles-sensibles-spf10-200ml","status":"publish","type":"product","link":"https:\/\/hannacosmetica.com\/fr\/tienda\/estetica\/tonicos-y-cremas\/crema-facial-ha-hidratante-con-azuleno-y-ac-hialuronico-pieles-sensibles-spf10-200ml\/","title":{"rendered":"Crema facial HA hidratante con azuleno y ac. hialur\u00f3nico pieles sensibles SPF10 2"},"content":{"rendered":"<p>Descongestiva, con factor de protecci\u00f3n solar 10.<\/p>\n<p>Suave crema de d\u00eda y de gran poder de hidrataci\u00f3n por su contenido en \u00e1cido hialur\u00f3nico. Asimismo, por su contenido en azuleno y filtro de protecci\u00f3n solar es recomendada hasta para las pieles m\u00e1s sensibles. Se emplea antes del maquillaje para embellecer y proteger la epidermis.<\/p>\n<p>Utilizarla todos los d\u00edas por medio de un ligero masaje circular con la yema de los dedos hasta la completa absorci\u00f3n del producto.<\/p>\n<p>HIPOALERG\u00c9NICA: Formulada para minimizar los riesgos de alergias.<\/p>\n<p>FREE<\/p>\n<p>0% Parabenos<\/p>\n<p><em>Composici\u00f3n: Aqua, Aloe Barbadensis Leaf Juice, Paraffinum Liquidum, Propylene Glycol, Cetearyl Alcohol, Glyceryl Stearate SE, Oleyl Alcohol, Cyclopentasiloxane, Ethylhexyl Methoxycinnamate, Paraffin, Sorbitol, Glycerin, Ceteareth-33, PEG-40 Hydrogenated Castor Oil, Phenoxyethanol, Benzyl Alcohol, Sodium Stearoyl Glutamate, Methyl Glucose Sesquistearate, Dimethicone, Disodium EDTA, Copernicia Cerifera Cera, Acrylates\/C10-30 Alkyl Acrylate Crosspolymer, Glucose, Sodium PCA, Parfum, Urea, Bisabolol, Ethylhexylglycerin, Dehydroacetic Acid, Potassium Hydroxide, Calendula Officinalis Flower Extract, Synthetic Wax, BHT, Lactic Acid, Lysine, Glutamic Acid, Glycine, Allantoin, Farnesol, Potassium Sorbate, Sodium Benzoate, Limonene, Linalool, Butylphenyl Methylpropional, Alpha Isomethyl Ionone, Hexylcinnamal, PEG-35 Castor Oil, Geraniol, Azulene, CI 42090.<\/em><\/p>","protected":false},"excerpt":{"rendered":"<p>Descongestiva, con factor de protecci\u00f3n solar 10. Suave crema de d\u00eda y de gran poder de hidrataci\u00f3n por su contenido en \u00e1cido&hellip;<\/p>","protected":false},"featured_media":5205,"comment_status":"open","ping_status":"closed","template":"","meta":[],"product_cat":[84,114,115],"product_tag":[],"yoast_head":"<!-- This site is optimized with the Yoast SEO plugin v19.9 - https:\/\/yoast.com\/wordpress\/plugins\/seo\/ -->\n<title>Crema facial HA hidratante con azuleno y ac. hialur\u00f3nico pieles sensibles SPF10 2 - Hanna Cosm\u00e9tica<\/title>\n<meta name=\"robots\" content=\"index, follow, max-snippet:-1, max-image-preview:large, max-video-preview:-1\" \/>\n<link rel=\"canonical\" href=\"https:\/\/hannacosmetica.com\/fr\/tienda\/estetica\/tonicos-y-cremas\/crema-facial-ha-hidratante-con-azuleno-y-ac-hialuronico-pieles-sensibles-spf10-200ml\/\" \/>\n<meta property=\"og:locale\" content=\"fr_FR\" \/>\n<meta property=\"og:type\" content=\"article\" \/>\n<meta property=\"og:title\" content=\"Crema facial HA hidratante con azuleno y ac. hialur\u00f3nico pieles sensibles SPF10 2 - Hanna Cosm\u00e9tica\" \/>\n<meta property=\"og:description\" content=\"Descongestiva, con factor de protecci\u00f3n solar 10. Suave crema de d\u00eda y de gran poder de hidrataci\u00f3n por su contenido en \u00e1cido&hellip;\" \/>\n<meta property=\"og:url\" content=\"https:\/\/hannacosmetica.com\/fr\/tienda\/estetica\/tonicos-y-cremas\/crema-facial-ha-hidratante-con-azuleno-y-ac-hialuronico-pieles-sensibles-spf10-200ml\/\" \/>\n<meta property=\"og:site_name\" content=\"Hanna Cosm\u00e9tica\" \/>\n<meta property=\"article:modified_time\" content=\"2023-12-21T15:29:05+00:00\" \/>\n<meta property=\"og:image\" content=\"https:\/\/hannacosmetica.com\/wp-content\/uploads\/2022\/09\/crema_facial_AC_antiarrigas_colageno_liposomas_60ml_sesiomworld_ml-1.png\" \/>\n\t<meta property=\"og:image:width\" content=\"1000\" \/>\n\t<meta property=\"og:image:height\" content=\"1000\" \/>\n\t<meta property=\"og:image:type\" content=\"image\/png\" \/>\n<meta name=\"twitter:card\" content=\"summary_large_image\" \/>\n<script type=\"application\/ld+json\" class=\"yoast-schema-graph\">{\"@context\":\"https:\/\/schema.org\",\"@graph\":[{\"@type\":\"WebPage\",\"@id\":\"https:\/\/hannacosmetica.com\/tienda\/estetica\/tonicos-y-cremas\/crema-facial-ha-hidratante-con-azuleno-y-ac-hialuronico-pieles-sensibles-spf10-200ml\/\",\"url\":\"https:\/\/hannacosmetica.com\/tienda\/estetica\/tonicos-y-cremas\/crema-facial-ha-hidratante-con-azuleno-y-ac-hialuronico-pieles-sensibles-spf10-200ml\/\",\"name\":\"Crema facial HA hidratante con azuleno y ac. hialur\u00f3nico pieles sensibles SPF10 2 - Hanna Cosm\u00e9tica\",\"isPartOf\":{\"@id\":\"https:\/\/hannacosmetica.com\/#website\"},\"datePublished\":\"2022-09-08T13:04:08+00:00\",\"dateModified\":\"2023-12-21T15:29:05+00:00\",\"breadcrumb\":{\"@id\":\"https:\/\/hannacosmetica.com\/tienda\/estetica\/tonicos-y-cremas\/crema-facial-ha-hidratante-con-azuleno-y-ac-hialuronico-pieles-sensibles-spf10-200ml\/#breadcrumb\"},\"inLanguage\":\"fr-FR\",\"potentialAction\":[{\"@type\":\"ReadAction\",\"target\":[\"https:\/\/hannacosmetica.com\/tienda\/estetica\/tonicos-y-cremas\/crema-facial-ha-hidratante-con-azuleno-y-ac-hialuronico-pieles-sensibles-spf10-200ml\/\"]}]},{\"@type\":\"BreadcrumbList\",\"@id\":\"https:\/\/hannacosmetica.com\/tienda\/estetica\/tonicos-y-cremas\/crema-facial-ha-hidratante-con-azuleno-y-ac-hialuronico-pieles-sensibles-spf10-200ml\/#breadcrumb\",\"itemListElement\":[{\"@type\":\"ListItem\",\"position\":1,\"name\":\"Portada\",\"item\":\"https:\/\/hannacosmetica.com\/\"},{\"@type\":\"ListItem\",\"position\":2,\"name\":\"Tienda\",\"item\":\"https:\/\/hannacosmetica.com\/shop\/\"},{\"@type\":\"ListItem\",\"position\":3,\"name\":\"Crema facial HA hidratante con azuleno y ac. hialur\u00f3nico pieles sensibles SPF10 2\"}]},{\"@type\":\"WebSite\",\"@id\":\"https:\/\/hannacosmetica.com\/#website\",\"url\":\"https:\/\/hannacosmetica.com\/\",\"name\":\"Hanna Cosm\u00e9tica\",\"description\":\"Tienda de productos u\u00f1as, bellezas y peluquer\u00edas\",\"publisher\":{\"@id\":\"https:\/\/hannacosmetica.com\/#organization\"},\"potentialAction\":[{\"@type\":\"SearchAction\",\"target\":{\"@type\":\"EntryPoint\",\"urlTemplate\":\"https:\/\/hannacosmetica.com\/?s={search_term_string}\"},\"query-input\":\"required name=search_term_string\"}],\"inLanguage\":\"fr-FR\"},{\"@type\":\"Organization\",\"@id\":\"https:\/\/hannacosmetica.com\/#organization\",\"name\":\"Hanna Cosm\u00e9tica\",\"url\":\"https:\/\/hannacosmetica.com\/\",\"logo\":{\"@type\":\"ImageObject\",\"inLanguage\":\"fr-FR\",\"@id\":\"https:\/\/hannacosmetica.com\/#\/schema\/logo\/image\/\",\"url\":\"https:\/\/hannacosmetica.com\/wp-content\/uploads\/2022\/07\/Logo-Joyeria-Femenino-Floral-Negro.png\",\"contentUrl\":\"https:\/\/hannacosmetica.com\/wp-content\/uploads\/2022\/07\/Logo-Joyeria-Femenino-Floral-Negro.png\",\"width\":361,\"height\":126,\"caption\":\"Hanna Cosm\u00e9tica\"},\"image\":{\"@id\":\"https:\/\/hannacosmetica.com\/#\/schema\/logo\/image\/\"}}]}<\/script>\n<!-- \/ Yoast SEO plugin. -->","yoast_head_json":{"title":"Crema facial HA hidratante con azuleno y ac. hialur\u00f3nico pieles sensibles SPF10 2 - Hanna Cosm\u00e9tica","robots":{"index":"index","follow":"follow","max-snippet":"max-snippet:-1","max-image-preview":"max-image-preview:large","max-video-preview":"max-video-preview:-1"},"canonical":"https:\/\/hannacosmetica.com\/fr\/tienda\/estetica\/tonicos-y-cremas\/crema-facial-ha-hidratante-con-azuleno-y-ac-hialuronico-pieles-sensibles-spf10-200ml\/","og_locale":"fr_FR","og_type":"article","og_title":"Crema facial HA hidratante con azuleno y ac. hialur\u00f3nico pieles sensibles SPF10 2 - Hanna Cosm\u00e9tica","og_description":"Descongestiva, con factor de protecci\u00f3n solar 10. Suave crema de d\u00eda y de gran poder de hidrataci\u00f3n por su contenido en \u00e1cido&hellip;","og_url":"https:\/\/hannacosmetica.com\/fr\/tienda\/estetica\/tonicos-y-cremas\/crema-facial-ha-hidratante-con-azuleno-y-ac-hialuronico-pieles-sensibles-spf10-200ml\/","og_site_name":"Hanna Cosm\u00e9tica","article_modified_time":"2023-12-21T15:29:05+00:00","og_image":[{"width":1000,"height":1000,"url":"https:\/\/hannacosmetica.com\/wp-content\/uploads\/2022\/09\/crema_facial_AC_antiarrigas_colageno_liposomas_60ml_sesiomworld_ml-1.png","type":"image\/png"}],"twitter_card":"summary_large_image","schema":{"@context":"https:\/\/schema.org","@graph":[{"@type":"WebPage","@id":"https:\/\/hannacosmetica.com\/tienda\/estetica\/tonicos-y-cremas\/crema-facial-ha-hidratante-con-azuleno-y-ac-hialuronico-pieles-sensibles-spf10-200ml\/","url":"https:\/\/hannacosmetica.com\/tienda\/estetica\/tonicos-y-cremas\/crema-facial-ha-hidratante-con-azuleno-y-ac-hialuronico-pieles-sensibles-spf10-200ml\/","name":"Crema facial HA hidratante con azuleno y ac. hialur\u00f3nico pieles sensibles SPF10 2 - Hanna Cosm\u00e9tica","isPartOf":{"@id":"https:\/\/hannacosmetica.com\/#website"},"datePublished":"2022-09-08T13:04:08+00:00","dateModified":"2023-12-21T15:29:05+00:00","breadcrumb":{"@id":"https:\/\/hannacosmetica.com\/tienda\/estetica\/tonicos-y-cremas\/crema-facial-ha-hidratante-con-azuleno-y-ac-hialuronico-pieles-sensibles-spf10-200ml\/#breadcrumb"},"inLanguage":"fr-FR","potentialAction":[{"@type":"ReadAction","target":["https:\/\/hannacosmetica.com\/tienda\/estetica\/tonicos-y-cremas\/crema-facial-ha-hidratante-con-azuleno-y-ac-hialuronico-pieles-sensibles-spf10-200ml\/"]}]},{"@type":"BreadcrumbList","@id":"https:\/\/hannacosmetica.com\/tienda\/estetica\/tonicos-y-cremas\/crema-facial-ha-hidratante-con-azuleno-y-ac-hialuronico-pieles-sensibles-spf10-200ml\/#breadcrumb","itemListElement":[{"@type":"ListItem","position":1,"name":"Portada","item":"https:\/\/hannacosmetica.com\/"},{"@type":"ListItem","position":2,"name":"Tienda","item":"https:\/\/hannacosmetica.com\/shop\/"},{"@type":"ListItem","position":3,"name":"Crema facial HA hidratante con azuleno y ac. hialur\u00f3nico pieles sensibles SPF10 2"}]},{"@type":"WebSite","@id":"https:\/\/hannacosmetica.com\/#website","url":"https:\/\/hannacosmetica.com\/","name":"Hanna Cosm\u00e9tica","description":"Tienda de productos u\u00f1as, bellezas y peluquer\u00edas","publisher":{"@id":"https:\/\/hannacosmetica.com\/#organization"},"potentialAction":[{"@type":"SearchAction","target":{"@type":"EntryPoint","urlTemplate":"https:\/\/hannacosmetica.com\/?s={search_term_string}"},"query-input":"required name=search_term_string"}],"inLanguage":"fr-FR"},{"@type":"Organization","@id":"https:\/\/hannacosmetica.com\/#organization","name":"Hanna Cosm\u00e9tica","url":"https:\/\/hannacosmetica.com\/","logo":{"@type":"ImageObject","inLanguage":"fr-FR","@id":"https:\/\/hannacosmetica.com\/#\/schema\/logo\/image\/","url":"https:\/\/hannacosmetica.com\/wp-content\/uploads\/2022\/07\/Logo-Joyeria-Femenino-Floral-Negro.png","contentUrl":"https:\/\/hannacosmetica.com\/wp-content\/uploads\/2022\/07\/Logo-Joyeria-Femenino-Floral-Negro.png","width":361,"height":126,"caption":"Hanna Cosm\u00e9tica"},"image":{"@id":"https:\/\/hannacosmetica.com\/#\/schema\/logo\/image\/"}}]}},"_links":{"self":[{"href":"https:\/\/hannacosmetica.com\/fr\/wp-json\/wp\/v2\/product\/5204"}],"collection":[{"href":"https:\/\/hannacosmetica.com\/fr\/wp-json\/wp\/v2\/product"}],"about":[{"href":"https:\/\/hannacosmetica.com\/fr\/wp-json\/wp\/v2\/types\/product"}],"replies":[{"embeddable":true,"href":"https:\/\/hannacosmetica.com\/fr\/wp-json\/wp\/v2\/comments?post=5204"}],"version-history":[{"count":2,"href":"https:\/\/hannacosmetica.com\/fr\/wp-json\/wp\/v2\/product\/5204\/revisions"}],"predecessor-version":[{"id":15378,"href":"https:\/\/hannacosmetica.com\/fr\/wp-json\/wp\/v2\/product\/5204\/revisions\/15378"}],"wp:featuredmedia":[{"embeddable":true,"href":"https:\/\/hannacosmetica.com\/fr\/wp-json\/wp\/v2\/media\/5205"}],"wp:attachment":[{"href":"https:\/\/hannacosmetica.com\/fr\/wp-json\/wp\/v2\/media?parent=5204"}],"wp:term":[{"taxonomy":"product_cat","embeddable":true,"href":"https:\/\/hannacosmetica.com\/fr\/wp-json\/wp\/v2\/product_cat?post=5204"},{"taxonomy":"product_tag","embeddable":true,"href":"https:\/\/hannacosmetica.com\/fr\/wp-json\/wp\/v2\/product_tag?post=5204"}],"curies":[{"name":"wp","href":"https:\/\/api.w.org\/{rel}","templated":true}]}}