{"id":5201,"date":"2022-09-08T13:02:38","date_gmt":"2022-09-08T13:02:38","guid":{"rendered":"https:\/\/hannacosmetica.com\/?post_type=product&#038;p=5201"},"modified":"2023-10-26T12:34:38","modified_gmt":"2023-10-26T12:34:38","slug":"crema-facial-ac-antiarrugas-con-liposomas-de-colageno-60ml","status":"publish","type":"product","link":"https:\/\/hannacosmetica.com\/fr\/tienda\/estetica\/tonicos-y-cremas\/crema-facial-ac-antiarrugas-con-liposomas-de-colageno-60ml\/","title":{"rendered":"Crema facial AC Antiarrugas con Liposomas de Col\u00e1geno 60ml"},"content":{"rendered":"<p>Crema regeneradora para todo tipo de cutis con\u00a0<strong>liposomas de col\u00e1geno<\/strong>.<\/p>\n<p>Crema facial de f\u00e1cil penetraci\u00f3n, r\u00e1pida absorci\u00f3n y gran e\ufb01cacia para el tratamiento antarrugas, disminuyendo las existentes a la vez que previene y retrasa la aparici\u00f3n de otras nuevas.<\/p>\n<p>Ayuda a reconstruir la membrana hidrolip\u00eddica, otorg\u00e1ndole mayor elastcidad y \ufb02exibilidad.<\/p>\n<p>Modo de empleo: Aplicar una peque\u00f1a cantdad, preferiblemente por la noche, ejerciendo un suave masaje circular con la yema de los dedos hasta la completa absorci\u00f3n del producto. Un uso habitual proporciona una piel m\u00e1s el\u00e1stca, joven y \ufb01rme.<\/p>\n<p>FREE \u2013 0% PARABENOS<\/p>\n<p><em>Composici\u00f3n: Aqua, Para\ufb03num Liquidum, Cetyl Alcohol, Glyceryl Stearate SE, Oleyl Alcohol, Para\ufb03n, Sodium Stearoyl Glutamate, Methyl Glucose Sesquistearate, Phenoxyethanol, Benzyl Alcohol, Propylene Glycol, Parfum, Dimethicone, Helianthus Annuus Seed Oil, Disodium EDTA, Xanthan Gum, Hydrolyzed Collagen, Copernicia Cerifera Cera, Acrylates\/C10-30 Alkyl Acrylate Crosspolymer, Panax Ginseng Root Extract, Collagen, Sodium Lactate, Urea, Collagen Amino Acids, Mannitol, Ethylhexylglycerin, Hydrolized Elastn, Glycine, Lactc Acid, Dehydroacetc Acid, Potassium Hydroxide, Synthetc Wax, BHT, Butylphenyl Methylpropional, Sorbic Acid, Daucus Carota Satva Seed Oil, Beta-Carotene, Ascorbyl Palmitate, Daucus Carota Satva Root Extract, Linalool, Sodium Benzoate, Potassium Sorbate, Limonene, Alpha Isomethyl Ionone, Coumarin, Anise Alcohol<\/em><\/p>","protected":false},"excerpt":{"rendered":"<p>Crema regeneradora para todo tipo de cutis con\u00a0liposomas de col\u00e1geno. Crema facial de f\u00e1cil penetraci\u00f3n, r\u00e1pida absorci\u00f3n y gran e\ufb01cacia para el&hellip;<\/p>","protected":false},"featured_media":5202,"comment_status":"open","ping_status":"closed","template":"","meta":[],"product_cat":[84,114,115],"product_tag":[],"yoast_head":"<!-- This site is optimized with the Yoast SEO plugin v19.9 - https:\/\/yoast.com\/wordpress\/plugins\/seo\/ -->\n<title>Crema facial AC Antiarrugas con Liposomas de Col\u00e1geno 60ml - Hanna Cosm\u00e9tica<\/title>\n<meta name=\"robots\" content=\"index, follow, max-snippet:-1, max-image-preview:large, max-video-preview:-1\" \/>\n<link rel=\"canonical\" href=\"https:\/\/hannacosmetica.com\/fr\/tienda\/estetica\/tonicos-y-cremas\/crema-facial-ac-antiarrugas-con-liposomas-de-colageno-60ml\/\" \/>\n<meta property=\"og:locale\" content=\"fr_FR\" \/>\n<meta property=\"og:type\" content=\"article\" \/>\n<meta property=\"og:title\" content=\"Crema facial AC Antiarrugas con Liposomas de Col\u00e1geno 60ml - Hanna Cosm\u00e9tica\" \/>\n<meta property=\"og:description\" content=\"Crema regeneradora para todo tipo de cutis con\u00a0liposomas de col\u00e1geno. Crema facial de f\u00e1cil penetraci\u00f3n, r\u00e1pida absorci\u00f3n y gran e\ufb01cacia para el&hellip;\" \/>\n<meta property=\"og:url\" content=\"https:\/\/hannacosmetica.com\/fr\/tienda\/estetica\/tonicos-y-cremas\/crema-facial-ac-antiarrugas-con-liposomas-de-colageno-60ml\/\" \/>\n<meta property=\"og:site_name\" content=\"Hanna Cosm\u00e9tica\" \/>\n<meta property=\"article:modified_time\" content=\"2023-10-26T12:34:38+00:00\" \/>\n<meta property=\"og:image\" content=\"https:\/\/hannacosmetica.com\/wp-content\/uploads\/2022\/09\/crema_facial_AC_antiarrigas_colageno_liposomas_60ml_sesiomworld_ml.png\" \/>\n\t<meta property=\"og:image:width\" content=\"956\" \/>\n\t<meta property=\"og:image:height\" content=\"999\" \/>\n\t<meta property=\"og:image:type\" content=\"image\/png\" \/>\n<meta name=\"twitter:card\" content=\"summary_large_image\" \/>\n<script type=\"application\/ld+json\" class=\"yoast-schema-graph\">{\"@context\":\"https:\/\/schema.org\",\"@graph\":[{\"@type\":\"WebPage\",\"@id\":\"https:\/\/hannacosmetica.com\/tienda\/estetica\/tonicos-y-cremas\/crema-facial-ac-antiarrugas-con-liposomas-de-colageno-60ml\/\",\"url\":\"https:\/\/hannacosmetica.com\/tienda\/estetica\/tonicos-y-cremas\/crema-facial-ac-antiarrugas-con-liposomas-de-colageno-60ml\/\",\"name\":\"Crema facial AC Antiarrugas con Liposomas de Col\u00e1geno 60ml - Hanna Cosm\u00e9tica\",\"isPartOf\":{\"@id\":\"https:\/\/hannacosmetica.com\/#website\"},\"datePublished\":\"2022-09-08T13:02:38+00:00\",\"dateModified\":\"2023-10-26T12:34:38+00:00\",\"breadcrumb\":{\"@id\":\"https:\/\/hannacosmetica.com\/tienda\/estetica\/tonicos-y-cremas\/crema-facial-ac-antiarrugas-con-liposomas-de-colageno-60ml\/#breadcrumb\"},\"inLanguage\":\"fr-FR\",\"potentialAction\":[{\"@type\":\"ReadAction\",\"target\":[\"https:\/\/hannacosmetica.com\/tienda\/estetica\/tonicos-y-cremas\/crema-facial-ac-antiarrugas-con-liposomas-de-colageno-60ml\/\"]}]},{\"@type\":\"BreadcrumbList\",\"@id\":\"https:\/\/hannacosmetica.com\/tienda\/estetica\/tonicos-y-cremas\/crema-facial-ac-antiarrugas-con-liposomas-de-colageno-60ml\/#breadcrumb\",\"itemListElement\":[{\"@type\":\"ListItem\",\"position\":1,\"name\":\"Portada\",\"item\":\"https:\/\/hannacosmetica.com\/\"},{\"@type\":\"ListItem\",\"position\":2,\"name\":\"Tienda\",\"item\":\"https:\/\/hannacosmetica.com\/shop\/\"},{\"@type\":\"ListItem\",\"position\":3,\"name\":\"Crema facial AC Antiarrugas con Liposomas de Col\u00e1geno 60ml\"}]},{\"@type\":\"WebSite\",\"@id\":\"https:\/\/hannacosmetica.com\/#website\",\"url\":\"https:\/\/hannacosmetica.com\/\",\"name\":\"Hanna Cosm\u00e9tica\",\"description\":\"Tienda de productos u\u00f1as, bellezas y peluquer\u00edas\",\"publisher\":{\"@id\":\"https:\/\/hannacosmetica.com\/#organization\"},\"potentialAction\":[{\"@type\":\"SearchAction\",\"target\":{\"@type\":\"EntryPoint\",\"urlTemplate\":\"https:\/\/hannacosmetica.com\/?s={search_term_string}\"},\"query-input\":\"required name=search_term_string\"}],\"inLanguage\":\"fr-FR\"},{\"@type\":\"Organization\",\"@id\":\"https:\/\/hannacosmetica.com\/#organization\",\"name\":\"Hanna Cosm\u00e9tica\",\"url\":\"https:\/\/hannacosmetica.com\/\",\"logo\":{\"@type\":\"ImageObject\",\"inLanguage\":\"fr-FR\",\"@id\":\"https:\/\/hannacosmetica.com\/#\/schema\/logo\/image\/\",\"url\":\"https:\/\/hannacosmetica.com\/wp-content\/uploads\/2022\/07\/Logo-Joyeria-Femenino-Floral-Negro.png\",\"contentUrl\":\"https:\/\/hannacosmetica.com\/wp-content\/uploads\/2022\/07\/Logo-Joyeria-Femenino-Floral-Negro.png\",\"width\":361,\"height\":126,\"caption\":\"Hanna Cosm\u00e9tica\"},\"image\":{\"@id\":\"https:\/\/hannacosmetica.com\/#\/schema\/logo\/image\/\"}}]}<\/script>\n<!-- \/ Yoast SEO plugin. -->","yoast_head_json":{"title":"Crema facial AC Antiarrugas con Liposomas de Col\u00e1geno 60ml - Hanna Cosm\u00e9tica","robots":{"index":"index","follow":"follow","max-snippet":"max-snippet:-1","max-image-preview":"max-image-preview:large","max-video-preview":"max-video-preview:-1"},"canonical":"https:\/\/hannacosmetica.com\/fr\/tienda\/estetica\/tonicos-y-cremas\/crema-facial-ac-antiarrugas-con-liposomas-de-colageno-60ml\/","og_locale":"fr_FR","og_type":"article","og_title":"Crema facial AC Antiarrugas con Liposomas de Col\u00e1geno 60ml - Hanna Cosm\u00e9tica","og_description":"Crema regeneradora para todo tipo de cutis con\u00a0liposomas de col\u00e1geno. Crema facial de f\u00e1cil penetraci\u00f3n, r\u00e1pida absorci\u00f3n y gran e\ufb01cacia para el&hellip;","og_url":"https:\/\/hannacosmetica.com\/fr\/tienda\/estetica\/tonicos-y-cremas\/crema-facial-ac-antiarrugas-con-liposomas-de-colageno-60ml\/","og_site_name":"Hanna Cosm\u00e9tica","article_modified_time":"2023-10-26T12:34:38+00:00","og_image":[{"width":956,"height":999,"url":"https:\/\/hannacosmetica.com\/wp-content\/uploads\/2022\/09\/crema_facial_AC_antiarrigas_colageno_liposomas_60ml_sesiomworld_ml.png","type":"image\/png"}],"twitter_card":"summary_large_image","schema":{"@context":"https:\/\/schema.org","@graph":[{"@type":"WebPage","@id":"https:\/\/hannacosmetica.com\/tienda\/estetica\/tonicos-y-cremas\/crema-facial-ac-antiarrugas-con-liposomas-de-colageno-60ml\/","url":"https:\/\/hannacosmetica.com\/tienda\/estetica\/tonicos-y-cremas\/crema-facial-ac-antiarrugas-con-liposomas-de-colageno-60ml\/","name":"Crema facial AC Antiarrugas con Liposomas de Col\u00e1geno 60ml - Hanna Cosm\u00e9tica","isPartOf":{"@id":"https:\/\/hannacosmetica.com\/#website"},"datePublished":"2022-09-08T13:02:38+00:00","dateModified":"2023-10-26T12:34:38+00:00","breadcrumb":{"@id":"https:\/\/hannacosmetica.com\/tienda\/estetica\/tonicos-y-cremas\/crema-facial-ac-antiarrugas-con-liposomas-de-colageno-60ml\/#breadcrumb"},"inLanguage":"fr-FR","potentialAction":[{"@type":"ReadAction","target":["https:\/\/hannacosmetica.com\/tienda\/estetica\/tonicos-y-cremas\/crema-facial-ac-antiarrugas-con-liposomas-de-colageno-60ml\/"]}]},{"@type":"BreadcrumbList","@id":"https:\/\/hannacosmetica.com\/tienda\/estetica\/tonicos-y-cremas\/crema-facial-ac-antiarrugas-con-liposomas-de-colageno-60ml\/#breadcrumb","itemListElement":[{"@type":"ListItem","position":1,"name":"Portada","item":"https:\/\/hannacosmetica.com\/"},{"@type":"ListItem","position":2,"name":"Tienda","item":"https:\/\/hannacosmetica.com\/shop\/"},{"@type":"ListItem","position":3,"name":"Crema facial AC Antiarrugas con Liposomas de Col\u00e1geno 60ml"}]},{"@type":"WebSite","@id":"https:\/\/hannacosmetica.com\/#website","url":"https:\/\/hannacosmetica.com\/","name":"Hanna Cosm\u00e9tica","description":"Tienda de productos u\u00f1as, bellezas y peluquer\u00edas","publisher":{"@id":"https:\/\/hannacosmetica.com\/#organization"},"potentialAction":[{"@type":"SearchAction","target":{"@type":"EntryPoint","urlTemplate":"https:\/\/hannacosmetica.com\/?s={search_term_string}"},"query-input":"required name=search_term_string"}],"inLanguage":"fr-FR"},{"@type":"Organization","@id":"https:\/\/hannacosmetica.com\/#organization","name":"Hanna Cosm\u00e9tica","url":"https:\/\/hannacosmetica.com\/","logo":{"@type":"ImageObject","inLanguage":"fr-FR","@id":"https:\/\/hannacosmetica.com\/#\/schema\/logo\/image\/","url":"https:\/\/hannacosmetica.com\/wp-content\/uploads\/2022\/07\/Logo-Joyeria-Femenino-Floral-Negro.png","contentUrl":"https:\/\/hannacosmetica.com\/wp-content\/uploads\/2022\/07\/Logo-Joyeria-Femenino-Floral-Negro.png","width":361,"height":126,"caption":"Hanna Cosm\u00e9tica"},"image":{"@id":"https:\/\/hannacosmetica.com\/#\/schema\/logo\/image\/"}}]}},"_links":{"self":[{"href":"https:\/\/hannacosmetica.com\/fr\/wp-json\/wp\/v2\/product\/5201"}],"collection":[{"href":"https:\/\/hannacosmetica.com\/fr\/wp-json\/wp\/v2\/product"}],"about":[{"href":"https:\/\/hannacosmetica.com\/fr\/wp-json\/wp\/v2\/types\/product"}],"replies":[{"embeddable":true,"href":"https:\/\/hannacosmetica.com\/fr\/wp-json\/wp\/v2\/comments?post=5201"}],"version-history":[{"count":1,"href":"https:\/\/hannacosmetica.com\/fr\/wp-json\/wp\/v2\/product\/5201\/revisions"}],"predecessor-version":[{"id":5203,"href":"https:\/\/hannacosmetica.com\/fr\/wp-json\/wp\/v2\/product\/5201\/revisions\/5203"}],"wp:featuredmedia":[{"embeddable":true,"href":"https:\/\/hannacosmetica.com\/fr\/wp-json\/wp\/v2\/media\/5202"}],"wp:attachment":[{"href":"https:\/\/hannacosmetica.com\/fr\/wp-json\/wp\/v2\/media?parent=5201"}],"wp:term":[{"taxonomy":"product_cat","embeddable":true,"href":"https:\/\/hannacosmetica.com\/fr\/wp-json\/wp\/v2\/product_cat?post=5201"},{"taxonomy":"product_tag","embeddable":true,"href":"https:\/\/hannacosmetica.com\/fr\/wp-json\/wp\/v2\/product_tag?post=5201"}],"curies":[{"name":"wp","href":"https:\/\/api.w.org\/{rel}","templated":true}]}}