{"id":5195,"date":"2022-09-08T12:59:03","date_gmt":"2022-09-08T12:59:03","guid":{"rendered":"https:\/\/hannacosmetica.com\/?post_type=product&#038;p=5195"},"modified":"2023-10-26T12:35:11","modified_gmt":"2023-10-26T12:35:11","slug":"manicura-practica-de-la-mano-arte-de-unas-falsas-entrenamiento-ajustable-modelo-de-mano-practica-modelo-de-aprendizaje-consejos-de-reajuste","status":"publish","type":"product","link":"https:\/\/hannacosmetica.com\/fr\/tienda\/manicura\/complementos\/manicura-practica-de-la-mano-arte-de-unas-falsas-entrenamiento-ajustable-modelo-de-mano-practica-modelo-de-aprendizaje-consejos-de-reajuste\/","title":{"rendered":"Manicura Pr\u00e1ctica De La Mano Arte De U\u00f1as Falsas Entrenamiento Ajustable Modelo De Mano Pr\u00e1ctica Modelo De Aprendizaje Consejos De Reajuste"},"content":{"rendered":"<ul class=\"a-unordered-list a-vertical a-spacing-mini\">\n<li><span class=\"a-list-item\">[MATERIAL ABS]: material ABS para hacer modelos manuales, las articulaciones de los dedos se pueden torcer y doblar a voluntad<\/span><\/li>\n<li><span class=\"a-list-item\">[MOVABLE] : Los dedos de la mano son f\u00e1ciles de mover. Puede girar la mano para ajustar la posici\u00f3n durante la pr\u00e1ctica del arte de las u\u00f1as.<\/span><\/li>\n<li><span class=\"a-list-item\">[SOPORTE FLEXIBLE]: Se puede deformar y doblar a voluntad para aliviar el impacto, y la superficie est\u00e1 hecha de PA para proteger la tuber\u00eda.<\/span><\/li>\n<li><span class=\"a-list-item\">[SOPORTE FIJO]: La cola del modelo se puede fijar en la mesa, girando la tuerca de abajo para reforzar el soporte, operaci\u00f3n estable y conveniente<\/span><\/li>\n<li><span class=\"a-list-item\">[F\u00c1CIL DE INSTALAR]: simplemente coloque la u\u00f1a en la punta de sus dedos y alinee las ranuras y presione suavemente. Use u\u00f1as grandes para los pulgares y u\u00f1as peque\u00f1as para los dem\u00e1s.<\/span><\/li>\n<\/ul>\n","protected":false},"excerpt":{"rendered":"<p>[MATERIAL ABS]: material ABS para hacer modelos manuales, las articulaciones de los dedos se pueden torcer y doblar a voluntad [MOVABLE] :&hellip;<\/p>\n","protected":false},"featured_media":5196,"comment_status":"open","ping_status":"closed","template":"","meta":[],"product_cat":[82,101],"product_tag":[],"yoast_head":"<!-- This site is optimized with the Yoast SEO plugin v19.9 - https:\/\/yoast.com\/wordpress\/plugins\/seo\/ -->\n<title>Manicura Pr\u00e1ctica De La Mano Arte De U\u00f1as Falsas Entrenamiento Ajustable Modelo De Mano Pr\u00e1ctica Modelo De Aprendizaje Consejos De Reajuste - Hanna Cosm\u00e9tica<\/title>\n<meta name=\"robots\" content=\"index, follow, max-snippet:-1, max-image-preview:large, max-video-preview:-1\" \/>\n<link rel=\"canonical\" href=\"https:\/\/hannacosmetica.com\/fr\/tienda\/manicura\/complementos\/manicura-practica-de-la-mano-arte-de-unas-falsas-entrenamiento-ajustable-modelo-de-mano-practica-modelo-de-aprendizaje-consejos-de-reajuste\/\" \/>\n<meta property=\"og:locale\" content=\"fr_FR\" \/>\n<meta property=\"og:type\" content=\"article\" \/>\n<meta property=\"og:title\" content=\"Manicura Pr\u00e1ctica De La Mano Arte De U\u00f1as Falsas Entrenamiento Ajustable Modelo De Mano Pr\u00e1ctica Modelo De Aprendizaje Consejos De Reajuste - Hanna Cosm\u00e9tica\" \/>\n<meta property=\"og:description\" content=\"[MATERIAL ABS]: material ABS para hacer modelos manuales, las articulaciones de los dedos se pueden torcer y doblar a voluntad [MOVABLE] :&hellip;\" \/>\n<meta property=\"og:url\" content=\"https:\/\/hannacosmetica.com\/fr\/tienda\/manicura\/complementos\/manicura-practica-de-la-mano-arte-de-unas-falsas-entrenamiento-ajustable-modelo-de-mano-practica-modelo-de-aprendizaje-consejos-de-reajuste\/\" \/>\n<meta property=\"og:site_name\" content=\"Hanna Cosm\u00e9tica\" \/>\n<meta property=\"article:modified_time\" content=\"2023-10-26T12:35:11+00:00\" \/>\n<meta property=\"og:image\" content=\"https:\/\/hannacosmetica.com\/wp-content\/uploads\/2022\/09\/MUESTRARIO-13.jpg\" \/>\n\t<meta property=\"og:image:width\" content=\"679\" \/>\n\t<meta property=\"og:image:height\" content=\"651\" \/>\n\t<meta property=\"og:image:type\" content=\"image\/jpeg\" \/>\n<meta name=\"twitter:card\" content=\"summary_large_image\" \/>\n<script type=\"application\/ld+json\" class=\"yoast-schema-graph\">{\"@context\":\"https:\/\/schema.org\",\"@graph\":[{\"@type\":\"WebPage\",\"@id\":\"https:\/\/hannacosmetica.com\/tienda\/manicura\/complementos\/manicura-practica-de-la-mano-arte-de-unas-falsas-entrenamiento-ajustable-modelo-de-mano-practica-modelo-de-aprendizaje-consejos-de-reajuste\/\",\"url\":\"https:\/\/hannacosmetica.com\/tienda\/manicura\/complementos\/manicura-practica-de-la-mano-arte-de-unas-falsas-entrenamiento-ajustable-modelo-de-mano-practica-modelo-de-aprendizaje-consejos-de-reajuste\/\",\"name\":\"Manicura Pr\u00e1ctica De La Mano Arte De U\u00f1as Falsas Entrenamiento Ajustable Modelo De Mano Pr\u00e1ctica Modelo De Aprendizaje Consejos De Reajuste - Hanna Cosm\u00e9tica\",\"isPartOf\":{\"@id\":\"https:\/\/hannacosmetica.com\/#website\"},\"datePublished\":\"2022-09-08T12:59:03+00:00\",\"dateModified\":\"2023-10-26T12:35:11+00:00\",\"breadcrumb\":{\"@id\":\"https:\/\/hannacosmetica.com\/tienda\/manicura\/complementos\/manicura-practica-de-la-mano-arte-de-unas-falsas-entrenamiento-ajustable-modelo-de-mano-practica-modelo-de-aprendizaje-consejos-de-reajuste\/#breadcrumb\"},\"inLanguage\":\"fr-FR\",\"potentialAction\":[{\"@type\":\"ReadAction\",\"target\":[\"https:\/\/hannacosmetica.com\/tienda\/manicura\/complementos\/manicura-practica-de-la-mano-arte-de-unas-falsas-entrenamiento-ajustable-modelo-de-mano-practica-modelo-de-aprendizaje-consejos-de-reajuste\/\"]}]},{\"@type\":\"BreadcrumbList\",\"@id\":\"https:\/\/hannacosmetica.com\/tienda\/manicura\/complementos\/manicura-practica-de-la-mano-arte-de-unas-falsas-entrenamiento-ajustable-modelo-de-mano-practica-modelo-de-aprendizaje-consejos-de-reajuste\/#breadcrumb\",\"itemListElement\":[{\"@type\":\"ListItem\",\"position\":1,\"name\":\"Portada\",\"item\":\"https:\/\/hannacosmetica.com\/\"},{\"@type\":\"ListItem\",\"position\":2,\"name\":\"Tienda\",\"item\":\"https:\/\/hannacosmetica.com\/shop\/\"},{\"@type\":\"ListItem\",\"position\":3,\"name\":\"Manicura Pr\u00e1ctica De La Mano Arte De U\u00f1as Falsas Entrenamiento Ajustable Modelo De Mano Pr\u00e1ctica Modelo De Aprendizaje Consejos De Reajuste\"}]},{\"@type\":\"WebSite\",\"@id\":\"https:\/\/hannacosmetica.com\/#website\",\"url\":\"https:\/\/hannacosmetica.com\/\",\"name\":\"Hanna Cosm\u00e9tica\",\"description\":\"Tienda de productos u\u00f1as, bellezas y peluquer\u00edas\",\"publisher\":{\"@id\":\"https:\/\/hannacosmetica.com\/#organization\"},\"potentialAction\":[{\"@type\":\"SearchAction\",\"target\":{\"@type\":\"EntryPoint\",\"urlTemplate\":\"https:\/\/hannacosmetica.com\/?s={search_term_string}\"},\"query-input\":\"required name=search_term_string\"}],\"inLanguage\":\"fr-FR\"},{\"@type\":\"Organization\",\"@id\":\"https:\/\/hannacosmetica.com\/#organization\",\"name\":\"Hanna Cosm\u00e9tica\",\"url\":\"https:\/\/hannacosmetica.com\/\",\"logo\":{\"@type\":\"ImageObject\",\"inLanguage\":\"fr-FR\",\"@id\":\"https:\/\/hannacosmetica.com\/#\/schema\/logo\/image\/\",\"url\":\"https:\/\/hannacosmetica.com\/wp-content\/uploads\/2022\/07\/Logo-Joyeria-Femenino-Floral-Negro.png\",\"contentUrl\":\"https:\/\/hannacosmetica.com\/wp-content\/uploads\/2022\/07\/Logo-Joyeria-Femenino-Floral-Negro.png\",\"width\":361,\"height\":126,\"caption\":\"Hanna Cosm\u00e9tica\"},\"image\":{\"@id\":\"https:\/\/hannacosmetica.com\/#\/schema\/logo\/image\/\"}}]}<\/script>\n<!-- \/ Yoast SEO plugin. -->","yoast_head_json":{"title":"Manicura Pr\u00e1ctica De La Mano Arte De U\u00f1as Falsas Entrenamiento Ajustable Modelo De Mano Pr\u00e1ctica Modelo De Aprendizaje Consejos De Reajuste - Hanna Cosm\u00e9tica","robots":{"index":"index","follow":"follow","max-snippet":"max-snippet:-1","max-image-preview":"max-image-preview:large","max-video-preview":"max-video-preview:-1"},"canonical":"https:\/\/hannacosmetica.com\/fr\/tienda\/manicura\/complementos\/manicura-practica-de-la-mano-arte-de-unas-falsas-entrenamiento-ajustable-modelo-de-mano-practica-modelo-de-aprendizaje-consejos-de-reajuste\/","og_locale":"fr_FR","og_type":"article","og_title":"Manicura Pr\u00e1ctica De La Mano Arte De U\u00f1as Falsas Entrenamiento Ajustable Modelo De Mano Pr\u00e1ctica Modelo De Aprendizaje Consejos De Reajuste - Hanna Cosm\u00e9tica","og_description":"[MATERIAL ABS]: material ABS para hacer modelos manuales, las articulaciones de los dedos se pueden torcer y doblar a voluntad [MOVABLE] :&hellip;","og_url":"https:\/\/hannacosmetica.com\/fr\/tienda\/manicura\/complementos\/manicura-practica-de-la-mano-arte-de-unas-falsas-entrenamiento-ajustable-modelo-de-mano-practica-modelo-de-aprendizaje-consejos-de-reajuste\/","og_site_name":"Hanna Cosm\u00e9tica","article_modified_time":"2023-10-26T12:35:11+00:00","og_image":[{"width":679,"height":651,"url":"https:\/\/hannacosmetica.com\/wp-content\/uploads\/2022\/09\/MUESTRARIO-13.jpg","type":"image\/jpeg"}],"twitter_card":"summary_large_image","schema":{"@context":"https:\/\/schema.org","@graph":[{"@type":"WebPage","@id":"https:\/\/hannacosmetica.com\/tienda\/manicura\/complementos\/manicura-practica-de-la-mano-arte-de-unas-falsas-entrenamiento-ajustable-modelo-de-mano-practica-modelo-de-aprendizaje-consejos-de-reajuste\/","url":"https:\/\/hannacosmetica.com\/tienda\/manicura\/complementos\/manicura-practica-de-la-mano-arte-de-unas-falsas-entrenamiento-ajustable-modelo-de-mano-practica-modelo-de-aprendizaje-consejos-de-reajuste\/","name":"Manicura Pr\u00e1ctica De La Mano Arte De U\u00f1as Falsas Entrenamiento Ajustable Modelo De Mano Pr\u00e1ctica Modelo De Aprendizaje Consejos De Reajuste - Hanna Cosm\u00e9tica","isPartOf":{"@id":"https:\/\/hannacosmetica.com\/#website"},"datePublished":"2022-09-08T12:59:03+00:00","dateModified":"2023-10-26T12:35:11+00:00","breadcrumb":{"@id":"https:\/\/hannacosmetica.com\/tienda\/manicura\/complementos\/manicura-practica-de-la-mano-arte-de-unas-falsas-entrenamiento-ajustable-modelo-de-mano-practica-modelo-de-aprendizaje-consejos-de-reajuste\/#breadcrumb"},"inLanguage":"fr-FR","potentialAction":[{"@type":"ReadAction","target":["https:\/\/hannacosmetica.com\/tienda\/manicura\/complementos\/manicura-practica-de-la-mano-arte-de-unas-falsas-entrenamiento-ajustable-modelo-de-mano-practica-modelo-de-aprendizaje-consejos-de-reajuste\/"]}]},{"@type":"BreadcrumbList","@id":"https:\/\/hannacosmetica.com\/tienda\/manicura\/complementos\/manicura-practica-de-la-mano-arte-de-unas-falsas-entrenamiento-ajustable-modelo-de-mano-practica-modelo-de-aprendizaje-consejos-de-reajuste\/#breadcrumb","itemListElement":[{"@type":"ListItem","position":1,"name":"Portada","item":"https:\/\/hannacosmetica.com\/"},{"@type":"ListItem","position":2,"name":"Tienda","item":"https:\/\/hannacosmetica.com\/shop\/"},{"@type":"ListItem","position":3,"name":"Manicura Pr\u00e1ctica De La Mano Arte De U\u00f1as Falsas Entrenamiento Ajustable Modelo De Mano Pr\u00e1ctica Modelo De Aprendizaje Consejos De Reajuste"}]},{"@type":"WebSite","@id":"https:\/\/hannacosmetica.com\/#website","url":"https:\/\/hannacosmetica.com\/","name":"Hanna Cosm\u00e9tica","description":"Tienda de productos u\u00f1as, bellezas y peluquer\u00edas","publisher":{"@id":"https:\/\/hannacosmetica.com\/#organization"},"potentialAction":[{"@type":"SearchAction","target":{"@type":"EntryPoint","urlTemplate":"https:\/\/hannacosmetica.com\/?s={search_term_string}"},"query-input":"required name=search_term_string"}],"inLanguage":"fr-FR"},{"@type":"Organization","@id":"https:\/\/hannacosmetica.com\/#organization","name":"Hanna Cosm\u00e9tica","url":"https:\/\/hannacosmetica.com\/","logo":{"@type":"ImageObject","inLanguage":"fr-FR","@id":"https:\/\/hannacosmetica.com\/#\/schema\/logo\/image\/","url":"https:\/\/hannacosmetica.com\/wp-content\/uploads\/2022\/07\/Logo-Joyeria-Femenino-Floral-Negro.png","contentUrl":"https:\/\/hannacosmetica.com\/wp-content\/uploads\/2022\/07\/Logo-Joyeria-Femenino-Floral-Negro.png","width":361,"height":126,"caption":"Hanna Cosm\u00e9tica"},"image":{"@id":"https:\/\/hannacosmetica.com\/#\/schema\/logo\/image\/"}}]}},"_links":{"self":[{"href":"https:\/\/hannacosmetica.com\/fr\/wp-json\/wp\/v2\/product\/5195"}],"collection":[{"href":"https:\/\/hannacosmetica.com\/fr\/wp-json\/wp\/v2\/product"}],"about":[{"href":"https:\/\/hannacosmetica.com\/fr\/wp-json\/wp\/v2\/types\/product"}],"replies":[{"embeddable":true,"href":"https:\/\/hannacosmetica.com\/fr\/wp-json\/wp\/v2\/comments?post=5195"}],"version-history":[{"count":1,"href":"https:\/\/hannacosmetica.com\/fr\/wp-json\/wp\/v2\/product\/5195\/revisions"}],"predecessor-version":[{"id":5200,"href":"https:\/\/hannacosmetica.com\/fr\/wp-json\/wp\/v2\/product\/5195\/revisions\/5200"}],"wp:featuredmedia":[{"embeddable":true,"href":"https:\/\/hannacosmetica.com\/fr\/wp-json\/wp\/v2\/media\/5196"}],"wp:attachment":[{"href":"https:\/\/hannacosmetica.com\/fr\/wp-json\/wp\/v2\/media?parent=5195"}],"wp:term":[{"taxonomy":"product_cat","embeddable":true,"href":"https:\/\/hannacosmetica.com\/fr\/wp-json\/wp\/v2\/product_cat?post=5195"},{"taxonomy":"product_tag","embeddable":true,"href":"https:\/\/hannacosmetica.com\/fr\/wp-json\/wp\/v2\/product_tag?post=5195"}],"curies":[{"name":"wp","href":"https:\/\/api.w.org\/{rel}","templated":true}]}}