{"id":5185,"date":"2022-09-08T11:46:26","date_gmt":"2022-09-08T11:46:26","guid":{"rendered":"https:\/\/hannacosmetica.com\/?post_type=product&#038;p=5185"},"modified":"2023-10-26T12:35:41","modified_gmt":"2023-10-26T12:35:41","slug":"soporte-de-exhibicion-para-arte-de-unas-muestrario-unas-puntas-de-unas-palos-estante-color-de-moda-esmalte-de-gel-de-unas-falso-herramienta-de-bricolaje-120-piezas","status":"publish","type":"product","link":"https:\/\/hannacosmetica.com\/fr\/tienda\/manicura\/complementos\/soporte-de-exhibicion-para-arte-de-unas-muestrario-unas-puntas-de-unas-palos-estante-color-de-moda-esmalte-de-gel-de-unas-falso-herramienta-de-bricolaje-120-piezas\/","title":{"rendered":"Soporte de Exhibici\u00f3n para Arte de U\u00f1as, Muestrario u\u00f1as Puntas de U\u00f1as, Palos, Estante, Color de Moda, Esmalte de Gel de U\u00f1as Falso, Herramienta de Bricolaje, 120 Piezas"},"content":{"rendered":"<h6 id=\"title\" class=\"a-size-large a-spacing-none\"><span id=\"productTitle\" class=\"a-size-large product-title-word-break\">Soporte de Exhibici\u00f3n para Arte de U\u00f1as, Muestrario u\u00f1as Puntas de U\u00f1as, Palos, Estante, Color de Moda, Esmalte de Gel de U\u00f1as Falso, Herramienta de Bricolaje, 120 Piezas<\/span><\/h6>","protected":false},"excerpt":{"rendered":"<p>Soporte de Exhibici\u00f3n para Arte de U\u00f1as, Muestrario u\u00f1as Puntas de U\u00f1as, Palos, Estante, Color de Moda, Esmalte de Gel de U\u00f1as&hellip;<\/p>","protected":false},"featured_media":5186,"comment_status":"open","ping_status":"closed","template":"","meta":[],"product_cat":[82,101,102],"product_tag":[],"yoast_head":"<!-- This site is optimized with the Yoast SEO plugin v19.9 - https:\/\/yoast.com\/wordpress\/plugins\/seo\/ -->\n<title>Soporte de Exhibici\u00f3n para Arte de U\u00f1as, Muestrario u\u00f1as Puntas de U\u00f1as, Palos, Estante, Color de Moda, Esmalte de Gel de U\u00f1as Falso, Herramienta de Bricolaje, 120 Piezas - Hanna Cosm\u00e9tica<\/title>\n<meta name=\"robots\" content=\"index, follow, max-snippet:-1, max-image-preview:large, max-video-preview:-1\" \/>\n<link rel=\"canonical\" href=\"https:\/\/hannacosmetica.com\/fr\/tienda\/manicura\/complementos\/soporte-de-exhibicion-para-arte-de-unas-muestrario-unas-puntas-de-unas-palos-estante-color-de-moda-esmalte-de-gel-de-unas-falso-herramienta-de-bricolaje-120-piezas\/\" \/>\n<meta property=\"og:locale\" content=\"fr_FR\" \/>\n<meta property=\"og:type\" content=\"article\" \/>\n<meta property=\"og:title\" content=\"Soporte de Exhibici\u00f3n para Arte de U\u00f1as, Muestrario u\u00f1as Puntas de U\u00f1as, Palos, Estante, Color de Moda, Esmalte de Gel de U\u00f1as Falso, Herramienta de Bricolaje, 120 Piezas - Hanna Cosm\u00e9tica\" \/>\n<meta property=\"og:description\" content=\"Soporte de Exhibici\u00f3n para Arte de U\u00f1as, Muestrario u\u00f1as Puntas de U\u00f1as, Palos, Estante, Color de Moda, Esmalte de Gel de U\u00f1as&hellip;\" \/>\n<meta property=\"og:url\" content=\"https:\/\/hannacosmetica.com\/fr\/tienda\/manicura\/complementos\/soporte-de-exhibicion-para-arte-de-unas-muestrario-unas-puntas-de-unas-palos-estante-color-de-moda-esmalte-de-gel-de-unas-falso-herramienta-de-bricolaje-120-piezas\/\" \/>\n<meta property=\"og:site_name\" content=\"Hanna Cosm\u00e9tica\" \/>\n<meta property=\"article:modified_time\" content=\"2023-10-26T12:35:41+00:00\" \/>\n<meta property=\"og:image\" content=\"https:\/\/hannacosmetica.com\/wp-content\/uploads\/2022\/09\/MUESTRARIO-8.jpg\" \/>\n\t<meta property=\"og:image:width\" content=\"522\" \/>\n\t<meta property=\"og:image:height\" content=\"646\" \/>\n\t<meta property=\"og:image:type\" content=\"image\/jpeg\" \/>\n<meta name=\"twitter:card\" content=\"summary_large_image\" \/>\n<script type=\"application\/ld+json\" class=\"yoast-schema-graph\">{\"@context\":\"https:\/\/schema.org\",\"@graph\":[{\"@type\":\"WebPage\",\"@id\":\"https:\/\/hannacosmetica.com\/tienda\/manicura\/complementos\/soporte-de-exhibicion-para-arte-de-unas-muestrario-unas-puntas-de-unas-palos-estante-color-de-moda-esmalte-de-gel-de-unas-falso-herramienta-de-bricolaje-120-piezas\/\",\"url\":\"https:\/\/hannacosmetica.com\/tienda\/manicura\/complementos\/soporte-de-exhibicion-para-arte-de-unas-muestrario-unas-puntas-de-unas-palos-estante-color-de-moda-esmalte-de-gel-de-unas-falso-herramienta-de-bricolaje-120-piezas\/\",\"name\":\"Soporte de Exhibici\u00f3n para Arte de U\u00f1as, Muestrario u\u00f1as Puntas de U\u00f1as, Palos, Estante, Color de Moda, Esmalte de Gel de U\u00f1as Falso, Herramienta de Bricolaje, 120 Piezas - Hanna Cosm\u00e9tica\",\"isPartOf\":{\"@id\":\"https:\/\/hannacosmetica.com\/#website\"},\"datePublished\":\"2022-09-08T11:46:26+00:00\",\"dateModified\":\"2023-10-26T12:35:41+00:00\",\"breadcrumb\":{\"@id\":\"https:\/\/hannacosmetica.com\/tienda\/manicura\/complementos\/soporte-de-exhibicion-para-arte-de-unas-muestrario-unas-puntas-de-unas-palos-estante-color-de-moda-esmalte-de-gel-de-unas-falso-herramienta-de-bricolaje-120-piezas\/#breadcrumb\"},\"inLanguage\":\"fr-FR\",\"potentialAction\":[{\"@type\":\"ReadAction\",\"target\":[\"https:\/\/hannacosmetica.com\/tienda\/manicura\/complementos\/soporte-de-exhibicion-para-arte-de-unas-muestrario-unas-puntas-de-unas-palos-estante-color-de-moda-esmalte-de-gel-de-unas-falso-herramienta-de-bricolaje-120-piezas\/\"]}]},{\"@type\":\"BreadcrumbList\",\"@id\":\"https:\/\/hannacosmetica.com\/tienda\/manicura\/complementos\/soporte-de-exhibicion-para-arte-de-unas-muestrario-unas-puntas-de-unas-palos-estante-color-de-moda-esmalte-de-gel-de-unas-falso-herramienta-de-bricolaje-120-piezas\/#breadcrumb\",\"itemListElement\":[{\"@type\":\"ListItem\",\"position\":1,\"name\":\"Portada\",\"item\":\"https:\/\/hannacosmetica.com\/\"},{\"@type\":\"ListItem\",\"position\":2,\"name\":\"Tienda\",\"item\":\"https:\/\/hannacosmetica.com\/shop\/\"},{\"@type\":\"ListItem\",\"position\":3,\"name\":\"Soporte de Exhibici\u00f3n para Arte de U\u00f1as, Muestrario u\u00f1as Puntas de U\u00f1as, Palos, Estante, Color de Moda, Esmalte de Gel de U\u00f1as Falso, Herramienta de Bricolaje, 120 Piezas\"}]},{\"@type\":\"WebSite\",\"@id\":\"https:\/\/hannacosmetica.com\/#website\",\"url\":\"https:\/\/hannacosmetica.com\/\",\"name\":\"Hanna Cosm\u00e9tica\",\"description\":\"Tienda de productos u\u00f1as, bellezas y peluquer\u00edas\",\"publisher\":{\"@id\":\"https:\/\/hannacosmetica.com\/#organization\"},\"potentialAction\":[{\"@type\":\"SearchAction\",\"target\":{\"@type\":\"EntryPoint\",\"urlTemplate\":\"https:\/\/hannacosmetica.com\/?s={search_term_string}\"},\"query-input\":\"required name=search_term_string\"}],\"inLanguage\":\"fr-FR\"},{\"@type\":\"Organization\",\"@id\":\"https:\/\/hannacosmetica.com\/#organization\",\"name\":\"Hanna Cosm\u00e9tica\",\"url\":\"https:\/\/hannacosmetica.com\/\",\"logo\":{\"@type\":\"ImageObject\",\"inLanguage\":\"fr-FR\",\"@id\":\"https:\/\/hannacosmetica.com\/#\/schema\/logo\/image\/\",\"url\":\"https:\/\/hannacosmetica.com\/wp-content\/uploads\/2022\/07\/Logo-Joyeria-Femenino-Floral-Negro.png\",\"contentUrl\":\"https:\/\/hannacosmetica.com\/wp-content\/uploads\/2022\/07\/Logo-Joyeria-Femenino-Floral-Negro.png\",\"width\":361,\"height\":126,\"caption\":\"Hanna Cosm\u00e9tica\"},\"image\":{\"@id\":\"https:\/\/hannacosmetica.com\/#\/schema\/logo\/image\/\"}}]}<\/script>\n<!-- \/ Yoast SEO plugin. -->","yoast_head_json":{"title":"Soporte de Exhibici\u00f3n para Arte de U\u00f1as, Muestrario u\u00f1as Puntas de U\u00f1as, Palos, Estante, Color de Moda, Esmalte de Gel de U\u00f1as Falso, Herramienta de Bricolaje, 120 Piezas - Hanna Cosm\u00e9tica","robots":{"index":"index","follow":"follow","max-snippet":"max-snippet:-1","max-image-preview":"max-image-preview:large","max-video-preview":"max-video-preview:-1"},"canonical":"https:\/\/hannacosmetica.com\/fr\/tienda\/manicura\/complementos\/soporte-de-exhibicion-para-arte-de-unas-muestrario-unas-puntas-de-unas-palos-estante-color-de-moda-esmalte-de-gel-de-unas-falso-herramienta-de-bricolaje-120-piezas\/","og_locale":"fr_FR","og_type":"article","og_title":"Soporte de Exhibici\u00f3n para Arte de U\u00f1as, Muestrario u\u00f1as Puntas de U\u00f1as, Palos, Estante, Color de Moda, Esmalte de Gel de U\u00f1as Falso, Herramienta de Bricolaje, 120 Piezas - Hanna Cosm\u00e9tica","og_description":"Soporte de Exhibici\u00f3n para Arte de U\u00f1as, Muestrario u\u00f1as Puntas de U\u00f1as, Palos, Estante, Color de Moda, Esmalte de Gel de U\u00f1as&hellip;","og_url":"https:\/\/hannacosmetica.com\/fr\/tienda\/manicura\/complementos\/soporte-de-exhibicion-para-arte-de-unas-muestrario-unas-puntas-de-unas-palos-estante-color-de-moda-esmalte-de-gel-de-unas-falso-herramienta-de-bricolaje-120-piezas\/","og_site_name":"Hanna Cosm\u00e9tica","article_modified_time":"2023-10-26T12:35:41+00:00","og_image":[{"width":522,"height":646,"url":"https:\/\/hannacosmetica.com\/wp-content\/uploads\/2022\/09\/MUESTRARIO-8.jpg","type":"image\/jpeg"}],"twitter_card":"summary_large_image","schema":{"@context":"https:\/\/schema.org","@graph":[{"@type":"WebPage","@id":"https:\/\/hannacosmetica.com\/tienda\/manicura\/complementos\/soporte-de-exhibicion-para-arte-de-unas-muestrario-unas-puntas-de-unas-palos-estante-color-de-moda-esmalte-de-gel-de-unas-falso-herramienta-de-bricolaje-120-piezas\/","url":"https:\/\/hannacosmetica.com\/tienda\/manicura\/complementos\/soporte-de-exhibicion-para-arte-de-unas-muestrario-unas-puntas-de-unas-palos-estante-color-de-moda-esmalte-de-gel-de-unas-falso-herramienta-de-bricolaje-120-piezas\/","name":"Soporte de Exhibici\u00f3n para Arte de U\u00f1as, Muestrario u\u00f1as Puntas de U\u00f1as, Palos, Estante, Color de Moda, Esmalte de Gel de U\u00f1as Falso, Herramienta de Bricolaje, 120 Piezas - Hanna Cosm\u00e9tica","isPartOf":{"@id":"https:\/\/hannacosmetica.com\/#website"},"datePublished":"2022-09-08T11:46:26+00:00","dateModified":"2023-10-26T12:35:41+00:00","breadcrumb":{"@id":"https:\/\/hannacosmetica.com\/tienda\/manicura\/complementos\/soporte-de-exhibicion-para-arte-de-unas-muestrario-unas-puntas-de-unas-palos-estante-color-de-moda-esmalte-de-gel-de-unas-falso-herramienta-de-bricolaje-120-piezas\/#breadcrumb"},"inLanguage":"fr-FR","potentialAction":[{"@type":"ReadAction","target":["https:\/\/hannacosmetica.com\/tienda\/manicura\/complementos\/soporte-de-exhibicion-para-arte-de-unas-muestrario-unas-puntas-de-unas-palos-estante-color-de-moda-esmalte-de-gel-de-unas-falso-herramienta-de-bricolaje-120-piezas\/"]}]},{"@type":"BreadcrumbList","@id":"https:\/\/hannacosmetica.com\/tienda\/manicura\/complementos\/soporte-de-exhibicion-para-arte-de-unas-muestrario-unas-puntas-de-unas-palos-estante-color-de-moda-esmalte-de-gel-de-unas-falso-herramienta-de-bricolaje-120-piezas\/#breadcrumb","itemListElement":[{"@type":"ListItem","position":1,"name":"Portada","item":"https:\/\/hannacosmetica.com\/"},{"@type":"ListItem","position":2,"name":"Tienda","item":"https:\/\/hannacosmetica.com\/shop\/"},{"@type":"ListItem","position":3,"name":"Soporte de Exhibici\u00f3n para Arte de U\u00f1as, Muestrario u\u00f1as Puntas de U\u00f1as, Palos, Estante, Color de Moda, Esmalte de Gel de U\u00f1as Falso, Herramienta de Bricolaje, 120 Piezas"}]},{"@type":"WebSite","@id":"https:\/\/hannacosmetica.com\/#website","url":"https:\/\/hannacosmetica.com\/","name":"Hanna Cosm\u00e9tica","description":"Tienda de productos u\u00f1as, bellezas y peluquer\u00edas","publisher":{"@id":"https:\/\/hannacosmetica.com\/#organization"},"potentialAction":[{"@type":"SearchAction","target":{"@type":"EntryPoint","urlTemplate":"https:\/\/hannacosmetica.com\/?s={search_term_string}"},"query-input":"required name=search_term_string"}],"inLanguage":"fr-FR"},{"@type":"Organization","@id":"https:\/\/hannacosmetica.com\/#organization","name":"Hanna Cosm\u00e9tica","url":"https:\/\/hannacosmetica.com\/","logo":{"@type":"ImageObject","inLanguage":"fr-FR","@id":"https:\/\/hannacosmetica.com\/#\/schema\/logo\/image\/","url":"https:\/\/hannacosmetica.com\/wp-content\/uploads\/2022\/07\/Logo-Joyeria-Femenino-Floral-Negro.png","contentUrl":"https:\/\/hannacosmetica.com\/wp-content\/uploads\/2022\/07\/Logo-Joyeria-Femenino-Floral-Negro.png","width":361,"height":126,"caption":"Hanna Cosm\u00e9tica"},"image":{"@id":"https:\/\/hannacosmetica.com\/#\/schema\/logo\/image\/"}}]}},"_links":{"self":[{"href":"https:\/\/hannacosmetica.com\/fr\/wp-json\/wp\/v2\/product\/5185"}],"collection":[{"href":"https:\/\/hannacosmetica.com\/fr\/wp-json\/wp\/v2\/product"}],"about":[{"href":"https:\/\/hannacosmetica.com\/fr\/wp-json\/wp\/v2\/types\/product"}],"replies":[{"embeddable":true,"href":"https:\/\/hannacosmetica.com\/fr\/wp-json\/wp\/v2\/comments?post=5185"}],"version-history":[{"count":1,"href":"https:\/\/hannacosmetica.com\/fr\/wp-json\/wp\/v2\/product\/5185\/revisions"}],"predecessor-version":[{"id":5188,"href":"https:\/\/hannacosmetica.com\/fr\/wp-json\/wp\/v2\/product\/5185\/revisions\/5188"}],"wp:featuredmedia":[{"embeddable":true,"href":"https:\/\/hannacosmetica.com\/fr\/wp-json\/wp\/v2\/media\/5186"}],"wp:attachment":[{"href":"https:\/\/hannacosmetica.com\/fr\/wp-json\/wp\/v2\/media?parent=5185"}],"wp:term":[{"taxonomy":"product_cat","embeddable":true,"href":"https:\/\/hannacosmetica.com\/fr\/wp-json\/wp\/v2\/product_cat?post=5185"},{"taxonomy":"product_tag","embeddable":true,"href":"https:\/\/hannacosmetica.com\/fr\/wp-json\/wp\/v2\/product_tag?post=5185"}],"curies":[{"name":"wp","href":"https:\/\/api.w.org\/{rel}","templated":true}]}}