{"id":5167,"date":"2022-09-08T08:36:46","date_gmt":"2022-09-08T08:36:46","guid":{"rendered":"https:\/\/hannacosmetica.com\/?post_type=product&#038;p=5167"},"modified":"2024-05-27T10:40:40","modified_gmt":"2024-05-27T10:40:40","slug":"muestrario-unasmuestrario-de-unas-para-pintarmuestrario-para-esmaltes-de-unasunas-falsas-muestramuestras-unas-para-pintarunas-mostradorpara-practica-y-exhibicion-de-arte-de-unas50pcs","status":"publish","type":"product","link":"https:\/\/hannacosmetica.com\/fr\/tienda\/manicura\/complementos\/muestrario-unasmuestrario-de-unas-para-pintarmuestrario-para-esmaltes-de-unasunas-falsas-muestramuestras-unas-para-pintarunas-mostradorpara-practica-y-exhibicion-de-arte-de-unas50pcs\/","title":{"rendered":"50Muestrario U\u00f1as,Muestrario de U\u00f1as para Pintar,Muestrario para Esmaltes de U\u00f1as,U\u00f1as Falsas Muestra,Muestras U\u00f1as para Pintar,U\u00f1as Mostrador,para Pr\u00e1ctica y Exhibici\u00f3n de Arte de U\u00f1as,50PCS"},"content":{"rendered":"<ul class=\"a-unordered-list a-vertical a-spacing-mini\">\n<li><span class=\"a-list-item\">\u3010ALTA CALIDAD\u3011 Nuestro palo de muestra de u\u00f1as est\u00e1 hecho de acr\u00edlico de alta calidad, que es ecol\u00f3gico y no t\u00f3xico.La superficie es lisa.Es fuerte y duradero, no es f\u00e1cil de romper y deformar.<\/span><\/li>\n<li><span class=\"a-list-item\">\u3010MULTIFUNCI\u00d3N\u3011 El palo de muestra puede ser utilizado por principiantes para practicar arte de u\u00f1as o por manicuristas para dise\u00f1ar patrones de u\u00f1as.Se puede usar en salones para mostrar a los clientes diferentes dise\u00f1os de u\u00f1as para comparar y seleccionar.Al mismo tiempo, tambi\u00e9n se puede usar para almacenar esmalte de u\u00f1as, evitando problemas de prueba de color.<\/span><\/li>\n<li><span class=\"a-list-item\">\u3010F\u00c1CIL DE ENSAMBLAR\u3011 Hay cincuenta palos desmontables. El anillo de metal est\u00e1 dise\u00f1ado con una hebilla, que es f\u00e1cil de abrir y cerrar. Es conveniente para usted organizar las u\u00f1as postizas. Puede abrir el anillo de metal para agregar, quitar o reorganizar. postes<\/span><\/li>\n<li><span class=\"a-list-item\">\u3010FACILE \u00c0 UTILISER\u3011Notre b\u00e2tonnet d&#8217;\u00e9chantillons est transparent et peut afficher la couleur d&#8217;origine du vernis \u00e0 ongles.Vous pouvez y mettre du vernis \u00e0 ongles,ou peindre et d\u00e9corer.utilis\u00e9 \u00e0 la maison ou comme outil professionnel d&#8217;ongle en la sala de estar.<\/span><\/li>\n<li><span class=\"a-list-item\">\u3010F\u00c1CIL DE LLEVAR\u3011 Nuestro muestrario de u\u00f1as es de tama\u00f1o peque\u00f1o, liviano y f\u00e1cil de transportar. Puede guardarlo en una bolsa o bolsillo. La cantidad suficiente le permite mostrar m\u00e1s estilos de arte de u\u00f1as.<\/span><\/li>\n<\/ul>","protected":false},"excerpt":{"rendered":"<p>\u3010ALTA CALIDAD\u3011 Nuestro palo de muestra de u\u00f1as est\u00e1 hecho de acr\u00edlico de alta calidad, que es ecol\u00f3gico y no t\u00f3xico.La superficie&hellip;<\/p>","protected":false},"featured_media":5168,"comment_status":"open","ping_status":"closed","template":"","meta":[],"product_cat":[82,101,102],"product_tag":[],"yoast_head":"<!-- This site is optimized with the Yoast SEO plugin v19.9 - https:\/\/yoast.com\/wordpress\/plugins\/seo\/ -->\n<title>50Muestrario U\u00f1as,Muestrario de U\u00f1as para Pintar,Muestrario para Esmaltes de U\u00f1as,U\u00f1as Falsas Muestra,Muestras U\u00f1as para Pintar,U\u00f1as Mostrador,para Pr\u00e1ctica y Exhibici\u00f3n de Arte de U\u00f1as,50PCS - Hanna Cosm\u00e9tica<\/title>\n<meta name=\"robots\" content=\"index, follow, max-snippet:-1, max-image-preview:large, max-video-preview:-1\" \/>\n<link rel=\"canonical\" href=\"https:\/\/hannacosmetica.com\/fr\/tienda\/manicura\/complementos\/muestrario-unasmuestrario-de-unas-para-pintarmuestrario-para-esmaltes-de-unasunas-falsas-muestramuestras-unas-para-pintarunas-mostradorpara-practica-y-exhibicion-de-arte-de-unas50pcs\/\" \/>\n<meta property=\"og:locale\" content=\"fr_FR\" \/>\n<meta property=\"og:type\" content=\"article\" \/>\n<meta property=\"og:title\" content=\"50Muestrario U\u00f1as,Muestrario de U\u00f1as para Pintar,Muestrario para Esmaltes de U\u00f1as,U\u00f1as Falsas Muestra,Muestras U\u00f1as para Pintar,U\u00f1as Mostrador,para Pr\u00e1ctica y Exhibici\u00f3n de Arte de U\u00f1as,50PCS - Hanna Cosm\u00e9tica\" \/>\n<meta property=\"og:description\" content=\"\u3010ALTA CALIDAD\u3011 Nuestro palo de muestra de u\u00f1as est\u00e1 hecho de acr\u00edlico de alta calidad, que es ecol\u00f3gico y no t\u00f3xico.La superficie&hellip;\" \/>\n<meta property=\"og:url\" content=\"https:\/\/hannacosmetica.com\/fr\/tienda\/manicura\/complementos\/muestrario-unasmuestrario-de-unas-para-pintarmuestrario-para-esmaltes-de-unasunas-falsas-muestramuestras-unas-para-pintarunas-mostradorpara-practica-y-exhibicion-de-arte-de-unas50pcs\/\" \/>\n<meta property=\"og:site_name\" content=\"Hanna Cosm\u00e9tica\" \/>\n<meta property=\"article:modified_time\" content=\"2024-05-27T10:40:40+00:00\" \/>\n<meta property=\"og:image\" content=\"https:\/\/hannacosmetica.com\/wp-content\/uploads\/2022\/09\/MUESTRARIO.jpg\" \/>\n\t<meta property=\"og:image:width\" content=\"679\" \/>\n\t<meta property=\"og:image:height\" content=\"619\" \/>\n\t<meta property=\"og:image:type\" content=\"image\/jpeg\" \/>\n<meta name=\"twitter:card\" content=\"summary_large_image\" \/>\n<script type=\"application\/ld+json\" class=\"yoast-schema-graph\">{\"@context\":\"https:\/\/schema.org\",\"@graph\":[{\"@type\":\"WebPage\",\"@id\":\"https:\/\/hannacosmetica.com\/tienda\/manicura\/complementos\/muestrario-unasmuestrario-de-unas-para-pintarmuestrario-para-esmaltes-de-unasunas-falsas-muestramuestras-unas-para-pintarunas-mostradorpara-practica-y-exhibicion-de-arte-de-unas50pcs\/\",\"url\":\"https:\/\/hannacosmetica.com\/tienda\/manicura\/complementos\/muestrario-unasmuestrario-de-unas-para-pintarmuestrario-para-esmaltes-de-unasunas-falsas-muestramuestras-unas-para-pintarunas-mostradorpara-practica-y-exhibicion-de-arte-de-unas50pcs\/\",\"name\":\"50Muestrario U\u00f1as,Muestrario de U\u00f1as para Pintar,Muestrario para Esmaltes de U\u00f1as,U\u00f1as Falsas Muestra,Muestras U\u00f1as para Pintar,U\u00f1as Mostrador,para Pr\u00e1ctica y Exhibici\u00f3n de Arte de U\u00f1as,50PCS - Hanna Cosm\u00e9tica\",\"isPartOf\":{\"@id\":\"https:\/\/hannacosmetica.com\/#website\"},\"datePublished\":\"2022-09-08T08:36:46+00:00\",\"dateModified\":\"2024-05-27T10:40:40+00:00\",\"breadcrumb\":{\"@id\":\"https:\/\/hannacosmetica.com\/tienda\/manicura\/complementos\/muestrario-unasmuestrario-de-unas-para-pintarmuestrario-para-esmaltes-de-unasunas-falsas-muestramuestras-unas-para-pintarunas-mostradorpara-practica-y-exhibicion-de-arte-de-unas50pcs\/#breadcrumb\"},\"inLanguage\":\"fr-FR\",\"potentialAction\":[{\"@type\":\"ReadAction\",\"target\":[\"https:\/\/hannacosmetica.com\/tienda\/manicura\/complementos\/muestrario-unasmuestrario-de-unas-para-pintarmuestrario-para-esmaltes-de-unasunas-falsas-muestramuestras-unas-para-pintarunas-mostradorpara-practica-y-exhibicion-de-arte-de-unas50pcs\/\"]}]},{\"@type\":\"BreadcrumbList\",\"@id\":\"https:\/\/hannacosmetica.com\/tienda\/manicura\/complementos\/muestrario-unasmuestrario-de-unas-para-pintarmuestrario-para-esmaltes-de-unasunas-falsas-muestramuestras-unas-para-pintarunas-mostradorpara-practica-y-exhibicion-de-arte-de-unas50pcs\/#breadcrumb\",\"itemListElement\":[{\"@type\":\"ListItem\",\"position\":1,\"name\":\"Portada\",\"item\":\"https:\/\/hannacosmetica.com\/\"},{\"@type\":\"ListItem\",\"position\":2,\"name\":\"Tienda\",\"item\":\"https:\/\/hannacosmetica.com\/shop\/\"},{\"@type\":\"ListItem\",\"position\":3,\"name\":\"50Muestrario U\u00f1as,Muestrario de U\u00f1as para Pintar,Muestrario para Esmaltes de U\u00f1as,U\u00f1as Falsas Muestra,Muestras U\u00f1as para Pintar,U\u00f1as Mostrador,para Pr\u00e1ctica y Exhibici\u00f3n de Arte de U\u00f1as,50PCS\"}]},{\"@type\":\"WebSite\",\"@id\":\"https:\/\/hannacosmetica.com\/#website\",\"url\":\"https:\/\/hannacosmetica.com\/\",\"name\":\"Hanna Cosm\u00e9tica\",\"description\":\"Tienda de productos u\u00f1as, bellezas y peluquer\u00edas\",\"publisher\":{\"@id\":\"https:\/\/hannacosmetica.com\/#organization\"},\"potentialAction\":[{\"@type\":\"SearchAction\",\"target\":{\"@type\":\"EntryPoint\",\"urlTemplate\":\"https:\/\/hannacosmetica.com\/?s={search_term_string}\"},\"query-input\":\"required name=search_term_string\"}],\"inLanguage\":\"fr-FR\"},{\"@type\":\"Organization\",\"@id\":\"https:\/\/hannacosmetica.com\/#organization\",\"name\":\"Hanna Cosm\u00e9tica\",\"url\":\"https:\/\/hannacosmetica.com\/\",\"logo\":{\"@type\":\"ImageObject\",\"inLanguage\":\"fr-FR\",\"@id\":\"https:\/\/hannacosmetica.com\/#\/schema\/logo\/image\/\",\"url\":\"https:\/\/hannacosmetica.com\/wp-content\/uploads\/2022\/07\/Logo-Joyeria-Femenino-Floral-Negro.png\",\"contentUrl\":\"https:\/\/hannacosmetica.com\/wp-content\/uploads\/2022\/07\/Logo-Joyeria-Femenino-Floral-Negro.png\",\"width\":361,\"height\":126,\"caption\":\"Hanna Cosm\u00e9tica\"},\"image\":{\"@id\":\"https:\/\/hannacosmetica.com\/#\/schema\/logo\/image\/\"}}]}<\/script>\n<!-- \/ Yoast SEO plugin. -->","yoast_head_json":{"title":"50Muestrario U\u00f1as,Muestrario de U\u00f1as para Pintar,Muestrario para Esmaltes de U\u00f1as,U\u00f1as Falsas Muestra,Muestras U\u00f1as para Pintar,U\u00f1as Mostrador,para Pr\u00e1ctica y Exhibici\u00f3n de Arte de U\u00f1as,50PCS - Hanna Cosm\u00e9tica","robots":{"index":"index","follow":"follow","max-snippet":"max-snippet:-1","max-image-preview":"max-image-preview:large","max-video-preview":"max-video-preview:-1"},"canonical":"https:\/\/hannacosmetica.com\/fr\/tienda\/manicura\/complementos\/muestrario-unasmuestrario-de-unas-para-pintarmuestrario-para-esmaltes-de-unasunas-falsas-muestramuestras-unas-para-pintarunas-mostradorpara-practica-y-exhibicion-de-arte-de-unas50pcs\/","og_locale":"fr_FR","og_type":"article","og_title":"50Muestrario U\u00f1as,Muestrario de U\u00f1as para Pintar,Muestrario para Esmaltes de U\u00f1as,U\u00f1as Falsas Muestra,Muestras U\u00f1as para Pintar,U\u00f1as Mostrador,para Pr\u00e1ctica y Exhibici\u00f3n de Arte de U\u00f1as,50PCS - Hanna Cosm\u00e9tica","og_description":"\u3010ALTA CALIDAD\u3011 Nuestro palo de muestra de u\u00f1as est\u00e1 hecho de acr\u00edlico de alta calidad, que es ecol\u00f3gico y no t\u00f3xico.La superficie&hellip;","og_url":"https:\/\/hannacosmetica.com\/fr\/tienda\/manicura\/complementos\/muestrario-unasmuestrario-de-unas-para-pintarmuestrario-para-esmaltes-de-unasunas-falsas-muestramuestras-unas-para-pintarunas-mostradorpara-practica-y-exhibicion-de-arte-de-unas50pcs\/","og_site_name":"Hanna Cosm\u00e9tica","article_modified_time":"2024-05-27T10:40:40+00:00","og_image":[{"width":679,"height":619,"url":"https:\/\/hannacosmetica.com\/wp-content\/uploads\/2022\/09\/MUESTRARIO.jpg","type":"image\/jpeg"}],"twitter_card":"summary_large_image","schema":{"@context":"https:\/\/schema.org","@graph":[{"@type":"WebPage","@id":"https:\/\/hannacosmetica.com\/tienda\/manicura\/complementos\/muestrario-unasmuestrario-de-unas-para-pintarmuestrario-para-esmaltes-de-unasunas-falsas-muestramuestras-unas-para-pintarunas-mostradorpara-practica-y-exhibicion-de-arte-de-unas50pcs\/","url":"https:\/\/hannacosmetica.com\/tienda\/manicura\/complementos\/muestrario-unasmuestrario-de-unas-para-pintarmuestrario-para-esmaltes-de-unasunas-falsas-muestramuestras-unas-para-pintarunas-mostradorpara-practica-y-exhibicion-de-arte-de-unas50pcs\/","name":"50Muestrario U\u00f1as,Muestrario de U\u00f1as para Pintar,Muestrario para Esmaltes de U\u00f1as,U\u00f1as Falsas Muestra,Muestras U\u00f1as para Pintar,U\u00f1as Mostrador,para Pr\u00e1ctica y Exhibici\u00f3n de Arte de U\u00f1as,50PCS - Hanna Cosm\u00e9tica","isPartOf":{"@id":"https:\/\/hannacosmetica.com\/#website"},"datePublished":"2022-09-08T08:36:46+00:00","dateModified":"2024-05-27T10:40:40+00:00","breadcrumb":{"@id":"https:\/\/hannacosmetica.com\/tienda\/manicura\/complementos\/muestrario-unasmuestrario-de-unas-para-pintarmuestrario-para-esmaltes-de-unasunas-falsas-muestramuestras-unas-para-pintarunas-mostradorpara-practica-y-exhibicion-de-arte-de-unas50pcs\/#breadcrumb"},"inLanguage":"fr-FR","potentialAction":[{"@type":"ReadAction","target":["https:\/\/hannacosmetica.com\/tienda\/manicura\/complementos\/muestrario-unasmuestrario-de-unas-para-pintarmuestrario-para-esmaltes-de-unasunas-falsas-muestramuestras-unas-para-pintarunas-mostradorpara-practica-y-exhibicion-de-arte-de-unas50pcs\/"]}]},{"@type":"BreadcrumbList","@id":"https:\/\/hannacosmetica.com\/tienda\/manicura\/complementos\/muestrario-unasmuestrario-de-unas-para-pintarmuestrario-para-esmaltes-de-unasunas-falsas-muestramuestras-unas-para-pintarunas-mostradorpara-practica-y-exhibicion-de-arte-de-unas50pcs\/#breadcrumb","itemListElement":[{"@type":"ListItem","position":1,"name":"Portada","item":"https:\/\/hannacosmetica.com\/"},{"@type":"ListItem","position":2,"name":"Tienda","item":"https:\/\/hannacosmetica.com\/shop\/"},{"@type":"ListItem","position":3,"name":"50Muestrario U\u00f1as,Muestrario de U\u00f1as para Pintar,Muestrario para Esmaltes de U\u00f1as,U\u00f1as Falsas Muestra,Muestras U\u00f1as para Pintar,U\u00f1as Mostrador,para Pr\u00e1ctica y Exhibici\u00f3n de Arte de U\u00f1as,50PCS"}]},{"@type":"WebSite","@id":"https:\/\/hannacosmetica.com\/#website","url":"https:\/\/hannacosmetica.com\/","name":"Hanna Cosm\u00e9tica","description":"Tienda de productos u\u00f1as, bellezas y peluquer\u00edas","publisher":{"@id":"https:\/\/hannacosmetica.com\/#organization"},"potentialAction":[{"@type":"SearchAction","target":{"@type":"EntryPoint","urlTemplate":"https:\/\/hannacosmetica.com\/?s={search_term_string}"},"query-input":"required name=search_term_string"}],"inLanguage":"fr-FR"},{"@type":"Organization","@id":"https:\/\/hannacosmetica.com\/#organization","name":"Hanna Cosm\u00e9tica","url":"https:\/\/hannacosmetica.com\/","logo":{"@type":"ImageObject","inLanguage":"fr-FR","@id":"https:\/\/hannacosmetica.com\/#\/schema\/logo\/image\/","url":"https:\/\/hannacosmetica.com\/wp-content\/uploads\/2022\/07\/Logo-Joyeria-Femenino-Floral-Negro.png","contentUrl":"https:\/\/hannacosmetica.com\/wp-content\/uploads\/2022\/07\/Logo-Joyeria-Femenino-Floral-Negro.png","width":361,"height":126,"caption":"Hanna Cosm\u00e9tica"},"image":{"@id":"https:\/\/hannacosmetica.com\/#\/schema\/logo\/image\/"}}]}},"_links":{"self":[{"href":"https:\/\/hannacosmetica.com\/fr\/wp-json\/wp\/v2\/product\/5167"}],"collection":[{"href":"https:\/\/hannacosmetica.com\/fr\/wp-json\/wp\/v2\/product"}],"about":[{"href":"https:\/\/hannacosmetica.com\/fr\/wp-json\/wp\/v2\/types\/product"}],"replies":[{"embeddable":true,"href":"https:\/\/hannacosmetica.com\/fr\/wp-json\/wp\/v2\/comments?post=5167"}],"version-history":[{"count":2,"href":"https:\/\/hannacosmetica.com\/fr\/wp-json\/wp\/v2\/product\/5167\/revisions"}],"predecessor-version":[{"id":10819,"href":"https:\/\/hannacosmetica.com\/fr\/wp-json\/wp\/v2\/product\/5167\/revisions\/10819"}],"wp:featuredmedia":[{"embeddable":true,"href":"https:\/\/hannacosmetica.com\/fr\/wp-json\/wp\/v2\/media\/5168"}],"wp:attachment":[{"href":"https:\/\/hannacosmetica.com\/fr\/wp-json\/wp\/v2\/media?parent=5167"}],"wp:term":[{"taxonomy":"product_cat","embeddable":true,"href":"https:\/\/hannacosmetica.com\/fr\/wp-json\/wp\/v2\/product_cat?post=5167"},{"taxonomy":"product_tag","embeddable":true,"href":"https:\/\/hannacosmetica.com\/fr\/wp-json\/wp\/v2\/product_tag?post=5167"}],"curies":[{"name":"wp","href":"https:\/\/api.w.org\/{rel}","templated":true}]}}