{"id":4820,"date":"2022-09-06T10:41:54","date_gmt":"2022-09-06T10:41:54","guid":{"rendered":"https:\/\/hannacosmetica.com\/?post_type=product&#038;p=4820"},"modified":"2023-10-26T13:05:53","modified_gmt":"2023-10-26T13:05:53","slug":"yueming-paleta-de-mezcla-maquillaje-de-acero-inoxidable-mezcla-con-espatula-herramienta-cosmetica-profesional-cosmeticos-paleta-con-la-herramienta-de-espatula-for-mixing-foundation-nail-art","status":"publish","type":"product","link":"https:\/\/hannacosmetica.com\/fr\/tienda\/manicura\/complementos\/yueming-paleta-de-mezcla-maquillaje-de-acero-inoxidable-mezcla-con-espatula-herramienta-cosmetica-profesional-cosmeticos-paleta-con-la-herramienta-de-espatula-for-mixing-foundation-nail-art\/","title":{"rendered":"YUEMING Paleta de Mezcla Maquillaje de Acero Inoxidable Mezcla, con Esp\u00e1tula Herramienta Cosm\u00e9tica Profesional Cosm\u00e9ticos Paleta con la Herramienta de Esp\u00e1tula, for Mixing Foundation, Nail-Art"},"content":{"rendered":"<ul class=\"a-unordered-list a-vertical a-spacing-mini\">\n<li><span class=\"a-list-item\">Material\u3011 Hecho de acero inoxidable de alta calidad, suave y brillante, f\u00e1cil de limpiar, se adapta a tus manos y te permite tener un maquillaje magn\u00edfico.<\/span><\/li>\n<li><span class=\"a-list-item\">\u3010Tama\u00f1o perfecto\u3011 Paleta: 15,6 x 9,9 cm \/ 6,14 x 3,8 pulgadas, Herramienta de esp\u00e1tula de 15\/6 pulgadas, F\u00e1cil de colocar en su bolsa de maquillaje, tama\u00f1o perfecto para viajar y llevar.<\/span><\/li>\n<li><span class=\"a-list-item\">\u3010Paleta de mezcla de 5 pozos\u3011 Con 5 pozos redondos, puede personalizar el color de las sombras de ojos, el l\u00e1piz labial, el corrector y las bases, etc., y mantener la mezcla limpia entre s\u00ed. Evite la mezcla accidental de colores.<\/span><\/li>\n<li><span class=\"a-list-item\">\u3010Dise\u00f1o de orificio para el pulgar\u3011: la paleta de colores est\u00e1 equipada con un orificio para el pulgar lateral de pl\u00e1stico, que es f\u00e1cil de sostener, c\u00f3modo de sostener y conveniente para el maquillaje.<\/span><\/li>\n<li><span class=\"a-list-item\">\u3010Regalo perfecto\u3011este es un regalo de moda imprescindible para el maquillaje, ideal tanto para uso profesional como para uso diario, sin importar si eres un maquillador profesional, un amante del maquillaje de moda o simplemente un aprendiz de maquillaje.<\/span><\/li>\n<\/ul>","protected":false},"excerpt":{"rendered":"<p>Material\u3011 Hecho de acero inoxidable de alta calidad, suave y brillante, f\u00e1cil de limpiar, se adapta a tus manos y te permite&hellip;<\/p>","protected":false},"featured_media":4821,"comment_status":"open","ping_status":"closed","template":"","meta":[],"product_cat":[82,101],"product_tag":[],"yoast_head":"<!-- This site is optimized with the Yoast SEO plugin v19.9 - https:\/\/yoast.com\/wordpress\/plugins\/seo\/ -->\n<title>YUEMING Paleta de Mezcla Maquillaje de Acero Inoxidable Mezcla, con Esp\u00e1tula Herramienta Cosm\u00e9tica Profesional Cosm\u00e9ticos Paleta con la Herramienta de Esp\u00e1tula, for Mixing Foundation, Nail-Art - Hanna Cosm\u00e9tica<\/title>\n<meta name=\"robots\" content=\"index, follow, max-snippet:-1, max-image-preview:large, max-video-preview:-1\" \/>\n<link rel=\"canonical\" href=\"https:\/\/hannacosmetica.com\/fr\/tienda\/manicura\/complementos\/yueming-paleta-de-mezcla-maquillaje-de-acero-inoxidable-mezcla-con-espatula-herramienta-cosmetica-profesional-cosmeticos-paleta-con-la-herramienta-de-espatula-for-mixing-foundation-nail-art\/\" \/>\n<meta property=\"og:locale\" content=\"fr_FR\" \/>\n<meta property=\"og:type\" content=\"article\" \/>\n<meta property=\"og:title\" content=\"YUEMING Paleta de Mezcla Maquillaje de Acero Inoxidable Mezcla, con Esp\u00e1tula Herramienta Cosm\u00e9tica Profesional Cosm\u00e9ticos Paleta con la Herramienta de Esp\u00e1tula, for Mixing Foundation, Nail-Art - Hanna Cosm\u00e9tica\" \/>\n<meta property=\"og:description\" content=\"Material\u3011 Hecho de acero inoxidable de alta calidad, suave y brillante, f\u00e1cil de limpiar, se adapta a tus manos y te permite&hellip;\" \/>\n<meta property=\"og:url\" content=\"https:\/\/hannacosmetica.com\/fr\/tienda\/manicura\/complementos\/yueming-paleta-de-mezcla-maquillaje-de-acero-inoxidable-mezcla-con-espatula-herramienta-cosmetica-profesional-cosmeticos-paleta-con-la-herramienta-de-espatula-for-mixing-foundation-nail-art\/\" \/>\n<meta property=\"og:site_name\" content=\"Hanna Cosm\u00e9tica\" \/>\n<meta property=\"article:modified_time\" content=\"2023-10-26T13:05:53+00:00\" \/>\n<meta property=\"og:image\" content=\"https:\/\/hannacosmetica.com\/wp-content\/uploads\/2022\/09\/30f136b6-701a-4672-bc23-7c8ed471ba25.jpg\" \/>\n\t<meta property=\"og:image:width\" content=\"2048\" \/>\n\t<meta property=\"og:image:height\" content=\"2048\" \/>\n\t<meta property=\"og:image:type\" content=\"image\/jpeg\" \/>\n<meta name=\"twitter:card\" content=\"summary_large_image\" \/>\n<script type=\"application\/ld+json\" class=\"yoast-schema-graph\">{\"@context\":\"https:\/\/schema.org\",\"@graph\":[{\"@type\":\"WebPage\",\"@id\":\"https:\/\/hannacosmetica.com\/tienda\/manicura\/complementos\/yueming-paleta-de-mezcla-maquillaje-de-acero-inoxidable-mezcla-con-espatula-herramienta-cosmetica-profesional-cosmeticos-paleta-con-la-herramienta-de-espatula-for-mixing-foundation-nail-art\/\",\"url\":\"https:\/\/hannacosmetica.com\/tienda\/manicura\/complementos\/yueming-paleta-de-mezcla-maquillaje-de-acero-inoxidable-mezcla-con-espatula-herramienta-cosmetica-profesional-cosmeticos-paleta-con-la-herramienta-de-espatula-for-mixing-foundation-nail-art\/\",\"name\":\"YUEMING Paleta de Mezcla Maquillaje de Acero Inoxidable Mezcla, con Esp\u00e1tula Herramienta Cosm\u00e9tica Profesional Cosm\u00e9ticos Paleta con la Herramienta de Esp\u00e1tula, for Mixing Foundation, Nail-Art - Hanna Cosm\u00e9tica\",\"isPartOf\":{\"@id\":\"https:\/\/hannacosmetica.com\/#website\"},\"datePublished\":\"2022-09-06T10:41:54+00:00\",\"dateModified\":\"2023-10-26T13:05:53+00:00\",\"breadcrumb\":{\"@id\":\"https:\/\/hannacosmetica.com\/tienda\/manicura\/complementos\/yueming-paleta-de-mezcla-maquillaje-de-acero-inoxidable-mezcla-con-espatula-herramienta-cosmetica-profesional-cosmeticos-paleta-con-la-herramienta-de-espatula-for-mixing-foundation-nail-art\/#breadcrumb\"},\"inLanguage\":\"fr-FR\",\"potentialAction\":[{\"@type\":\"ReadAction\",\"target\":[\"https:\/\/hannacosmetica.com\/tienda\/manicura\/complementos\/yueming-paleta-de-mezcla-maquillaje-de-acero-inoxidable-mezcla-con-espatula-herramienta-cosmetica-profesional-cosmeticos-paleta-con-la-herramienta-de-espatula-for-mixing-foundation-nail-art\/\"]}]},{\"@type\":\"BreadcrumbList\",\"@id\":\"https:\/\/hannacosmetica.com\/tienda\/manicura\/complementos\/yueming-paleta-de-mezcla-maquillaje-de-acero-inoxidable-mezcla-con-espatula-herramienta-cosmetica-profesional-cosmeticos-paleta-con-la-herramienta-de-espatula-for-mixing-foundation-nail-art\/#breadcrumb\",\"itemListElement\":[{\"@type\":\"ListItem\",\"position\":1,\"name\":\"Portada\",\"item\":\"https:\/\/hannacosmetica.com\/\"},{\"@type\":\"ListItem\",\"position\":2,\"name\":\"Tienda\",\"item\":\"https:\/\/hannacosmetica.com\/shop\/\"},{\"@type\":\"ListItem\",\"position\":3,\"name\":\"YUEMING Paleta de Mezcla Maquillaje de Acero Inoxidable Mezcla, con Esp\u00e1tula Herramienta Cosm\u00e9tica Profesional Cosm\u00e9ticos Paleta con la Herramienta de Esp\u00e1tula, for Mixing Foundation, Nail-Art\"}]},{\"@type\":\"WebSite\",\"@id\":\"https:\/\/hannacosmetica.com\/#website\",\"url\":\"https:\/\/hannacosmetica.com\/\",\"name\":\"Hanna Cosm\u00e9tica\",\"description\":\"Tienda de productos u\u00f1as, bellezas y peluquer\u00edas\",\"publisher\":{\"@id\":\"https:\/\/hannacosmetica.com\/#organization\"},\"potentialAction\":[{\"@type\":\"SearchAction\",\"target\":{\"@type\":\"EntryPoint\",\"urlTemplate\":\"https:\/\/hannacosmetica.com\/?s={search_term_string}\"},\"query-input\":\"required name=search_term_string\"}],\"inLanguage\":\"fr-FR\"},{\"@type\":\"Organization\",\"@id\":\"https:\/\/hannacosmetica.com\/#organization\",\"name\":\"Hanna Cosm\u00e9tica\",\"url\":\"https:\/\/hannacosmetica.com\/\",\"logo\":{\"@type\":\"ImageObject\",\"inLanguage\":\"fr-FR\",\"@id\":\"https:\/\/hannacosmetica.com\/#\/schema\/logo\/image\/\",\"url\":\"https:\/\/hannacosmetica.com\/wp-content\/uploads\/2022\/07\/Logo-Joyeria-Femenino-Floral-Negro.png\",\"contentUrl\":\"https:\/\/hannacosmetica.com\/wp-content\/uploads\/2022\/07\/Logo-Joyeria-Femenino-Floral-Negro.png\",\"width\":361,\"height\":126,\"caption\":\"Hanna Cosm\u00e9tica\"},\"image\":{\"@id\":\"https:\/\/hannacosmetica.com\/#\/schema\/logo\/image\/\"}}]}<\/script>\n<!-- \/ Yoast SEO plugin. -->","yoast_head_json":{"title":"YUEMING Paleta de Mezcla Maquillaje de Acero Inoxidable Mezcla, con Esp\u00e1tula Herramienta Cosm\u00e9tica Profesional Cosm\u00e9ticos Paleta con la Herramienta de Esp\u00e1tula, for Mixing Foundation, Nail-Art - Hanna Cosm\u00e9tica","robots":{"index":"index","follow":"follow","max-snippet":"max-snippet:-1","max-image-preview":"max-image-preview:large","max-video-preview":"max-video-preview:-1"},"canonical":"https:\/\/hannacosmetica.com\/fr\/tienda\/manicura\/complementos\/yueming-paleta-de-mezcla-maquillaje-de-acero-inoxidable-mezcla-con-espatula-herramienta-cosmetica-profesional-cosmeticos-paleta-con-la-herramienta-de-espatula-for-mixing-foundation-nail-art\/","og_locale":"fr_FR","og_type":"article","og_title":"YUEMING Paleta de Mezcla Maquillaje de Acero Inoxidable Mezcla, con Esp\u00e1tula Herramienta Cosm\u00e9tica Profesional Cosm\u00e9ticos Paleta con la Herramienta de Esp\u00e1tula, for Mixing Foundation, Nail-Art - Hanna Cosm\u00e9tica","og_description":"Material\u3011 Hecho de acero inoxidable de alta calidad, suave y brillante, f\u00e1cil de limpiar, se adapta a tus manos y te permite&hellip;","og_url":"https:\/\/hannacosmetica.com\/fr\/tienda\/manicura\/complementos\/yueming-paleta-de-mezcla-maquillaje-de-acero-inoxidable-mezcla-con-espatula-herramienta-cosmetica-profesional-cosmeticos-paleta-con-la-herramienta-de-espatula-for-mixing-foundation-nail-art\/","og_site_name":"Hanna Cosm\u00e9tica","article_modified_time":"2023-10-26T13:05:53+00:00","og_image":[{"width":2048,"height":2048,"url":"https:\/\/hannacosmetica.com\/wp-content\/uploads\/2022\/09\/30f136b6-701a-4672-bc23-7c8ed471ba25.jpg","type":"image\/jpeg"}],"twitter_card":"summary_large_image","schema":{"@context":"https:\/\/schema.org","@graph":[{"@type":"WebPage","@id":"https:\/\/hannacosmetica.com\/tienda\/manicura\/complementos\/yueming-paleta-de-mezcla-maquillaje-de-acero-inoxidable-mezcla-con-espatula-herramienta-cosmetica-profesional-cosmeticos-paleta-con-la-herramienta-de-espatula-for-mixing-foundation-nail-art\/","url":"https:\/\/hannacosmetica.com\/tienda\/manicura\/complementos\/yueming-paleta-de-mezcla-maquillaje-de-acero-inoxidable-mezcla-con-espatula-herramienta-cosmetica-profesional-cosmeticos-paleta-con-la-herramienta-de-espatula-for-mixing-foundation-nail-art\/","name":"YUEMING Paleta de Mezcla Maquillaje de Acero Inoxidable Mezcla, con Esp\u00e1tula Herramienta Cosm\u00e9tica Profesional Cosm\u00e9ticos Paleta con la Herramienta de Esp\u00e1tula, for Mixing Foundation, Nail-Art - Hanna Cosm\u00e9tica","isPartOf":{"@id":"https:\/\/hannacosmetica.com\/#website"},"datePublished":"2022-09-06T10:41:54+00:00","dateModified":"2023-10-26T13:05:53+00:00","breadcrumb":{"@id":"https:\/\/hannacosmetica.com\/tienda\/manicura\/complementos\/yueming-paleta-de-mezcla-maquillaje-de-acero-inoxidable-mezcla-con-espatula-herramienta-cosmetica-profesional-cosmeticos-paleta-con-la-herramienta-de-espatula-for-mixing-foundation-nail-art\/#breadcrumb"},"inLanguage":"fr-FR","potentialAction":[{"@type":"ReadAction","target":["https:\/\/hannacosmetica.com\/tienda\/manicura\/complementos\/yueming-paleta-de-mezcla-maquillaje-de-acero-inoxidable-mezcla-con-espatula-herramienta-cosmetica-profesional-cosmeticos-paleta-con-la-herramienta-de-espatula-for-mixing-foundation-nail-art\/"]}]},{"@type":"BreadcrumbList","@id":"https:\/\/hannacosmetica.com\/tienda\/manicura\/complementos\/yueming-paleta-de-mezcla-maquillaje-de-acero-inoxidable-mezcla-con-espatula-herramienta-cosmetica-profesional-cosmeticos-paleta-con-la-herramienta-de-espatula-for-mixing-foundation-nail-art\/#breadcrumb","itemListElement":[{"@type":"ListItem","position":1,"name":"Portada","item":"https:\/\/hannacosmetica.com\/"},{"@type":"ListItem","position":2,"name":"Tienda","item":"https:\/\/hannacosmetica.com\/shop\/"},{"@type":"ListItem","position":3,"name":"YUEMING Paleta de Mezcla Maquillaje de Acero Inoxidable Mezcla, con Esp\u00e1tula Herramienta Cosm\u00e9tica Profesional Cosm\u00e9ticos Paleta con la Herramienta de Esp\u00e1tula, for Mixing Foundation, Nail-Art"}]},{"@type":"WebSite","@id":"https:\/\/hannacosmetica.com\/#website","url":"https:\/\/hannacosmetica.com\/","name":"Hanna Cosm\u00e9tica","description":"Tienda de productos u\u00f1as, bellezas y peluquer\u00edas","publisher":{"@id":"https:\/\/hannacosmetica.com\/#organization"},"potentialAction":[{"@type":"SearchAction","target":{"@type":"EntryPoint","urlTemplate":"https:\/\/hannacosmetica.com\/?s={search_term_string}"},"query-input":"required name=search_term_string"}],"inLanguage":"fr-FR"},{"@type":"Organization","@id":"https:\/\/hannacosmetica.com\/#organization","name":"Hanna Cosm\u00e9tica","url":"https:\/\/hannacosmetica.com\/","logo":{"@type":"ImageObject","inLanguage":"fr-FR","@id":"https:\/\/hannacosmetica.com\/#\/schema\/logo\/image\/","url":"https:\/\/hannacosmetica.com\/wp-content\/uploads\/2022\/07\/Logo-Joyeria-Femenino-Floral-Negro.png","contentUrl":"https:\/\/hannacosmetica.com\/wp-content\/uploads\/2022\/07\/Logo-Joyeria-Femenino-Floral-Negro.png","width":361,"height":126,"caption":"Hanna Cosm\u00e9tica"},"image":{"@id":"https:\/\/hannacosmetica.com\/#\/schema\/logo\/image\/"}}]}},"_links":{"self":[{"href":"https:\/\/hannacosmetica.com\/fr\/wp-json\/wp\/v2\/product\/4820"}],"collection":[{"href":"https:\/\/hannacosmetica.com\/fr\/wp-json\/wp\/v2\/product"}],"about":[{"href":"https:\/\/hannacosmetica.com\/fr\/wp-json\/wp\/v2\/types\/product"}],"replies":[{"embeddable":true,"href":"https:\/\/hannacosmetica.com\/fr\/wp-json\/wp\/v2\/comments?post=4820"}],"version-history":[{"count":1,"href":"https:\/\/hannacosmetica.com\/fr\/wp-json\/wp\/v2\/product\/4820\/revisions"}],"predecessor-version":[{"id":4822,"href":"https:\/\/hannacosmetica.com\/fr\/wp-json\/wp\/v2\/product\/4820\/revisions\/4822"}],"wp:featuredmedia":[{"embeddable":true,"href":"https:\/\/hannacosmetica.com\/fr\/wp-json\/wp\/v2\/media\/4821"}],"wp:attachment":[{"href":"https:\/\/hannacosmetica.com\/fr\/wp-json\/wp\/v2\/media?parent=4820"}],"wp:term":[{"taxonomy":"product_cat","embeddable":true,"href":"https:\/\/hannacosmetica.com\/fr\/wp-json\/wp\/v2\/product_cat?post=4820"},{"taxonomy":"product_tag","embeddable":true,"href":"https:\/\/hannacosmetica.com\/fr\/wp-json\/wp\/v2\/product_tag?post=4820"}],"curies":[{"name":"wp","href":"https:\/\/api.w.org\/{rel}","templated":true}]}}