{"id":4654,"date":"2022-09-06T09:19:49","date_gmt":"2022-09-06T09:19:49","guid":{"rendered":"https:\/\/hannacosmetica.com\/?post_type=product&#038;p=4654"},"modified":"2023-10-26T14:45:05","modified_gmt":"2023-10-26T14:45:05","slug":"fomiyes-alfombrilla-de-reposamanos-para-manicura-para-unas-alfombrilla-de-mesa-para-decoracion-de-unas-con-purpurina-cubierta-de-mesa-para-decoracion-de-unas-con-diamante-alfombrilla-de","status":"publish","type":"product","link":"https:\/\/hannacosmetica.com\/fr\/tienda\/manicura\/complementos\/fomiyes-alfombrilla-de-reposamanos-para-manicura-para-unas-alfombrilla-de-mesa-para-decoracion-de-unas-con-purpurina-cubierta-de-mesa-para-decoracion-de-unas-con-diamante-alfombrilla-de\/","title":{"rendered":"Cojin Alfombrilla de Reposamanos para Manicura para U\u00f1as Alfombrilla de Mesa para Decoraci\u00f3n de U\u00f1as con Purpurina Cubierta de Mesa para Decoraci\u00f3n de U\u00f1as con Diamante Alfombrilla de"},"content":{"rendered":"<ul class=\"a-unordered-list a-vertical a-spacing-mini\">\n<li><span class=\"a-list-item\">&#8211; regalo para amigos.<\/span><\/li>\n<li><span class=\"a-list-item\">&#8211; Hermosa decoraci\u00f3n de la mesa de u\u00f1as.<\/span><\/li>\n<li><span class=\"a-list-item\">&#8211; Hecho de materiales de resina, uso duradero y a largo plazo.<\/span><\/li>\n<li><span class=\"a-list-item\">&#8211; Hermosos diamantes de imitaci\u00f3n brillantes que lo hacen m\u00e1s creativo y novedoso.<\/span><\/li>\n<li><span class=\"a-list-item\">&#8211; Perfecto para salones de u\u00f1as, escuelas de u\u00f1as, artistas de u\u00f1as, manicuristas, manicura de bricolaje en casa<\/span><\/li>\n<\/ul>","protected":false},"excerpt":{"rendered":"<p>&#8211; regalo para amigos. &#8211; Hermosa decoraci\u00f3n de la mesa de u\u00f1as. &#8211; Hecho de materiales de resina, uso duradero y a&hellip;<\/p>","protected":false},"featured_media":4655,"comment_status":"open","ping_status":"closed","template":"","meta":[],"product_cat":[82,101],"product_tag":[],"yoast_head":"<!-- This site is optimized with the Yoast SEO plugin v19.9 - https:\/\/yoast.com\/wordpress\/plugins\/seo\/ -->\n<title>Cojin Alfombrilla de Reposamanos para Manicura para U\u00f1as Alfombrilla de Mesa para Decoraci\u00f3n de U\u00f1as con Purpurina Cubierta de Mesa para Decoraci\u00f3n de U\u00f1as con Diamante Alfombrilla de - Hanna Cosm\u00e9tica<\/title>\n<meta name=\"robots\" content=\"index, follow, max-snippet:-1, max-image-preview:large, max-video-preview:-1\" \/>\n<link rel=\"canonical\" href=\"https:\/\/hannacosmetica.com\/fr\/tienda\/manicura\/complementos\/fomiyes-alfombrilla-de-reposamanos-para-manicura-para-unas-alfombrilla-de-mesa-para-decoracion-de-unas-con-purpurina-cubierta-de-mesa-para-decoracion-de-unas-con-diamante-alfombrilla-de\/\" \/>\n<meta property=\"og:locale\" content=\"fr_FR\" \/>\n<meta property=\"og:type\" content=\"article\" \/>\n<meta property=\"og:title\" content=\"Cojin Alfombrilla de Reposamanos para Manicura para U\u00f1as Alfombrilla de Mesa para Decoraci\u00f3n de U\u00f1as con Purpurina Cubierta de Mesa para Decoraci\u00f3n de U\u00f1as con Diamante Alfombrilla de - Hanna Cosm\u00e9tica\" \/>\n<meta property=\"og:description\" content=\"&#8211; regalo para amigos. &#8211; Hermosa decoraci\u00f3n de la mesa de u\u00f1as. &#8211; Hecho de materiales de resina, uso duradero y a&hellip;\" \/>\n<meta property=\"og:url\" content=\"https:\/\/hannacosmetica.com\/fr\/tienda\/manicura\/complementos\/fomiyes-alfombrilla-de-reposamanos-para-manicura-para-unas-alfombrilla-de-mesa-para-decoracion-de-unas-con-purpurina-cubierta-de-mesa-para-decoracion-de-unas-con-diamante-alfombrilla-de\/\" \/>\n<meta property=\"og:site_name\" content=\"Hanna Cosm\u00e9tica\" \/>\n<meta property=\"article:modified_time\" content=\"2023-10-26T14:45:05+00:00\" \/>\n<meta property=\"og:image\" content=\"https:\/\/hannacosmetica.com\/wp-content\/uploads\/2022\/09\/3dd49d09-127f-4ee4-99a4-fda4b7702941.jpg\" \/>\n\t<meta property=\"og:image:width\" content=\"2048\" \/>\n\t<meta property=\"og:image:height\" content=\"2048\" \/>\n\t<meta property=\"og:image:type\" content=\"image\/jpeg\" \/>\n<meta name=\"twitter:card\" content=\"summary_large_image\" \/>\n<script type=\"application\/ld+json\" class=\"yoast-schema-graph\">{\"@context\":\"https:\/\/schema.org\",\"@graph\":[{\"@type\":\"WebPage\",\"@id\":\"https:\/\/hannacosmetica.com\/tienda\/manicura\/complementos\/fomiyes-alfombrilla-de-reposamanos-para-manicura-para-unas-alfombrilla-de-mesa-para-decoracion-de-unas-con-purpurina-cubierta-de-mesa-para-decoracion-de-unas-con-diamante-alfombrilla-de\/\",\"url\":\"https:\/\/hannacosmetica.com\/tienda\/manicura\/complementos\/fomiyes-alfombrilla-de-reposamanos-para-manicura-para-unas-alfombrilla-de-mesa-para-decoracion-de-unas-con-purpurina-cubierta-de-mesa-para-decoracion-de-unas-con-diamante-alfombrilla-de\/\",\"name\":\"Cojin Alfombrilla de Reposamanos para Manicura para U\u00f1as Alfombrilla de Mesa para Decoraci\u00f3n de U\u00f1as con Purpurina Cubierta de Mesa para Decoraci\u00f3n de U\u00f1as con Diamante Alfombrilla de - Hanna Cosm\u00e9tica\",\"isPartOf\":{\"@id\":\"https:\/\/hannacosmetica.com\/#website\"},\"datePublished\":\"2022-09-06T09:19:49+00:00\",\"dateModified\":\"2023-10-26T14:45:05+00:00\",\"breadcrumb\":{\"@id\":\"https:\/\/hannacosmetica.com\/tienda\/manicura\/complementos\/fomiyes-alfombrilla-de-reposamanos-para-manicura-para-unas-alfombrilla-de-mesa-para-decoracion-de-unas-con-purpurina-cubierta-de-mesa-para-decoracion-de-unas-con-diamante-alfombrilla-de\/#breadcrumb\"},\"inLanguage\":\"fr-FR\",\"potentialAction\":[{\"@type\":\"ReadAction\",\"target\":[\"https:\/\/hannacosmetica.com\/tienda\/manicura\/complementos\/fomiyes-alfombrilla-de-reposamanos-para-manicura-para-unas-alfombrilla-de-mesa-para-decoracion-de-unas-con-purpurina-cubierta-de-mesa-para-decoracion-de-unas-con-diamante-alfombrilla-de\/\"]}]},{\"@type\":\"BreadcrumbList\",\"@id\":\"https:\/\/hannacosmetica.com\/tienda\/manicura\/complementos\/fomiyes-alfombrilla-de-reposamanos-para-manicura-para-unas-alfombrilla-de-mesa-para-decoracion-de-unas-con-purpurina-cubierta-de-mesa-para-decoracion-de-unas-con-diamante-alfombrilla-de\/#breadcrumb\",\"itemListElement\":[{\"@type\":\"ListItem\",\"position\":1,\"name\":\"Portada\",\"item\":\"https:\/\/hannacosmetica.com\/\"},{\"@type\":\"ListItem\",\"position\":2,\"name\":\"Tienda\",\"item\":\"https:\/\/hannacosmetica.com\/shop\/\"},{\"@type\":\"ListItem\",\"position\":3,\"name\":\"Cojin Alfombrilla de Reposamanos para Manicura para U\u00f1as Alfombrilla de Mesa para Decoraci\u00f3n de U\u00f1as con Purpurina Cubierta de Mesa para Decoraci\u00f3n de U\u00f1as con Diamante Alfombrilla de\"}]},{\"@type\":\"WebSite\",\"@id\":\"https:\/\/hannacosmetica.com\/#website\",\"url\":\"https:\/\/hannacosmetica.com\/\",\"name\":\"Hanna Cosm\u00e9tica\",\"description\":\"Tienda de productos u\u00f1as, bellezas y peluquer\u00edas\",\"publisher\":{\"@id\":\"https:\/\/hannacosmetica.com\/#organization\"},\"potentialAction\":[{\"@type\":\"SearchAction\",\"target\":{\"@type\":\"EntryPoint\",\"urlTemplate\":\"https:\/\/hannacosmetica.com\/?s={search_term_string}\"},\"query-input\":\"required name=search_term_string\"}],\"inLanguage\":\"fr-FR\"},{\"@type\":\"Organization\",\"@id\":\"https:\/\/hannacosmetica.com\/#organization\",\"name\":\"Hanna Cosm\u00e9tica\",\"url\":\"https:\/\/hannacosmetica.com\/\",\"logo\":{\"@type\":\"ImageObject\",\"inLanguage\":\"fr-FR\",\"@id\":\"https:\/\/hannacosmetica.com\/#\/schema\/logo\/image\/\",\"url\":\"https:\/\/hannacosmetica.com\/wp-content\/uploads\/2022\/07\/Logo-Joyeria-Femenino-Floral-Negro.png\",\"contentUrl\":\"https:\/\/hannacosmetica.com\/wp-content\/uploads\/2022\/07\/Logo-Joyeria-Femenino-Floral-Negro.png\",\"width\":361,\"height\":126,\"caption\":\"Hanna Cosm\u00e9tica\"},\"image\":{\"@id\":\"https:\/\/hannacosmetica.com\/#\/schema\/logo\/image\/\"}}]}<\/script>\n<!-- \/ Yoast SEO plugin. -->","yoast_head_json":{"title":"Cojin Alfombrilla de Reposamanos para Manicura para U\u00f1as Alfombrilla de Mesa para Decoraci\u00f3n de U\u00f1as con Purpurina Cubierta de Mesa para Decoraci\u00f3n de U\u00f1as con Diamante Alfombrilla de - Hanna Cosm\u00e9tica","robots":{"index":"index","follow":"follow","max-snippet":"max-snippet:-1","max-image-preview":"max-image-preview:large","max-video-preview":"max-video-preview:-1"},"canonical":"https:\/\/hannacosmetica.com\/fr\/tienda\/manicura\/complementos\/fomiyes-alfombrilla-de-reposamanos-para-manicura-para-unas-alfombrilla-de-mesa-para-decoracion-de-unas-con-purpurina-cubierta-de-mesa-para-decoracion-de-unas-con-diamante-alfombrilla-de\/","og_locale":"fr_FR","og_type":"article","og_title":"Cojin Alfombrilla de Reposamanos para Manicura para U\u00f1as Alfombrilla de Mesa para Decoraci\u00f3n de U\u00f1as con Purpurina Cubierta de Mesa para Decoraci\u00f3n de U\u00f1as con Diamante Alfombrilla de - Hanna Cosm\u00e9tica","og_description":"&#8211; regalo para amigos. &#8211; Hermosa decoraci\u00f3n de la mesa de u\u00f1as. &#8211; Hecho de materiales de resina, uso duradero y a&hellip;","og_url":"https:\/\/hannacosmetica.com\/fr\/tienda\/manicura\/complementos\/fomiyes-alfombrilla-de-reposamanos-para-manicura-para-unas-alfombrilla-de-mesa-para-decoracion-de-unas-con-purpurina-cubierta-de-mesa-para-decoracion-de-unas-con-diamante-alfombrilla-de\/","og_site_name":"Hanna Cosm\u00e9tica","article_modified_time":"2023-10-26T14:45:05+00:00","og_image":[{"width":2048,"height":2048,"url":"https:\/\/hannacosmetica.com\/wp-content\/uploads\/2022\/09\/3dd49d09-127f-4ee4-99a4-fda4b7702941.jpg","type":"image\/jpeg"}],"twitter_card":"summary_large_image","schema":{"@context":"https:\/\/schema.org","@graph":[{"@type":"WebPage","@id":"https:\/\/hannacosmetica.com\/tienda\/manicura\/complementos\/fomiyes-alfombrilla-de-reposamanos-para-manicura-para-unas-alfombrilla-de-mesa-para-decoracion-de-unas-con-purpurina-cubierta-de-mesa-para-decoracion-de-unas-con-diamante-alfombrilla-de\/","url":"https:\/\/hannacosmetica.com\/tienda\/manicura\/complementos\/fomiyes-alfombrilla-de-reposamanos-para-manicura-para-unas-alfombrilla-de-mesa-para-decoracion-de-unas-con-purpurina-cubierta-de-mesa-para-decoracion-de-unas-con-diamante-alfombrilla-de\/","name":"Cojin Alfombrilla de Reposamanos para Manicura para U\u00f1as Alfombrilla de Mesa para Decoraci\u00f3n de U\u00f1as con Purpurina Cubierta de Mesa para Decoraci\u00f3n de U\u00f1as con Diamante Alfombrilla de - Hanna Cosm\u00e9tica","isPartOf":{"@id":"https:\/\/hannacosmetica.com\/#website"},"datePublished":"2022-09-06T09:19:49+00:00","dateModified":"2023-10-26T14:45:05+00:00","breadcrumb":{"@id":"https:\/\/hannacosmetica.com\/tienda\/manicura\/complementos\/fomiyes-alfombrilla-de-reposamanos-para-manicura-para-unas-alfombrilla-de-mesa-para-decoracion-de-unas-con-purpurina-cubierta-de-mesa-para-decoracion-de-unas-con-diamante-alfombrilla-de\/#breadcrumb"},"inLanguage":"fr-FR","potentialAction":[{"@type":"ReadAction","target":["https:\/\/hannacosmetica.com\/tienda\/manicura\/complementos\/fomiyes-alfombrilla-de-reposamanos-para-manicura-para-unas-alfombrilla-de-mesa-para-decoracion-de-unas-con-purpurina-cubierta-de-mesa-para-decoracion-de-unas-con-diamante-alfombrilla-de\/"]}]},{"@type":"BreadcrumbList","@id":"https:\/\/hannacosmetica.com\/tienda\/manicura\/complementos\/fomiyes-alfombrilla-de-reposamanos-para-manicura-para-unas-alfombrilla-de-mesa-para-decoracion-de-unas-con-purpurina-cubierta-de-mesa-para-decoracion-de-unas-con-diamante-alfombrilla-de\/#breadcrumb","itemListElement":[{"@type":"ListItem","position":1,"name":"Portada","item":"https:\/\/hannacosmetica.com\/"},{"@type":"ListItem","position":2,"name":"Tienda","item":"https:\/\/hannacosmetica.com\/shop\/"},{"@type":"ListItem","position":3,"name":"Cojin Alfombrilla de Reposamanos para Manicura para U\u00f1as Alfombrilla de Mesa para Decoraci\u00f3n de U\u00f1as con Purpurina Cubierta de Mesa para Decoraci\u00f3n de U\u00f1as con Diamante Alfombrilla de"}]},{"@type":"WebSite","@id":"https:\/\/hannacosmetica.com\/#website","url":"https:\/\/hannacosmetica.com\/","name":"Hanna Cosm\u00e9tica","description":"Tienda de productos u\u00f1as, bellezas y peluquer\u00edas","publisher":{"@id":"https:\/\/hannacosmetica.com\/#organization"},"potentialAction":[{"@type":"SearchAction","target":{"@type":"EntryPoint","urlTemplate":"https:\/\/hannacosmetica.com\/?s={search_term_string}"},"query-input":"required name=search_term_string"}],"inLanguage":"fr-FR"},{"@type":"Organization","@id":"https:\/\/hannacosmetica.com\/#organization","name":"Hanna Cosm\u00e9tica","url":"https:\/\/hannacosmetica.com\/","logo":{"@type":"ImageObject","inLanguage":"fr-FR","@id":"https:\/\/hannacosmetica.com\/#\/schema\/logo\/image\/","url":"https:\/\/hannacosmetica.com\/wp-content\/uploads\/2022\/07\/Logo-Joyeria-Femenino-Floral-Negro.png","contentUrl":"https:\/\/hannacosmetica.com\/wp-content\/uploads\/2022\/07\/Logo-Joyeria-Femenino-Floral-Negro.png","width":361,"height":126,"caption":"Hanna Cosm\u00e9tica"},"image":{"@id":"https:\/\/hannacosmetica.com\/#\/schema\/logo\/image\/"}}]}},"_links":{"self":[{"href":"https:\/\/hannacosmetica.com\/fr\/wp-json\/wp\/v2\/product\/4654"}],"collection":[{"href":"https:\/\/hannacosmetica.com\/fr\/wp-json\/wp\/v2\/product"}],"about":[{"href":"https:\/\/hannacosmetica.com\/fr\/wp-json\/wp\/v2\/types\/product"}],"replies":[{"embeddable":true,"href":"https:\/\/hannacosmetica.com\/fr\/wp-json\/wp\/v2\/comments?post=4654"}],"version-history":[{"count":2,"href":"https:\/\/hannacosmetica.com\/fr\/wp-json\/wp\/v2\/product\/4654\/revisions"}],"predecessor-version":[{"id":4662,"href":"https:\/\/hannacosmetica.com\/fr\/wp-json\/wp\/v2\/product\/4654\/revisions\/4662"}],"wp:featuredmedia":[{"embeddable":true,"href":"https:\/\/hannacosmetica.com\/fr\/wp-json\/wp\/v2\/media\/4655"}],"wp:attachment":[{"href":"https:\/\/hannacosmetica.com\/fr\/wp-json\/wp\/v2\/media?parent=4654"}],"wp:term":[{"taxonomy":"product_cat","embeddable":true,"href":"https:\/\/hannacosmetica.com\/fr\/wp-json\/wp\/v2\/product_cat?post=4654"},{"taxonomy":"product_tag","embeddable":true,"href":"https:\/\/hannacosmetica.com\/fr\/wp-json\/wp\/v2\/product_tag?post=4654"}],"curies":[{"name":"wp","href":"https:\/\/api.w.org\/{rel}","templated":true}]}}