{"id":4620,"date":"2022-09-06T08:50:07","date_gmt":"2022-09-06T08:50:07","guid":{"rendered":"https:\/\/hannacosmetica.com\/?post_type=product&#038;p=4620"},"modified":"2024-01-15T14:51:37","modified_gmt":"2024-01-15T14:51:37","slug":"cojin-para-manicura-polipiel-reposabrazos-de-manos-cojin-de-almohada","status":"publish","type":"product","link":"https:\/\/hannacosmetica.com\/fr\/tienda\/manicura\/complementos\/cojin-para-manicura-polipiel-reposabrazos-de-manos-cojin-de-almohada\/","title":{"rendered":"Coj\u00edn Para Manicura Polipiel, Reposabrazos De Manos, Coj\u00edn De Almohada"},"content":{"rendered":"<p><u><span data-spm-anchor-id=\"a2g0o.detail.1000023.i1.f0537357c3EP36\">Caracter\u00edsticas:<\/span><\/u><br \/>\nEl material suave que contiene cuero PU y esponja se adapta perfectamente.<br \/>\nEl hermoso color est\u00e1 lleno de estilo femenino, lo que te hace sentir m\u00e1s c\u00f3modo.<br \/>\nEsta almohada de mano es una herramienta profesional imprescindible para el arte de las u\u00f1as.<br \/>\nModa, suave, duradero y pr\u00e1ctico<\/p>","protected":false},"excerpt":{"rendered":"<p>Caracter\u00edsticas: El material suave que contiene cuero PU y esponja se adapta perfectamente. El hermoso color est\u00e1 lleno de estilo femenino, lo&hellip;<\/p>","protected":false},"featured_media":4621,"comment_status":"open","ping_status":"closed","template":"","meta":[],"product_cat":[82,101],"product_tag":[],"yoast_head":"<!-- This site is optimized with the Yoast SEO plugin v19.9 - https:\/\/yoast.com\/wordpress\/plugins\/seo\/ -->\n<title>Coj\u00edn Para Manicura Polipiel, Reposabrazos De Manos, Coj\u00edn De Almohada - Hanna Cosm\u00e9tica<\/title>\n<meta name=\"robots\" content=\"index, follow, max-snippet:-1, max-image-preview:large, max-video-preview:-1\" \/>\n<link rel=\"canonical\" href=\"https:\/\/hannacosmetica.com\/fr\/tienda\/manicura\/complementos\/cojin-para-manicura-polipiel-reposabrazos-de-manos-cojin-de-almohada\/\" \/>\n<meta property=\"og:locale\" content=\"fr_FR\" \/>\n<meta property=\"og:type\" content=\"article\" \/>\n<meta property=\"og:title\" content=\"Coj\u00edn Para Manicura Polipiel, Reposabrazos De Manos, Coj\u00edn De Almohada - Hanna Cosm\u00e9tica\" \/>\n<meta property=\"og:description\" content=\"Caracter\u00edsticas: El material suave que contiene cuero PU y esponja se adapta perfectamente. El hermoso color est\u00e1 lleno de estilo femenino, lo&hellip;\" \/>\n<meta property=\"og:url\" content=\"https:\/\/hannacosmetica.com\/fr\/tienda\/manicura\/complementos\/cojin-para-manicura-polipiel-reposabrazos-de-manos-cojin-de-almohada\/\" \/>\n<meta property=\"og:site_name\" content=\"Hanna Cosm\u00e9tica\" \/>\n<meta property=\"article:modified_time\" content=\"2024-01-15T14:51:37+00:00\" \/>\n<meta property=\"og:image\" content=\"https:\/\/hannacosmetica.com\/wp-content\/uploads\/2022\/09\/d280b3bc-cba3-4b0b-97a5-1fad5a14d127.jpg\" \/>\n\t<meta property=\"og:image:width\" content=\"2048\" \/>\n\t<meta property=\"og:image:height\" content=\"2048\" \/>\n\t<meta property=\"og:image:type\" content=\"image\/jpeg\" \/>\n<meta name=\"twitter:card\" content=\"summary_large_image\" \/>\n<script type=\"application\/ld+json\" class=\"yoast-schema-graph\">{\"@context\":\"https:\/\/schema.org\",\"@graph\":[{\"@type\":\"WebPage\",\"@id\":\"https:\/\/hannacosmetica.com\/tienda\/manicura\/complementos\/cojin-para-manicura-polipiel-reposabrazos-de-manos-cojin-de-almohada\/\",\"url\":\"https:\/\/hannacosmetica.com\/tienda\/manicura\/complementos\/cojin-para-manicura-polipiel-reposabrazos-de-manos-cojin-de-almohada\/\",\"name\":\"Coj\u00edn Para Manicura Polipiel, Reposabrazos De Manos, Coj\u00edn De Almohada - Hanna Cosm\u00e9tica\",\"isPartOf\":{\"@id\":\"https:\/\/hannacosmetica.com\/#website\"},\"datePublished\":\"2022-09-06T08:50:07+00:00\",\"dateModified\":\"2024-01-15T14:51:37+00:00\",\"breadcrumb\":{\"@id\":\"https:\/\/hannacosmetica.com\/tienda\/manicura\/complementos\/cojin-para-manicura-polipiel-reposabrazos-de-manos-cojin-de-almohada\/#breadcrumb\"},\"inLanguage\":\"fr-FR\",\"potentialAction\":[{\"@type\":\"ReadAction\",\"target\":[\"https:\/\/hannacosmetica.com\/tienda\/manicura\/complementos\/cojin-para-manicura-polipiel-reposabrazos-de-manos-cojin-de-almohada\/\"]}]},{\"@type\":\"BreadcrumbList\",\"@id\":\"https:\/\/hannacosmetica.com\/tienda\/manicura\/complementos\/cojin-para-manicura-polipiel-reposabrazos-de-manos-cojin-de-almohada\/#breadcrumb\",\"itemListElement\":[{\"@type\":\"ListItem\",\"position\":1,\"name\":\"Portada\",\"item\":\"https:\/\/hannacosmetica.com\/\"},{\"@type\":\"ListItem\",\"position\":2,\"name\":\"Tienda\",\"item\":\"https:\/\/hannacosmetica.com\/shop\/\"},{\"@type\":\"ListItem\",\"position\":3,\"name\":\"Coj\u00edn Para Manicura Polipiel, Reposabrazos De Manos, Coj\u00edn De Almohada\"}]},{\"@type\":\"WebSite\",\"@id\":\"https:\/\/hannacosmetica.com\/#website\",\"url\":\"https:\/\/hannacosmetica.com\/\",\"name\":\"Hanna Cosm\u00e9tica\",\"description\":\"Tienda de productos u\u00f1as, bellezas y peluquer\u00edas\",\"publisher\":{\"@id\":\"https:\/\/hannacosmetica.com\/#organization\"},\"potentialAction\":[{\"@type\":\"SearchAction\",\"target\":{\"@type\":\"EntryPoint\",\"urlTemplate\":\"https:\/\/hannacosmetica.com\/?s={search_term_string}\"},\"query-input\":\"required name=search_term_string\"}],\"inLanguage\":\"fr-FR\"},{\"@type\":\"Organization\",\"@id\":\"https:\/\/hannacosmetica.com\/#organization\",\"name\":\"Hanna Cosm\u00e9tica\",\"url\":\"https:\/\/hannacosmetica.com\/\",\"logo\":{\"@type\":\"ImageObject\",\"inLanguage\":\"fr-FR\",\"@id\":\"https:\/\/hannacosmetica.com\/#\/schema\/logo\/image\/\",\"url\":\"https:\/\/hannacosmetica.com\/wp-content\/uploads\/2022\/07\/Logo-Joyeria-Femenino-Floral-Negro.png\",\"contentUrl\":\"https:\/\/hannacosmetica.com\/wp-content\/uploads\/2022\/07\/Logo-Joyeria-Femenino-Floral-Negro.png\",\"width\":361,\"height\":126,\"caption\":\"Hanna Cosm\u00e9tica\"},\"image\":{\"@id\":\"https:\/\/hannacosmetica.com\/#\/schema\/logo\/image\/\"}}]}<\/script>\n<!-- \/ Yoast SEO plugin. -->","yoast_head_json":{"title":"Coj\u00edn Para Manicura Polipiel, Reposabrazos De Manos, Coj\u00edn De Almohada - Hanna Cosm\u00e9tica","robots":{"index":"index","follow":"follow","max-snippet":"max-snippet:-1","max-image-preview":"max-image-preview:large","max-video-preview":"max-video-preview:-1"},"canonical":"https:\/\/hannacosmetica.com\/fr\/tienda\/manicura\/complementos\/cojin-para-manicura-polipiel-reposabrazos-de-manos-cojin-de-almohada\/","og_locale":"fr_FR","og_type":"article","og_title":"Coj\u00edn Para Manicura Polipiel, Reposabrazos De Manos, Coj\u00edn De Almohada - Hanna Cosm\u00e9tica","og_description":"Caracter\u00edsticas: El material suave que contiene cuero PU y esponja se adapta perfectamente. El hermoso color est\u00e1 lleno de estilo femenino, lo&hellip;","og_url":"https:\/\/hannacosmetica.com\/fr\/tienda\/manicura\/complementos\/cojin-para-manicura-polipiel-reposabrazos-de-manos-cojin-de-almohada\/","og_site_name":"Hanna Cosm\u00e9tica","article_modified_time":"2024-01-15T14:51:37+00:00","og_image":[{"width":2048,"height":2048,"url":"https:\/\/hannacosmetica.com\/wp-content\/uploads\/2022\/09\/d280b3bc-cba3-4b0b-97a5-1fad5a14d127.jpg","type":"image\/jpeg"}],"twitter_card":"summary_large_image","schema":{"@context":"https:\/\/schema.org","@graph":[{"@type":"WebPage","@id":"https:\/\/hannacosmetica.com\/tienda\/manicura\/complementos\/cojin-para-manicura-polipiel-reposabrazos-de-manos-cojin-de-almohada\/","url":"https:\/\/hannacosmetica.com\/tienda\/manicura\/complementos\/cojin-para-manicura-polipiel-reposabrazos-de-manos-cojin-de-almohada\/","name":"Coj\u00edn Para Manicura Polipiel, Reposabrazos De Manos, Coj\u00edn De Almohada - Hanna Cosm\u00e9tica","isPartOf":{"@id":"https:\/\/hannacosmetica.com\/#website"},"datePublished":"2022-09-06T08:50:07+00:00","dateModified":"2024-01-15T14:51:37+00:00","breadcrumb":{"@id":"https:\/\/hannacosmetica.com\/tienda\/manicura\/complementos\/cojin-para-manicura-polipiel-reposabrazos-de-manos-cojin-de-almohada\/#breadcrumb"},"inLanguage":"fr-FR","potentialAction":[{"@type":"ReadAction","target":["https:\/\/hannacosmetica.com\/tienda\/manicura\/complementos\/cojin-para-manicura-polipiel-reposabrazos-de-manos-cojin-de-almohada\/"]}]},{"@type":"BreadcrumbList","@id":"https:\/\/hannacosmetica.com\/tienda\/manicura\/complementos\/cojin-para-manicura-polipiel-reposabrazos-de-manos-cojin-de-almohada\/#breadcrumb","itemListElement":[{"@type":"ListItem","position":1,"name":"Portada","item":"https:\/\/hannacosmetica.com\/"},{"@type":"ListItem","position":2,"name":"Tienda","item":"https:\/\/hannacosmetica.com\/shop\/"},{"@type":"ListItem","position":3,"name":"Coj\u00edn Para Manicura Polipiel, Reposabrazos De Manos, Coj\u00edn De Almohada"}]},{"@type":"WebSite","@id":"https:\/\/hannacosmetica.com\/#website","url":"https:\/\/hannacosmetica.com\/","name":"Hanna Cosm\u00e9tica","description":"Tienda de productos u\u00f1as, bellezas y peluquer\u00edas","publisher":{"@id":"https:\/\/hannacosmetica.com\/#organization"},"potentialAction":[{"@type":"SearchAction","target":{"@type":"EntryPoint","urlTemplate":"https:\/\/hannacosmetica.com\/?s={search_term_string}"},"query-input":"required name=search_term_string"}],"inLanguage":"fr-FR"},{"@type":"Organization","@id":"https:\/\/hannacosmetica.com\/#organization","name":"Hanna Cosm\u00e9tica","url":"https:\/\/hannacosmetica.com\/","logo":{"@type":"ImageObject","inLanguage":"fr-FR","@id":"https:\/\/hannacosmetica.com\/#\/schema\/logo\/image\/","url":"https:\/\/hannacosmetica.com\/wp-content\/uploads\/2022\/07\/Logo-Joyeria-Femenino-Floral-Negro.png","contentUrl":"https:\/\/hannacosmetica.com\/wp-content\/uploads\/2022\/07\/Logo-Joyeria-Femenino-Floral-Negro.png","width":361,"height":126,"caption":"Hanna Cosm\u00e9tica"},"image":{"@id":"https:\/\/hannacosmetica.com\/#\/schema\/logo\/image\/"}}]}},"_links":{"self":[{"href":"https:\/\/hannacosmetica.com\/fr\/wp-json\/wp\/v2\/product\/4620"}],"collection":[{"href":"https:\/\/hannacosmetica.com\/fr\/wp-json\/wp\/v2\/product"}],"about":[{"href":"https:\/\/hannacosmetica.com\/fr\/wp-json\/wp\/v2\/types\/product"}],"replies":[{"embeddable":true,"href":"https:\/\/hannacosmetica.com\/fr\/wp-json\/wp\/v2\/comments?post=4620"}],"version-history":[{"count":1,"href":"https:\/\/hannacosmetica.com\/fr\/wp-json\/wp\/v2\/product\/4620\/revisions"}],"predecessor-version":[{"id":4622,"href":"https:\/\/hannacosmetica.com\/fr\/wp-json\/wp\/v2\/product\/4620\/revisions\/4622"}],"wp:featuredmedia":[{"embeddable":true,"href":"https:\/\/hannacosmetica.com\/fr\/wp-json\/wp\/v2\/media\/4621"}],"wp:attachment":[{"href":"https:\/\/hannacosmetica.com\/fr\/wp-json\/wp\/v2\/media?parent=4620"}],"wp:term":[{"taxonomy":"product_cat","embeddable":true,"href":"https:\/\/hannacosmetica.com\/fr\/wp-json\/wp\/v2\/product_cat?post=4620"},{"taxonomy":"product_tag","embeddable":true,"href":"https:\/\/hannacosmetica.com\/fr\/wp-json\/wp\/v2\/product_tag?post=4620"}],"curies":[{"name":"wp","href":"https:\/\/api.w.org\/{rel}","templated":true}]}}