{"id":4481,"date":"2022-08-30T15:03:33","date_gmt":"2022-08-30T15:03:33","guid":{"rendered":"https:\/\/hannacosmetica.com\/?post_type=product&#038;p=4481"},"modified":"2023-10-26T16:15:42","modified_gmt":"2023-10-26T16:15:42","slug":"pinza-para-pestanas-postizas-acero-inoxidable-h15","status":"publish","type":"product","link":"https:\/\/hannacosmetica.com\/fr\/tienda\/pestanas\/complementos-pestanas\/pinza-para-pestanas-postizas-acero-inoxidable-h15\/","title":{"rendered":"Pinza Para Pesta\u00f1as Postizas Acero Inoxidable H15"},"content":{"rendered":"<ul class=\"a-unordered-list a-vertical a-spacing-mini\">\n<li><span class=\"a-list-item\">Pinzas de u\u00f1as negras: es una punta redondeada segura, y los otros con punta fina<\/span><\/li>\n<li><span class=\"a-list-item\">Funci\u00f3n: usted puede utilizarlos para acortar el cristal, rhinestone del flatback, etiqueta adhesiva min\u00fascula de u\u00f1as; Algunos de los adornos son tan peque\u00f1os que son dif\u00edciles de colocar exactamente donde usted quiere<\/span><\/li>\n<li><span class=\"a-list-item\">Herramienta limpia facial: buena para la extensi\u00f3n de la pesta\u00f1a, arrancando las cejas para mantenerlas luciendo bien puede ser una tarea; Pinzas de punta peque\u00f1a puede agarrar incluso los pelos m\u00e1s peque\u00f1os f\u00e1cilmente<\/span><\/li>\n<li><span class=\"a-list-item\">Material: material durable del acero inoxidable, antioxidante; Empaquetado por una bolsa de almacenamiento pr\u00e1ctico para llevar conveniente, EVA caso son lo suficientemente duro para proteger las pinzas<\/span><\/li>\n<li><span class=\"a-list-item\">Otro uso: se pueden aplicar en la fabricaci\u00f3n de la tarjeta, la joyer\u00eda-fabricaci\u00f3n, reparaci\u00f3n electr\u00f3nica y otras necesidades del plucking; Todos ellos son muy fuertes y con una tapa en la punta para mantenerlos cerrados<\/span><\/li>\n<\/ul>","protected":false},"excerpt":{"rendered":"<p>Pinzas de u\u00f1as negras: es una punta redondeada segura, y los otros con punta fina Funci\u00f3n: usted puede utilizarlos para acortar el&hellip;<\/p>","protected":false},"featured_media":7298,"comment_status":"open","ping_status":"closed","template":"","meta":[],"product_cat":[82,101,84,115,85,117],"product_tag":[],"yoast_head":"<!-- This site is optimized with the Yoast SEO plugin v19.9 - https:\/\/yoast.com\/wordpress\/plugins\/seo\/ -->\n<title>Pinza Para Pesta\u00f1as Postizas Acero Inoxidable H15 - Hanna Cosm\u00e9tica<\/title>\n<meta name=\"robots\" content=\"index, follow, max-snippet:-1, max-image-preview:large, max-video-preview:-1\" \/>\n<link rel=\"canonical\" href=\"https:\/\/hannacosmetica.com\/fr\/tienda\/pestanas\/complementos-pestanas\/pinza-para-pestanas-postizas-acero-inoxidable-h15\/\" \/>\n<meta property=\"og:locale\" content=\"fr_FR\" \/>\n<meta property=\"og:type\" content=\"article\" \/>\n<meta property=\"og:title\" content=\"Pinza Para Pesta\u00f1as Postizas Acero Inoxidable H15 - Hanna Cosm\u00e9tica\" \/>\n<meta property=\"og:description\" content=\"Pinzas de u\u00f1as negras: es una punta redondeada segura, y los otros con punta fina Funci\u00f3n: usted puede utilizarlos para acortar el&hellip;\" \/>\n<meta property=\"og:url\" content=\"https:\/\/hannacosmetica.com\/fr\/tienda\/pestanas\/complementos-pestanas\/pinza-para-pestanas-postizas-acero-inoxidable-h15\/\" \/>\n<meta property=\"og:site_name\" content=\"Hanna Cosm\u00e9tica\" \/>\n<meta property=\"article:modified_time\" content=\"2023-10-26T16:15:42+00:00\" \/>\n<meta property=\"og:image\" content=\"https:\/\/hannacosmetica.com\/wp-content\/uploads\/2022\/08\/\u672a\u547d\u540d\u7684\u8bbe\u8ba1-24.png\" \/>\n\t<meta property=\"og:image:width\" content=\"4800\" \/>\n\t<meta property=\"og:image:height\" content=\"4800\" \/>\n\t<meta property=\"og:image:type\" content=\"image\/png\" \/>\n<meta name=\"twitter:card\" content=\"summary_large_image\" \/>\n<script type=\"application\/ld+json\" class=\"yoast-schema-graph\">{\"@context\":\"https:\/\/schema.org\",\"@graph\":[{\"@type\":\"WebPage\",\"@id\":\"https:\/\/hannacosmetica.com\/tienda\/pestanas\/complementos-pestanas\/pinza-para-pestanas-postizas-acero-inoxidable-h15\/\",\"url\":\"https:\/\/hannacosmetica.com\/tienda\/pestanas\/complementos-pestanas\/pinza-para-pestanas-postizas-acero-inoxidable-h15\/\",\"name\":\"Pinza Para Pesta\u00f1as Postizas Acero Inoxidable H15 - Hanna Cosm\u00e9tica\",\"isPartOf\":{\"@id\":\"https:\/\/hannacosmetica.com\/#website\"},\"datePublished\":\"2022-08-30T15:03:33+00:00\",\"dateModified\":\"2023-10-26T16:15:42+00:00\",\"breadcrumb\":{\"@id\":\"https:\/\/hannacosmetica.com\/tienda\/pestanas\/complementos-pestanas\/pinza-para-pestanas-postizas-acero-inoxidable-h15\/#breadcrumb\"},\"inLanguage\":\"fr-FR\",\"potentialAction\":[{\"@type\":\"ReadAction\",\"target\":[\"https:\/\/hannacosmetica.com\/tienda\/pestanas\/complementos-pestanas\/pinza-para-pestanas-postizas-acero-inoxidable-h15\/\"]}]},{\"@type\":\"BreadcrumbList\",\"@id\":\"https:\/\/hannacosmetica.com\/tienda\/pestanas\/complementos-pestanas\/pinza-para-pestanas-postizas-acero-inoxidable-h15\/#breadcrumb\",\"itemListElement\":[{\"@type\":\"ListItem\",\"position\":1,\"name\":\"Portada\",\"item\":\"https:\/\/hannacosmetica.com\/\"},{\"@type\":\"ListItem\",\"position\":2,\"name\":\"Tienda\",\"item\":\"https:\/\/hannacosmetica.com\/shop\/\"},{\"@type\":\"ListItem\",\"position\":3,\"name\":\"Pinza Para Pesta\u00f1as Postizas Acero Inoxidable H15\"}]},{\"@type\":\"WebSite\",\"@id\":\"https:\/\/hannacosmetica.com\/#website\",\"url\":\"https:\/\/hannacosmetica.com\/\",\"name\":\"Hanna Cosm\u00e9tica\",\"description\":\"Tienda de productos u\u00f1as, bellezas y peluquer\u00edas\",\"publisher\":{\"@id\":\"https:\/\/hannacosmetica.com\/#organization\"},\"potentialAction\":[{\"@type\":\"SearchAction\",\"target\":{\"@type\":\"EntryPoint\",\"urlTemplate\":\"https:\/\/hannacosmetica.com\/?s={search_term_string}\"},\"query-input\":\"required name=search_term_string\"}],\"inLanguage\":\"fr-FR\"},{\"@type\":\"Organization\",\"@id\":\"https:\/\/hannacosmetica.com\/#organization\",\"name\":\"Hanna Cosm\u00e9tica\",\"url\":\"https:\/\/hannacosmetica.com\/\",\"logo\":{\"@type\":\"ImageObject\",\"inLanguage\":\"fr-FR\",\"@id\":\"https:\/\/hannacosmetica.com\/#\/schema\/logo\/image\/\",\"url\":\"https:\/\/hannacosmetica.com\/wp-content\/uploads\/2022\/07\/Logo-Joyeria-Femenino-Floral-Negro.png\",\"contentUrl\":\"https:\/\/hannacosmetica.com\/wp-content\/uploads\/2022\/07\/Logo-Joyeria-Femenino-Floral-Negro.png\",\"width\":361,\"height\":126,\"caption\":\"Hanna Cosm\u00e9tica\"},\"image\":{\"@id\":\"https:\/\/hannacosmetica.com\/#\/schema\/logo\/image\/\"}}]}<\/script>\n<!-- \/ Yoast SEO plugin. -->","yoast_head_json":{"title":"Pinza Para Pesta\u00f1as Postizas Acero Inoxidable H15 - Hanna Cosm\u00e9tica","robots":{"index":"index","follow":"follow","max-snippet":"max-snippet:-1","max-image-preview":"max-image-preview:large","max-video-preview":"max-video-preview:-1"},"canonical":"https:\/\/hannacosmetica.com\/fr\/tienda\/pestanas\/complementos-pestanas\/pinza-para-pestanas-postizas-acero-inoxidable-h15\/","og_locale":"fr_FR","og_type":"article","og_title":"Pinza Para Pesta\u00f1as Postizas Acero Inoxidable H15 - Hanna Cosm\u00e9tica","og_description":"Pinzas de u\u00f1as negras: es una punta redondeada segura, y los otros con punta fina Funci\u00f3n: usted puede utilizarlos para acortar el&hellip;","og_url":"https:\/\/hannacosmetica.com\/fr\/tienda\/pestanas\/complementos-pestanas\/pinza-para-pestanas-postizas-acero-inoxidable-h15\/","og_site_name":"Hanna Cosm\u00e9tica","article_modified_time":"2023-10-26T16:15:42+00:00","og_image":[{"width":4800,"height":4800,"url":"https:\/\/hannacosmetica.com\/wp-content\/uploads\/2022\/08\/\u672a\u547d\u540d\u7684\u8bbe\u8ba1-24.png","type":"image\/png"}],"twitter_card":"summary_large_image","schema":{"@context":"https:\/\/schema.org","@graph":[{"@type":"WebPage","@id":"https:\/\/hannacosmetica.com\/tienda\/pestanas\/complementos-pestanas\/pinza-para-pestanas-postizas-acero-inoxidable-h15\/","url":"https:\/\/hannacosmetica.com\/tienda\/pestanas\/complementos-pestanas\/pinza-para-pestanas-postizas-acero-inoxidable-h15\/","name":"Pinza Para Pesta\u00f1as Postizas Acero Inoxidable H15 - Hanna Cosm\u00e9tica","isPartOf":{"@id":"https:\/\/hannacosmetica.com\/#website"},"datePublished":"2022-08-30T15:03:33+00:00","dateModified":"2023-10-26T16:15:42+00:00","breadcrumb":{"@id":"https:\/\/hannacosmetica.com\/tienda\/pestanas\/complementos-pestanas\/pinza-para-pestanas-postizas-acero-inoxidable-h15\/#breadcrumb"},"inLanguage":"fr-FR","potentialAction":[{"@type":"ReadAction","target":["https:\/\/hannacosmetica.com\/tienda\/pestanas\/complementos-pestanas\/pinza-para-pestanas-postizas-acero-inoxidable-h15\/"]}]},{"@type":"BreadcrumbList","@id":"https:\/\/hannacosmetica.com\/tienda\/pestanas\/complementos-pestanas\/pinza-para-pestanas-postizas-acero-inoxidable-h15\/#breadcrumb","itemListElement":[{"@type":"ListItem","position":1,"name":"Portada","item":"https:\/\/hannacosmetica.com\/"},{"@type":"ListItem","position":2,"name":"Tienda","item":"https:\/\/hannacosmetica.com\/shop\/"},{"@type":"ListItem","position":3,"name":"Pinza Para Pesta\u00f1as Postizas Acero Inoxidable H15"}]},{"@type":"WebSite","@id":"https:\/\/hannacosmetica.com\/#website","url":"https:\/\/hannacosmetica.com\/","name":"Hanna Cosm\u00e9tica","description":"Tienda de productos u\u00f1as, bellezas y peluquer\u00edas","publisher":{"@id":"https:\/\/hannacosmetica.com\/#organization"},"potentialAction":[{"@type":"SearchAction","target":{"@type":"EntryPoint","urlTemplate":"https:\/\/hannacosmetica.com\/?s={search_term_string}"},"query-input":"required name=search_term_string"}],"inLanguage":"fr-FR"},{"@type":"Organization","@id":"https:\/\/hannacosmetica.com\/#organization","name":"Hanna Cosm\u00e9tica","url":"https:\/\/hannacosmetica.com\/","logo":{"@type":"ImageObject","inLanguage":"fr-FR","@id":"https:\/\/hannacosmetica.com\/#\/schema\/logo\/image\/","url":"https:\/\/hannacosmetica.com\/wp-content\/uploads\/2022\/07\/Logo-Joyeria-Femenino-Floral-Negro.png","contentUrl":"https:\/\/hannacosmetica.com\/wp-content\/uploads\/2022\/07\/Logo-Joyeria-Femenino-Floral-Negro.png","width":361,"height":126,"caption":"Hanna Cosm\u00e9tica"},"image":{"@id":"https:\/\/hannacosmetica.com\/#\/schema\/logo\/image\/"}}]}},"_links":{"self":[{"href":"https:\/\/hannacosmetica.com\/fr\/wp-json\/wp\/v2\/product\/4481"}],"collection":[{"href":"https:\/\/hannacosmetica.com\/fr\/wp-json\/wp\/v2\/product"}],"about":[{"href":"https:\/\/hannacosmetica.com\/fr\/wp-json\/wp\/v2\/types\/product"}],"replies":[{"embeddable":true,"href":"https:\/\/hannacosmetica.com\/fr\/wp-json\/wp\/v2\/comments?post=4481"}],"version-history":[{"count":2,"href":"https:\/\/hannacosmetica.com\/fr\/wp-json\/wp\/v2\/product\/4481\/revisions"}],"predecessor-version":[{"id":20670,"href":"https:\/\/hannacosmetica.com\/fr\/wp-json\/wp\/v2\/product\/4481\/revisions\/20670"}],"wp:featuredmedia":[{"embeddable":true,"href":"https:\/\/hannacosmetica.com\/fr\/wp-json\/wp\/v2\/media\/7298"}],"wp:attachment":[{"href":"https:\/\/hannacosmetica.com\/fr\/wp-json\/wp\/v2\/media?parent=4481"}],"wp:term":[{"taxonomy":"product_cat","embeddable":true,"href":"https:\/\/hannacosmetica.com\/fr\/wp-json\/wp\/v2\/product_cat?post=4481"},{"taxonomy":"product_tag","embeddable":true,"href":"https:\/\/hannacosmetica.com\/fr\/wp-json\/wp\/v2\/product_tag?post=4481"}],"curies":[{"name":"wp","href":"https:\/\/api.w.org\/{rel}","templated":true}]}}