{"id":4412,"date":"2022-08-26T10:28:15","date_gmt":"2022-08-26T10:28:15","guid":{"rendered":"https:\/\/hannacosmetica.com\/?post_type=product&#038;p=4412"},"modified":"2023-10-26T16:40:20","modified_gmt":"2023-10-26T16:40:20","slug":"calentador-de-parafina-para-manos-y-pies-2000ml","status":"publish","type":"product","link":"https:\/\/hannacosmetica.com\/fr\/tienda\/maquinaria\/calentadores-cera-parafina\/calentador-de-parafina-para-manos-y-pies-2000ml\/","title":{"rendered":"Calentador de Parafina para Manos y Pies 2000ML"},"content":{"rendered":"<p>1. Coloque la m\u00e1quina sobre una superficie\u00a0recta.<br \/>\n2. Coloque la parafina en el interior y cierre la tapa.<br \/>\n3. Ajuste la temperatura a 70\u00b0C. La m\u00e1quina comenzar\u00e1 a funcionar despu\u00e9s de que la luz se vuelva roja.<br \/>\n4. Cambie la temperatura a 55\u00b0C para conservar el calor despu\u00e9s de que la de parafina se haya derretido.\u00a0Compruebe temperatura antes uso<br \/>\n5. Limpia su piel antes del tratamiento.<br \/>\n6. Sumerja lentamente sus manos en la cera derretida con los dedos extendidos. Deje las manos en la cera durante unos segundos hasta que la cera se endurezca.\u00a0 Repita este proceso de 4 a 5 veces para formar una gruesa capa en su piel. A continuaci\u00f3n, envuelva sus manos con los revestimientos de guantes\u00a0 y p\u00f3ngase un par de manoplas de rizo\u00a0para preservar el calor\u00a0para conseguir un mejor efecto. Despu\u00e9s de 10-12 minutos, qu\u00edtese los guantes, desh\u00e1gase de los revestimientos y quite la cera endurecida de sus manos.<\/p>","protected":false},"excerpt":{"rendered":"<p>1. Coloque la m\u00e1quina sobre una superficie\u00a0recta. 2. Coloque la parafina en el interior y cierre la tapa. 3. Ajuste la temperatura&hellip;<\/p>","protected":false},"featured_media":7759,"comment_status":"open","ping_status":"closed","template":"","meta":[],"product_cat":[86,122],"product_tag":[],"yoast_head":"<!-- This site is optimized with the Yoast SEO plugin v19.9 - https:\/\/yoast.com\/wordpress\/plugins\/seo\/ -->\n<title>Calentador de Parafina para Manos y Pies 2000ML - Hanna Cosm\u00e9tica<\/title>\n<meta name=\"robots\" content=\"index, follow, max-snippet:-1, max-image-preview:large, max-video-preview:-1\" \/>\n<link rel=\"canonical\" href=\"https:\/\/hannacosmetica.com\/fr\/tienda\/maquinaria\/calentadores-cera-parafina\/calentador-de-parafina-para-manos-y-pies-2000ml\/\" \/>\n<meta property=\"og:locale\" content=\"fr_FR\" \/>\n<meta property=\"og:type\" content=\"article\" \/>\n<meta property=\"og:title\" content=\"Calentador de Parafina para Manos y Pies 2000ML - Hanna Cosm\u00e9tica\" \/>\n<meta property=\"og:description\" content=\"1. Coloque la m\u00e1quina sobre una superficie\u00a0recta. 2. Coloque la parafina en el interior y cierre la tapa. 3. Ajuste la temperatura&hellip;\" \/>\n<meta property=\"og:url\" content=\"https:\/\/hannacosmetica.com\/fr\/tienda\/maquinaria\/calentadores-cera-parafina\/calentador-de-parafina-para-manos-y-pies-2000ml\/\" \/>\n<meta property=\"og:site_name\" content=\"Hanna Cosm\u00e9tica\" \/>\n<meta property=\"article:modified_time\" content=\"2023-10-26T16:40:20+00:00\" \/>\n<meta property=\"og:image\" content=\"https:\/\/hannacosmetica.com\/wp-content\/uploads\/2022\/08\/\u672a\u547d\u540d\u7684\u8bbe\u8ba1-35-1.png\" \/>\n\t<meta property=\"og:image:width\" content=\"4800\" \/>\n\t<meta property=\"og:image:height\" content=\"4800\" \/>\n\t<meta property=\"og:image:type\" content=\"image\/png\" \/>\n<meta name=\"twitter:card\" content=\"summary_large_image\" \/>\n<script type=\"application\/ld+json\" class=\"yoast-schema-graph\">{\"@context\":\"https:\/\/schema.org\",\"@graph\":[{\"@type\":\"WebPage\",\"@id\":\"https:\/\/hannacosmetica.com\/tienda\/maquinaria\/calentadores-cera-parafina\/calentador-de-parafina-para-manos-y-pies-2000ml\/\",\"url\":\"https:\/\/hannacosmetica.com\/tienda\/maquinaria\/calentadores-cera-parafina\/calentador-de-parafina-para-manos-y-pies-2000ml\/\",\"name\":\"Calentador de Parafina para Manos y Pies 2000ML - Hanna Cosm\u00e9tica\",\"isPartOf\":{\"@id\":\"https:\/\/hannacosmetica.com\/#website\"},\"datePublished\":\"2022-08-26T10:28:15+00:00\",\"dateModified\":\"2023-10-26T16:40:20+00:00\",\"breadcrumb\":{\"@id\":\"https:\/\/hannacosmetica.com\/tienda\/maquinaria\/calentadores-cera-parafina\/calentador-de-parafina-para-manos-y-pies-2000ml\/#breadcrumb\"},\"inLanguage\":\"fr-FR\",\"potentialAction\":[{\"@type\":\"ReadAction\",\"target\":[\"https:\/\/hannacosmetica.com\/tienda\/maquinaria\/calentadores-cera-parafina\/calentador-de-parafina-para-manos-y-pies-2000ml\/\"]}]},{\"@type\":\"BreadcrumbList\",\"@id\":\"https:\/\/hannacosmetica.com\/tienda\/maquinaria\/calentadores-cera-parafina\/calentador-de-parafina-para-manos-y-pies-2000ml\/#breadcrumb\",\"itemListElement\":[{\"@type\":\"ListItem\",\"position\":1,\"name\":\"Portada\",\"item\":\"https:\/\/hannacosmetica.com\/\"},{\"@type\":\"ListItem\",\"position\":2,\"name\":\"Tienda\",\"item\":\"https:\/\/hannacosmetica.com\/shop\/\"},{\"@type\":\"ListItem\",\"position\":3,\"name\":\"Calentador de Parafina para Manos y Pies 2000ML\"}]},{\"@type\":\"WebSite\",\"@id\":\"https:\/\/hannacosmetica.com\/#website\",\"url\":\"https:\/\/hannacosmetica.com\/\",\"name\":\"Hanna Cosm\u00e9tica\",\"description\":\"Tienda de productos u\u00f1as, bellezas y peluquer\u00edas\",\"publisher\":{\"@id\":\"https:\/\/hannacosmetica.com\/#organization\"},\"potentialAction\":[{\"@type\":\"SearchAction\",\"target\":{\"@type\":\"EntryPoint\",\"urlTemplate\":\"https:\/\/hannacosmetica.com\/?s={search_term_string}\"},\"query-input\":\"required name=search_term_string\"}],\"inLanguage\":\"fr-FR\"},{\"@type\":\"Organization\",\"@id\":\"https:\/\/hannacosmetica.com\/#organization\",\"name\":\"Hanna Cosm\u00e9tica\",\"url\":\"https:\/\/hannacosmetica.com\/\",\"logo\":{\"@type\":\"ImageObject\",\"inLanguage\":\"fr-FR\",\"@id\":\"https:\/\/hannacosmetica.com\/#\/schema\/logo\/image\/\",\"url\":\"https:\/\/hannacosmetica.com\/wp-content\/uploads\/2022\/07\/Logo-Joyeria-Femenino-Floral-Negro.png\",\"contentUrl\":\"https:\/\/hannacosmetica.com\/wp-content\/uploads\/2022\/07\/Logo-Joyeria-Femenino-Floral-Negro.png\",\"width\":361,\"height\":126,\"caption\":\"Hanna Cosm\u00e9tica\"},\"image\":{\"@id\":\"https:\/\/hannacosmetica.com\/#\/schema\/logo\/image\/\"}}]}<\/script>\n<!-- \/ Yoast SEO plugin. -->","yoast_head_json":{"title":"Calentador de Parafina para Manos y Pies 2000ML - Hanna Cosm\u00e9tica","robots":{"index":"index","follow":"follow","max-snippet":"max-snippet:-1","max-image-preview":"max-image-preview:large","max-video-preview":"max-video-preview:-1"},"canonical":"https:\/\/hannacosmetica.com\/fr\/tienda\/maquinaria\/calentadores-cera-parafina\/calentador-de-parafina-para-manos-y-pies-2000ml\/","og_locale":"fr_FR","og_type":"article","og_title":"Calentador de Parafina para Manos y Pies 2000ML - Hanna Cosm\u00e9tica","og_description":"1. Coloque la m\u00e1quina sobre una superficie\u00a0recta. 2. Coloque la parafina en el interior y cierre la tapa. 3. Ajuste la temperatura&hellip;","og_url":"https:\/\/hannacosmetica.com\/fr\/tienda\/maquinaria\/calentadores-cera-parafina\/calentador-de-parafina-para-manos-y-pies-2000ml\/","og_site_name":"Hanna Cosm\u00e9tica","article_modified_time":"2023-10-26T16:40:20+00:00","og_image":[{"width":4800,"height":4800,"url":"https:\/\/hannacosmetica.com\/wp-content\/uploads\/2022\/08\/\u672a\u547d\u540d\u7684\u8bbe\u8ba1-35-1.png","type":"image\/png"}],"twitter_card":"summary_large_image","schema":{"@context":"https:\/\/schema.org","@graph":[{"@type":"WebPage","@id":"https:\/\/hannacosmetica.com\/tienda\/maquinaria\/calentadores-cera-parafina\/calentador-de-parafina-para-manos-y-pies-2000ml\/","url":"https:\/\/hannacosmetica.com\/tienda\/maquinaria\/calentadores-cera-parafina\/calentador-de-parafina-para-manos-y-pies-2000ml\/","name":"Calentador de Parafina para Manos y Pies 2000ML - Hanna Cosm\u00e9tica","isPartOf":{"@id":"https:\/\/hannacosmetica.com\/#website"},"datePublished":"2022-08-26T10:28:15+00:00","dateModified":"2023-10-26T16:40:20+00:00","breadcrumb":{"@id":"https:\/\/hannacosmetica.com\/tienda\/maquinaria\/calentadores-cera-parafina\/calentador-de-parafina-para-manos-y-pies-2000ml\/#breadcrumb"},"inLanguage":"fr-FR","potentialAction":[{"@type":"ReadAction","target":["https:\/\/hannacosmetica.com\/tienda\/maquinaria\/calentadores-cera-parafina\/calentador-de-parafina-para-manos-y-pies-2000ml\/"]}]},{"@type":"BreadcrumbList","@id":"https:\/\/hannacosmetica.com\/tienda\/maquinaria\/calentadores-cera-parafina\/calentador-de-parafina-para-manos-y-pies-2000ml\/#breadcrumb","itemListElement":[{"@type":"ListItem","position":1,"name":"Portada","item":"https:\/\/hannacosmetica.com\/"},{"@type":"ListItem","position":2,"name":"Tienda","item":"https:\/\/hannacosmetica.com\/shop\/"},{"@type":"ListItem","position":3,"name":"Calentador de Parafina para Manos y Pies 2000ML"}]},{"@type":"WebSite","@id":"https:\/\/hannacosmetica.com\/#website","url":"https:\/\/hannacosmetica.com\/","name":"Hanna Cosm\u00e9tica","description":"Tienda de productos u\u00f1as, bellezas y peluquer\u00edas","publisher":{"@id":"https:\/\/hannacosmetica.com\/#organization"},"potentialAction":[{"@type":"SearchAction","target":{"@type":"EntryPoint","urlTemplate":"https:\/\/hannacosmetica.com\/?s={search_term_string}"},"query-input":"required name=search_term_string"}],"inLanguage":"fr-FR"},{"@type":"Organization","@id":"https:\/\/hannacosmetica.com\/#organization","name":"Hanna Cosm\u00e9tica","url":"https:\/\/hannacosmetica.com\/","logo":{"@type":"ImageObject","inLanguage":"fr-FR","@id":"https:\/\/hannacosmetica.com\/#\/schema\/logo\/image\/","url":"https:\/\/hannacosmetica.com\/wp-content\/uploads\/2022\/07\/Logo-Joyeria-Femenino-Floral-Negro.png","contentUrl":"https:\/\/hannacosmetica.com\/wp-content\/uploads\/2022\/07\/Logo-Joyeria-Femenino-Floral-Negro.png","width":361,"height":126,"caption":"Hanna Cosm\u00e9tica"},"image":{"@id":"https:\/\/hannacosmetica.com\/#\/schema\/logo\/image\/"}}]}},"_links":{"self":[{"href":"https:\/\/hannacosmetica.com\/fr\/wp-json\/wp\/v2\/product\/4412"}],"collection":[{"href":"https:\/\/hannacosmetica.com\/fr\/wp-json\/wp\/v2\/product"}],"about":[{"href":"https:\/\/hannacosmetica.com\/fr\/wp-json\/wp\/v2\/types\/product"}],"replies":[{"embeddable":true,"href":"https:\/\/hannacosmetica.com\/fr\/wp-json\/wp\/v2\/comments?post=4412"}],"version-history":[{"count":1,"href":"https:\/\/hannacosmetica.com\/fr\/wp-json\/wp\/v2\/product\/4412\/revisions"}],"predecessor-version":[{"id":4415,"href":"https:\/\/hannacosmetica.com\/fr\/wp-json\/wp\/v2\/product\/4412\/revisions\/4415"}],"wp:featuredmedia":[{"embeddable":true,"href":"https:\/\/hannacosmetica.com\/fr\/wp-json\/wp\/v2\/media\/7759"}],"wp:attachment":[{"href":"https:\/\/hannacosmetica.com\/fr\/wp-json\/wp\/v2\/media?parent=4412"}],"wp:term":[{"taxonomy":"product_cat","embeddable":true,"href":"https:\/\/hannacosmetica.com\/fr\/wp-json\/wp\/v2\/product_cat?post=4412"},{"taxonomy":"product_tag","embeddable":true,"href":"https:\/\/hannacosmetica.com\/fr\/wp-json\/wp\/v2\/product_tag?post=4412"}],"curies":[{"name":"wp","href":"https:\/\/api.w.org\/{rel}","templated":true}]}}