{"id":4380,"date":"2022-08-26T10:08:07","date_gmt":"2022-08-26T10:08:07","guid":{"rendered":"https:\/\/hannacosmetica.com\/?post_type=product&#038;p=4380"},"modified":"2023-10-27T11:17:52","modified_gmt":"2023-10-27T11:17:52","slug":"calentador-de-cera-tibia-roll-on-calentador-de-cera-tibia-con-2-pedestal-profesional-maquina-de-cera-caliente","status":"publish","type":"product","link":"https:\/\/hannacosmetica.com\/fr\/tienda\/maquinaria\/calentadores-cera-parafina\/calentador-de-cera-tibia-roll-on-calentador-de-cera-tibia-con-2-pedestal-profesional-maquina-de-cera-caliente\/","title":{"rendered":"Calentador De Cera Tibia Roll-On, Calentador de Cera Tibia con 2 Pedestal, Profesional M\u00e1quina de Cera Caliente"},"content":{"rendered":"<ul class=\"a-unordered-list a-vertical a-spacing-mini\">\n<li><span class=\"a-list-item\">\u3010Dise\u00f1o Apropiado\u3011: El dise\u00f1o doble puede satisfacer diferentes necesidades. El uso del calentador doble de PVC permite una fusi\u00f3n de cera r\u00e1pida y eficiente, calentamiento de cera humanizado, una estaci\u00f3n de carga puede calentar dos tipos de cera.<\/span><\/li>\n<li><span class=\"a-list-item\">\u3010Materiales de Alta Calidad\u3011: La m\u00e1quina adopta material ABS de protecci\u00f3n ambiental, que es inodoro, no t\u00f3xico e inofensivo. No da\u00f1a la piel, lo que garantiza un uso seguro. Se utiliza para eliminar el exceso de vello de manos, brazos, piernas, axilas, l\u00ednea del bikini y otras partes del cuerpo sin irritar ni da\u00f1ar la piel.<\/span><\/li>\n<li><span class=\"a-list-item\">\u3010Port\u00e1til y Conveniente\u3011: el tama\u00f1o del producto es de aproximadamente 15,6 * 14,5 * 6,3 cm y el peso es de aproximadamente 453 g. Tama\u00f1o port\u00e1til, ligereza y comodidad, perfecto para la belleza en movimiento. La ventana transparente es conveniente para observar el estado de la cera en el recipiente sin abrirlo. Una cubierta puede prevenir la contaminaci\u00f3n de la cera.<\/span><\/li>\n<li><span class=\"a-list-item\">\u3010C\u00f3mo Usar\u3011: Caliente el cartucho de cera para que se vuelva l\u00edquido durante unos 20 minutos. Retire la cubierta. Aplique el cabezal de la m\u00e1quina sobre la piel o el papel encerado en la direcci\u00f3n del crecimiento del cabello para su aplicaci\u00f3n. Retire r\u00e1pidamente el papel encerado en direcci\u00f3n contraria al crecimiento del cabello. Puede utilizar papel encerado de 1 a 3 veces para eliminar la cera y el vello. Limpia tu piel.<\/span><\/li>\n<li><span class=\"a-list-item\">\u3010Garant\u00eda de Servicio\u3011: Si tiene alguna pregunta sobre el producto, no dude en consultar al servicio de atenci\u00f3n al cliente de la tienda, lo ayudaremos a resolver el problema la primera vez. Le atendemos con esmero, su satisfacci\u00f3n es nuestra mayor motivaci\u00f3n, \u00a1le deseamos una feliz compra!<\/span><\/li>\n<\/ul>","protected":false},"excerpt":{"rendered":"<p>\u3010Dise\u00f1o Apropiado\u3011: El dise\u00f1o doble puede satisfacer diferentes necesidades. El uso del calentador doble de PVC permite una fusi\u00f3n de cera r\u00e1pida&hellip;<\/p>","protected":false},"featured_media":7754,"comment_status":"open","ping_status":"closed","template":"","meta":[],"product_cat":[86,122],"product_tag":[],"yoast_head":"<!-- This site is optimized with the Yoast SEO plugin v19.9 - https:\/\/yoast.com\/wordpress\/plugins\/seo\/ -->\n<title>Calentador De Cera Tibia Roll-On, Calentador de Cera Tibia con 2 Pedestal, Profesional M\u00e1quina de Cera Caliente - Hanna Cosm\u00e9tica<\/title>\n<meta name=\"robots\" content=\"index, follow, max-snippet:-1, max-image-preview:large, max-video-preview:-1\" \/>\n<link rel=\"canonical\" href=\"https:\/\/hannacosmetica.com\/fr\/tienda\/maquinaria\/calentadores-cera-parafina\/calentador-de-cera-tibia-roll-on-calentador-de-cera-tibia-con-2-pedestal-profesional-maquina-de-cera-caliente\/\" \/>\n<meta property=\"og:locale\" content=\"fr_FR\" \/>\n<meta property=\"og:type\" content=\"article\" \/>\n<meta property=\"og:title\" content=\"Calentador De Cera Tibia Roll-On, Calentador de Cera Tibia con 2 Pedestal, Profesional M\u00e1quina de Cera Caliente - Hanna Cosm\u00e9tica\" \/>\n<meta property=\"og:description\" content=\"\u3010Dise\u00f1o Apropiado\u3011: El dise\u00f1o doble puede satisfacer diferentes necesidades. El uso del calentador doble de PVC permite una fusi\u00f3n de cera r\u00e1pida&hellip;\" \/>\n<meta property=\"og:url\" content=\"https:\/\/hannacosmetica.com\/fr\/tienda\/maquinaria\/calentadores-cera-parafina\/calentador-de-cera-tibia-roll-on-calentador-de-cera-tibia-con-2-pedestal-profesional-maquina-de-cera-caliente\/\" \/>\n<meta property=\"og:site_name\" content=\"Hanna Cosm\u00e9tica\" \/>\n<meta property=\"article:modified_time\" content=\"2023-10-27T11:17:52+00:00\" \/>\n<meta property=\"og:image\" content=\"https:\/\/hannacosmetica.com\/wp-content\/uploads\/2022\/08\/\u672a\u547d\u540d\u7684\u8bbe\u8ba1-30-1.png\" \/>\n\t<meta property=\"og:image:width\" content=\"4800\" \/>\n\t<meta property=\"og:image:height\" content=\"4800\" \/>\n\t<meta property=\"og:image:type\" content=\"image\/png\" \/>\n<meta name=\"twitter:card\" content=\"summary_large_image\" \/>\n<script type=\"application\/ld+json\" class=\"yoast-schema-graph\">{\"@context\":\"https:\/\/schema.org\",\"@graph\":[{\"@type\":\"WebPage\",\"@id\":\"https:\/\/hannacosmetica.com\/tienda\/maquinaria\/calentadores-cera-parafina\/calentador-de-cera-tibia-roll-on-calentador-de-cera-tibia-con-2-pedestal-profesional-maquina-de-cera-caliente\/\",\"url\":\"https:\/\/hannacosmetica.com\/tienda\/maquinaria\/calentadores-cera-parafina\/calentador-de-cera-tibia-roll-on-calentador-de-cera-tibia-con-2-pedestal-profesional-maquina-de-cera-caliente\/\",\"name\":\"Calentador De Cera Tibia Roll-On, Calentador de Cera Tibia con 2 Pedestal, Profesional M\u00e1quina de Cera Caliente - Hanna Cosm\u00e9tica\",\"isPartOf\":{\"@id\":\"https:\/\/hannacosmetica.com\/#website\"},\"datePublished\":\"2022-08-26T10:08:07+00:00\",\"dateModified\":\"2023-10-27T11:17:52+00:00\",\"breadcrumb\":{\"@id\":\"https:\/\/hannacosmetica.com\/tienda\/maquinaria\/calentadores-cera-parafina\/calentador-de-cera-tibia-roll-on-calentador-de-cera-tibia-con-2-pedestal-profesional-maquina-de-cera-caliente\/#breadcrumb\"},\"inLanguage\":\"fr-FR\",\"potentialAction\":[{\"@type\":\"ReadAction\",\"target\":[\"https:\/\/hannacosmetica.com\/tienda\/maquinaria\/calentadores-cera-parafina\/calentador-de-cera-tibia-roll-on-calentador-de-cera-tibia-con-2-pedestal-profesional-maquina-de-cera-caliente\/\"]}]},{\"@type\":\"BreadcrumbList\",\"@id\":\"https:\/\/hannacosmetica.com\/tienda\/maquinaria\/calentadores-cera-parafina\/calentador-de-cera-tibia-roll-on-calentador-de-cera-tibia-con-2-pedestal-profesional-maquina-de-cera-caliente\/#breadcrumb\",\"itemListElement\":[{\"@type\":\"ListItem\",\"position\":1,\"name\":\"Portada\",\"item\":\"https:\/\/hannacosmetica.com\/\"},{\"@type\":\"ListItem\",\"position\":2,\"name\":\"Tienda\",\"item\":\"https:\/\/hannacosmetica.com\/shop\/\"},{\"@type\":\"ListItem\",\"position\":3,\"name\":\"Calentador De Cera Tibia Roll-On, Calentador de Cera Tibia con 2 Pedestal, Profesional M\u00e1quina de Cera Caliente\"}]},{\"@type\":\"WebSite\",\"@id\":\"https:\/\/hannacosmetica.com\/#website\",\"url\":\"https:\/\/hannacosmetica.com\/\",\"name\":\"Hanna Cosm\u00e9tica\",\"description\":\"Tienda de productos u\u00f1as, bellezas y peluquer\u00edas\",\"publisher\":{\"@id\":\"https:\/\/hannacosmetica.com\/#organization\"},\"potentialAction\":[{\"@type\":\"SearchAction\",\"target\":{\"@type\":\"EntryPoint\",\"urlTemplate\":\"https:\/\/hannacosmetica.com\/?s={search_term_string}\"},\"query-input\":\"required name=search_term_string\"}],\"inLanguage\":\"fr-FR\"},{\"@type\":\"Organization\",\"@id\":\"https:\/\/hannacosmetica.com\/#organization\",\"name\":\"Hanna Cosm\u00e9tica\",\"url\":\"https:\/\/hannacosmetica.com\/\",\"logo\":{\"@type\":\"ImageObject\",\"inLanguage\":\"fr-FR\",\"@id\":\"https:\/\/hannacosmetica.com\/#\/schema\/logo\/image\/\",\"url\":\"https:\/\/hannacosmetica.com\/wp-content\/uploads\/2022\/07\/Logo-Joyeria-Femenino-Floral-Negro.png\",\"contentUrl\":\"https:\/\/hannacosmetica.com\/wp-content\/uploads\/2022\/07\/Logo-Joyeria-Femenino-Floral-Negro.png\",\"width\":361,\"height\":126,\"caption\":\"Hanna Cosm\u00e9tica\"},\"image\":{\"@id\":\"https:\/\/hannacosmetica.com\/#\/schema\/logo\/image\/\"}}]}<\/script>\n<!-- \/ Yoast SEO plugin. -->","yoast_head_json":{"title":"Calentador De Cera Tibia Roll-On, Calentador de Cera Tibia con 2 Pedestal, Profesional M\u00e1quina de Cera Caliente - Hanna Cosm\u00e9tica","robots":{"index":"index","follow":"follow","max-snippet":"max-snippet:-1","max-image-preview":"max-image-preview:large","max-video-preview":"max-video-preview:-1"},"canonical":"https:\/\/hannacosmetica.com\/fr\/tienda\/maquinaria\/calentadores-cera-parafina\/calentador-de-cera-tibia-roll-on-calentador-de-cera-tibia-con-2-pedestal-profesional-maquina-de-cera-caliente\/","og_locale":"fr_FR","og_type":"article","og_title":"Calentador De Cera Tibia Roll-On, Calentador de Cera Tibia con 2 Pedestal, Profesional M\u00e1quina de Cera Caliente - Hanna Cosm\u00e9tica","og_description":"\u3010Dise\u00f1o Apropiado\u3011: El dise\u00f1o doble puede satisfacer diferentes necesidades. El uso del calentador doble de PVC permite una fusi\u00f3n de cera r\u00e1pida&hellip;","og_url":"https:\/\/hannacosmetica.com\/fr\/tienda\/maquinaria\/calentadores-cera-parafina\/calentador-de-cera-tibia-roll-on-calentador-de-cera-tibia-con-2-pedestal-profesional-maquina-de-cera-caliente\/","og_site_name":"Hanna Cosm\u00e9tica","article_modified_time":"2023-10-27T11:17:52+00:00","og_image":[{"width":4800,"height":4800,"url":"https:\/\/hannacosmetica.com\/wp-content\/uploads\/2022\/08\/\u672a\u547d\u540d\u7684\u8bbe\u8ba1-30-1.png","type":"image\/png"}],"twitter_card":"summary_large_image","schema":{"@context":"https:\/\/schema.org","@graph":[{"@type":"WebPage","@id":"https:\/\/hannacosmetica.com\/tienda\/maquinaria\/calentadores-cera-parafina\/calentador-de-cera-tibia-roll-on-calentador-de-cera-tibia-con-2-pedestal-profesional-maquina-de-cera-caliente\/","url":"https:\/\/hannacosmetica.com\/tienda\/maquinaria\/calentadores-cera-parafina\/calentador-de-cera-tibia-roll-on-calentador-de-cera-tibia-con-2-pedestal-profesional-maquina-de-cera-caliente\/","name":"Calentador De Cera Tibia Roll-On, Calentador de Cera Tibia con 2 Pedestal, Profesional M\u00e1quina de Cera Caliente - Hanna Cosm\u00e9tica","isPartOf":{"@id":"https:\/\/hannacosmetica.com\/#website"},"datePublished":"2022-08-26T10:08:07+00:00","dateModified":"2023-10-27T11:17:52+00:00","breadcrumb":{"@id":"https:\/\/hannacosmetica.com\/tienda\/maquinaria\/calentadores-cera-parafina\/calentador-de-cera-tibia-roll-on-calentador-de-cera-tibia-con-2-pedestal-profesional-maquina-de-cera-caliente\/#breadcrumb"},"inLanguage":"fr-FR","potentialAction":[{"@type":"ReadAction","target":["https:\/\/hannacosmetica.com\/tienda\/maquinaria\/calentadores-cera-parafina\/calentador-de-cera-tibia-roll-on-calentador-de-cera-tibia-con-2-pedestal-profesional-maquina-de-cera-caliente\/"]}]},{"@type":"BreadcrumbList","@id":"https:\/\/hannacosmetica.com\/tienda\/maquinaria\/calentadores-cera-parafina\/calentador-de-cera-tibia-roll-on-calentador-de-cera-tibia-con-2-pedestal-profesional-maquina-de-cera-caliente\/#breadcrumb","itemListElement":[{"@type":"ListItem","position":1,"name":"Portada","item":"https:\/\/hannacosmetica.com\/"},{"@type":"ListItem","position":2,"name":"Tienda","item":"https:\/\/hannacosmetica.com\/shop\/"},{"@type":"ListItem","position":3,"name":"Calentador De Cera Tibia Roll-On, Calentador de Cera Tibia con 2 Pedestal, Profesional M\u00e1quina de Cera Caliente"}]},{"@type":"WebSite","@id":"https:\/\/hannacosmetica.com\/#website","url":"https:\/\/hannacosmetica.com\/","name":"Hanna Cosm\u00e9tica","description":"Tienda de productos u\u00f1as, bellezas y peluquer\u00edas","publisher":{"@id":"https:\/\/hannacosmetica.com\/#organization"},"potentialAction":[{"@type":"SearchAction","target":{"@type":"EntryPoint","urlTemplate":"https:\/\/hannacosmetica.com\/?s={search_term_string}"},"query-input":"required name=search_term_string"}],"inLanguage":"fr-FR"},{"@type":"Organization","@id":"https:\/\/hannacosmetica.com\/#organization","name":"Hanna Cosm\u00e9tica","url":"https:\/\/hannacosmetica.com\/","logo":{"@type":"ImageObject","inLanguage":"fr-FR","@id":"https:\/\/hannacosmetica.com\/#\/schema\/logo\/image\/","url":"https:\/\/hannacosmetica.com\/wp-content\/uploads\/2022\/07\/Logo-Joyeria-Femenino-Floral-Negro.png","contentUrl":"https:\/\/hannacosmetica.com\/wp-content\/uploads\/2022\/07\/Logo-Joyeria-Femenino-Floral-Negro.png","width":361,"height":126,"caption":"Hanna Cosm\u00e9tica"},"image":{"@id":"https:\/\/hannacosmetica.com\/#\/schema\/logo\/image\/"}}]}},"_links":{"self":[{"href":"https:\/\/hannacosmetica.com\/fr\/wp-json\/wp\/v2\/product\/4380"}],"collection":[{"href":"https:\/\/hannacosmetica.com\/fr\/wp-json\/wp\/v2\/product"}],"about":[{"href":"https:\/\/hannacosmetica.com\/fr\/wp-json\/wp\/v2\/types\/product"}],"replies":[{"embeddable":true,"href":"https:\/\/hannacosmetica.com\/fr\/wp-json\/wp\/v2\/comments?post=4380"}],"version-history":[{"count":1,"href":"https:\/\/hannacosmetica.com\/fr\/wp-json\/wp\/v2\/product\/4380\/revisions"}],"predecessor-version":[{"id":4387,"href":"https:\/\/hannacosmetica.com\/fr\/wp-json\/wp\/v2\/product\/4380\/revisions\/4387"}],"wp:featuredmedia":[{"embeddable":true,"href":"https:\/\/hannacosmetica.com\/fr\/wp-json\/wp\/v2\/media\/7754"}],"wp:attachment":[{"href":"https:\/\/hannacosmetica.com\/fr\/wp-json\/wp\/v2\/media?parent=4380"}],"wp:term":[{"taxonomy":"product_cat","embeddable":true,"href":"https:\/\/hannacosmetica.com\/fr\/wp-json\/wp\/v2\/product_cat?post=4380"},{"taxonomy":"product_tag","embeddable":true,"href":"https:\/\/hannacosmetica.com\/fr\/wp-json\/wp\/v2\/product_tag?post=4380"}],"curies":[{"name":"wp","href":"https:\/\/api.w.org\/{rel}","templated":true}]}}