{"id":4365,"date":"2022-08-26T09:56:04","date_gmt":"2022-08-26T09:56:04","guid":{"rendered":"https:\/\/hannacosmetica.com\/?post_type=product&#038;p=4365"},"modified":"2025-10-28T16:46:43","modified_gmt":"2025-10-28T16:46:43","slug":"torno-para-unas-profesional-30000-rpm-con-pedal-2","status":"publish","type":"product","link":"https:\/\/hannacosmetica.com\/fr\/tienda\/maquinaria\/tornos-para-unas\/torno-para-unas-profesional-30000-rpm-con-pedal-2\/","title":{"rendered":"Torno para U\u00f1as Profesional 30000 Rpm con Pedal"},"content":{"rendered":"<ul class=\"a-unordered-list a-vertical a-spacing-mini\">\n<li><span class=\"a-list-item\">\ud83d\udc4d\ud83c\udffc \u3010Torno para u\u00f1as profesional de alta gama\u3011 El torno para u\u00f1as JD500 ha sido dise\u00f1ado para realizar una manicura y pedicura excelentes; es ideal para eliminar no solo cut\u00edculas, sino tambi\u00e9n esmalte semipermanente y gel acr\u00edlico y reconstrucci\u00f3n de puntas.Permite afilar, lijar, pulir y realizar una manicura y pedicura profesional. Tambi\u00e9n es adecuado para esculpir, grabar, esmerilar, afilar, lijar, pulir, perforar. Todos nuestros productos se env\u00edan directamente desde los centros de Amazon.<\/span><\/li>\n<li><span class=\"a-list-item\">\ud83d\udc4d\ud83c\udffc\u3010Ventajas de esto torno\u3011 El torno tiene pocas vibraciones y no hace ruido; velocidad de rotaci\u00f3n ajustable (de 0 a 30000 rpm); para uso profesional o personal.<\/span><\/li>\n<li><span class=\"a-list-item\">\ud83d\udc4d\ud83c\udffc\u3010Pieza de mano ergon\u00f3mica\u3011 La pieza de mano es ergon\u00f3mica y ligera . Permite un agarre f\u00e1cil y estable y se mueve tanto en sentido horario como antihorario. Ideal tanto para zurdos como para diestros.<\/span><\/li>\n<li><span class=\"a-list-item\">\ud83d\udc4d\ud83c\udffc \u3010F\u00e1cil de usar\u3011La velocidad de rotaci\u00f3n del torno se puede controlar con el pedal. El paquete incluye 5fresas multiusos, que realizan diversas funciones para manicura y pedicura y son f\u00e1cilmente reemplazables.<\/span><\/li>\n<\/ul>","protected":false},"excerpt":{"rendered":"<p>\ud83d\udc4d\ud83c\udffc \u3010Torno para u\u00f1as profesional de alta gama\u3011 El torno para u\u00f1as JD500 ha sido dise\u00f1ado para realizar una manicura y pedicura&hellip;<\/p>","protected":false},"featured_media":7733,"comment_status":"open","ping_status":"closed","template":"","meta":[],"product_cat":[86,118],"product_tag":[],"yoast_head":"<!-- This site is optimized with the Yoast SEO plugin v19.9 - https:\/\/yoast.com\/wordpress\/plugins\/seo\/ -->\n<title>Torno para U\u00f1as Profesional 30000 Rpm con Pedal - Hanna Cosm\u00e9tica<\/title>\n<meta name=\"robots\" content=\"index, follow, max-snippet:-1, max-image-preview:large, max-video-preview:-1\" \/>\n<link rel=\"canonical\" href=\"https:\/\/hannacosmetica.com\/fr\/tienda\/maquinaria\/tornos-para-unas\/torno-para-unas-profesional-30000-rpm-con-pedal-2\/\" \/>\n<meta property=\"og:locale\" content=\"fr_FR\" \/>\n<meta property=\"og:type\" content=\"article\" \/>\n<meta property=\"og:title\" content=\"Torno para U\u00f1as Profesional 30000 Rpm con Pedal - Hanna Cosm\u00e9tica\" \/>\n<meta property=\"og:description\" content=\"\ud83d\udc4d\ud83c\udffc \u3010Torno para u\u00f1as profesional de alta gama\u3011 El torno para u\u00f1as JD500 ha sido dise\u00f1ado para realizar una manicura y pedicura&hellip;\" \/>\n<meta property=\"og:url\" content=\"https:\/\/hannacosmetica.com\/fr\/tienda\/maquinaria\/tornos-para-unas\/torno-para-unas-profesional-30000-rpm-con-pedal-2\/\" \/>\n<meta property=\"og:site_name\" content=\"Hanna Cosm\u00e9tica\" \/>\n<meta property=\"article:modified_time\" content=\"2025-10-28T16:46:43+00:00\" \/>\n<meta property=\"og:image\" content=\"https:\/\/hannacosmetica.com\/wp-content\/uploads\/2022\/08\/\u672a\u547d\u540d\u7684\u8bbe\u8ba1-11-1.png\" \/>\n\t<meta property=\"og:image:width\" content=\"4800\" \/>\n\t<meta property=\"og:image:height\" content=\"4800\" \/>\n\t<meta property=\"og:image:type\" content=\"image\/png\" \/>\n<meta name=\"twitter:card\" content=\"summary_large_image\" \/>\n<script type=\"application\/ld+json\" class=\"yoast-schema-graph\">{\"@context\":\"https:\/\/schema.org\",\"@graph\":[{\"@type\":\"WebPage\",\"@id\":\"https:\/\/hannacosmetica.com\/tienda\/maquinaria\/tornos-para-unas\/torno-para-unas-profesional-30000-rpm-con-pedal-2\/\",\"url\":\"https:\/\/hannacosmetica.com\/tienda\/maquinaria\/tornos-para-unas\/torno-para-unas-profesional-30000-rpm-con-pedal-2\/\",\"name\":\"Torno para U\u00f1as Profesional 30000 Rpm con Pedal - Hanna Cosm\u00e9tica\",\"isPartOf\":{\"@id\":\"https:\/\/hannacosmetica.com\/#website\"},\"datePublished\":\"2022-08-26T09:56:04+00:00\",\"dateModified\":\"2025-10-28T16:46:43+00:00\",\"breadcrumb\":{\"@id\":\"https:\/\/hannacosmetica.com\/tienda\/maquinaria\/tornos-para-unas\/torno-para-unas-profesional-30000-rpm-con-pedal-2\/#breadcrumb\"},\"inLanguage\":\"fr-FR\",\"potentialAction\":[{\"@type\":\"ReadAction\",\"target\":[\"https:\/\/hannacosmetica.com\/tienda\/maquinaria\/tornos-para-unas\/torno-para-unas-profesional-30000-rpm-con-pedal-2\/\"]}]},{\"@type\":\"BreadcrumbList\",\"@id\":\"https:\/\/hannacosmetica.com\/tienda\/maquinaria\/tornos-para-unas\/torno-para-unas-profesional-30000-rpm-con-pedal-2\/#breadcrumb\",\"itemListElement\":[{\"@type\":\"ListItem\",\"position\":1,\"name\":\"Portada\",\"item\":\"https:\/\/hannacosmetica.com\/\"},{\"@type\":\"ListItem\",\"position\":2,\"name\":\"Tienda\",\"item\":\"https:\/\/hannacosmetica.com\/shop\/\"},{\"@type\":\"ListItem\",\"position\":3,\"name\":\"Torno para U\u00f1as Profesional 30000 Rpm con Pedal\"}]},{\"@type\":\"WebSite\",\"@id\":\"https:\/\/hannacosmetica.com\/#website\",\"url\":\"https:\/\/hannacosmetica.com\/\",\"name\":\"Hanna Cosm\u00e9tica\",\"description\":\"Tienda de productos u\u00f1as, bellezas y peluquer\u00edas\",\"publisher\":{\"@id\":\"https:\/\/hannacosmetica.com\/#organization\"},\"potentialAction\":[{\"@type\":\"SearchAction\",\"target\":{\"@type\":\"EntryPoint\",\"urlTemplate\":\"https:\/\/hannacosmetica.com\/?s={search_term_string}\"},\"query-input\":\"required name=search_term_string\"}],\"inLanguage\":\"fr-FR\"},{\"@type\":\"Organization\",\"@id\":\"https:\/\/hannacosmetica.com\/#organization\",\"name\":\"Hanna Cosm\u00e9tica\",\"url\":\"https:\/\/hannacosmetica.com\/\",\"logo\":{\"@type\":\"ImageObject\",\"inLanguage\":\"fr-FR\",\"@id\":\"https:\/\/hannacosmetica.com\/#\/schema\/logo\/image\/\",\"url\":\"https:\/\/hannacosmetica.com\/wp-content\/uploads\/2022\/07\/Logo-Joyeria-Femenino-Floral-Negro.png\",\"contentUrl\":\"https:\/\/hannacosmetica.com\/wp-content\/uploads\/2022\/07\/Logo-Joyeria-Femenino-Floral-Negro.png\",\"width\":361,\"height\":126,\"caption\":\"Hanna Cosm\u00e9tica\"},\"image\":{\"@id\":\"https:\/\/hannacosmetica.com\/#\/schema\/logo\/image\/\"}}]}<\/script>\n<!-- \/ Yoast SEO plugin. -->","yoast_head_json":{"title":"Torno para U\u00f1as Profesional 30000 Rpm con Pedal - Hanna Cosm\u00e9tica","robots":{"index":"index","follow":"follow","max-snippet":"max-snippet:-1","max-image-preview":"max-image-preview:large","max-video-preview":"max-video-preview:-1"},"canonical":"https:\/\/hannacosmetica.com\/fr\/tienda\/maquinaria\/tornos-para-unas\/torno-para-unas-profesional-30000-rpm-con-pedal-2\/","og_locale":"fr_FR","og_type":"article","og_title":"Torno para U\u00f1as Profesional 30000 Rpm con Pedal - Hanna Cosm\u00e9tica","og_description":"\ud83d\udc4d\ud83c\udffc \u3010Torno para u\u00f1as profesional de alta gama\u3011 El torno para u\u00f1as JD500 ha sido dise\u00f1ado para realizar una manicura y pedicura&hellip;","og_url":"https:\/\/hannacosmetica.com\/fr\/tienda\/maquinaria\/tornos-para-unas\/torno-para-unas-profesional-30000-rpm-con-pedal-2\/","og_site_name":"Hanna Cosm\u00e9tica","article_modified_time":"2025-10-28T16:46:43+00:00","og_image":[{"width":4800,"height":4800,"url":"https:\/\/hannacosmetica.com\/wp-content\/uploads\/2022\/08\/\u672a\u547d\u540d\u7684\u8bbe\u8ba1-11-1.png","type":"image\/png"}],"twitter_card":"summary_large_image","schema":{"@context":"https:\/\/schema.org","@graph":[{"@type":"WebPage","@id":"https:\/\/hannacosmetica.com\/tienda\/maquinaria\/tornos-para-unas\/torno-para-unas-profesional-30000-rpm-con-pedal-2\/","url":"https:\/\/hannacosmetica.com\/tienda\/maquinaria\/tornos-para-unas\/torno-para-unas-profesional-30000-rpm-con-pedal-2\/","name":"Torno para U\u00f1as Profesional 30000 Rpm con Pedal - Hanna Cosm\u00e9tica","isPartOf":{"@id":"https:\/\/hannacosmetica.com\/#website"},"datePublished":"2022-08-26T09:56:04+00:00","dateModified":"2025-10-28T16:46:43+00:00","breadcrumb":{"@id":"https:\/\/hannacosmetica.com\/tienda\/maquinaria\/tornos-para-unas\/torno-para-unas-profesional-30000-rpm-con-pedal-2\/#breadcrumb"},"inLanguage":"fr-FR","potentialAction":[{"@type":"ReadAction","target":["https:\/\/hannacosmetica.com\/tienda\/maquinaria\/tornos-para-unas\/torno-para-unas-profesional-30000-rpm-con-pedal-2\/"]}]},{"@type":"BreadcrumbList","@id":"https:\/\/hannacosmetica.com\/tienda\/maquinaria\/tornos-para-unas\/torno-para-unas-profesional-30000-rpm-con-pedal-2\/#breadcrumb","itemListElement":[{"@type":"ListItem","position":1,"name":"Portada","item":"https:\/\/hannacosmetica.com\/"},{"@type":"ListItem","position":2,"name":"Tienda","item":"https:\/\/hannacosmetica.com\/shop\/"},{"@type":"ListItem","position":3,"name":"Torno para U\u00f1as Profesional 30000 Rpm con Pedal"}]},{"@type":"WebSite","@id":"https:\/\/hannacosmetica.com\/#website","url":"https:\/\/hannacosmetica.com\/","name":"Hanna Cosm\u00e9tica","description":"Tienda de productos u\u00f1as, bellezas y peluquer\u00edas","publisher":{"@id":"https:\/\/hannacosmetica.com\/#organization"},"potentialAction":[{"@type":"SearchAction","target":{"@type":"EntryPoint","urlTemplate":"https:\/\/hannacosmetica.com\/?s={search_term_string}"},"query-input":"required name=search_term_string"}],"inLanguage":"fr-FR"},{"@type":"Organization","@id":"https:\/\/hannacosmetica.com\/#organization","name":"Hanna Cosm\u00e9tica","url":"https:\/\/hannacosmetica.com\/","logo":{"@type":"ImageObject","inLanguage":"fr-FR","@id":"https:\/\/hannacosmetica.com\/#\/schema\/logo\/image\/","url":"https:\/\/hannacosmetica.com\/wp-content\/uploads\/2022\/07\/Logo-Joyeria-Femenino-Floral-Negro.png","contentUrl":"https:\/\/hannacosmetica.com\/wp-content\/uploads\/2022\/07\/Logo-Joyeria-Femenino-Floral-Negro.png","width":361,"height":126,"caption":"Hanna Cosm\u00e9tica"},"image":{"@id":"https:\/\/hannacosmetica.com\/#\/schema\/logo\/image\/"}}]}},"_links":{"self":[{"href":"https:\/\/hannacosmetica.com\/fr\/wp-json\/wp\/v2\/product\/4365"}],"collection":[{"href":"https:\/\/hannacosmetica.com\/fr\/wp-json\/wp\/v2\/product"}],"about":[{"href":"https:\/\/hannacosmetica.com\/fr\/wp-json\/wp\/v2\/types\/product"}],"replies":[{"embeddable":true,"href":"https:\/\/hannacosmetica.com\/fr\/wp-json\/wp\/v2\/comments?post=4365"}],"version-history":[{"count":2,"href":"https:\/\/hannacosmetica.com\/fr\/wp-json\/wp\/v2\/product\/4365\/revisions"}],"predecessor-version":[{"id":15381,"href":"https:\/\/hannacosmetica.com\/fr\/wp-json\/wp\/v2\/product\/4365\/revisions\/15381"}],"wp:featuredmedia":[{"embeddable":true,"href":"https:\/\/hannacosmetica.com\/fr\/wp-json\/wp\/v2\/media\/7733"}],"wp:attachment":[{"href":"https:\/\/hannacosmetica.com\/fr\/wp-json\/wp\/v2\/media?parent=4365"}],"wp:term":[{"taxonomy":"product_cat","embeddable":true,"href":"https:\/\/hannacosmetica.com\/fr\/wp-json\/wp\/v2\/product_cat?post=4365"},{"taxonomy":"product_tag","embeddable":true,"href":"https:\/\/hannacosmetica.com\/fr\/wp-json\/wp\/v2\/product_tag?post=4365"}],"curies":[{"name":"wp","href":"https:\/\/api.w.org\/{rel}","templated":true}]}}