{"id":4311,"date":"2022-08-24T13:47:51","date_gmt":"2022-08-24T13:47:51","guid":{"rendered":"https:\/\/hannacosmetica.com\/?post_type=product&#038;p=4311"},"modified":"2023-10-27T12:33:41","modified_gmt":"2023-10-27T12:33:41","slug":"calientador-de-cera-caliente-500gr-electrico-para-depilacion-profesional","status":"publish","type":"product","link":"https:\/\/hannacosmetica.com\/fr\/tienda\/maquinaria\/calentadores-cera-parafina\/calientador-de-cera-caliente-500gr-electrico-para-depilacion-profesional\/","title":{"rendered":"Calentador de Cera Caliente 500Gr El\u00e9ctrico Para Depilaci\u00f3n Profesional"},"content":{"rendered":"<p>Entrada:\u00a0 \/ 60Hz, AC220V \/ 50Hz<br \/>\nPotencia: 100W<br \/>\nTemperatura ajustable: 45\u00b0C -105\u00b0C<br \/>\nCapacidad: 500ml<br \/>\nN.W.:0.72KG<\/p>","protected":false},"excerpt":{"rendered":"<p>Entrada:\u00a0 \/ 60Hz, AC220V \/ 50Hz Potencia: 100W Temperatura ajustable: 45\u00b0C -105\u00b0C Capacidad: 500ml N.W.:0.72KG<\/p>","protected":false},"featured_media":4314,"comment_status":"open","ping_status":"closed","template":"","meta":[],"product_cat":[86,122],"product_tag":[],"yoast_head":"<!-- This site is optimized with the Yoast SEO plugin v19.9 - https:\/\/yoast.com\/wordpress\/plugins\/seo\/ -->\n<title>Calentador de Cera Caliente 500Gr El\u00e9ctrico Para Depilaci\u00f3n Profesional - Hanna Cosm\u00e9tica<\/title>\n<meta name=\"robots\" content=\"index, follow, max-snippet:-1, max-image-preview:large, max-video-preview:-1\" \/>\n<link rel=\"canonical\" href=\"https:\/\/hannacosmetica.com\/fr\/tienda\/maquinaria\/calentadores-cera-parafina\/calientador-de-cera-caliente-500gr-electrico-para-depilacion-profesional\/\" \/>\n<meta property=\"og:locale\" content=\"fr_FR\" \/>\n<meta property=\"og:type\" content=\"article\" \/>\n<meta property=\"og:title\" content=\"Calentador de Cera Caliente 500Gr El\u00e9ctrico Para Depilaci\u00f3n Profesional - Hanna Cosm\u00e9tica\" \/>\n<meta property=\"og:description\" content=\"Entrada:\u00a0 \/ 60Hz, AC220V \/ 50Hz Potencia: 100W Temperatura ajustable: 45\u00b0C -105\u00b0C Capacidad: 500ml N.W.:0.72KG\" \/>\n<meta property=\"og:url\" content=\"https:\/\/hannacosmetica.com\/fr\/tienda\/maquinaria\/calentadores-cera-parafina\/calientador-de-cera-caliente-500gr-electrico-para-depilacion-profesional\/\" \/>\n<meta property=\"og:site_name\" content=\"Hanna Cosm\u00e9tica\" \/>\n<meta property=\"article:modified_time\" content=\"2023-10-27T12:33:41+00:00\" \/>\n<meta property=\"og:image\" content=\"https:\/\/hannacosmetica.com\/wp-content\/uploads\/2022\/08\/08662096e4a90703bf3fbaea1ed338b-1-scaled.jpg\" \/>\n\t<meta property=\"og:image:width\" content=\"3360\" \/>\n\t<meta property=\"og:image:height\" content=\"3360\" \/>\n\t<meta property=\"og:image:type\" content=\"image\/jpeg\" \/>\n<meta name=\"twitter:card\" content=\"summary_large_image\" \/>\n<script type=\"application\/ld+json\" class=\"yoast-schema-graph\">{\"@context\":\"https:\/\/schema.org\",\"@graph\":[{\"@type\":\"WebPage\",\"@id\":\"https:\/\/hannacosmetica.com\/tienda\/maquinaria\/calentadores-cera-parafina\/calientador-de-cera-caliente-500gr-electrico-para-depilacion-profesional\/\",\"url\":\"https:\/\/hannacosmetica.com\/tienda\/maquinaria\/calentadores-cera-parafina\/calientador-de-cera-caliente-500gr-electrico-para-depilacion-profesional\/\",\"name\":\"Calentador de Cera Caliente 500Gr El\u00e9ctrico Para Depilaci\u00f3n Profesional - Hanna Cosm\u00e9tica\",\"isPartOf\":{\"@id\":\"https:\/\/hannacosmetica.com\/#website\"},\"datePublished\":\"2022-08-24T13:47:51+00:00\",\"dateModified\":\"2023-10-27T12:33:41+00:00\",\"breadcrumb\":{\"@id\":\"https:\/\/hannacosmetica.com\/tienda\/maquinaria\/calentadores-cera-parafina\/calientador-de-cera-caliente-500gr-electrico-para-depilacion-profesional\/#breadcrumb\"},\"inLanguage\":\"fr-FR\",\"potentialAction\":[{\"@type\":\"ReadAction\",\"target\":[\"https:\/\/hannacosmetica.com\/tienda\/maquinaria\/calentadores-cera-parafina\/calientador-de-cera-caliente-500gr-electrico-para-depilacion-profesional\/\"]}]},{\"@type\":\"BreadcrumbList\",\"@id\":\"https:\/\/hannacosmetica.com\/tienda\/maquinaria\/calentadores-cera-parafina\/calientador-de-cera-caliente-500gr-electrico-para-depilacion-profesional\/#breadcrumb\",\"itemListElement\":[{\"@type\":\"ListItem\",\"position\":1,\"name\":\"Portada\",\"item\":\"https:\/\/hannacosmetica.com\/\"},{\"@type\":\"ListItem\",\"position\":2,\"name\":\"Tienda\",\"item\":\"https:\/\/hannacosmetica.com\/shop\/\"},{\"@type\":\"ListItem\",\"position\":3,\"name\":\"Calentador de Cera Caliente 500Gr El\u00e9ctrico Para Depilaci\u00f3n Profesional\"}]},{\"@type\":\"WebSite\",\"@id\":\"https:\/\/hannacosmetica.com\/#website\",\"url\":\"https:\/\/hannacosmetica.com\/\",\"name\":\"Hanna Cosm\u00e9tica\",\"description\":\"Tienda de productos u\u00f1as, bellezas y peluquer\u00edas\",\"publisher\":{\"@id\":\"https:\/\/hannacosmetica.com\/#organization\"},\"potentialAction\":[{\"@type\":\"SearchAction\",\"target\":{\"@type\":\"EntryPoint\",\"urlTemplate\":\"https:\/\/hannacosmetica.com\/?s={search_term_string}\"},\"query-input\":\"required name=search_term_string\"}],\"inLanguage\":\"fr-FR\"},{\"@type\":\"Organization\",\"@id\":\"https:\/\/hannacosmetica.com\/#organization\",\"name\":\"Hanna Cosm\u00e9tica\",\"url\":\"https:\/\/hannacosmetica.com\/\",\"logo\":{\"@type\":\"ImageObject\",\"inLanguage\":\"fr-FR\",\"@id\":\"https:\/\/hannacosmetica.com\/#\/schema\/logo\/image\/\",\"url\":\"https:\/\/hannacosmetica.com\/wp-content\/uploads\/2022\/07\/Logo-Joyeria-Femenino-Floral-Negro.png\",\"contentUrl\":\"https:\/\/hannacosmetica.com\/wp-content\/uploads\/2022\/07\/Logo-Joyeria-Femenino-Floral-Negro.png\",\"width\":361,\"height\":126,\"caption\":\"Hanna Cosm\u00e9tica\"},\"image\":{\"@id\":\"https:\/\/hannacosmetica.com\/#\/schema\/logo\/image\/\"}}]}<\/script>\n<!-- \/ Yoast SEO plugin. -->","yoast_head_json":{"title":"Calentador de Cera Caliente 500Gr El\u00e9ctrico Para Depilaci\u00f3n Profesional - Hanna Cosm\u00e9tica","robots":{"index":"index","follow":"follow","max-snippet":"max-snippet:-1","max-image-preview":"max-image-preview:large","max-video-preview":"max-video-preview:-1"},"canonical":"https:\/\/hannacosmetica.com\/fr\/tienda\/maquinaria\/calentadores-cera-parafina\/calientador-de-cera-caliente-500gr-electrico-para-depilacion-profesional\/","og_locale":"fr_FR","og_type":"article","og_title":"Calentador de Cera Caliente 500Gr El\u00e9ctrico Para Depilaci\u00f3n Profesional - Hanna Cosm\u00e9tica","og_description":"Entrada:\u00a0 \/ 60Hz, AC220V \/ 50Hz Potencia: 100W Temperatura ajustable: 45\u00b0C -105\u00b0C Capacidad: 500ml N.W.:0.72KG","og_url":"https:\/\/hannacosmetica.com\/fr\/tienda\/maquinaria\/calentadores-cera-parafina\/calientador-de-cera-caliente-500gr-electrico-para-depilacion-profesional\/","og_site_name":"Hanna Cosm\u00e9tica","article_modified_time":"2023-10-27T12:33:41+00:00","og_image":[{"width":3360,"height":3360,"url":"https:\/\/hannacosmetica.com\/wp-content\/uploads\/2022\/08\/08662096e4a90703bf3fbaea1ed338b-1-scaled.jpg","type":"image\/jpeg"}],"twitter_card":"summary_large_image","schema":{"@context":"https:\/\/schema.org","@graph":[{"@type":"WebPage","@id":"https:\/\/hannacosmetica.com\/tienda\/maquinaria\/calentadores-cera-parafina\/calientador-de-cera-caliente-500gr-electrico-para-depilacion-profesional\/","url":"https:\/\/hannacosmetica.com\/tienda\/maquinaria\/calentadores-cera-parafina\/calientador-de-cera-caliente-500gr-electrico-para-depilacion-profesional\/","name":"Calentador de Cera Caliente 500Gr El\u00e9ctrico Para Depilaci\u00f3n Profesional - Hanna Cosm\u00e9tica","isPartOf":{"@id":"https:\/\/hannacosmetica.com\/#website"},"datePublished":"2022-08-24T13:47:51+00:00","dateModified":"2023-10-27T12:33:41+00:00","breadcrumb":{"@id":"https:\/\/hannacosmetica.com\/tienda\/maquinaria\/calentadores-cera-parafina\/calientador-de-cera-caliente-500gr-electrico-para-depilacion-profesional\/#breadcrumb"},"inLanguage":"fr-FR","potentialAction":[{"@type":"ReadAction","target":["https:\/\/hannacosmetica.com\/tienda\/maquinaria\/calentadores-cera-parafina\/calientador-de-cera-caliente-500gr-electrico-para-depilacion-profesional\/"]}]},{"@type":"BreadcrumbList","@id":"https:\/\/hannacosmetica.com\/tienda\/maquinaria\/calentadores-cera-parafina\/calientador-de-cera-caliente-500gr-electrico-para-depilacion-profesional\/#breadcrumb","itemListElement":[{"@type":"ListItem","position":1,"name":"Portada","item":"https:\/\/hannacosmetica.com\/"},{"@type":"ListItem","position":2,"name":"Tienda","item":"https:\/\/hannacosmetica.com\/shop\/"},{"@type":"ListItem","position":3,"name":"Calentador de Cera Caliente 500Gr El\u00e9ctrico Para Depilaci\u00f3n Profesional"}]},{"@type":"WebSite","@id":"https:\/\/hannacosmetica.com\/#website","url":"https:\/\/hannacosmetica.com\/","name":"Hanna Cosm\u00e9tica","description":"Tienda de productos u\u00f1as, bellezas y peluquer\u00edas","publisher":{"@id":"https:\/\/hannacosmetica.com\/#organization"},"potentialAction":[{"@type":"SearchAction","target":{"@type":"EntryPoint","urlTemplate":"https:\/\/hannacosmetica.com\/?s={search_term_string}"},"query-input":"required name=search_term_string"}],"inLanguage":"fr-FR"},{"@type":"Organization","@id":"https:\/\/hannacosmetica.com\/#organization","name":"Hanna Cosm\u00e9tica","url":"https:\/\/hannacosmetica.com\/","logo":{"@type":"ImageObject","inLanguage":"fr-FR","@id":"https:\/\/hannacosmetica.com\/#\/schema\/logo\/image\/","url":"https:\/\/hannacosmetica.com\/wp-content\/uploads\/2022\/07\/Logo-Joyeria-Femenino-Floral-Negro.png","contentUrl":"https:\/\/hannacosmetica.com\/wp-content\/uploads\/2022\/07\/Logo-Joyeria-Femenino-Floral-Negro.png","width":361,"height":126,"caption":"Hanna Cosm\u00e9tica"},"image":{"@id":"https:\/\/hannacosmetica.com\/#\/schema\/logo\/image\/"}}]}},"_links":{"self":[{"href":"https:\/\/hannacosmetica.com\/fr\/wp-json\/wp\/v2\/product\/4311"}],"collection":[{"href":"https:\/\/hannacosmetica.com\/fr\/wp-json\/wp\/v2\/product"}],"about":[{"href":"https:\/\/hannacosmetica.com\/fr\/wp-json\/wp\/v2\/types\/product"}],"replies":[{"embeddable":true,"href":"https:\/\/hannacosmetica.com\/fr\/wp-json\/wp\/v2\/comments?post=4311"}],"version-history":[{"count":3,"href":"https:\/\/hannacosmetica.com\/fr\/wp-json\/wp\/v2\/product\/4311\/revisions"}],"predecessor-version":[{"id":7753,"href":"https:\/\/hannacosmetica.com\/fr\/wp-json\/wp\/v2\/product\/4311\/revisions\/7753"}],"wp:featuredmedia":[{"embeddable":true,"href":"https:\/\/hannacosmetica.com\/fr\/wp-json\/wp\/v2\/media\/4314"}],"wp:attachment":[{"href":"https:\/\/hannacosmetica.com\/fr\/wp-json\/wp\/v2\/media?parent=4311"}],"wp:term":[{"taxonomy":"product_cat","embeddable":true,"href":"https:\/\/hannacosmetica.com\/fr\/wp-json\/wp\/v2\/product_cat?post=4311"},{"taxonomy":"product_tag","embeddable":true,"href":"https:\/\/hannacosmetica.com\/fr\/wp-json\/wp\/v2\/product_tag?post=4311"}],"curies":[{"name":"wp","href":"https:\/\/api.w.org\/{rel}","templated":true}]}}