{"id":4268,"date":"2022-08-24T11:04:02","date_gmt":"2022-08-24T11:04:02","guid":{"rendered":"https:\/\/hannacosmetica.com\/?post_type=product&#038;p=4268"},"modified":"2023-10-27T12:31:31","modified_gmt":"2023-10-27T12:31:31","slug":"madenia-torno-para-unas-profesional-30000-rpm-lima-electrica-unas-profesional-torno-manicura-y-pedicura-de-acrilico-o-de-gel-con-pantalla-led-potente-y-silencioso","status":"publish","type":"product","link":"https:\/\/hannacosmetica.com\/fr\/tienda\/maquinaria\/tornos-para-unas\/madenia-torno-para-unas-profesional-30000-rpm-lima-electrica-unas-profesional-torno-manicura-y-pedicura-de-acrilico-o-de-gel-con-pantalla-led-potente-y-silencioso\/","title":{"rendered":"Madenia Torno para U\u00f1as Profesional 30000 rpm Lima Electrica U\u00f1as Profesional Torno Manicura y Pedicura de Acr\u00edlico o de Gel con Pantalla LED, Potente y Silencioso"},"content":{"rendered":"<ul class=\"a-unordered-list a-vertical a-spacing-mini\">\n<li><span class=\"a-list-item\">Potente y f\u00e1cil de usar: este taladro torno para u\u00f1as es bueno para grabar, tallar, moler, afilar, lijar y pulir u\u00f1as, as\u00ed como quitar el esmalte de gel, satisfacer tus m\u00faltiples manicuras desde un simple corte para quitar u\u00f1as de gel, u\u00f1as acr\u00edlicas o gel de u\u00f1as de poli\u00e9ster. Profesional tanto para uso dom\u00e9stico como profesional.<\/span><\/li>\n<li><span class=\"a-list-item\">Pieza de mano mejorada: la pieza de mano de esta m\u00e1quina de torno para u\u00f1as profesional est\u00e1 dise\u00f1ada con alta precisi\u00f3n y alta torsi\u00f3n, que realmente logra bajo ruido, baja vibraci\u00f3n y funciona sin problemas. El material de aleaci\u00f3n de aluminio y el dise\u00f1o del agujero de refrigeraci\u00f3n hacen que sea m\u00e1s ligero y permite que el calor se disipe m\u00e1s r\u00e1pido. Un sistema de bloqueo giratorio hace que sea m\u00e1s f\u00e1cil reemplazar las brocas. \u00bfNo quieres probarlo?<\/span><\/li>\n<li><span class=\"a-list-item\">Pedal de pie y dos direcciones de rotaci\u00f3n: modo \u00abmano\u00bb y modo \u00abpie\u00bb para que elijas. El pedal puede liberar tus manos, haciendo que la manicura sea m\u00e1s c\u00f3moda. Este torno para manicura la funci\u00f3n de rotaci\u00f3n hacia adelante y hacia atr\u00e1s, lo que alivia el problema de los usuarios zurdos y diestros.<\/span><\/li>\n<li><span class=\"a-list-item\">Pantalla LCD y control sensible al tacto: la pantalla t\u00e1ctil de esta lima de u\u00f1as el\u00e9ctrica adopta un dise\u00f1o ergon\u00f3mico inclinado de 157 grados, lo que hace que tu operaci\u00f3n sea m\u00e1s c\u00f3moda. Y la pantalla LCD muestra la velocidad actual y la direcci\u00f3n de rotaci\u00f3n de la pieza de mano, lo que hace que sea m\u00e1s f\u00e1cil elegir tu propia velocidad de rotaci\u00f3n de esmalte de u\u00f1as.<\/span><\/li>\n<li><span class=\"a-list-item\">Dise\u00f1o de apariencia de primera clase: el soporte de la pieza de mano y los soportes de 6 puntas en el medio de la m\u00e1quina hacen que sea m\u00e1s f\u00e1cil de usar y almacenar. El dise\u00f1o compacto y exquisito ahorra espacio en tu escritorio, y ya no te preocupes por el desorden del escritorio<\/span><\/li>\n<\/ul>","protected":false},"excerpt":{"rendered":"<p>Potente y f\u00e1cil de usar: este taladro torno para u\u00f1as es bueno para grabar, tallar, moler, afilar, lijar y pulir u\u00f1as, as\u00ed&hellip;<\/p>","protected":false},"featured_media":4273,"comment_status":"open","ping_status":"closed","template":"","meta":[],"product_cat":[86,118],"product_tag":[],"yoast_head":"<!-- This site is optimized with the Yoast SEO plugin v19.9 - https:\/\/yoast.com\/wordpress\/plugins\/seo\/ -->\n<title>Madenia Torno para U\u00f1as Profesional 30000 rpm Lima Electrica U\u00f1as Profesional Torno Manicura y Pedicura de Acr\u00edlico o de Gel con Pantalla LED, Potente y Silencioso - Hanna Cosm\u00e9tica<\/title>\n<meta name=\"robots\" content=\"index, follow, max-snippet:-1, max-image-preview:large, max-video-preview:-1\" \/>\n<link rel=\"canonical\" href=\"https:\/\/hannacosmetica.com\/fr\/tienda\/maquinaria\/tornos-para-unas\/madenia-torno-para-unas-profesional-30000-rpm-lima-electrica-unas-profesional-torno-manicura-y-pedicura-de-acrilico-o-de-gel-con-pantalla-led-potente-y-silencioso\/\" \/>\n<meta property=\"og:locale\" content=\"fr_FR\" \/>\n<meta property=\"og:type\" content=\"article\" \/>\n<meta property=\"og:title\" content=\"Madenia Torno para U\u00f1as Profesional 30000 rpm Lima Electrica U\u00f1as Profesional Torno Manicura y Pedicura de Acr\u00edlico o de Gel con Pantalla LED, Potente y Silencioso - Hanna Cosm\u00e9tica\" \/>\n<meta property=\"og:description\" content=\"Potente y f\u00e1cil de usar: este taladro torno para u\u00f1as es bueno para grabar, tallar, moler, afilar, lijar y pulir u\u00f1as, as\u00ed&hellip;\" \/>\n<meta property=\"og:url\" content=\"https:\/\/hannacosmetica.com\/fr\/tienda\/maquinaria\/tornos-para-unas\/madenia-torno-para-unas-profesional-30000-rpm-lima-electrica-unas-profesional-torno-manicura-y-pedicura-de-acrilico-o-de-gel-con-pantalla-led-potente-y-silencioso\/\" \/>\n<meta property=\"og:site_name\" content=\"Hanna Cosm\u00e9tica\" \/>\n<meta property=\"article:modified_time\" content=\"2023-10-27T12:31:31+00:00\" \/>\n<meta property=\"og:image\" content=\"https:\/\/hannacosmetica.com\/wp-content\/uploads\/2022\/08\/jmd-207-1.jpg\" \/>\n\t<meta property=\"og:image:width\" content=\"679\" \/>\n\t<meta property=\"og:image:height\" content=\"716\" \/>\n\t<meta property=\"og:image:type\" content=\"image\/jpeg\" \/>\n<meta name=\"twitter:card\" content=\"summary_large_image\" \/>\n<script type=\"application\/ld+json\" class=\"yoast-schema-graph\">{\"@context\":\"https:\/\/schema.org\",\"@graph\":[{\"@type\":\"WebPage\",\"@id\":\"https:\/\/hannacosmetica.com\/tienda\/maquinaria\/tornos-para-unas\/madenia-torno-para-unas-profesional-30000-rpm-lima-electrica-unas-profesional-torno-manicura-y-pedicura-de-acrilico-o-de-gel-con-pantalla-led-potente-y-silencioso\/\",\"url\":\"https:\/\/hannacosmetica.com\/tienda\/maquinaria\/tornos-para-unas\/madenia-torno-para-unas-profesional-30000-rpm-lima-electrica-unas-profesional-torno-manicura-y-pedicura-de-acrilico-o-de-gel-con-pantalla-led-potente-y-silencioso\/\",\"name\":\"Madenia Torno para U\u00f1as Profesional 30000 rpm Lima Electrica U\u00f1as Profesional Torno Manicura y Pedicura de Acr\u00edlico o de Gel con Pantalla LED, Potente y Silencioso - Hanna Cosm\u00e9tica\",\"isPartOf\":{\"@id\":\"https:\/\/hannacosmetica.com\/#website\"},\"datePublished\":\"2022-08-24T11:04:02+00:00\",\"dateModified\":\"2023-10-27T12:31:31+00:00\",\"breadcrumb\":{\"@id\":\"https:\/\/hannacosmetica.com\/tienda\/maquinaria\/tornos-para-unas\/madenia-torno-para-unas-profesional-30000-rpm-lima-electrica-unas-profesional-torno-manicura-y-pedicura-de-acrilico-o-de-gel-con-pantalla-led-potente-y-silencioso\/#breadcrumb\"},\"inLanguage\":\"fr-FR\",\"potentialAction\":[{\"@type\":\"ReadAction\",\"target\":[\"https:\/\/hannacosmetica.com\/tienda\/maquinaria\/tornos-para-unas\/madenia-torno-para-unas-profesional-30000-rpm-lima-electrica-unas-profesional-torno-manicura-y-pedicura-de-acrilico-o-de-gel-con-pantalla-led-potente-y-silencioso\/\"]}]},{\"@type\":\"BreadcrumbList\",\"@id\":\"https:\/\/hannacosmetica.com\/tienda\/maquinaria\/tornos-para-unas\/madenia-torno-para-unas-profesional-30000-rpm-lima-electrica-unas-profesional-torno-manicura-y-pedicura-de-acrilico-o-de-gel-con-pantalla-led-potente-y-silencioso\/#breadcrumb\",\"itemListElement\":[{\"@type\":\"ListItem\",\"position\":1,\"name\":\"Portada\",\"item\":\"https:\/\/hannacosmetica.com\/\"},{\"@type\":\"ListItem\",\"position\":2,\"name\":\"Tienda\",\"item\":\"https:\/\/hannacosmetica.com\/shop\/\"},{\"@type\":\"ListItem\",\"position\":3,\"name\":\"Madenia Torno para U\u00f1as Profesional 30000 rpm Lima Electrica U\u00f1as Profesional Torno Manicura y Pedicura de Acr\u00edlico o de Gel con Pantalla LED, Potente y Silencioso\"}]},{\"@type\":\"WebSite\",\"@id\":\"https:\/\/hannacosmetica.com\/#website\",\"url\":\"https:\/\/hannacosmetica.com\/\",\"name\":\"Hanna Cosm\u00e9tica\",\"description\":\"Tienda de productos u\u00f1as, bellezas y peluquer\u00edas\",\"publisher\":{\"@id\":\"https:\/\/hannacosmetica.com\/#organization\"},\"potentialAction\":[{\"@type\":\"SearchAction\",\"target\":{\"@type\":\"EntryPoint\",\"urlTemplate\":\"https:\/\/hannacosmetica.com\/?s={search_term_string}\"},\"query-input\":\"required name=search_term_string\"}],\"inLanguage\":\"fr-FR\"},{\"@type\":\"Organization\",\"@id\":\"https:\/\/hannacosmetica.com\/#organization\",\"name\":\"Hanna Cosm\u00e9tica\",\"url\":\"https:\/\/hannacosmetica.com\/\",\"logo\":{\"@type\":\"ImageObject\",\"inLanguage\":\"fr-FR\",\"@id\":\"https:\/\/hannacosmetica.com\/#\/schema\/logo\/image\/\",\"url\":\"https:\/\/hannacosmetica.com\/wp-content\/uploads\/2022\/07\/Logo-Joyeria-Femenino-Floral-Negro.png\",\"contentUrl\":\"https:\/\/hannacosmetica.com\/wp-content\/uploads\/2022\/07\/Logo-Joyeria-Femenino-Floral-Negro.png\",\"width\":361,\"height\":126,\"caption\":\"Hanna Cosm\u00e9tica\"},\"image\":{\"@id\":\"https:\/\/hannacosmetica.com\/#\/schema\/logo\/image\/\"}}]}<\/script>\n<!-- \/ Yoast SEO plugin. -->","yoast_head_json":{"title":"Madenia Torno para U\u00f1as Profesional 30000 rpm Lima Electrica U\u00f1as Profesional Torno Manicura y Pedicura de Acr\u00edlico o de Gel con Pantalla LED, Potente y Silencioso - Hanna Cosm\u00e9tica","robots":{"index":"index","follow":"follow","max-snippet":"max-snippet:-1","max-image-preview":"max-image-preview:large","max-video-preview":"max-video-preview:-1"},"canonical":"https:\/\/hannacosmetica.com\/fr\/tienda\/maquinaria\/tornos-para-unas\/madenia-torno-para-unas-profesional-30000-rpm-lima-electrica-unas-profesional-torno-manicura-y-pedicura-de-acrilico-o-de-gel-con-pantalla-led-potente-y-silencioso\/","og_locale":"fr_FR","og_type":"article","og_title":"Madenia Torno para U\u00f1as Profesional 30000 rpm Lima Electrica U\u00f1as Profesional Torno Manicura y Pedicura de Acr\u00edlico o de Gel con Pantalla LED, Potente y Silencioso - Hanna Cosm\u00e9tica","og_description":"Potente y f\u00e1cil de usar: este taladro torno para u\u00f1as es bueno para grabar, tallar, moler, afilar, lijar y pulir u\u00f1as, as\u00ed&hellip;","og_url":"https:\/\/hannacosmetica.com\/fr\/tienda\/maquinaria\/tornos-para-unas\/madenia-torno-para-unas-profesional-30000-rpm-lima-electrica-unas-profesional-torno-manicura-y-pedicura-de-acrilico-o-de-gel-con-pantalla-led-potente-y-silencioso\/","og_site_name":"Hanna Cosm\u00e9tica","article_modified_time":"2023-10-27T12:31:31+00:00","og_image":[{"width":679,"height":716,"url":"https:\/\/hannacosmetica.com\/wp-content\/uploads\/2022\/08\/jmd-207-1.jpg","type":"image\/jpeg"}],"twitter_card":"summary_large_image","schema":{"@context":"https:\/\/schema.org","@graph":[{"@type":"WebPage","@id":"https:\/\/hannacosmetica.com\/tienda\/maquinaria\/tornos-para-unas\/madenia-torno-para-unas-profesional-30000-rpm-lima-electrica-unas-profesional-torno-manicura-y-pedicura-de-acrilico-o-de-gel-con-pantalla-led-potente-y-silencioso\/","url":"https:\/\/hannacosmetica.com\/tienda\/maquinaria\/tornos-para-unas\/madenia-torno-para-unas-profesional-30000-rpm-lima-electrica-unas-profesional-torno-manicura-y-pedicura-de-acrilico-o-de-gel-con-pantalla-led-potente-y-silencioso\/","name":"Madenia Torno para U\u00f1as Profesional 30000 rpm Lima Electrica U\u00f1as Profesional Torno Manicura y Pedicura de Acr\u00edlico o de Gel con Pantalla LED, Potente y Silencioso - Hanna Cosm\u00e9tica","isPartOf":{"@id":"https:\/\/hannacosmetica.com\/#website"},"datePublished":"2022-08-24T11:04:02+00:00","dateModified":"2023-10-27T12:31:31+00:00","breadcrumb":{"@id":"https:\/\/hannacosmetica.com\/tienda\/maquinaria\/tornos-para-unas\/madenia-torno-para-unas-profesional-30000-rpm-lima-electrica-unas-profesional-torno-manicura-y-pedicura-de-acrilico-o-de-gel-con-pantalla-led-potente-y-silencioso\/#breadcrumb"},"inLanguage":"fr-FR","potentialAction":[{"@type":"ReadAction","target":["https:\/\/hannacosmetica.com\/tienda\/maquinaria\/tornos-para-unas\/madenia-torno-para-unas-profesional-30000-rpm-lima-electrica-unas-profesional-torno-manicura-y-pedicura-de-acrilico-o-de-gel-con-pantalla-led-potente-y-silencioso\/"]}]},{"@type":"BreadcrumbList","@id":"https:\/\/hannacosmetica.com\/tienda\/maquinaria\/tornos-para-unas\/madenia-torno-para-unas-profesional-30000-rpm-lima-electrica-unas-profesional-torno-manicura-y-pedicura-de-acrilico-o-de-gel-con-pantalla-led-potente-y-silencioso\/#breadcrumb","itemListElement":[{"@type":"ListItem","position":1,"name":"Portada","item":"https:\/\/hannacosmetica.com\/"},{"@type":"ListItem","position":2,"name":"Tienda","item":"https:\/\/hannacosmetica.com\/shop\/"},{"@type":"ListItem","position":3,"name":"Madenia Torno para U\u00f1as Profesional 30000 rpm Lima Electrica U\u00f1as Profesional Torno Manicura y Pedicura de Acr\u00edlico o de Gel con Pantalla LED, Potente y Silencioso"}]},{"@type":"WebSite","@id":"https:\/\/hannacosmetica.com\/#website","url":"https:\/\/hannacosmetica.com\/","name":"Hanna Cosm\u00e9tica","description":"Tienda de productos u\u00f1as, bellezas y peluquer\u00edas","publisher":{"@id":"https:\/\/hannacosmetica.com\/#organization"},"potentialAction":[{"@type":"SearchAction","target":{"@type":"EntryPoint","urlTemplate":"https:\/\/hannacosmetica.com\/?s={search_term_string}"},"query-input":"required name=search_term_string"}],"inLanguage":"fr-FR"},{"@type":"Organization","@id":"https:\/\/hannacosmetica.com\/#organization","name":"Hanna Cosm\u00e9tica","url":"https:\/\/hannacosmetica.com\/","logo":{"@type":"ImageObject","inLanguage":"fr-FR","@id":"https:\/\/hannacosmetica.com\/#\/schema\/logo\/image\/","url":"https:\/\/hannacosmetica.com\/wp-content\/uploads\/2022\/07\/Logo-Joyeria-Femenino-Floral-Negro.png","contentUrl":"https:\/\/hannacosmetica.com\/wp-content\/uploads\/2022\/07\/Logo-Joyeria-Femenino-Floral-Negro.png","width":361,"height":126,"caption":"Hanna Cosm\u00e9tica"},"image":{"@id":"https:\/\/hannacosmetica.com\/#\/schema\/logo\/image\/"}}]}},"_links":{"self":[{"href":"https:\/\/hannacosmetica.com\/fr\/wp-json\/wp\/v2\/product\/4268"}],"collection":[{"href":"https:\/\/hannacosmetica.com\/fr\/wp-json\/wp\/v2\/product"}],"about":[{"href":"https:\/\/hannacosmetica.com\/fr\/wp-json\/wp\/v2\/types\/product"}],"replies":[{"embeddable":true,"href":"https:\/\/hannacosmetica.com\/fr\/wp-json\/wp\/v2\/comments?post=4268"}],"version-history":[{"count":1,"href":"https:\/\/hannacosmetica.com\/fr\/wp-json\/wp\/v2\/product\/4268\/revisions"}],"predecessor-version":[{"id":4272,"href":"https:\/\/hannacosmetica.com\/fr\/wp-json\/wp\/v2\/product\/4268\/revisions\/4272"}],"wp:featuredmedia":[{"embeddable":true,"href":"https:\/\/hannacosmetica.com\/fr\/wp-json\/wp\/v2\/media\/4273"}],"wp:attachment":[{"href":"https:\/\/hannacosmetica.com\/fr\/wp-json\/wp\/v2\/media?parent=4268"}],"wp:term":[{"taxonomy":"product_cat","embeddable":true,"href":"https:\/\/hannacosmetica.com\/fr\/wp-json\/wp\/v2\/product_cat?post=4268"},{"taxonomy":"product_tag","embeddable":true,"href":"https:\/\/hannacosmetica.com\/fr\/wp-json\/wp\/v2\/product_tag?post=4268"}],"curies":[{"name":"wp","href":"https:\/\/api.w.org\/{rel}","templated":true}]}}