{"id":4245,"date":"2022-08-24T08:53:39","date_gmt":"2022-08-24T08:53:39","guid":{"rendered":"https:\/\/hannacosmetica.com\/?post_type=product&#038;p=4245"},"modified":"2024-06-10T10:55:40","modified_gmt":"2024-06-10T10:55:40","slug":"torno-20000rp-taladro-de-manicura-y-pedicura","status":"publish","type":"product","link":"https:\/\/hannacosmetica.com\/fr\/tienda\/maquinaria\/tornos-para-unas\/torno-20000rp-taladro-de-manicura-y-pedicura\/","title":{"rendered":"Torno 20000RP Taladro De Manicura Y Pedicura"},"content":{"rendered":"<p><span data-spm-anchor-id=\"a2g0o.detail.1000023.i6.1edb3c636zTa98\">1 x taladro el\u00e9ctrico para u\u00f1as<br \/>\n1 x EU indicador enchufe de alimentaci\u00f3n\u00a0<\/span><span data-spm-anchor-id=\"a2g0o.detail.1000023.i7.1edb3c636zTa98\"><br \/>\n6 brocas (5 brocas de diamante, 1 Barra de esmeril con 6 bandas de lijado)<\/span><\/p>","protected":false},"excerpt":{"rendered":"<p>1 x taladro el\u00e9ctrico para u\u00f1as 1 x EU indicador enchufe de alimentaci\u00f3n\u00a0 6 brocas (5 brocas de diamante, 1 Barra de&hellip;<\/p>","protected":false},"featured_media":4250,"comment_status":"open","ping_status":"closed","template":"","meta":[],"product_cat":[86,118],"product_tag":[],"yoast_head":"<!-- This site is optimized with the Yoast SEO plugin v19.9 - https:\/\/yoast.com\/wordpress\/plugins\/seo\/ -->\n<title>Torno 20000RP Taladro De Manicura Y Pedicura - Hanna Cosm\u00e9tica<\/title>\n<meta name=\"robots\" content=\"index, follow, max-snippet:-1, max-image-preview:large, max-video-preview:-1\" \/>\n<link rel=\"canonical\" href=\"https:\/\/hannacosmetica.com\/fr\/tienda\/maquinaria\/tornos-para-unas\/torno-20000rp-taladro-de-manicura-y-pedicura\/\" \/>\n<meta property=\"og:locale\" content=\"fr_FR\" \/>\n<meta property=\"og:type\" content=\"article\" \/>\n<meta property=\"og:title\" content=\"Torno 20000RP Taladro De Manicura Y Pedicura - Hanna Cosm\u00e9tica\" \/>\n<meta property=\"og:description\" content=\"1 x taladro el\u00e9ctrico para u\u00f1as 1 x EU indicador enchufe de alimentaci\u00f3n\u00a0 6 brocas (5 brocas de diamante, 1 Barra de&hellip;\" \/>\n<meta property=\"og:url\" content=\"https:\/\/hannacosmetica.com\/fr\/tienda\/maquinaria\/tornos-para-unas\/torno-20000rp-taladro-de-manicura-y-pedicura\/\" \/>\n<meta property=\"og:site_name\" content=\"Hanna Cosm\u00e9tica\" \/>\n<meta property=\"article:modified_time\" content=\"2024-06-10T10:55:40+00:00\" \/>\n<meta property=\"og:image\" content=\"https:\/\/hannacosmetica.com\/wp-content\/uploads\/2022\/08\/\u6253\u78e8\u673a-\u7b141-1.jpg\" \/>\n\t<meta property=\"og:image:width\" content=\"400\" \/>\n\t<meta property=\"og:image:height\" content=\"400\" \/>\n\t<meta property=\"og:image:type\" content=\"image\/jpeg\" \/>\n<meta name=\"twitter:card\" content=\"summary_large_image\" \/>\n<script type=\"application\/ld+json\" class=\"yoast-schema-graph\">{\"@context\":\"https:\/\/schema.org\",\"@graph\":[{\"@type\":\"WebPage\",\"@id\":\"https:\/\/hannacosmetica.com\/tienda\/maquinaria\/tornos-para-unas\/torno-20000rp-taladro-de-manicura-y-pedicura\/\",\"url\":\"https:\/\/hannacosmetica.com\/tienda\/maquinaria\/tornos-para-unas\/torno-20000rp-taladro-de-manicura-y-pedicura\/\",\"name\":\"Torno 20000RP Taladro De Manicura Y Pedicura - Hanna Cosm\u00e9tica\",\"isPartOf\":{\"@id\":\"https:\/\/hannacosmetica.com\/#website\"},\"datePublished\":\"2022-08-24T08:53:39+00:00\",\"dateModified\":\"2024-06-10T10:55:40+00:00\",\"breadcrumb\":{\"@id\":\"https:\/\/hannacosmetica.com\/tienda\/maquinaria\/tornos-para-unas\/torno-20000rp-taladro-de-manicura-y-pedicura\/#breadcrumb\"},\"inLanguage\":\"fr-FR\",\"potentialAction\":[{\"@type\":\"ReadAction\",\"target\":[\"https:\/\/hannacosmetica.com\/tienda\/maquinaria\/tornos-para-unas\/torno-20000rp-taladro-de-manicura-y-pedicura\/\"]}]},{\"@type\":\"BreadcrumbList\",\"@id\":\"https:\/\/hannacosmetica.com\/tienda\/maquinaria\/tornos-para-unas\/torno-20000rp-taladro-de-manicura-y-pedicura\/#breadcrumb\",\"itemListElement\":[{\"@type\":\"ListItem\",\"position\":1,\"name\":\"Portada\",\"item\":\"https:\/\/hannacosmetica.com\/\"},{\"@type\":\"ListItem\",\"position\":2,\"name\":\"Tienda\",\"item\":\"https:\/\/hannacosmetica.com\/shop\/\"},{\"@type\":\"ListItem\",\"position\":3,\"name\":\"Torno 20000RP Taladro De Manicura Y Pedicura\"}]},{\"@type\":\"WebSite\",\"@id\":\"https:\/\/hannacosmetica.com\/#website\",\"url\":\"https:\/\/hannacosmetica.com\/\",\"name\":\"Hanna Cosm\u00e9tica\",\"description\":\"Tienda de productos u\u00f1as, bellezas y peluquer\u00edas\",\"publisher\":{\"@id\":\"https:\/\/hannacosmetica.com\/#organization\"},\"potentialAction\":[{\"@type\":\"SearchAction\",\"target\":{\"@type\":\"EntryPoint\",\"urlTemplate\":\"https:\/\/hannacosmetica.com\/?s={search_term_string}\"},\"query-input\":\"required name=search_term_string\"}],\"inLanguage\":\"fr-FR\"},{\"@type\":\"Organization\",\"@id\":\"https:\/\/hannacosmetica.com\/#organization\",\"name\":\"Hanna Cosm\u00e9tica\",\"url\":\"https:\/\/hannacosmetica.com\/\",\"logo\":{\"@type\":\"ImageObject\",\"inLanguage\":\"fr-FR\",\"@id\":\"https:\/\/hannacosmetica.com\/#\/schema\/logo\/image\/\",\"url\":\"https:\/\/hannacosmetica.com\/wp-content\/uploads\/2022\/07\/Logo-Joyeria-Femenino-Floral-Negro.png\",\"contentUrl\":\"https:\/\/hannacosmetica.com\/wp-content\/uploads\/2022\/07\/Logo-Joyeria-Femenino-Floral-Negro.png\",\"width\":361,\"height\":126,\"caption\":\"Hanna Cosm\u00e9tica\"},\"image\":{\"@id\":\"https:\/\/hannacosmetica.com\/#\/schema\/logo\/image\/\"}}]}<\/script>\n<!-- \/ Yoast SEO plugin. -->","yoast_head_json":{"title":"Torno 20000RP Taladro De Manicura Y Pedicura - Hanna Cosm\u00e9tica","robots":{"index":"index","follow":"follow","max-snippet":"max-snippet:-1","max-image-preview":"max-image-preview:large","max-video-preview":"max-video-preview:-1"},"canonical":"https:\/\/hannacosmetica.com\/fr\/tienda\/maquinaria\/tornos-para-unas\/torno-20000rp-taladro-de-manicura-y-pedicura\/","og_locale":"fr_FR","og_type":"article","og_title":"Torno 20000RP Taladro De Manicura Y Pedicura - Hanna Cosm\u00e9tica","og_description":"1 x taladro el\u00e9ctrico para u\u00f1as 1 x EU indicador enchufe de alimentaci\u00f3n\u00a0 6 brocas (5 brocas de diamante, 1 Barra de&hellip;","og_url":"https:\/\/hannacosmetica.com\/fr\/tienda\/maquinaria\/tornos-para-unas\/torno-20000rp-taladro-de-manicura-y-pedicura\/","og_site_name":"Hanna Cosm\u00e9tica","article_modified_time":"2024-06-10T10:55:40+00:00","og_image":[{"width":400,"height":400,"url":"https:\/\/hannacosmetica.com\/wp-content\/uploads\/2022\/08\/\u6253\u78e8\u673a-\u7b141-1.jpg","type":"image\/jpeg"}],"twitter_card":"summary_large_image","schema":{"@context":"https:\/\/schema.org","@graph":[{"@type":"WebPage","@id":"https:\/\/hannacosmetica.com\/tienda\/maquinaria\/tornos-para-unas\/torno-20000rp-taladro-de-manicura-y-pedicura\/","url":"https:\/\/hannacosmetica.com\/tienda\/maquinaria\/tornos-para-unas\/torno-20000rp-taladro-de-manicura-y-pedicura\/","name":"Torno 20000RP Taladro De Manicura Y Pedicura - Hanna Cosm\u00e9tica","isPartOf":{"@id":"https:\/\/hannacosmetica.com\/#website"},"datePublished":"2022-08-24T08:53:39+00:00","dateModified":"2024-06-10T10:55:40+00:00","breadcrumb":{"@id":"https:\/\/hannacosmetica.com\/tienda\/maquinaria\/tornos-para-unas\/torno-20000rp-taladro-de-manicura-y-pedicura\/#breadcrumb"},"inLanguage":"fr-FR","potentialAction":[{"@type":"ReadAction","target":["https:\/\/hannacosmetica.com\/tienda\/maquinaria\/tornos-para-unas\/torno-20000rp-taladro-de-manicura-y-pedicura\/"]}]},{"@type":"BreadcrumbList","@id":"https:\/\/hannacosmetica.com\/tienda\/maquinaria\/tornos-para-unas\/torno-20000rp-taladro-de-manicura-y-pedicura\/#breadcrumb","itemListElement":[{"@type":"ListItem","position":1,"name":"Portada","item":"https:\/\/hannacosmetica.com\/"},{"@type":"ListItem","position":2,"name":"Tienda","item":"https:\/\/hannacosmetica.com\/shop\/"},{"@type":"ListItem","position":3,"name":"Torno 20000RP Taladro De Manicura Y Pedicura"}]},{"@type":"WebSite","@id":"https:\/\/hannacosmetica.com\/#website","url":"https:\/\/hannacosmetica.com\/","name":"Hanna Cosm\u00e9tica","description":"Tienda de productos u\u00f1as, bellezas y peluquer\u00edas","publisher":{"@id":"https:\/\/hannacosmetica.com\/#organization"},"potentialAction":[{"@type":"SearchAction","target":{"@type":"EntryPoint","urlTemplate":"https:\/\/hannacosmetica.com\/?s={search_term_string}"},"query-input":"required name=search_term_string"}],"inLanguage":"fr-FR"},{"@type":"Organization","@id":"https:\/\/hannacosmetica.com\/#organization","name":"Hanna Cosm\u00e9tica","url":"https:\/\/hannacosmetica.com\/","logo":{"@type":"ImageObject","inLanguage":"fr-FR","@id":"https:\/\/hannacosmetica.com\/#\/schema\/logo\/image\/","url":"https:\/\/hannacosmetica.com\/wp-content\/uploads\/2022\/07\/Logo-Joyeria-Femenino-Floral-Negro.png","contentUrl":"https:\/\/hannacosmetica.com\/wp-content\/uploads\/2022\/07\/Logo-Joyeria-Femenino-Floral-Negro.png","width":361,"height":126,"caption":"Hanna Cosm\u00e9tica"},"image":{"@id":"https:\/\/hannacosmetica.com\/#\/schema\/logo\/image\/"}}]}},"_links":{"self":[{"href":"https:\/\/hannacosmetica.com\/fr\/wp-json\/wp\/v2\/product\/4245"}],"collection":[{"href":"https:\/\/hannacosmetica.com\/fr\/wp-json\/wp\/v2\/product"}],"about":[{"href":"https:\/\/hannacosmetica.com\/fr\/wp-json\/wp\/v2\/types\/product"}],"replies":[{"embeddable":true,"href":"https:\/\/hannacosmetica.com\/fr\/wp-json\/wp\/v2\/comments?post=4245"}],"version-history":[{"count":1,"href":"https:\/\/hannacosmetica.com\/fr\/wp-json\/wp\/v2\/product\/4245\/revisions"}],"predecessor-version":[{"id":4249,"href":"https:\/\/hannacosmetica.com\/fr\/wp-json\/wp\/v2\/product\/4245\/revisions\/4249"}],"wp:featuredmedia":[{"embeddable":true,"href":"https:\/\/hannacosmetica.com\/fr\/wp-json\/wp\/v2\/media\/4250"}],"wp:attachment":[{"href":"https:\/\/hannacosmetica.com\/fr\/wp-json\/wp\/v2\/media?parent=4245"}],"wp:term":[{"taxonomy":"product_cat","embeddable":true,"href":"https:\/\/hannacosmetica.com\/fr\/wp-json\/wp\/v2\/product_cat?post=4245"},{"taxonomy":"product_tag","embeddable":true,"href":"https:\/\/hannacosmetica.com\/fr\/wp-json\/wp\/v2\/product_tag?post=4245"}],"curies":[{"name":"wp","href":"https:\/\/api.w.org\/{rel}","templated":true}]}}