{"id":3971,"date":"2022-08-22T13:12:16","date_gmt":"2022-08-22T13:12:16","guid":{"rendered":"https:\/\/hannacosmetica.com\/?post_type=product&#038;p=3971"},"modified":"2026-01-16T16:05:55","modified_gmt":"2026-01-16T16:05:55","slug":"aspirador-profesional-de-polvo-de-unas-40w-alta-potencia","status":"publish","type":"product","link":"https:\/\/hannacosmetica.com\/fr\/tienda\/maquinaria\/aspiradores\/aspirador-profesional-de-polvo-de-unas-40w-alta-potencia\/","title":{"rendered":"Aspirador Profesional de Polvo de U\u00f1as 40w Alta Potencia"},"content":{"rendered":"<p>C\u00f3mo utilizar: 1.instale el filtro de polvo en la m\u00e1quina. 2. Presione el bot\u00f3n. 3. Pon tus manos en el \u00e1rea de la m\u00e1quina, comienza a pulir las u\u00f1as. 4. apague cuando termine. Caracteristicas:<\/p>\n<p>\u25cf Alto RPM<\/p>\n<p>\u25cf Bajo nivel de ruido<\/p>\n<p>\u25cf Operaci\u00f3n f\u00e1cil<\/p>\n<p>\u25cf Potencia poderosa<\/p>\n<p>\u25cf Recolecci\u00f3n de polvo de alta eficiencia<\/p>\n<p>\u25cf El ruido de funcionamiento y la entrada de polvo se reducen.<\/p>\n<p>\u25cf Protecci\u00f3n simple de interruptor + antifugas.<\/p>\n<p>\u25cf Superficie de acero inoxidable, duradera, atractiva y f\u00e1cil de limpiar.<\/p>\n<p>\u25cf Dise\u00f1o estructural del tipo de caj\u00f3n interno que es convincente para la limpieza del polvo de la u\u00f1a<\/p>\n<p>&nbsp;<\/p>\n<p>\u25cf Nota:<\/p>\n<p>Aseg\u00farese de que el filtro de polvo est\u00e9 instalado en la posici\u00f3n correcta cuando la m\u00e1quina est\u00e9 funcionando.<\/p>\n<p>El filtro de polvo se puede cambiar regularmente para asegurar el efecto.<\/p>\n<p>&nbsp;<\/p>\n<p>Tipo de art\u00edculo: Colector de polvo de u\u00f1as<\/p>\n<p>Material: ABS, Pl\u00e1stico<\/p>\n<p>Cantidad: 1pc<\/p>\n<p>Color blanco<\/p>\n<p>Enchufe: Enchufe de la UE<\/p>\n<p>Voltaje: 110-240V<\/p>\n<p>Potencia: 40W<\/p>\n<p>Tama\u00f1o: Aprox.23 x 19 x 8 cm \/ 9.1 x 7.5 x 3.1 pulgadas<\/p>\n<p>Peso: aprox.1195g<\/p>\n<p>&nbsp;<\/p>\n<p>Lista de paquetes:<\/p>\n<p>1 x colector de polvo de u\u00f1as<\/p>\n<p>1 x adaptador<\/p>","protected":false},"excerpt":{"rendered":"<p>C\u00f3mo utilizar: 1.instale el filtro de polvo en la m\u00e1quina. 2. Presione el bot\u00f3n. 3. Pon tus manos en el \u00e1rea de&hellip;<\/p>","protected":false},"featured_media":3976,"comment_status":"open","ping_status":"closed","template":"","meta":[],"product_cat":[86,120],"product_tag":[],"yoast_head":"<!-- This site is optimized with the Yoast SEO plugin v19.9 - https:\/\/yoast.com\/wordpress\/plugins\/seo\/ -->\n<title>Aspirador Profesional de Polvo de U\u00f1as 40w Alta Potencia - Hanna Cosm\u00e9tica<\/title>\n<meta name=\"robots\" content=\"index, follow, max-snippet:-1, max-image-preview:large, max-video-preview:-1\" \/>\n<link rel=\"canonical\" href=\"https:\/\/hannacosmetica.com\/fr\/tienda\/maquinaria\/aspiradores\/aspirador-profesional-de-polvo-de-unas-40w-alta-potencia\/\" \/>\n<meta property=\"og:locale\" content=\"fr_FR\" \/>\n<meta property=\"og:type\" content=\"article\" \/>\n<meta property=\"og:title\" content=\"Aspirador Profesional de Polvo de U\u00f1as 40w Alta Potencia - Hanna Cosm\u00e9tica\" \/>\n<meta property=\"og:description\" content=\"C\u00f3mo utilizar: 1.instale el filtro de polvo en la m\u00e1quina. 2. Presione el bot\u00f3n. 3. Pon tus manos en el \u00e1rea de&hellip;\" \/>\n<meta property=\"og:url\" content=\"https:\/\/hannacosmetica.com\/fr\/tienda\/maquinaria\/aspiradores\/aspirador-profesional-de-polvo-de-unas-40w-alta-potencia\/\" \/>\n<meta property=\"og:site_name\" content=\"Hanna Cosm\u00e9tica\" \/>\n<meta property=\"article:modified_time\" content=\"2026-01-16T16:05:55+00:00\" \/>\n<meta property=\"og:image\" content=\"https:\/\/hannacosmetica.com\/wp-content\/uploads\/2022\/08\/aspirador-profesional-de-polvo-de-una-40w-alta-potencia-400x400-1.jpg\" \/>\n\t<meta property=\"og:image:width\" content=\"400\" \/>\n\t<meta property=\"og:image:height\" content=\"400\" \/>\n\t<meta property=\"og:image:type\" content=\"image\/jpeg\" \/>\n<meta name=\"twitter:card\" content=\"summary_large_image\" \/>\n<script type=\"application\/ld+json\" class=\"yoast-schema-graph\">{\"@context\":\"https:\/\/schema.org\",\"@graph\":[{\"@type\":\"WebPage\",\"@id\":\"https:\/\/hannacosmetica.com\/tienda\/maquinaria\/aspiradores\/aspirador-profesional-de-polvo-de-unas-40w-alta-potencia\/\",\"url\":\"https:\/\/hannacosmetica.com\/tienda\/maquinaria\/aspiradores\/aspirador-profesional-de-polvo-de-unas-40w-alta-potencia\/\",\"name\":\"Aspirador Profesional de Polvo de U\u00f1as 40w Alta Potencia - Hanna Cosm\u00e9tica\",\"isPartOf\":{\"@id\":\"https:\/\/hannacosmetica.com\/#website\"},\"datePublished\":\"2022-08-22T13:12:16+00:00\",\"dateModified\":\"2026-01-16T16:05:55+00:00\",\"breadcrumb\":{\"@id\":\"https:\/\/hannacosmetica.com\/tienda\/maquinaria\/aspiradores\/aspirador-profesional-de-polvo-de-unas-40w-alta-potencia\/#breadcrumb\"},\"inLanguage\":\"fr-FR\",\"potentialAction\":[{\"@type\":\"ReadAction\",\"target\":[\"https:\/\/hannacosmetica.com\/tienda\/maquinaria\/aspiradores\/aspirador-profesional-de-polvo-de-unas-40w-alta-potencia\/\"]}]},{\"@type\":\"BreadcrumbList\",\"@id\":\"https:\/\/hannacosmetica.com\/tienda\/maquinaria\/aspiradores\/aspirador-profesional-de-polvo-de-unas-40w-alta-potencia\/#breadcrumb\",\"itemListElement\":[{\"@type\":\"ListItem\",\"position\":1,\"name\":\"Portada\",\"item\":\"https:\/\/hannacosmetica.com\/\"},{\"@type\":\"ListItem\",\"position\":2,\"name\":\"Tienda\",\"item\":\"https:\/\/hannacosmetica.com\/shop\/\"},{\"@type\":\"ListItem\",\"position\":3,\"name\":\"Aspirador Profesional de Polvo de U\u00f1as 40w Alta Potencia\"}]},{\"@type\":\"WebSite\",\"@id\":\"https:\/\/hannacosmetica.com\/#website\",\"url\":\"https:\/\/hannacosmetica.com\/\",\"name\":\"Hanna Cosm\u00e9tica\",\"description\":\"Tienda de productos u\u00f1as, bellezas y peluquer\u00edas\",\"publisher\":{\"@id\":\"https:\/\/hannacosmetica.com\/#organization\"},\"potentialAction\":[{\"@type\":\"SearchAction\",\"target\":{\"@type\":\"EntryPoint\",\"urlTemplate\":\"https:\/\/hannacosmetica.com\/?s={search_term_string}\"},\"query-input\":\"required name=search_term_string\"}],\"inLanguage\":\"fr-FR\"},{\"@type\":\"Organization\",\"@id\":\"https:\/\/hannacosmetica.com\/#organization\",\"name\":\"Hanna Cosm\u00e9tica\",\"url\":\"https:\/\/hannacosmetica.com\/\",\"logo\":{\"@type\":\"ImageObject\",\"inLanguage\":\"fr-FR\",\"@id\":\"https:\/\/hannacosmetica.com\/#\/schema\/logo\/image\/\",\"url\":\"https:\/\/hannacosmetica.com\/wp-content\/uploads\/2022\/07\/Logo-Joyeria-Femenino-Floral-Negro.png\",\"contentUrl\":\"https:\/\/hannacosmetica.com\/wp-content\/uploads\/2022\/07\/Logo-Joyeria-Femenino-Floral-Negro.png\",\"width\":361,\"height\":126,\"caption\":\"Hanna Cosm\u00e9tica\"},\"image\":{\"@id\":\"https:\/\/hannacosmetica.com\/#\/schema\/logo\/image\/\"}}]}<\/script>\n<!-- \/ Yoast SEO plugin. -->","yoast_head_json":{"title":"Aspirador Profesional de Polvo de U\u00f1as 40w Alta Potencia - Hanna Cosm\u00e9tica","robots":{"index":"index","follow":"follow","max-snippet":"max-snippet:-1","max-image-preview":"max-image-preview:large","max-video-preview":"max-video-preview:-1"},"canonical":"https:\/\/hannacosmetica.com\/fr\/tienda\/maquinaria\/aspiradores\/aspirador-profesional-de-polvo-de-unas-40w-alta-potencia\/","og_locale":"fr_FR","og_type":"article","og_title":"Aspirador Profesional de Polvo de U\u00f1as 40w Alta Potencia - Hanna Cosm\u00e9tica","og_description":"C\u00f3mo utilizar: 1.instale el filtro de polvo en la m\u00e1quina. 2. Presione el bot\u00f3n. 3. Pon tus manos en el \u00e1rea de&hellip;","og_url":"https:\/\/hannacosmetica.com\/fr\/tienda\/maquinaria\/aspiradores\/aspirador-profesional-de-polvo-de-unas-40w-alta-potencia\/","og_site_name":"Hanna Cosm\u00e9tica","article_modified_time":"2026-01-16T16:05:55+00:00","og_image":[{"width":400,"height":400,"url":"https:\/\/hannacosmetica.com\/wp-content\/uploads\/2022\/08\/aspirador-profesional-de-polvo-de-una-40w-alta-potencia-400x400-1.jpg","type":"image\/jpeg"}],"twitter_card":"summary_large_image","schema":{"@context":"https:\/\/schema.org","@graph":[{"@type":"WebPage","@id":"https:\/\/hannacosmetica.com\/tienda\/maquinaria\/aspiradores\/aspirador-profesional-de-polvo-de-unas-40w-alta-potencia\/","url":"https:\/\/hannacosmetica.com\/tienda\/maquinaria\/aspiradores\/aspirador-profesional-de-polvo-de-unas-40w-alta-potencia\/","name":"Aspirador Profesional de Polvo de U\u00f1as 40w Alta Potencia - Hanna Cosm\u00e9tica","isPartOf":{"@id":"https:\/\/hannacosmetica.com\/#website"},"datePublished":"2022-08-22T13:12:16+00:00","dateModified":"2026-01-16T16:05:55+00:00","breadcrumb":{"@id":"https:\/\/hannacosmetica.com\/tienda\/maquinaria\/aspiradores\/aspirador-profesional-de-polvo-de-unas-40w-alta-potencia\/#breadcrumb"},"inLanguage":"fr-FR","potentialAction":[{"@type":"ReadAction","target":["https:\/\/hannacosmetica.com\/tienda\/maquinaria\/aspiradores\/aspirador-profesional-de-polvo-de-unas-40w-alta-potencia\/"]}]},{"@type":"BreadcrumbList","@id":"https:\/\/hannacosmetica.com\/tienda\/maquinaria\/aspiradores\/aspirador-profesional-de-polvo-de-unas-40w-alta-potencia\/#breadcrumb","itemListElement":[{"@type":"ListItem","position":1,"name":"Portada","item":"https:\/\/hannacosmetica.com\/"},{"@type":"ListItem","position":2,"name":"Tienda","item":"https:\/\/hannacosmetica.com\/shop\/"},{"@type":"ListItem","position":3,"name":"Aspirador Profesional de Polvo de U\u00f1as 40w Alta Potencia"}]},{"@type":"WebSite","@id":"https:\/\/hannacosmetica.com\/#website","url":"https:\/\/hannacosmetica.com\/","name":"Hanna Cosm\u00e9tica","description":"Tienda de productos u\u00f1as, bellezas y peluquer\u00edas","publisher":{"@id":"https:\/\/hannacosmetica.com\/#organization"},"potentialAction":[{"@type":"SearchAction","target":{"@type":"EntryPoint","urlTemplate":"https:\/\/hannacosmetica.com\/?s={search_term_string}"},"query-input":"required name=search_term_string"}],"inLanguage":"fr-FR"},{"@type":"Organization","@id":"https:\/\/hannacosmetica.com\/#organization","name":"Hanna Cosm\u00e9tica","url":"https:\/\/hannacosmetica.com\/","logo":{"@type":"ImageObject","inLanguage":"fr-FR","@id":"https:\/\/hannacosmetica.com\/#\/schema\/logo\/image\/","url":"https:\/\/hannacosmetica.com\/wp-content\/uploads\/2022\/07\/Logo-Joyeria-Femenino-Floral-Negro.png","contentUrl":"https:\/\/hannacosmetica.com\/wp-content\/uploads\/2022\/07\/Logo-Joyeria-Femenino-Floral-Negro.png","width":361,"height":126,"caption":"Hanna Cosm\u00e9tica"},"image":{"@id":"https:\/\/hannacosmetica.com\/#\/schema\/logo\/image\/"}}]}},"_links":{"self":[{"href":"https:\/\/hannacosmetica.com\/fr\/wp-json\/wp\/v2\/product\/3971"}],"collection":[{"href":"https:\/\/hannacosmetica.com\/fr\/wp-json\/wp\/v2\/product"}],"about":[{"href":"https:\/\/hannacosmetica.com\/fr\/wp-json\/wp\/v2\/types\/product"}],"replies":[{"embeddable":true,"href":"https:\/\/hannacosmetica.com\/fr\/wp-json\/wp\/v2\/comments?post=3971"}],"version-history":[{"count":1,"href":"https:\/\/hannacosmetica.com\/fr\/wp-json\/wp\/v2\/product\/3971\/revisions"}],"predecessor-version":[{"id":3982,"href":"https:\/\/hannacosmetica.com\/fr\/wp-json\/wp\/v2\/product\/3971\/revisions\/3982"}],"wp:featuredmedia":[{"embeddable":true,"href":"https:\/\/hannacosmetica.com\/fr\/wp-json\/wp\/v2\/media\/3976"}],"wp:attachment":[{"href":"https:\/\/hannacosmetica.com\/fr\/wp-json\/wp\/v2\/media?parent=3971"}],"wp:term":[{"taxonomy":"product_cat","embeddable":true,"href":"https:\/\/hannacosmetica.com\/fr\/wp-json\/wp\/v2\/product_cat?post=3971"},{"taxonomy":"product_tag","embeddable":true,"href":"https:\/\/hannacosmetica.com\/fr\/wp-json\/wp\/v2\/product_tag?post=3971"}],"curies":[{"name":"wp","href":"https:\/\/api.w.org\/{rel}","templated":true}]}}