{"id":3876,"date":"2022-08-21T12:00:19","date_gmt":"2022-08-21T12:00:19","guid":{"rendered":"https:\/\/hannacosmetica.com\/?post_type=product&#038;p=3876"},"modified":"2023-10-27T09:59:47","modified_gmt":"2023-10-27T09:59:47","slug":"lampara-n7-uv-led-para-unas","status":"publish","type":"product","link":"https:\/\/hannacosmetica.com\/fr\/tienda\/maquinaria\/lamparas-de-secado-de-unas\/lampara-n7-uv-led-para-unas\/","title":{"rendered":"L\u00e1mpara N7 UV LED Para U\u00f1as"},"content":{"rendered":"<p>L\u00e1mpara de u\u00f1as nueva y profesional dise\u00f1ada con la nueva tecnolog\u00eda. F\u00e1cil de usar con sensores de inducci\u00f3n infrarrojos autom\u00e1ticos y eligiendo el momento adecuado en la pantalla para secar todo tipo de geles de u\u00f1as de bajo calor, ahorra tiempo ya que puedo insertar ambas manos y ahorrar energ\u00eda. \u00a1La luz emitida por la l\u00e1mpara est\u00e1 m\u00e1s cerca de la luz blanca que no da\u00f1a los ojos ni la piel! Asegurarse de que la coloraci\u00f3n del gel de u\u00f1as no se distorsione.<\/p>","protected":false},"excerpt":{"rendered":"<p>L\u00e1mpara de u\u00f1as nueva y profesional dise\u00f1ada con la nueva tecnolog\u00eda. F\u00e1cil de usar con sensores de inducci\u00f3n infrarrojos autom\u00e1ticos y eligiendo&hellip;<\/p>","protected":false},"featured_media":3879,"comment_status":"open","ping_status":"closed","template":"","meta":[],"product_cat":[86,119],"product_tag":[],"yoast_head":"<!-- This site is optimized with the Yoast SEO plugin v19.9 - https:\/\/yoast.com\/wordpress\/plugins\/seo\/ -->\n<title>L\u00e1mpara N7 UV LED Para U\u00f1as - Hanna Cosm\u00e9tica<\/title>\n<meta name=\"robots\" content=\"index, follow, max-snippet:-1, max-image-preview:large, max-video-preview:-1\" \/>\n<link rel=\"canonical\" href=\"https:\/\/hannacosmetica.com\/fr\/tienda\/maquinaria\/lamparas-de-secado-de-unas\/lampara-n7-uv-led-para-unas\/\" \/>\n<meta property=\"og:locale\" content=\"fr_FR\" \/>\n<meta property=\"og:type\" content=\"article\" \/>\n<meta property=\"og:title\" content=\"L\u00e1mpara N7 UV LED Para U\u00f1as - Hanna Cosm\u00e9tica\" \/>\n<meta property=\"og:description\" content=\"L\u00e1mpara de u\u00f1as nueva y profesional dise\u00f1ada con la nueva tecnolog\u00eda. F\u00e1cil de usar con sensores de inducci\u00f3n infrarrojos autom\u00e1ticos y eligiendo&hellip;\" \/>\n<meta property=\"og:url\" content=\"https:\/\/hannacosmetica.com\/fr\/tienda\/maquinaria\/lamparas-de-secado-de-unas\/lampara-n7-uv-led-para-unas\/\" \/>\n<meta property=\"og:site_name\" content=\"Hanna Cosm\u00e9tica\" \/>\n<meta property=\"article:modified_time\" content=\"2023-10-27T09:59:47+00:00\" \/>\n<meta property=\"og:image\" content=\"https:\/\/hannacosmetica.com\/wp-content\/uploads\/2022\/08\/\u706fN7-\u68d5claro1.jpg\" \/>\n\t<meta property=\"og:image:width\" content=\"3143\" \/>\n\t<meta property=\"og:image:height\" content=\"3274\" \/>\n\t<meta property=\"og:image:type\" content=\"image\/jpeg\" \/>\n<meta name=\"twitter:card\" content=\"summary_large_image\" \/>\n<script type=\"application\/ld+json\" class=\"yoast-schema-graph\">{\"@context\":\"https:\/\/schema.org\",\"@graph\":[{\"@type\":\"WebPage\",\"@id\":\"https:\/\/hannacosmetica.com\/tienda\/maquinaria\/lamparas-de-secado-de-unas\/lampara-n7-uv-led-para-unas\/\",\"url\":\"https:\/\/hannacosmetica.com\/tienda\/maquinaria\/lamparas-de-secado-de-unas\/lampara-n7-uv-led-para-unas\/\",\"name\":\"L\u00e1mpara N7 UV LED Para U\u00f1as - Hanna Cosm\u00e9tica\",\"isPartOf\":{\"@id\":\"https:\/\/hannacosmetica.com\/#website\"},\"datePublished\":\"2022-08-21T12:00:19+00:00\",\"dateModified\":\"2023-10-27T09:59:47+00:00\",\"breadcrumb\":{\"@id\":\"https:\/\/hannacosmetica.com\/tienda\/maquinaria\/lamparas-de-secado-de-unas\/lampara-n7-uv-led-para-unas\/#breadcrumb\"},\"inLanguage\":\"fr-FR\",\"potentialAction\":[{\"@type\":\"ReadAction\",\"target\":[\"https:\/\/hannacosmetica.com\/tienda\/maquinaria\/lamparas-de-secado-de-unas\/lampara-n7-uv-led-para-unas\/\"]}]},{\"@type\":\"BreadcrumbList\",\"@id\":\"https:\/\/hannacosmetica.com\/tienda\/maquinaria\/lamparas-de-secado-de-unas\/lampara-n7-uv-led-para-unas\/#breadcrumb\",\"itemListElement\":[{\"@type\":\"ListItem\",\"position\":1,\"name\":\"Portada\",\"item\":\"https:\/\/hannacosmetica.com\/\"},{\"@type\":\"ListItem\",\"position\":2,\"name\":\"Tienda\",\"item\":\"https:\/\/hannacosmetica.com\/shop\/\"},{\"@type\":\"ListItem\",\"position\":3,\"name\":\"L\u00e1mpara N7 UV LED Para U\u00f1as\"}]},{\"@type\":\"WebSite\",\"@id\":\"https:\/\/hannacosmetica.com\/#website\",\"url\":\"https:\/\/hannacosmetica.com\/\",\"name\":\"Hanna Cosm\u00e9tica\",\"description\":\"Tienda de productos u\u00f1as, bellezas y peluquer\u00edas\",\"publisher\":{\"@id\":\"https:\/\/hannacosmetica.com\/#organization\"},\"potentialAction\":[{\"@type\":\"SearchAction\",\"target\":{\"@type\":\"EntryPoint\",\"urlTemplate\":\"https:\/\/hannacosmetica.com\/?s={search_term_string}\"},\"query-input\":\"required name=search_term_string\"}],\"inLanguage\":\"fr-FR\"},{\"@type\":\"Organization\",\"@id\":\"https:\/\/hannacosmetica.com\/#organization\",\"name\":\"Hanna Cosm\u00e9tica\",\"url\":\"https:\/\/hannacosmetica.com\/\",\"logo\":{\"@type\":\"ImageObject\",\"inLanguage\":\"fr-FR\",\"@id\":\"https:\/\/hannacosmetica.com\/#\/schema\/logo\/image\/\",\"url\":\"https:\/\/hannacosmetica.com\/wp-content\/uploads\/2022\/07\/Logo-Joyeria-Femenino-Floral-Negro.png\",\"contentUrl\":\"https:\/\/hannacosmetica.com\/wp-content\/uploads\/2022\/07\/Logo-Joyeria-Femenino-Floral-Negro.png\",\"width\":361,\"height\":126,\"caption\":\"Hanna Cosm\u00e9tica\"},\"image\":{\"@id\":\"https:\/\/hannacosmetica.com\/#\/schema\/logo\/image\/\"}}]}<\/script>\n<!-- \/ Yoast SEO plugin. -->","yoast_head_json":{"title":"L\u00e1mpara N7 UV LED Para U\u00f1as - Hanna Cosm\u00e9tica","robots":{"index":"index","follow":"follow","max-snippet":"max-snippet:-1","max-image-preview":"max-image-preview:large","max-video-preview":"max-video-preview:-1"},"canonical":"https:\/\/hannacosmetica.com\/fr\/tienda\/maquinaria\/lamparas-de-secado-de-unas\/lampara-n7-uv-led-para-unas\/","og_locale":"fr_FR","og_type":"article","og_title":"L\u00e1mpara N7 UV LED Para U\u00f1as - Hanna Cosm\u00e9tica","og_description":"L\u00e1mpara de u\u00f1as nueva y profesional dise\u00f1ada con la nueva tecnolog\u00eda. F\u00e1cil de usar con sensores de inducci\u00f3n infrarrojos autom\u00e1ticos y eligiendo&hellip;","og_url":"https:\/\/hannacosmetica.com\/fr\/tienda\/maquinaria\/lamparas-de-secado-de-unas\/lampara-n7-uv-led-para-unas\/","og_site_name":"Hanna Cosm\u00e9tica","article_modified_time":"2023-10-27T09:59:47+00:00","og_image":[{"width":3143,"height":3274,"url":"https:\/\/hannacosmetica.com\/wp-content\/uploads\/2022\/08\/\u706fN7-\u68d5claro1.jpg","type":"image\/jpeg"}],"twitter_card":"summary_large_image","schema":{"@context":"https:\/\/schema.org","@graph":[{"@type":"WebPage","@id":"https:\/\/hannacosmetica.com\/tienda\/maquinaria\/lamparas-de-secado-de-unas\/lampara-n7-uv-led-para-unas\/","url":"https:\/\/hannacosmetica.com\/tienda\/maquinaria\/lamparas-de-secado-de-unas\/lampara-n7-uv-led-para-unas\/","name":"L\u00e1mpara N7 UV LED Para U\u00f1as - Hanna Cosm\u00e9tica","isPartOf":{"@id":"https:\/\/hannacosmetica.com\/#website"},"datePublished":"2022-08-21T12:00:19+00:00","dateModified":"2023-10-27T09:59:47+00:00","breadcrumb":{"@id":"https:\/\/hannacosmetica.com\/tienda\/maquinaria\/lamparas-de-secado-de-unas\/lampara-n7-uv-led-para-unas\/#breadcrumb"},"inLanguage":"fr-FR","potentialAction":[{"@type":"ReadAction","target":["https:\/\/hannacosmetica.com\/tienda\/maquinaria\/lamparas-de-secado-de-unas\/lampara-n7-uv-led-para-unas\/"]}]},{"@type":"BreadcrumbList","@id":"https:\/\/hannacosmetica.com\/tienda\/maquinaria\/lamparas-de-secado-de-unas\/lampara-n7-uv-led-para-unas\/#breadcrumb","itemListElement":[{"@type":"ListItem","position":1,"name":"Portada","item":"https:\/\/hannacosmetica.com\/"},{"@type":"ListItem","position":2,"name":"Tienda","item":"https:\/\/hannacosmetica.com\/shop\/"},{"@type":"ListItem","position":3,"name":"L\u00e1mpara N7 UV LED Para U\u00f1as"}]},{"@type":"WebSite","@id":"https:\/\/hannacosmetica.com\/#website","url":"https:\/\/hannacosmetica.com\/","name":"Hanna Cosm\u00e9tica","description":"Tienda de productos u\u00f1as, bellezas y peluquer\u00edas","publisher":{"@id":"https:\/\/hannacosmetica.com\/#organization"},"potentialAction":[{"@type":"SearchAction","target":{"@type":"EntryPoint","urlTemplate":"https:\/\/hannacosmetica.com\/?s={search_term_string}"},"query-input":"required name=search_term_string"}],"inLanguage":"fr-FR"},{"@type":"Organization","@id":"https:\/\/hannacosmetica.com\/#organization","name":"Hanna Cosm\u00e9tica","url":"https:\/\/hannacosmetica.com\/","logo":{"@type":"ImageObject","inLanguage":"fr-FR","@id":"https:\/\/hannacosmetica.com\/#\/schema\/logo\/image\/","url":"https:\/\/hannacosmetica.com\/wp-content\/uploads\/2022\/07\/Logo-Joyeria-Femenino-Floral-Negro.png","contentUrl":"https:\/\/hannacosmetica.com\/wp-content\/uploads\/2022\/07\/Logo-Joyeria-Femenino-Floral-Negro.png","width":361,"height":126,"caption":"Hanna Cosm\u00e9tica"},"image":{"@id":"https:\/\/hannacosmetica.com\/#\/schema\/logo\/image\/"}}]}},"_links":{"self":[{"href":"https:\/\/hannacosmetica.com\/fr\/wp-json\/wp\/v2\/product\/3876"}],"collection":[{"href":"https:\/\/hannacosmetica.com\/fr\/wp-json\/wp\/v2\/product"}],"about":[{"href":"https:\/\/hannacosmetica.com\/fr\/wp-json\/wp\/v2\/types\/product"}],"replies":[{"embeddable":true,"href":"https:\/\/hannacosmetica.com\/fr\/wp-json\/wp\/v2\/comments?post=3876"}],"version-history":[{"count":1,"href":"https:\/\/hannacosmetica.com\/fr\/wp-json\/wp\/v2\/product\/3876\/revisions"}],"predecessor-version":[{"id":3886,"href":"https:\/\/hannacosmetica.com\/fr\/wp-json\/wp\/v2\/product\/3876\/revisions\/3886"}],"wp:featuredmedia":[{"embeddable":true,"href":"https:\/\/hannacosmetica.com\/fr\/wp-json\/wp\/v2\/media\/3879"}],"wp:attachment":[{"href":"https:\/\/hannacosmetica.com\/fr\/wp-json\/wp\/v2\/media?parent=3876"}],"wp:term":[{"taxonomy":"product_cat","embeddable":true,"href":"https:\/\/hannacosmetica.com\/fr\/wp-json\/wp\/v2\/product_cat?post=3876"},{"taxonomy":"product_tag","embeddable":true,"href":"https:\/\/hannacosmetica.com\/fr\/wp-json\/wp\/v2\/product_tag?post=3876"}],"curies":[{"name":"wp","href":"https:\/\/api.w.org\/{rel}","templated":true}]}}