{"id":3839,"date":"2022-08-21T09:12:23","date_gmt":"2022-08-21T09:12:23","guid":{"rendered":"https:\/\/hannacosmetica.com\/?post_type=product&#038;p=3839"},"modified":"2023-10-27T09:53:08","modified_gmt":"2023-10-27T09:53:08","slug":"lampara-h4-plus-uv-led-para-unas-dos-manos-profesional-alta-potencia-72w","status":"publish","type":"product","link":"https:\/\/hannacosmetica.com\/fr\/tienda\/maquinaria\/lamparas-de-secado-de-unas\/lampara-h4-plus-uv-led-para-unas-dos-manos-profesional-alta-potencia-72w\/","title":{"rendered":"L\u00e1mpara H4 Plus UV LED Para U\u00f1as Dos Manos Profesional Alta Potencia 72W"},"content":{"rendered":"<p>L\u00e1mpara de u\u00f1as nueva y profesional dise\u00f1ada con la nueva tecnolog\u00eda de fuente de luz dual con 36 LED. F\u00e1cil de usar con sensores de inducci\u00f3n infrarrojos autom\u00e1ticos y eligiendo el momento adecuado en la pantalla para secar todo tipo de geles de u\u00f1as de bajo calor, ahorra tiempo ya que puedo insertar ambas manos y ahorrar energ\u00eda. \u00a1La luz emitida por la l\u00e1mpara est\u00e1 m\u00e1s cerca de la luz blanca que no da\u00f1a los ojos ni la piel! Asegurarse de que la coloraci\u00f3n del gel de u\u00f1as no se distorsione.<\/p>","protected":false},"excerpt":{"rendered":"<p>L\u00e1mpara de u\u00f1as nueva y profesional dise\u00f1ada con la nueva tecnolog\u00eda de fuente de luz dual con 36 LED. F\u00e1cil de usar&hellip;<\/p>","protected":false},"featured_media":8064,"comment_status":"open","ping_status":"closed","template":"","meta":[],"product_cat":[119],"product_tag":[],"yoast_head":"<!-- This site is optimized with the Yoast SEO plugin v19.9 - https:\/\/yoast.com\/wordpress\/plugins\/seo\/ -->\n<title>L\u00e1mpara H4 Plus UV LED Para U\u00f1as Dos Manos Profesional Alta Potencia 72W - Hanna Cosm\u00e9tica<\/title>\n<meta name=\"robots\" content=\"index, follow, max-snippet:-1, max-image-preview:large, max-video-preview:-1\" \/>\n<link rel=\"canonical\" href=\"https:\/\/hannacosmetica.com\/fr\/tienda\/maquinaria\/lamparas-de-secado-de-unas\/lampara-h4-plus-uv-led-para-unas-dos-manos-profesional-alta-potencia-72w\/\" \/>\n<meta property=\"og:locale\" content=\"fr_FR\" \/>\n<meta property=\"og:type\" content=\"article\" \/>\n<meta property=\"og:title\" content=\"L\u00e1mpara H4 Plus UV LED Para U\u00f1as Dos Manos Profesional Alta Potencia 72W - Hanna Cosm\u00e9tica\" \/>\n<meta property=\"og:description\" content=\"L\u00e1mpara de u\u00f1as nueva y profesional dise\u00f1ada con la nueva tecnolog\u00eda de fuente de luz dual con 36 LED. F\u00e1cil de usar&hellip;\" \/>\n<meta property=\"og:url\" content=\"https:\/\/hannacosmetica.com\/fr\/tienda\/maquinaria\/lamparas-de-secado-de-unas\/lampara-h4-plus-uv-led-para-unas-dos-manos-profesional-alta-potencia-72w\/\" \/>\n<meta property=\"og:site_name\" content=\"Hanna Cosm\u00e9tica\" \/>\n<meta property=\"article:modified_time\" content=\"2023-10-27T09:53:08+00:00\" \/>\n<meta property=\"og:image\" content=\"https:\/\/hannacosmetica.com\/wp-content\/uploads\/2022\/08\/\u672a\u547d\u540d\u7684\u8bbe\u8ba1-70-1520x1520.png\" \/>\n\t<meta property=\"og:image:width\" content=\"1520\" \/>\n\t<meta property=\"og:image:height\" content=\"1520\" \/>\n\t<meta property=\"og:image:type\" content=\"image\/png\" \/>\n<meta name=\"twitter:card\" content=\"summary_large_image\" \/>\n<script type=\"application\/ld+json\" class=\"yoast-schema-graph\">{\"@context\":\"https:\/\/schema.org\",\"@graph\":[{\"@type\":\"WebPage\",\"@id\":\"https:\/\/hannacosmetica.com\/tienda\/maquinaria\/lamparas-de-secado-de-unas\/lampara-h4-plus-uv-led-para-unas-dos-manos-profesional-alta-potencia-72w\/\",\"url\":\"https:\/\/hannacosmetica.com\/tienda\/maquinaria\/lamparas-de-secado-de-unas\/lampara-h4-plus-uv-led-para-unas-dos-manos-profesional-alta-potencia-72w\/\",\"name\":\"L\u00e1mpara H4 Plus UV LED Para U\u00f1as Dos Manos Profesional Alta Potencia 72W - Hanna Cosm\u00e9tica\",\"isPartOf\":{\"@id\":\"https:\/\/hannacosmetica.com\/#website\"},\"datePublished\":\"2022-08-21T09:12:23+00:00\",\"dateModified\":\"2023-10-27T09:53:08+00:00\",\"breadcrumb\":{\"@id\":\"https:\/\/hannacosmetica.com\/tienda\/maquinaria\/lamparas-de-secado-de-unas\/lampara-h4-plus-uv-led-para-unas-dos-manos-profesional-alta-potencia-72w\/#breadcrumb\"},\"inLanguage\":\"fr-FR\",\"potentialAction\":[{\"@type\":\"ReadAction\",\"target\":[\"https:\/\/hannacosmetica.com\/tienda\/maquinaria\/lamparas-de-secado-de-unas\/lampara-h4-plus-uv-led-para-unas-dos-manos-profesional-alta-potencia-72w\/\"]}]},{\"@type\":\"BreadcrumbList\",\"@id\":\"https:\/\/hannacosmetica.com\/tienda\/maquinaria\/lamparas-de-secado-de-unas\/lampara-h4-plus-uv-led-para-unas-dos-manos-profesional-alta-potencia-72w\/#breadcrumb\",\"itemListElement\":[{\"@type\":\"ListItem\",\"position\":1,\"name\":\"Portada\",\"item\":\"https:\/\/hannacosmetica.com\/\"},{\"@type\":\"ListItem\",\"position\":2,\"name\":\"Tienda\",\"item\":\"https:\/\/hannacosmetica.com\/shop\/\"},{\"@type\":\"ListItem\",\"position\":3,\"name\":\"L\u00e1mpara H4 Plus UV LED Para U\u00f1as Dos Manos Profesional Alta Potencia 72W\"}]},{\"@type\":\"WebSite\",\"@id\":\"https:\/\/hannacosmetica.com\/#website\",\"url\":\"https:\/\/hannacosmetica.com\/\",\"name\":\"Hanna Cosm\u00e9tica\",\"description\":\"Tienda de productos u\u00f1as, bellezas y peluquer\u00edas\",\"publisher\":{\"@id\":\"https:\/\/hannacosmetica.com\/#organization\"},\"potentialAction\":[{\"@type\":\"SearchAction\",\"target\":{\"@type\":\"EntryPoint\",\"urlTemplate\":\"https:\/\/hannacosmetica.com\/?s={search_term_string}\"},\"query-input\":\"required name=search_term_string\"}],\"inLanguage\":\"fr-FR\"},{\"@type\":\"Organization\",\"@id\":\"https:\/\/hannacosmetica.com\/#organization\",\"name\":\"Hanna Cosm\u00e9tica\",\"url\":\"https:\/\/hannacosmetica.com\/\",\"logo\":{\"@type\":\"ImageObject\",\"inLanguage\":\"fr-FR\",\"@id\":\"https:\/\/hannacosmetica.com\/#\/schema\/logo\/image\/\",\"url\":\"https:\/\/hannacosmetica.com\/wp-content\/uploads\/2022\/07\/Logo-Joyeria-Femenino-Floral-Negro.png\",\"contentUrl\":\"https:\/\/hannacosmetica.com\/wp-content\/uploads\/2022\/07\/Logo-Joyeria-Femenino-Floral-Negro.png\",\"width\":361,\"height\":126,\"caption\":\"Hanna Cosm\u00e9tica\"},\"image\":{\"@id\":\"https:\/\/hannacosmetica.com\/#\/schema\/logo\/image\/\"}}]}<\/script>\n<!-- \/ Yoast SEO plugin. -->","yoast_head_json":{"title":"L\u00e1mpara H4 Plus UV LED Para U\u00f1as Dos Manos Profesional Alta Potencia 72W - Hanna Cosm\u00e9tica","robots":{"index":"index","follow":"follow","max-snippet":"max-snippet:-1","max-image-preview":"max-image-preview:large","max-video-preview":"max-video-preview:-1"},"canonical":"https:\/\/hannacosmetica.com\/fr\/tienda\/maquinaria\/lamparas-de-secado-de-unas\/lampara-h4-plus-uv-led-para-unas-dos-manos-profesional-alta-potencia-72w\/","og_locale":"fr_FR","og_type":"article","og_title":"L\u00e1mpara H4 Plus UV LED Para U\u00f1as Dos Manos Profesional Alta Potencia 72W - Hanna Cosm\u00e9tica","og_description":"L\u00e1mpara de u\u00f1as nueva y profesional dise\u00f1ada con la nueva tecnolog\u00eda de fuente de luz dual con 36 LED. F\u00e1cil de usar&hellip;","og_url":"https:\/\/hannacosmetica.com\/fr\/tienda\/maquinaria\/lamparas-de-secado-de-unas\/lampara-h4-plus-uv-led-para-unas-dos-manos-profesional-alta-potencia-72w\/","og_site_name":"Hanna Cosm\u00e9tica","article_modified_time":"2023-10-27T09:53:08+00:00","og_image":[{"width":1520,"height":1520,"url":"https:\/\/hannacosmetica.com\/wp-content\/uploads\/2022\/08\/\u672a\u547d\u540d\u7684\u8bbe\u8ba1-70-1520x1520.png","type":"image\/png"}],"twitter_card":"summary_large_image","schema":{"@context":"https:\/\/schema.org","@graph":[{"@type":"WebPage","@id":"https:\/\/hannacosmetica.com\/tienda\/maquinaria\/lamparas-de-secado-de-unas\/lampara-h4-plus-uv-led-para-unas-dos-manos-profesional-alta-potencia-72w\/","url":"https:\/\/hannacosmetica.com\/tienda\/maquinaria\/lamparas-de-secado-de-unas\/lampara-h4-plus-uv-led-para-unas-dos-manos-profesional-alta-potencia-72w\/","name":"L\u00e1mpara H4 Plus UV LED Para U\u00f1as Dos Manos Profesional Alta Potencia 72W - Hanna Cosm\u00e9tica","isPartOf":{"@id":"https:\/\/hannacosmetica.com\/#website"},"datePublished":"2022-08-21T09:12:23+00:00","dateModified":"2023-10-27T09:53:08+00:00","breadcrumb":{"@id":"https:\/\/hannacosmetica.com\/tienda\/maquinaria\/lamparas-de-secado-de-unas\/lampara-h4-plus-uv-led-para-unas-dos-manos-profesional-alta-potencia-72w\/#breadcrumb"},"inLanguage":"fr-FR","potentialAction":[{"@type":"ReadAction","target":["https:\/\/hannacosmetica.com\/tienda\/maquinaria\/lamparas-de-secado-de-unas\/lampara-h4-plus-uv-led-para-unas-dos-manos-profesional-alta-potencia-72w\/"]}]},{"@type":"BreadcrumbList","@id":"https:\/\/hannacosmetica.com\/tienda\/maquinaria\/lamparas-de-secado-de-unas\/lampara-h4-plus-uv-led-para-unas-dos-manos-profesional-alta-potencia-72w\/#breadcrumb","itemListElement":[{"@type":"ListItem","position":1,"name":"Portada","item":"https:\/\/hannacosmetica.com\/"},{"@type":"ListItem","position":2,"name":"Tienda","item":"https:\/\/hannacosmetica.com\/shop\/"},{"@type":"ListItem","position":3,"name":"L\u00e1mpara H4 Plus UV LED Para U\u00f1as Dos Manos Profesional Alta Potencia 72W"}]},{"@type":"WebSite","@id":"https:\/\/hannacosmetica.com\/#website","url":"https:\/\/hannacosmetica.com\/","name":"Hanna Cosm\u00e9tica","description":"Tienda de productos u\u00f1as, bellezas y peluquer\u00edas","publisher":{"@id":"https:\/\/hannacosmetica.com\/#organization"},"potentialAction":[{"@type":"SearchAction","target":{"@type":"EntryPoint","urlTemplate":"https:\/\/hannacosmetica.com\/?s={search_term_string}"},"query-input":"required name=search_term_string"}],"inLanguage":"fr-FR"},{"@type":"Organization","@id":"https:\/\/hannacosmetica.com\/#organization","name":"Hanna Cosm\u00e9tica","url":"https:\/\/hannacosmetica.com\/","logo":{"@type":"ImageObject","inLanguage":"fr-FR","@id":"https:\/\/hannacosmetica.com\/#\/schema\/logo\/image\/","url":"https:\/\/hannacosmetica.com\/wp-content\/uploads\/2022\/07\/Logo-Joyeria-Femenino-Floral-Negro.png","contentUrl":"https:\/\/hannacosmetica.com\/wp-content\/uploads\/2022\/07\/Logo-Joyeria-Femenino-Floral-Negro.png","width":361,"height":126,"caption":"Hanna Cosm\u00e9tica"},"image":{"@id":"https:\/\/hannacosmetica.com\/#\/schema\/logo\/image\/"}}]}},"_links":{"self":[{"href":"https:\/\/hannacosmetica.com\/fr\/wp-json\/wp\/v2\/product\/3839"}],"collection":[{"href":"https:\/\/hannacosmetica.com\/fr\/wp-json\/wp\/v2\/product"}],"about":[{"href":"https:\/\/hannacosmetica.com\/fr\/wp-json\/wp\/v2\/types\/product"}],"replies":[{"embeddable":true,"href":"https:\/\/hannacosmetica.com\/fr\/wp-json\/wp\/v2\/comments?post=3839"}],"version-history":[{"count":1,"href":"https:\/\/hannacosmetica.com\/fr\/wp-json\/wp\/v2\/product\/3839\/revisions"}],"predecessor-version":[{"id":3843,"href":"https:\/\/hannacosmetica.com\/fr\/wp-json\/wp\/v2\/product\/3839\/revisions\/3843"}],"wp:featuredmedia":[{"embeddable":true,"href":"https:\/\/hannacosmetica.com\/fr\/wp-json\/wp\/v2\/media\/8064"}],"wp:attachment":[{"href":"https:\/\/hannacosmetica.com\/fr\/wp-json\/wp\/v2\/media?parent=3839"}],"wp:term":[{"taxonomy":"product_cat","embeddable":true,"href":"https:\/\/hannacosmetica.com\/fr\/wp-json\/wp\/v2\/product_cat?post=3839"},{"taxonomy":"product_tag","embeddable":true,"href":"https:\/\/hannacosmetica.com\/fr\/wp-json\/wp\/v2\/product_tag?post=3839"}],"curies":[{"name":"wp","href":"https:\/\/api.w.org\/{rel}","templated":true}]}}