{"id":3748,"date":"2022-08-14T15:16:42","date_gmt":"2022-08-14T15:16:42","guid":{"rendered":"https:\/\/hannacosmetica.com\/?post_type=product&#038;p=3748"},"modified":"2023-10-27T09:47:43","modified_gmt":"2023-10-27T09:47:43","slug":"lampara-secador-de-unas-led-uv-de-72w-con-hueco-para-dos-manos","status":"publish","type":"product","link":"https:\/\/hannacosmetica.com\/fr\/tienda\/maquinaria\/lamparas-de-secado-de-unas\/lampara-secador-de-unas-led-uv-de-72w-con-hueco-para-dos-manos\/","title":{"rendered":"L\u00e1mpara Secador de U\u00f1as LED UV de 72W con Hueco para Dos Manos"},"content":{"rendered":"<ul class=\"a-unordered-list a-vertical a-spacing-mini\">\n<li><span class=\"a-list-item\">Capaz de secar al mismo tiempo las dos manos. Con la potencia que tiene esta l\u00e1mpara, seca mucho m\u00e1s r\u00e1pido que las tradicionales.<\/span><\/li>\n<li><span class=\"a-list-item\">Adecuado para todos los esmaltes de u\u00f1as UV\/LED, por ejemplo, capa base, capa superior, color\/constructor\/acr\u00edlico\/gel de cultura, pegamento de geles, etc.<\/span><\/li>\n<li><span class=\"a-list-item\">Tiene una base extra\u00edble (conexi\u00f3n magn\u00e9tica de dise\u00f1o patentado). El dise\u00f1o integrado cerrado y abierto tiene un mayor espacio interior, perfecto para manos y pies.<\/span><\/li>\n<li><span class=\"a-list-item\">Utiliza una pantalla LCD grande, 4 temporizadores y sensor infrarrojo inteligente: una pantalla t\u00e1ctil adicional sin bot\u00f3n f\u00edsico prolonga la vida \u00fatil del producto y la pantalla digital muestra el tiempo de endurecimiento.<\/span><\/li>\n<li><span class=\"a-list-item\">Atenci\u00f3n: Solo enviamos en la pen\u00ednsula, no enviamos a las islas, lamentamos los inconvenientes.<\/span><\/li>\n<\/ul>","protected":false},"excerpt":{"rendered":"<p>Capaz de secar al mismo tiempo las dos manos. Con la potencia que tiene esta l\u00e1mpara, seca mucho m\u00e1s r\u00e1pido que las&hellip;<\/p>","protected":false},"featured_media":3749,"comment_status":"open","ping_status":"closed","template":"","meta":[],"product_cat":[86,119],"product_tag":[],"yoast_head":"<!-- This site is optimized with the Yoast SEO plugin v19.9 - https:\/\/yoast.com\/wordpress\/plugins\/seo\/ -->\n<title>L\u00e1mpara Secador de U\u00f1as LED UV de 72W con Hueco para Dos Manos - Hanna Cosm\u00e9tica<\/title>\n<meta name=\"robots\" content=\"index, follow, max-snippet:-1, max-image-preview:large, max-video-preview:-1\" \/>\n<link rel=\"canonical\" href=\"https:\/\/hannacosmetica.com\/fr\/tienda\/maquinaria\/lamparas-de-secado-de-unas\/lampara-secador-de-unas-led-uv-de-72w-con-hueco-para-dos-manos\/\" \/>\n<meta property=\"og:locale\" content=\"fr_FR\" \/>\n<meta property=\"og:type\" content=\"article\" \/>\n<meta property=\"og:title\" content=\"L\u00e1mpara Secador de U\u00f1as LED UV de 72W con Hueco para Dos Manos - Hanna Cosm\u00e9tica\" \/>\n<meta property=\"og:description\" content=\"Capaz de secar al mismo tiempo las dos manos. Con la potencia que tiene esta l\u00e1mpara, seca mucho m\u00e1s r\u00e1pido que las&hellip;\" \/>\n<meta property=\"og:url\" content=\"https:\/\/hannacosmetica.com\/fr\/tienda\/maquinaria\/lamparas-de-secado-de-unas\/lampara-secador-de-unas-led-uv-de-72w-con-hueco-para-dos-manos\/\" \/>\n<meta property=\"og:site_name\" content=\"Hanna Cosm\u00e9tica\" \/>\n<meta property=\"article:modified_time\" content=\"2023-10-27T09:47:43+00:00\" \/>\n<meta property=\"og:image\" content=\"https:\/\/hannacosmetica.com\/wp-content\/uploads\/2022\/08\/\u706f-dos-mano-scaled.jpg\" \/>\n\t<meta property=\"og:image:width\" content=\"3190\" \/>\n\t<meta property=\"og:image:height\" content=\"3360\" \/>\n\t<meta property=\"og:image:type\" content=\"image\/jpeg\" \/>\n<meta name=\"twitter:card\" content=\"summary_large_image\" \/>\n<script type=\"application\/ld+json\" class=\"yoast-schema-graph\">{\"@context\":\"https:\/\/schema.org\",\"@graph\":[{\"@type\":\"WebPage\",\"@id\":\"https:\/\/hannacosmetica.com\/tienda\/maquinaria\/lamparas-de-secado-de-unas\/lampara-secador-de-unas-led-uv-de-72w-con-hueco-para-dos-manos\/\",\"url\":\"https:\/\/hannacosmetica.com\/tienda\/maquinaria\/lamparas-de-secado-de-unas\/lampara-secador-de-unas-led-uv-de-72w-con-hueco-para-dos-manos\/\",\"name\":\"L\u00e1mpara Secador de U\u00f1as LED UV de 72W con Hueco para Dos Manos - Hanna Cosm\u00e9tica\",\"isPartOf\":{\"@id\":\"https:\/\/hannacosmetica.com\/#website\"},\"datePublished\":\"2022-08-14T15:16:42+00:00\",\"dateModified\":\"2023-10-27T09:47:43+00:00\",\"breadcrumb\":{\"@id\":\"https:\/\/hannacosmetica.com\/tienda\/maquinaria\/lamparas-de-secado-de-unas\/lampara-secador-de-unas-led-uv-de-72w-con-hueco-para-dos-manos\/#breadcrumb\"},\"inLanguage\":\"fr-FR\",\"potentialAction\":[{\"@type\":\"ReadAction\",\"target\":[\"https:\/\/hannacosmetica.com\/tienda\/maquinaria\/lamparas-de-secado-de-unas\/lampara-secador-de-unas-led-uv-de-72w-con-hueco-para-dos-manos\/\"]}]},{\"@type\":\"BreadcrumbList\",\"@id\":\"https:\/\/hannacosmetica.com\/tienda\/maquinaria\/lamparas-de-secado-de-unas\/lampara-secador-de-unas-led-uv-de-72w-con-hueco-para-dos-manos\/#breadcrumb\",\"itemListElement\":[{\"@type\":\"ListItem\",\"position\":1,\"name\":\"Portada\",\"item\":\"https:\/\/hannacosmetica.com\/\"},{\"@type\":\"ListItem\",\"position\":2,\"name\":\"Tienda\",\"item\":\"https:\/\/hannacosmetica.com\/shop\/\"},{\"@type\":\"ListItem\",\"position\":3,\"name\":\"L\u00e1mpara Secador de U\u00f1as LED UV de 72W con Hueco para Dos Manos\"}]},{\"@type\":\"WebSite\",\"@id\":\"https:\/\/hannacosmetica.com\/#website\",\"url\":\"https:\/\/hannacosmetica.com\/\",\"name\":\"Hanna Cosm\u00e9tica\",\"description\":\"Tienda de productos u\u00f1as, bellezas y peluquer\u00edas\",\"publisher\":{\"@id\":\"https:\/\/hannacosmetica.com\/#organization\"},\"potentialAction\":[{\"@type\":\"SearchAction\",\"target\":{\"@type\":\"EntryPoint\",\"urlTemplate\":\"https:\/\/hannacosmetica.com\/?s={search_term_string}\"},\"query-input\":\"required name=search_term_string\"}],\"inLanguage\":\"fr-FR\"},{\"@type\":\"Organization\",\"@id\":\"https:\/\/hannacosmetica.com\/#organization\",\"name\":\"Hanna Cosm\u00e9tica\",\"url\":\"https:\/\/hannacosmetica.com\/\",\"logo\":{\"@type\":\"ImageObject\",\"inLanguage\":\"fr-FR\",\"@id\":\"https:\/\/hannacosmetica.com\/#\/schema\/logo\/image\/\",\"url\":\"https:\/\/hannacosmetica.com\/wp-content\/uploads\/2022\/07\/Logo-Joyeria-Femenino-Floral-Negro.png\",\"contentUrl\":\"https:\/\/hannacosmetica.com\/wp-content\/uploads\/2022\/07\/Logo-Joyeria-Femenino-Floral-Negro.png\",\"width\":361,\"height\":126,\"caption\":\"Hanna Cosm\u00e9tica\"},\"image\":{\"@id\":\"https:\/\/hannacosmetica.com\/#\/schema\/logo\/image\/\"}}]}<\/script>\n<!-- \/ Yoast SEO plugin. -->","yoast_head_json":{"title":"L\u00e1mpara Secador de U\u00f1as LED UV de 72W con Hueco para Dos Manos - Hanna Cosm\u00e9tica","robots":{"index":"index","follow":"follow","max-snippet":"max-snippet:-1","max-image-preview":"max-image-preview:large","max-video-preview":"max-video-preview:-1"},"canonical":"https:\/\/hannacosmetica.com\/fr\/tienda\/maquinaria\/lamparas-de-secado-de-unas\/lampara-secador-de-unas-led-uv-de-72w-con-hueco-para-dos-manos\/","og_locale":"fr_FR","og_type":"article","og_title":"L\u00e1mpara Secador de U\u00f1as LED UV de 72W con Hueco para Dos Manos - Hanna Cosm\u00e9tica","og_description":"Capaz de secar al mismo tiempo las dos manos. Con la potencia que tiene esta l\u00e1mpara, seca mucho m\u00e1s r\u00e1pido que las&hellip;","og_url":"https:\/\/hannacosmetica.com\/fr\/tienda\/maquinaria\/lamparas-de-secado-de-unas\/lampara-secador-de-unas-led-uv-de-72w-con-hueco-para-dos-manos\/","og_site_name":"Hanna Cosm\u00e9tica","article_modified_time":"2023-10-27T09:47:43+00:00","og_image":[{"width":3190,"height":3360,"url":"https:\/\/hannacosmetica.com\/wp-content\/uploads\/2022\/08\/\u706f-dos-mano-scaled.jpg","type":"image\/jpeg"}],"twitter_card":"summary_large_image","schema":{"@context":"https:\/\/schema.org","@graph":[{"@type":"WebPage","@id":"https:\/\/hannacosmetica.com\/tienda\/maquinaria\/lamparas-de-secado-de-unas\/lampara-secador-de-unas-led-uv-de-72w-con-hueco-para-dos-manos\/","url":"https:\/\/hannacosmetica.com\/tienda\/maquinaria\/lamparas-de-secado-de-unas\/lampara-secador-de-unas-led-uv-de-72w-con-hueco-para-dos-manos\/","name":"L\u00e1mpara Secador de U\u00f1as LED UV de 72W con Hueco para Dos Manos - Hanna Cosm\u00e9tica","isPartOf":{"@id":"https:\/\/hannacosmetica.com\/#website"},"datePublished":"2022-08-14T15:16:42+00:00","dateModified":"2023-10-27T09:47:43+00:00","breadcrumb":{"@id":"https:\/\/hannacosmetica.com\/tienda\/maquinaria\/lamparas-de-secado-de-unas\/lampara-secador-de-unas-led-uv-de-72w-con-hueco-para-dos-manos\/#breadcrumb"},"inLanguage":"fr-FR","potentialAction":[{"@type":"ReadAction","target":["https:\/\/hannacosmetica.com\/tienda\/maquinaria\/lamparas-de-secado-de-unas\/lampara-secador-de-unas-led-uv-de-72w-con-hueco-para-dos-manos\/"]}]},{"@type":"BreadcrumbList","@id":"https:\/\/hannacosmetica.com\/tienda\/maquinaria\/lamparas-de-secado-de-unas\/lampara-secador-de-unas-led-uv-de-72w-con-hueco-para-dos-manos\/#breadcrumb","itemListElement":[{"@type":"ListItem","position":1,"name":"Portada","item":"https:\/\/hannacosmetica.com\/"},{"@type":"ListItem","position":2,"name":"Tienda","item":"https:\/\/hannacosmetica.com\/shop\/"},{"@type":"ListItem","position":3,"name":"L\u00e1mpara Secador de U\u00f1as LED UV de 72W con Hueco para Dos Manos"}]},{"@type":"WebSite","@id":"https:\/\/hannacosmetica.com\/#website","url":"https:\/\/hannacosmetica.com\/","name":"Hanna Cosm\u00e9tica","description":"Tienda de productos u\u00f1as, bellezas y peluquer\u00edas","publisher":{"@id":"https:\/\/hannacosmetica.com\/#organization"},"potentialAction":[{"@type":"SearchAction","target":{"@type":"EntryPoint","urlTemplate":"https:\/\/hannacosmetica.com\/?s={search_term_string}"},"query-input":"required name=search_term_string"}],"inLanguage":"fr-FR"},{"@type":"Organization","@id":"https:\/\/hannacosmetica.com\/#organization","name":"Hanna Cosm\u00e9tica","url":"https:\/\/hannacosmetica.com\/","logo":{"@type":"ImageObject","inLanguage":"fr-FR","@id":"https:\/\/hannacosmetica.com\/#\/schema\/logo\/image\/","url":"https:\/\/hannacosmetica.com\/wp-content\/uploads\/2022\/07\/Logo-Joyeria-Femenino-Floral-Negro.png","contentUrl":"https:\/\/hannacosmetica.com\/wp-content\/uploads\/2022\/07\/Logo-Joyeria-Femenino-Floral-Negro.png","width":361,"height":126,"caption":"Hanna Cosm\u00e9tica"},"image":{"@id":"https:\/\/hannacosmetica.com\/#\/schema\/logo\/image\/"}}]}},"_links":{"self":[{"href":"https:\/\/hannacosmetica.com\/fr\/wp-json\/wp\/v2\/product\/3748"}],"collection":[{"href":"https:\/\/hannacosmetica.com\/fr\/wp-json\/wp\/v2\/product"}],"about":[{"href":"https:\/\/hannacosmetica.com\/fr\/wp-json\/wp\/v2\/types\/product"}],"replies":[{"embeddable":true,"href":"https:\/\/hannacosmetica.com\/fr\/wp-json\/wp\/v2\/comments?post=3748"}],"version-history":[{"count":1,"href":"https:\/\/hannacosmetica.com\/fr\/wp-json\/wp\/v2\/product\/3748\/revisions"}],"predecessor-version":[{"id":3752,"href":"https:\/\/hannacosmetica.com\/fr\/wp-json\/wp\/v2\/product\/3748\/revisions\/3752"}],"wp:featuredmedia":[{"embeddable":true,"href":"https:\/\/hannacosmetica.com\/fr\/wp-json\/wp\/v2\/media\/3749"}],"wp:attachment":[{"href":"https:\/\/hannacosmetica.com\/fr\/wp-json\/wp\/v2\/media?parent=3748"}],"wp:term":[{"taxonomy":"product_cat","embeddable":true,"href":"https:\/\/hannacosmetica.com\/fr\/wp-json\/wp\/v2\/product_cat?post=3748"},{"taxonomy":"product_tag","embeddable":true,"href":"https:\/\/hannacosmetica.com\/fr\/wp-json\/wp\/v2\/product_tag?post=3748"}],"curies":[{"name":"wp","href":"https:\/\/api.w.org\/{rel}","templated":true}]}}