{"id":3670,"date":"2022-08-11T15:28:48","date_gmt":"2022-08-11T15:28:48","guid":{"rendered":"https:\/\/hannacosmetica.com\/?post_type=product&#038;p=3670"},"modified":"2024-06-10T10:57:10","modified_gmt":"2024-06-10T10:57:10","slug":"alicate-de-cuticula-para-pie-unas-acero-inoxidable-de-alta-resistencia-cortacuticula-paie","status":"publish","type":"product","link":"https:\/\/hannacosmetica.com\/fr\/tienda\/manicura\/alicate-y-empujador\/alicate-de-cuticula-para-pie-unas-acero-inoxidable-de-alta-resistencia-cortacuticula-paie\/","title":{"rendered":"Alicate de Cuticula Para Pie U\u00f1as Acero Inoxidable de Alta Resistencia Cortacuticula Paie"},"content":{"rendered":"<p class=\"product_title entry-title\">ALICATE DE CUTICULA PARA PIE U\u00d1AS ACERO INOXIDABLE De ALTA RESISTENCIA CORTACUTICULA PAIE<\/p>","protected":false},"excerpt":{"rendered":"<p>ALICATE DE CUTICULA PARA PIE U\u00d1AS ACERO INOXIDABLE De ALTA RESISTENCIA CORTACUTICULA PAIE<\/p>","protected":false},"featured_media":3671,"comment_status":"open","ping_status":"closed","template":"","meta":[],"product_cat":[139,82],"product_tag":[],"yoast_head":"<!-- This site is optimized with the Yoast SEO plugin v19.9 - https:\/\/yoast.com\/wordpress\/plugins\/seo\/ -->\n<title>Alicate de Cuticula Para Pie U\u00f1as Acero Inoxidable de Alta Resistencia Cortacuticula Paie - Hanna Cosm\u00e9tica<\/title>\n<meta name=\"robots\" content=\"index, follow, max-snippet:-1, max-image-preview:large, max-video-preview:-1\" \/>\n<link rel=\"canonical\" href=\"https:\/\/hannacosmetica.com\/fr\/tienda\/manicura\/alicate-y-empujador\/alicate-de-cuticula-para-pie-unas-acero-inoxidable-de-alta-resistencia-cortacuticula-paie\/\" \/>\n<meta property=\"og:locale\" content=\"fr_FR\" \/>\n<meta property=\"og:type\" content=\"article\" \/>\n<meta property=\"og:title\" content=\"Alicate de Cuticula Para Pie U\u00f1as Acero Inoxidable de Alta Resistencia Cortacuticula Paie - Hanna Cosm\u00e9tica\" \/>\n<meta property=\"og:description\" content=\"ALICATE DE CUTICULA PARA PIE U\u00d1AS ACERO INOXIDABLE De ALTA RESISTENCIA CORTACUTICULA PAIE\" \/>\n<meta property=\"og:url\" content=\"https:\/\/hannacosmetica.com\/fr\/tienda\/manicura\/alicate-y-empujador\/alicate-de-cuticula-para-pie-unas-acero-inoxidable-de-alta-resistencia-cortacuticula-paie\/\" \/>\n<meta property=\"og:site_name\" content=\"Hanna Cosm\u00e9tica\" \/>\n<meta property=\"article:modified_time\" content=\"2024-06-10T10:57:10+00:00\" \/>\n<meta property=\"og:image\" content=\"https:\/\/hannacosmetica.com\/wp-content\/uploads\/2022\/08\/e0dcede1a70883f0e3533f00365f934.jpg\" \/>\n\t<meta property=\"og:image:width\" content=\"3176\" \/>\n\t<meta property=\"og:image:height\" content=\"3307\" \/>\n\t<meta property=\"og:image:type\" content=\"image\/jpeg\" \/>\n<meta name=\"twitter:card\" content=\"summary_large_image\" \/>\n<script type=\"application\/ld+json\" class=\"yoast-schema-graph\">{\"@context\":\"https:\/\/schema.org\",\"@graph\":[{\"@type\":\"WebPage\",\"@id\":\"https:\/\/hannacosmetica.com\/tienda\/manicura\/alicate-y-empujador\/alicate-de-cuticula-para-pie-unas-acero-inoxidable-de-alta-resistencia-cortacuticula-paie\/\",\"url\":\"https:\/\/hannacosmetica.com\/tienda\/manicura\/alicate-y-empujador\/alicate-de-cuticula-para-pie-unas-acero-inoxidable-de-alta-resistencia-cortacuticula-paie\/\",\"name\":\"Alicate de Cuticula Para Pie U\u00f1as Acero Inoxidable de Alta Resistencia Cortacuticula Paie - Hanna Cosm\u00e9tica\",\"isPartOf\":{\"@id\":\"https:\/\/hannacosmetica.com\/#website\"},\"datePublished\":\"2022-08-11T15:28:48+00:00\",\"dateModified\":\"2024-06-10T10:57:10+00:00\",\"breadcrumb\":{\"@id\":\"https:\/\/hannacosmetica.com\/tienda\/manicura\/alicate-y-empujador\/alicate-de-cuticula-para-pie-unas-acero-inoxidable-de-alta-resistencia-cortacuticula-paie\/#breadcrumb\"},\"inLanguage\":\"fr-FR\",\"potentialAction\":[{\"@type\":\"ReadAction\",\"target\":[\"https:\/\/hannacosmetica.com\/tienda\/manicura\/alicate-y-empujador\/alicate-de-cuticula-para-pie-unas-acero-inoxidable-de-alta-resistencia-cortacuticula-paie\/\"]}]},{\"@type\":\"BreadcrumbList\",\"@id\":\"https:\/\/hannacosmetica.com\/tienda\/manicura\/alicate-y-empujador\/alicate-de-cuticula-para-pie-unas-acero-inoxidable-de-alta-resistencia-cortacuticula-paie\/#breadcrumb\",\"itemListElement\":[{\"@type\":\"ListItem\",\"position\":1,\"name\":\"Portada\",\"item\":\"https:\/\/hannacosmetica.com\/\"},{\"@type\":\"ListItem\",\"position\":2,\"name\":\"Tienda\",\"item\":\"https:\/\/hannacosmetica.com\/shop\/\"},{\"@type\":\"ListItem\",\"position\":3,\"name\":\"Alicate de Cuticula Para Pie U\u00f1as Acero Inoxidable de Alta Resistencia Cortacuticula Paie\"}]},{\"@type\":\"WebSite\",\"@id\":\"https:\/\/hannacosmetica.com\/#website\",\"url\":\"https:\/\/hannacosmetica.com\/\",\"name\":\"Hanna Cosm\u00e9tica\",\"description\":\"Tienda de productos u\u00f1as, bellezas y peluquer\u00edas\",\"publisher\":{\"@id\":\"https:\/\/hannacosmetica.com\/#organization\"},\"potentialAction\":[{\"@type\":\"SearchAction\",\"target\":{\"@type\":\"EntryPoint\",\"urlTemplate\":\"https:\/\/hannacosmetica.com\/?s={search_term_string}\"},\"query-input\":\"required name=search_term_string\"}],\"inLanguage\":\"fr-FR\"},{\"@type\":\"Organization\",\"@id\":\"https:\/\/hannacosmetica.com\/#organization\",\"name\":\"Hanna Cosm\u00e9tica\",\"url\":\"https:\/\/hannacosmetica.com\/\",\"logo\":{\"@type\":\"ImageObject\",\"inLanguage\":\"fr-FR\",\"@id\":\"https:\/\/hannacosmetica.com\/#\/schema\/logo\/image\/\",\"url\":\"https:\/\/hannacosmetica.com\/wp-content\/uploads\/2022\/07\/Logo-Joyeria-Femenino-Floral-Negro.png\",\"contentUrl\":\"https:\/\/hannacosmetica.com\/wp-content\/uploads\/2022\/07\/Logo-Joyeria-Femenino-Floral-Negro.png\",\"width\":361,\"height\":126,\"caption\":\"Hanna Cosm\u00e9tica\"},\"image\":{\"@id\":\"https:\/\/hannacosmetica.com\/#\/schema\/logo\/image\/\"}}]}<\/script>\n<!-- \/ Yoast SEO plugin. -->","yoast_head_json":{"title":"Alicate de Cuticula Para Pie U\u00f1as Acero Inoxidable de Alta Resistencia Cortacuticula Paie - Hanna Cosm\u00e9tica","robots":{"index":"index","follow":"follow","max-snippet":"max-snippet:-1","max-image-preview":"max-image-preview:large","max-video-preview":"max-video-preview:-1"},"canonical":"https:\/\/hannacosmetica.com\/fr\/tienda\/manicura\/alicate-y-empujador\/alicate-de-cuticula-para-pie-unas-acero-inoxidable-de-alta-resistencia-cortacuticula-paie\/","og_locale":"fr_FR","og_type":"article","og_title":"Alicate de Cuticula Para Pie U\u00f1as Acero Inoxidable de Alta Resistencia Cortacuticula Paie - Hanna Cosm\u00e9tica","og_description":"ALICATE DE CUTICULA PARA PIE U\u00d1AS ACERO INOXIDABLE De ALTA RESISTENCIA CORTACUTICULA PAIE","og_url":"https:\/\/hannacosmetica.com\/fr\/tienda\/manicura\/alicate-y-empujador\/alicate-de-cuticula-para-pie-unas-acero-inoxidable-de-alta-resistencia-cortacuticula-paie\/","og_site_name":"Hanna Cosm\u00e9tica","article_modified_time":"2024-06-10T10:57:10+00:00","og_image":[{"width":3176,"height":3307,"url":"https:\/\/hannacosmetica.com\/wp-content\/uploads\/2022\/08\/e0dcede1a70883f0e3533f00365f934.jpg","type":"image\/jpeg"}],"twitter_card":"summary_large_image","schema":{"@context":"https:\/\/schema.org","@graph":[{"@type":"WebPage","@id":"https:\/\/hannacosmetica.com\/tienda\/manicura\/alicate-y-empujador\/alicate-de-cuticula-para-pie-unas-acero-inoxidable-de-alta-resistencia-cortacuticula-paie\/","url":"https:\/\/hannacosmetica.com\/tienda\/manicura\/alicate-y-empujador\/alicate-de-cuticula-para-pie-unas-acero-inoxidable-de-alta-resistencia-cortacuticula-paie\/","name":"Alicate de Cuticula Para Pie U\u00f1as Acero Inoxidable de Alta Resistencia Cortacuticula Paie - Hanna Cosm\u00e9tica","isPartOf":{"@id":"https:\/\/hannacosmetica.com\/#website"},"datePublished":"2022-08-11T15:28:48+00:00","dateModified":"2024-06-10T10:57:10+00:00","breadcrumb":{"@id":"https:\/\/hannacosmetica.com\/tienda\/manicura\/alicate-y-empujador\/alicate-de-cuticula-para-pie-unas-acero-inoxidable-de-alta-resistencia-cortacuticula-paie\/#breadcrumb"},"inLanguage":"fr-FR","potentialAction":[{"@type":"ReadAction","target":["https:\/\/hannacosmetica.com\/tienda\/manicura\/alicate-y-empujador\/alicate-de-cuticula-para-pie-unas-acero-inoxidable-de-alta-resistencia-cortacuticula-paie\/"]}]},{"@type":"BreadcrumbList","@id":"https:\/\/hannacosmetica.com\/tienda\/manicura\/alicate-y-empujador\/alicate-de-cuticula-para-pie-unas-acero-inoxidable-de-alta-resistencia-cortacuticula-paie\/#breadcrumb","itemListElement":[{"@type":"ListItem","position":1,"name":"Portada","item":"https:\/\/hannacosmetica.com\/"},{"@type":"ListItem","position":2,"name":"Tienda","item":"https:\/\/hannacosmetica.com\/shop\/"},{"@type":"ListItem","position":3,"name":"Alicate de Cuticula Para Pie U\u00f1as Acero Inoxidable de Alta Resistencia Cortacuticula Paie"}]},{"@type":"WebSite","@id":"https:\/\/hannacosmetica.com\/#website","url":"https:\/\/hannacosmetica.com\/","name":"Hanna Cosm\u00e9tica","description":"Tienda de productos u\u00f1as, bellezas y peluquer\u00edas","publisher":{"@id":"https:\/\/hannacosmetica.com\/#organization"},"potentialAction":[{"@type":"SearchAction","target":{"@type":"EntryPoint","urlTemplate":"https:\/\/hannacosmetica.com\/?s={search_term_string}"},"query-input":"required name=search_term_string"}],"inLanguage":"fr-FR"},{"@type":"Organization","@id":"https:\/\/hannacosmetica.com\/#organization","name":"Hanna Cosm\u00e9tica","url":"https:\/\/hannacosmetica.com\/","logo":{"@type":"ImageObject","inLanguage":"fr-FR","@id":"https:\/\/hannacosmetica.com\/#\/schema\/logo\/image\/","url":"https:\/\/hannacosmetica.com\/wp-content\/uploads\/2022\/07\/Logo-Joyeria-Femenino-Floral-Negro.png","contentUrl":"https:\/\/hannacosmetica.com\/wp-content\/uploads\/2022\/07\/Logo-Joyeria-Femenino-Floral-Negro.png","width":361,"height":126,"caption":"Hanna Cosm\u00e9tica"},"image":{"@id":"https:\/\/hannacosmetica.com\/#\/schema\/logo\/image\/"}}]}},"_links":{"self":[{"href":"https:\/\/hannacosmetica.com\/fr\/wp-json\/wp\/v2\/product\/3670"}],"collection":[{"href":"https:\/\/hannacosmetica.com\/fr\/wp-json\/wp\/v2\/product"}],"about":[{"href":"https:\/\/hannacosmetica.com\/fr\/wp-json\/wp\/v2\/types\/product"}],"replies":[{"embeddable":true,"href":"https:\/\/hannacosmetica.com\/fr\/wp-json\/wp\/v2\/comments?post=3670"}],"version-history":[{"count":2,"href":"https:\/\/hannacosmetica.com\/fr\/wp-json\/wp\/v2\/product\/3670\/revisions"}],"predecessor-version":[{"id":8870,"href":"https:\/\/hannacosmetica.com\/fr\/wp-json\/wp\/v2\/product\/3670\/revisions\/8870"}],"wp:featuredmedia":[{"embeddable":true,"href":"https:\/\/hannacosmetica.com\/fr\/wp-json\/wp\/v2\/media\/3671"}],"wp:attachment":[{"href":"https:\/\/hannacosmetica.com\/fr\/wp-json\/wp\/v2\/media?parent=3670"}],"wp:term":[{"taxonomy":"product_cat","embeddable":true,"href":"https:\/\/hannacosmetica.com\/fr\/wp-json\/wp\/v2\/product_cat?post=3670"},{"taxonomy":"product_tag","embeddable":true,"href":"https:\/\/hannacosmetica.com\/fr\/wp-json\/wp\/v2\/product_tag?post=3670"}],"curies":[{"name":"wp","href":"https:\/\/api.w.org\/{rel}","templated":true}]}}