{"id":3652,"date":"2022-08-11T15:06:25","date_gmt":"2022-08-11T15:06:25","guid":{"rendered":"https:\/\/hannacosmetica.com\/?post_type=product&#038;p=3652"},"modified":"2023-10-27T09:32:51","modified_gmt":"2023-10-27T09:32:51","slug":"cortatips-cortaunas-para-unas-acrilicas","status":"publish","type":"product","link":"https:\/\/hannacosmetica.com\/fr\/tienda\/manicura\/complementos\/cortatips-cortaunas-para-unas-acrilicas\/","title":{"rendered":"Cortatips Corta\u00fa\u00f1as Para U\u00f1as Acr\u00edlicas"},"content":{"rendered":"<div><span data-spm-anchor-id=\"a2g0o.detail.1000023.i2.5849112027gRqe\">1. Este es el arte de u\u00f1as UV acr\u00edlico cortador de u\u00f1as falsas puntas de corte de bordes.<\/span><\/div>\n<div>Cortador profesional de borde de la u\u00f1a para u\u00f1as acr\u00edlicas falsas, u\u00f1as artificiales, u\u00f1as naturales.<\/div>\n<div>Borde afilado para cortar las u\u00f1as en longitud y estilos deseados, bien cortado,<\/div>\n<div>Borde recto, borde redondo, etc.<\/div>\n<div>2. Hecho de acero inoxidable de alta calidad, lo suficientemente duradero para su uso diario.<\/div>\n<div>Resorte duradero que se puede utilizar durante mucho tiempo.<\/div>\n<div>3 adecuado profesional para uso en sal\u00f3n o uso en el hogar<\/div>\n<div><span data-spm-anchor-id=\"a2g0o.detail.1000023.i3.5849112027gRqe\">4. Material: acero inoxidable<\/span><\/div>","protected":false},"excerpt":{"rendered":"<p>1. Este es el arte de u\u00f1as UV acr\u00edlico cortador de u\u00f1as falsas puntas de corte de bordes. Cortador profesional de borde&hellip;<\/p>","protected":false},"featured_media":3653,"comment_status":"open","ping_status":"closed","template":"","meta":[],"product_cat":[82,101,102],"product_tag":[],"yoast_head":"<!-- This site is optimized with the Yoast SEO plugin v19.9 - https:\/\/yoast.com\/wordpress\/plugins\/seo\/ -->\n<title>Cortatips Corta\u00fa\u00f1as Para U\u00f1as Acr\u00edlicas - Hanna Cosm\u00e9tica<\/title>\n<meta name=\"robots\" content=\"index, follow, max-snippet:-1, max-image-preview:large, max-video-preview:-1\" \/>\n<link rel=\"canonical\" href=\"https:\/\/hannacosmetica.com\/fr\/tienda\/manicura\/complementos\/cortatips-cortaunas-para-unas-acrilicas\/\" \/>\n<meta property=\"og:locale\" content=\"fr_FR\" \/>\n<meta property=\"og:type\" content=\"article\" \/>\n<meta property=\"og:title\" content=\"Cortatips Corta\u00fa\u00f1as Para U\u00f1as Acr\u00edlicas - Hanna Cosm\u00e9tica\" \/>\n<meta property=\"og:description\" content=\"1. Este es el arte de u\u00f1as UV acr\u00edlico cortador de u\u00f1as falsas puntas de corte de bordes. Cortador profesional de borde&hellip;\" \/>\n<meta property=\"og:url\" content=\"https:\/\/hannacosmetica.com\/fr\/tienda\/manicura\/complementos\/cortatips-cortaunas-para-unas-acrilicas\/\" \/>\n<meta property=\"og:site_name\" content=\"Hanna Cosm\u00e9tica\" \/>\n<meta property=\"article:modified_time\" content=\"2023-10-27T09:32:51+00:00\" \/>\n<meta property=\"og:image\" content=\"https:\/\/hannacosmetica.com\/wp-content\/uploads\/2022\/08\/a76575eb395d1d72b840a6575af31d5-scaled.jpg\" \/>\n\t<meta property=\"og:image:width\" content=\"3360\" \/>\n\t<meta property=\"og:image:height\" content=\"3209\" \/>\n\t<meta property=\"og:image:type\" content=\"image\/jpeg\" \/>\n<meta name=\"twitter:card\" content=\"summary_large_image\" \/>\n<script type=\"application\/ld+json\" class=\"yoast-schema-graph\">{\"@context\":\"https:\/\/schema.org\",\"@graph\":[{\"@type\":\"WebPage\",\"@id\":\"https:\/\/hannacosmetica.com\/tienda\/manicura\/complementos\/cortatips-cortaunas-para-unas-acrilicas\/\",\"url\":\"https:\/\/hannacosmetica.com\/tienda\/manicura\/complementos\/cortatips-cortaunas-para-unas-acrilicas\/\",\"name\":\"Cortatips Corta\u00fa\u00f1as Para U\u00f1as Acr\u00edlicas - Hanna Cosm\u00e9tica\",\"isPartOf\":{\"@id\":\"https:\/\/hannacosmetica.com\/#website\"},\"datePublished\":\"2022-08-11T15:06:25+00:00\",\"dateModified\":\"2023-10-27T09:32:51+00:00\",\"breadcrumb\":{\"@id\":\"https:\/\/hannacosmetica.com\/tienda\/manicura\/complementos\/cortatips-cortaunas-para-unas-acrilicas\/#breadcrumb\"},\"inLanguage\":\"fr-FR\",\"potentialAction\":[{\"@type\":\"ReadAction\",\"target\":[\"https:\/\/hannacosmetica.com\/tienda\/manicura\/complementos\/cortatips-cortaunas-para-unas-acrilicas\/\"]}]},{\"@type\":\"BreadcrumbList\",\"@id\":\"https:\/\/hannacosmetica.com\/tienda\/manicura\/complementos\/cortatips-cortaunas-para-unas-acrilicas\/#breadcrumb\",\"itemListElement\":[{\"@type\":\"ListItem\",\"position\":1,\"name\":\"Portada\",\"item\":\"https:\/\/hannacosmetica.com\/\"},{\"@type\":\"ListItem\",\"position\":2,\"name\":\"Tienda\",\"item\":\"https:\/\/hannacosmetica.com\/shop\/\"},{\"@type\":\"ListItem\",\"position\":3,\"name\":\"Cortatips Corta\u00fa\u00f1as Para U\u00f1as Acr\u00edlicas\"}]},{\"@type\":\"WebSite\",\"@id\":\"https:\/\/hannacosmetica.com\/#website\",\"url\":\"https:\/\/hannacosmetica.com\/\",\"name\":\"Hanna Cosm\u00e9tica\",\"description\":\"Tienda de productos u\u00f1as, bellezas y peluquer\u00edas\",\"publisher\":{\"@id\":\"https:\/\/hannacosmetica.com\/#organization\"},\"potentialAction\":[{\"@type\":\"SearchAction\",\"target\":{\"@type\":\"EntryPoint\",\"urlTemplate\":\"https:\/\/hannacosmetica.com\/?s={search_term_string}\"},\"query-input\":\"required name=search_term_string\"}],\"inLanguage\":\"fr-FR\"},{\"@type\":\"Organization\",\"@id\":\"https:\/\/hannacosmetica.com\/#organization\",\"name\":\"Hanna Cosm\u00e9tica\",\"url\":\"https:\/\/hannacosmetica.com\/\",\"logo\":{\"@type\":\"ImageObject\",\"inLanguage\":\"fr-FR\",\"@id\":\"https:\/\/hannacosmetica.com\/#\/schema\/logo\/image\/\",\"url\":\"https:\/\/hannacosmetica.com\/wp-content\/uploads\/2022\/07\/Logo-Joyeria-Femenino-Floral-Negro.png\",\"contentUrl\":\"https:\/\/hannacosmetica.com\/wp-content\/uploads\/2022\/07\/Logo-Joyeria-Femenino-Floral-Negro.png\",\"width\":361,\"height\":126,\"caption\":\"Hanna Cosm\u00e9tica\"},\"image\":{\"@id\":\"https:\/\/hannacosmetica.com\/#\/schema\/logo\/image\/\"}}]}<\/script>\n<!-- \/ Yoast SEO plugin. -->","yoast_head_json":{"title":"Cortatips Corta\u00fa\u00f1as Para U\u00f1as Acr\u00edlicas - Hanna Cosm\u00e9tica","robots":{"index":"index","follow":"follow","max-snippet":"max-snippet:-1","max-image-preview":"max-image-preview:large","max-video-preview":"max-video-preview:-1"},"canonical":"https:\/\/hannacosmetica.com\/fr\/tienda\/manicura\/complementos\/cortatips-cortaunas-para-unas-acrilicas\/","og_locale":"fr_FR","og_type":"article","og_title":"Cortatips Corta\u00fa\u00f1as Para U\u00f1as Acr\u00edlicas - Hanna Cosm\u00e9tica","og_description":"1. Este es el arte de u\u00f1as UV acr\u00edlico cortador de u\u00f1as falsas puntas de corte de bordes. Cortador profesional de borde&hellip;","og_url":"https:\/\/hannacosmetica.com\/fr\/tienda\/manicura\/complementos\/cortatips-cortaunas-para-unas-acrilicas\/","og_site_name":"Hanna Cosm\u00e9tica","article_modified_time":"2023-10-27T09:32:51+00:00","og_image":[{"width":3360,"height":3209,"url":"https:\/\/hannacosmetica.com\/wp-content\/uploads\/2022\/08\/a76575eb395d1d72b840a6575af31d5-scaled.jpg","type":"image\/jpeg"}],"twitter_card":"summary_large_image","schema":{"@context":"https:\/\/schema.org","@graph":[{"@type":"WebPage","@id":"https:\/\/hannacosmetica.com\/tienda\/manicura\/complementos\/cortatips-cortaunas-para-unas-acrilicas\/","url":"https:\/\/hannacosmetica.com\/tienda\/manicura\/complementos\/cortatips-cortaunas-para-unas-acrilicas\/","name":"Cortatips Corta\u00fa\u00f1as Para U\u00f1as Acr\u00edlicas - Hanna Cosm\u00e9tica","isPartOf":{"@id":"https:\/\/hannacosmetica.com\/#website"},"datePublished":"2022-08-11T15:06:25+00:00","dateModified":"2023-10-27T09:32:51+00:00","breadcrumb":{"@id":"https:\/\/hannacosmetica.com\/tienda\/manicura\/complementos\/cortatips-cortaunas-para-unas-acrilicas\/#breadcrumb"},"inLanguage":"fr-FR","potentialAction":[{"@type":"ReadAction","target":["https:\/\/hannacosmetica.com\/tienda\/manicura\/complementos\/cortatips-cortaunas-para-unas-acrilicas\/"]}]},{"@type":"BreadcrumbList","@id":"https:\/\/hannacosmetica.com\/tienda\/manicura\/complementos\/cortatips-cortaunas-para-unas-acrilicas\/#breadcrumb","itemListElement":[{"@type":"ListItem","position":1,"name":"Portada","item":"https:\/\/hannacosmetica.com\/"},{"@type":"ListItem","position":2,"name":"Tienda","item":"https:\/\/hannacosmetica.com\/shop\/"},{"@type":"ListItem","position":3,"name":"Cortatips Corta\u00fa\u00f1as Para U\u00f1as Acr\u00edlicas"}]},{"@type":"WebSite","@id":"https:\/\/hannacosmetica.com\/#website","url":"https:\/\/hannacosmetica.com\/","name":"Hanna Cosm\u00e9tica","description":"Tienda de productos u\u00f1as, bellezas y peluquer\u00edas","publisher":{"@id":"https:\/\/hannacosmetica.com\/#organization"},"potentialAction":[{"@type":"SearchAction","target":{"@type":"EntryPoint","urlTemplate":"https:\/\/hannacosmetica.com\/?s={search_term_string}"},"query-input":"required name=search_term_string"}],"inLanguage":"fr-FR"},{"@type":"Organization","@id":"https:\/\/hannacosmetica.com\/#organization","name":"Hanna Cosm\u00e9tica","url":"https:\/\/hannacosmetica.com\/","logo":{"@type":"ImageObject","inLanguage":"fr-FR","@id":"https:\/\/hannacosmetica.com\/#\/schema\/logo\/image\/","url":"https:\/\/hannacosmetica.com\/wp-content\/uploads\/2022\/07\/Logo-Joyeria-Femenino-Floral-Negro.png","contentUrl":"https:\/\/hannacosmetica.com\/wp-content\/uploads\/2022\/07\/Logo-Joyeria-Femenino-Floral-Negro.png","width":361,"height":126,"caption":"Hanna Cosm\u00e9tica"},"image":{"@id":"https:\/\/hannacosmetica.com\/#\/schema\/logo\/image\/"}}]}},"_links":{"self":[{"href":"https:\/\/hannacosmetica.com\/fr\/wp-json\/wp\/v2\/product\/3652"}],"collection":[{"href":"https:\/\/hannacosmetica.com\/fr\/wp-json\/wp\/v2\/product"}],"about":[{"href":"https:\/\/hannacosmetica.com\/fr\/wp-json\/wp\/v2\/types\/product"}],"replies":[{"embeddable":true,"href":"https:\/\/hannacosmetica.com\/fr\/wp-json\/wp\/v2\/comments?post=3652"}],"version-history":[{"count":1,"href":"https:\/\/hannacosmetica.com\/fr\/wp-json\/wp\/v2\/product\/3652\/revisions"}],"predecessor-version":[{"id":3659,"href":"https:\/\/hannacosmetica.com\/fr\/wp-json\/wp\/v2\/product\/3652\/revisions\/3659"}],"wp:featuredmedia":[{"embeddable":true,"href":"https:\/\/hannacosmetica.com\/fr\/wp-json\/wp\/v2\/media\/3653"}],"wp:attachment":[{"href":"https:\/\/hannacosmetica.com\/fr\/wp-json\/wp\/v2\/media?parent=3652"}],"wp:term":[{"taxonomy":"product_cat","embeddable":true,"href":"https:\/\/hannacosmetica.com\/fr\/wp-json\/wp\/v2\/product_cat?post=3652"},{"taxonomy":"product_tag","embeddable":true,"href":"https:\/\/hannacosmetica.com\/fr\/wp-json\/wp\/v2\/product_tag?post=3652"}],"curies":[{"name":"wp","href":"https:\/\/api.w.org\/{rel}","templated":true}]}}