{"id":3607,"date":"2022-08-11T13:50:33","date_gmt":"2022-08-11T13:50:33","guid":{"rendered":"https:\/\/hannacosmetica.com\/?post_type=product&#038;p=3607"},"modified":"2024-07-02T09:32:53","modified_gmt":"2024-07-02T09:32:53","slug":"10-piezas-clip-de-removedor-de-esmaltes-de-una","status":"publish","type":"product","link":"https:\/\/hannacosmetica.com\/fr\/tienda\/manicura\/complementos\/10-piezas-clip-de-removedor-de-esmaltes-de-una\/","title":{"rendered":"Pinzas Removedor de Esmaltes de U\u00f1as10 Piezas"},"content":{"rendered":"<ul class=\"a-unordered-list a-vertical a-spacing-mini\">\n<li><span class=\"a-list-item\">Clip de remojo de u\u00f1as de color rojo rosa, 10 unidades de clips de remojo de color rojo, est\u00e1n hechos de material pl\u00e1stico de buena calidad, lo suficientemente resistentes para su uso diario; el tama\u00f1o del clip es de aprox. 2 x 5 cm.<\/span><\/li>\n<li><span class=\"a-list-item\">F\u00e1cil de manejar: el quitaesmalte de u\u00f1as de gel es f\u00e1cil de manejar y operar, simplemente inf\u00faltalo con acetona pura en tus u\u00f1as artificiales.<\/span><\/li>\n<li><span class=\"a-list-item\">Suficiente presi\u00f3n: estos clips de pl\u00e1stico para u\u00f1as pueden proporcionar suficiente presi\u00f3n para hacer que estos clips permanezcan en tus u\u00f1as para quitar los esmaltes de u\u00f1as.<\/span><\/li>\n<li><span class=\"a-list-item\">Buena herramienta de limpieza de u\u00f1as: buena para la eliminaci\u00f3n de u\u00f1as artificiales, esta herramienta de limpieza de u\u00f1as es una buena opci\u00f3n para ni\u00f1as y mujeres de moda.<\/span><\/li>\n<li><span class=\"a-list-item\">Amplia aplicaci\u00f3n: adecuado para decoraci\u00f3n de u\u00f1as y uso personal en el hogar; estas tapas se adaptan para quitar esmaltes de u\u00f1as, gel UV, etc.<\/span><\/li>\n<\/ul>","protected":false},"excerpt":{"rendered":"<p>Clip de remojo de u\u00f1as de color rojo rosa, 10 unidades de clips de remojo de color rojo, est\u00e1n hechos de material&hellip;<\/p>","protected":false},"featured_media":8066,"comment_status":"open","ping_status":"closed","template":"","meta":[],"product_cat":[82,101],"product_tag":[],"yoast_head":"<!-- This site is optimized with the Yoast SEO plugin v19.9 - https:\/\/yoast.com\/wordpress\/plugins\/seo\/ -->\n<title>Pinzas Removedor de Esmaltes de U\u00f1as10 Piezas - Hanna Cosm\u00e9tica<\/title>\n<meta name=\"robots\" content=\"index, follow, max-snippet:-1, max-image-preview:large, max-video-preview:-1\" \/>\n<link rel=\"canonical\" href=\"https:\/\/hannacosmetica.com\/fr\/tienda\/manicura\/complementos\/10-piezas-clip-de-removedor-de-esmaltes-de-una\/\" \/>\n<meta property=\"og:locale\" content=\"fr_FR\" \/>\n<meta property=\"og:type\" content=\"article\" \/>\n<meta property=\"og:title\" content=\"Pinzas Removedor de Esmaltes de U\u00f1as10 Piezas - Hanna Cosm\u00e9tica\" \/>\n<meta property=\"og:description\" content=\"Clip de remojo de u\u00f1as de color rojo rosa, 10 unidades de clips de remojo de color rojo, est\u00e1n hechos de material&hellip;\" \/>\n<meta property=\"og:url\" content=\"https:\/\/hannacosmetica.com\/fr\/tienda\/manicura\/complementos\/10-piezas-clip-de-removedor-de-esmaltes-de-una\/\" \/>\n<meta property=\"og:site_name\" content=\"Hanna Cosm\u00e9tica\" \/>\n<meta property=\"article:modified_time\" content=\"2024-07-02T09:32:53+00:00\" \/>\n<meta property=\"og:image\" content=\"https:\/\/hannacosmetica.com\/wp-content\/uploads\/2022\/08\/HTB1URKcX5YrK1Rjy0Fdq6ACvVXa1-400x400-2.jpg\" \/>\n\t<meta property=\"og:image:width\" content=\"400\" \/>\n\t<meta property=\"og:image:height\" content=\"400\" \/>\n\t<meta property=\"og:image:type\" content=\"image\/jpeg\" \/>\n<meta name=\"twitter:card\" content=\"summary_large_image\" \/>\n<script type=\"application\/ld+json\" class=\"yoast-schema-graph\">{\"@context\":\"https:\/\/schema.org\",\"@graph\":[{\"@type\":\"WebPage\",\"@id\":\"https:\/\/hannacosmetica.com\/tienda\/manicura\/complementos\/10-piezas-clip-de-removedor-de-esmaltes-de-una\/\",\"url\":\"https:\/\/hannacosmetica.com\/tienda\/manicura\/complementos\/10-piezas-clip-de-removedor-de-esmaltes-de-una\/\",\"name\":\"Pinzas Removedor de Esmaltes de U\u00f1as10 Piezas - Hanna Cosm\u00e9tica\",\"isPartOf\":{\"@id\":\"https:\/\/hannacosmetica.com\/#website\"},\"datePublished\":\"2022-08-11T13:50:33+00:00\",\"dateModified\":\"2024-07-02T09:32:53+00:00\",\"breadcrumb\":{\"@id\":\"https:\/\/hannacosmetica.com\/tienda\/manicura\/complementos\/10-piezas-clip-de-removedor-de-esmaltes-de-una\/#breadcrumb\"},\"inLanguage\":\"fr-FR\",\"potentialAction\":[{\"@type\":\"ReadAction\",\"target\":[\"https:\/\/hannacosmetica.com\/tienda\/manicura\/complementos\/10-piezas-clip-de-removedor-de-esmaltes-de-una\/\"]}]},{\"@type\":\"BreadcrumbList\",\"@id\":\"https:\/\/hannacosmetica.com\/tienda\/manicura\/complementos\/10-piezas-clip-de-removedor-de-esmaltes-de-una\/#breadcrumb\",\"itemListElement\":[{\"@type\":\"ListItem\",\"position\":1,\"name\":\"Portada\",\"item\":\"https:\/\/hannacosmetica.com\/\"},{\"@type\":\"ListItem\",\"position\":2,\"name\":\"Tienda\",\"item\":\"https:\/\/hannacosmetica.com\/shop\/\"},{\"@type\":\"ListItem\",\"position\":3,\"name\":\"Pinzas Removedor de Esmaltes de U\u00f1as10 Piezas\"}]},{\"@type\":\"WebSite\",\"@id\":\"https:\/\/hannacosmetica.com\/#website\",\"url\":\"https:\/\/hannacosmetica.com\/\",\"name\":\"Hanna Cosm\u00e9tica\",\"description\":\"Tienda de productos u\u00f1as, bellezas y peluquer\u00edas\",\"publisher\":{\"@id\":\"https:\/\/hannacosmetica.com\/#organization\"},\"potentialAction\":[{\"@type\":\"SearchAction\",\"target\":{\"@type\":\"EntryPoint\",\"urlTemplate\":\"https:\/\/hannacosmetica.com\/?s={search_term_string}\"},\"query-input\":\"required name=search_term_string\"}],\"inLanguage\":\"fr-FR\"},{\"@type\":\"Organization\",\"@id\":\"https:\/\/hannacosmetica.com\/#organization\",\"name\":\"Hanna Cosm\u00e9tica\",\"url\":\"https:\/\/hannacosmetica.com\/\",\"logo\":{\"@type\":\"ImageObject\",\"inLanguage\":\"fr-FR\",\"@id\":\"https:\/\/hannacosmetica.com\/#\/schema\/logo\/image\/\",\"url\":\"https:\/\/hannacosmetica.com\/wp-content\/uploads\/2022\/07\/Logo-Joyeria-Femenino-Floral-Negro.png\",\"contentUrl\":\"https:\/\/hannacosmetica.com\/wp-content\/uploads\/2022\/07\/Logo-Joyeria-Femenino-Floral-Negro.png\",\"width\":361,\"height\":126,\"caption\":\"Hanna Cosm\u00e9tica\"},\"image\":{\"@id\":\"https:\/\/hannacosmetica.com\/#\/schema\/logo\/image\/\"}}]}<\/script>\n<!-- \/ Yoast SEO plugin. -->","yoast_head_json":{"title":"Pinzas Removedor de Esmaltes de U\u00f1as10 Piezas - Hanna Cosm\u00e9tica","robots":{"index":"index","follow":"follow","max-snippet":"max-snippet:-1","max-image-preview":"max-image-preview:large","max-video-preview":"max-video-preview:-1"},"canonical":"https:\/\/hannacosmetica.com\/fr\/tienda\/manicura\/complementos\/10-piezas-clip-de-removedor-de-esmaltes-de-una\/","og_locale":"fr_FR","og_type":"article","og_title":"Pinzas Removedor de Esmaltes de U\u00f1as10 Piezas - Hanna Cosm\u00e9tica","og_description":"Clip de remojo de u\u00f1as de color rojo rosa, 10 unidades de clips de remojo de color rojo, est\u00e1n hechos de material&hellip;","og_url":"https:\/\/hannacosmetica.com\/fr\/tienda\/manicura\/complementos\/10-piezas-clip-de-removedor-de-esmaltes-de-una\/","og_site_name":"Hanna Cosm\u00e9tica","article_modified_time":"2024-07-02T09:32:53+00:00","og_image":[{"width":400,"height":400,"url":"https:\/\/hannacosmetica.com\/wp-content\/uploads\/2022\/08\/HTB1URKcX5YrK1Rjy0Fdq6ACvVXa1-400x400-2.jpg","type":"image\/jpeg"}],"twitter_card":"summary_large_image","schema":{"@context":"https:\/\/schema.org","@graph":[{"@type":"WebPage","@id":"https:\/\/hannacosmetica.com\/tienda\/manicura\/complementos\/10-piezas-clip-de-removedor-de-esmaltes-de-una\/","url":"https:\/\/hannacosmetica.com\/tienda\/manicura\/complementos\/10-piezas-clip-de-removedor-de-esmaltes-de-una\/","name":"Pinzas Removedor de Esmaltes de U\u00f1as10 Piezas - Hanna Cosm\u00e9tica","isPartOf":{"@id":"https:\/\/hannacosmetica.com\/#website"},"datePublished":"2022-08-11T13:50:33+00:00","dateModified":"2024-07-02T09:32:53+00:00","breadcrumb":{"@id":"https:\/\/hannacosmetica.com\/tienda\/manicura\/complementos\/10-piezas-clip-de-removedor-de-esmaltes-de-una\/#breadcrumb"},"inLanguage":"fr-FR","potentialAction":[{"@type":"ReadAction","target":["https:\/\/hannacosmetica.com\/tienda\/manicura\/complementos\/10-piezas-clip-de-removedor-de-esmaltes-de-una\/"]}]},{"@type":"BreadcrumbList","@id":"https:\/\/hannacosmetica.com\/tienda\/manicura\/complementos\/10-piezas-clip-de-removedor-de-esmaltes-de-una\/#breadcrumb","itemListElement":[{"@type":"ListItem","position":1,"name":"Portada","item":"https:\/\/hannacosmetica.com\/"},{"@type":"ListItem","position":2,"name":"Tienda","item":"https:\/\/hannacosmetica.com\/shop\/"},{"@type":"ListItem","position":3,"name":"Pinzas Removedor de Esmaltes de U\u00f1as10 Piezas"}]},{"@type":"WebSite","@id":"https:\/\/hannacosmetica.com\/#website","url":"https:\/\/hannacosmetica.com\/","name":"Hanna Cosm\u00e9tica","description":"Tienda de productos u\u00f1as, bellezas y peluquer\u00edas","publisher":{"@id":"https:\/\/hannacosmetica.com\/#organization"},"potentialAction":[{"@type":"SearchAction","target":{"@type":"EntryPoint","urlTemplate":"https:\/\/hannacosmetica.com\/?s={search_term_string}"},"query-input":"required name=search_term_string"}],"inLanguage":"fr-FR"},{"@type":"Organization","@id":"https:\/\/hannacosmetica.com\/#organization","name":"Hanna Cosm\u00e9tica","url":"https:\/\/hannacosmetica.com\/","logo":{"@type":"ImageObject","inLanguage":"fr-FR","@id":"https:\/\/hannacosmetica.com\/#\/schema\/logo\/image\/","url":"https:\/\/hannacosmetica.com\/wp-content\/uploads\/2022\/07\/Logo-Joyeria-Femenino-Floral-Negro.png","contentUrl":"https:\/\/hannacosmetica.com\/wp-content\/uploads\/2022\/07\/Logo-Joyeria-Femenino-Floral-Negro.png","width":361,"height":126,"caption":"Hanna Cosm\u00e9tica"},"image":{"@id":"https:\/\/hannacosmetica.com\/#\/schema\/logo\/image\/"}}]}},"_links":{"self":[{"href":"https:\/\/hannacosmetica.com\/fr\/wp-json\/wp\/v2\/product\/3607"}],"collection":[{"href":"https:\/\/hannacosmetica.com\/fr\/wp-json\/wp\/v2\/product"}],"about":[{"href":"https:\/\/hannacosmetica.com\/fr\/wp-json\/wp\/v2\/types\/product"}],"replies":[{"embeddable":true,"href":"https:\/\/hannacosmetica.com\/fr\/wp-json\/wp\/v2\/comments?post=3607"}],"version-history":[{"count":2,"href":"https:\/\/hannacosmetica.com\/fr\/wp-json\/wp\/v2\/product\/3607\/revisions"}],"predecessor-version":[{"id":8067,"href":"https:\/\/hannacosmetica.com\/fr\/wp-json\/wp\/v2\/product\/3607\/revisions\/8067"}],"wp:featuredmedia":[{"embeddable":true,"href":"https:\/\/hannacosmetica.com\/fr\/wp-json\/wp\/v2\/media\/8066"}],"wp:attachment":[{"href":"https:\/\/hannacosmetica.com\/fr\/wp-json\/wp\/v2\/media?parent=3607"}],"wp:term":[{"taxonomy":"product_cat","embeddable":true,"href":"https:\/\/hannacosmetica.com\/fr\/wp-json\/wp\/v2\/product_cat?post=3607"},{"taxonomy":"product_tag","embeddable":true,"href":"https:\/\/hannacosmetica.com\/fr\/wp-json\/wp\/v2\/product_tag?post=3607"}],"curies":[{"name":"wp","href":"https:\/\/api.w.org\/{rel}","templated":true}]}}