{"id":3403,"date":"2022-08-09T15:40:22","date_gmt":"2022-08-09T15:40:22","guid":{"rendered":"https:\/\/hannacosmetica.com\/?post_type=product&#038;p=3403"},"modified":"2023-10-27T09:06:59","modified_gmt":"2023-10-27T09:06:59","slug":"brocha-de-polvo-maquillaje-y-una-2","status":"publish","type":"product","link":"https:\/\/hannacosmetica.com\/fr\/tienda\/estetica\/complementos-estetica\/brocha-de-polvo-maquillaje-y-una-2\/","title":{"rendered":"Brocha de polvo Maquillaje y U\u00f1a"},"content":{"rendered":"<h6 class=\"product_title entry-title\">Brocha De Polvos Cepillo Limpiador De Polvo De U\u00f1as Para Maquillaje O Artes De U\u00f1as<\/h6>\n<p>Brocha de alta calidad para decoraci\u00f3n de u\u00f1as El cepillo el\u00e9ctrico para polvo de u\u00f1as est\u00e1 hecho de fibra de calidad, la lana del cepillo no se caer\u00e1 f\u00e1cilmente, Limpia el polvo para las u\u00f1as acr\u00edlicas de forma f\u00e1cil y c\u00f3moda. F\u00e1cil de llevar. El cepillo removedor de polvo de u\u00f1as con dise\u00f1o peque\u00f1o que es perfecto para viajar o salir. Pincel de maquillaje exquisito para f\u00e1cil de llevar y adecuado para uso profesional o uso dom\u00e9stico.Paquete: 1 Uds removedor de cepillo de polvo para decoraci\u00f3n de u\u00f1as<\/p>","protected":false},"excerpt":{"rendered":"<p>Brocha De Polvos Cepillo Limpiador De Polvo De U\u00f1as Para Maquillaje O Artes De U\u00f1as Brocha de alta calidad para decoraci\u00f3n de&hellip;<\/p>","protected":false},"featured_media":3429,"comment_status":"open","ping_status":"closed","template":"","meta":[],"product_cat":[133,82,84,115],"product_tag":[],"yoast_head":"<!-- This site is optimized with the Yoast SEO plugin v19.9 - https:\/\/yoast.com\/wordpress\/plugins\/seo\/ -->\n<title>Brocha de polvo Maquillaje y U\u00f1a - Hanna Cosm\u00e9tica<\/title>\n<meta name=\"robots\" content=\"index, follow, max-snippet:-1, max-image-preview:large, max-video-preview:-1\" \/>\n<link rel=\"canonical\" href=\"https:\/\/hannacosmetica.com\/fr\/tienda\/estetica\/complementos-estetica\/brocha-de-polvo-maquillaje-y-una-2\/\" \/>\n<meta property=\"og:locale\" content=\"fr_FR\" \/>\n<meta property=\"og:type\" content=\"article\" \/>\n<meta property=\"og:title\" content=\"Brocha de polvo Maquillaje y U\u00f1a - Hanna Cosm\u00e9tica\" \/>\n<meta property=\"og:description\" content=\"Brocha De Polvos Cepillo Limpiador De Polvo De U\u00f1as Para Maquillaje O Artes De U\u00f1as Brocha de alta calidad para decoraci\u00f3n de&hellip;\" \/>\n<meta property=\"og:url\" content=\"https:\/\/hannacosmetica.com\/fr\/tienda\/estetica\/complementos-estetica\/brocha-de-polvo-maquillaje-y-una-2\/\" \/>\n<meta property=\"og:site_name\" content=\"Hanna Cosm\u00e9tica\" \/>\n<meta property=\"article:modified_time\" content=\"2023-10-27T09:06:59+00:00\" \/>\n<meta property=\"og:image\" content=\"https:\/\/hannacosmetica.com\/wp-content\/uploads\/2022\/08\/2db429723de1a92b80a5eed0fe8689c4.jpg\" \/>\n\t<meta property=\"og:image:width\" content=\"1864\" \/>\n\t<meta property=\"og:image:height\" content=\"1280\" \/>\n\t<meta property=\"og:image:type\" content=\"image\/jpeg\" \/>\n<meta name=\"twitter:card\" content=\"summary_large_image\" \/>\n<script type=\"application\/ld+json\" class=\"yoast-schema-graph\">{\"@context\":\"https:\/\/schema.org\",\"@graph\":[{\"@type\":\"WebPage\",\"@id\":\"https:\/\/hannacosmetica.com\/tienda\/estetica\/complementos-estetica\/brocha-de-polvo-maquillaje-y-una-2\/\",\"url\":\"https:\/\/hannacosmetica.com\/tienda\/estetica\/complementos-estetica\/brocha-de-polvo-maquillaje-y-una-2\/\",\"name\":\"Brocha de polvo Maquillaje y U\u00f1a - Hanna Cosm\u00e9tica\",\"isPartOf\":{\"@id\":\"https:\/\/hannacosmetica.com\/#website\"},\"datePublished\":\"2022-08-09T15:40:22+00:00\",\"dateModified\":\"2023-10-27T09:06:59+00:00\",\"breadcrumb\":{\"@id\":\"https:\/\/hannacosmetica.com\/tienda\/estetica\/complementos-estetica\/brocha-de-polvo-maquillaje-y-una-2\/#breadcrumb\"},\"inLanguage\":\"fr-FR\",\"potentialAction\":[{\"@type\":\"ReadAction\",\"target\":[\"https:\/\/hannacosmetica.com\/tienda\/estetica\/complementos-estetica\/brocha-de-polvo-maquillaje-y-una-2\/\"]}]},{\"@type\":\"BreadcrumbList\",\"@id\":\"https:\/\/hannacosmetica.com\/tienda\/estetica\/complementos-estetica\/brocha-de-polvo-maquillaje-y-una-2\/#breadcrumb\",\"itemListElement\":[{\"@type\":\"ListItem\",\"position\":1,\"name\":\"Portada\",\"item\":\"https:\/\/hannacosmetica.com\/\"},{\"@type\":\"ListItem\",\"position\":2,\"name\":\"Tienda\",\"item\":\"https:\/\/hannacosmetica.com\/shop\/\"},{\"@type\":\"ListItem\",\"position\":3,\"name\":\"Brocha de polvo Maquillaje y U\u00f1a\"}]},{\"@type\":\"WebSite\",\"@id\":\"https:\/\/hannacosmetica.com\/#website\",\"url\":\"https:\/\/hannacosmetica.com\/\",\"name\":\"Hanna Cosm\u00e9tica\",\"description\":\"Tienda de productos u\u00f1as, bellezas y peluquer\u00edas\",\"publisher\":{\"@id\":\"https:\/\/hannacosmetica.com\/#organization\"},\"potentialAction\":[{\"@type\":\"SearchAction\",\"target\":{\"@type\":\"EntryPoint\",\"urlTemplate\":\"https:\/\/hannacosmetica.com\/?s={search_term_string}\"},\"query-input\":\"required name=search_term_string\"}],\"inLanguage\":\"fr-FR\"},{\"@type\":\"Organization\",\"@id\":\"https:\/\/hannacosmetica.com\/#organization\",\"name\":\"Hanna Cosm\u00e9tica\",\"url\":\"https:\/\/hannacosmetica.com\/\",\"logo\":{\"@type\":\"ImageObject\",\"inLanguage\":\"fr-FR\",\"@id\":\"https:\/\/hannacosmetica.com\/#\/schema\/logo\/image\/\",\"url\":\"https:\/\/hannacosmetica.com\/wp-content\/uploads\/2022\/07\/Logo-Joyeria-Femenino-Floral-Negro.png\",\"contentUrl\":\"https:\/\/hannacosmetica.com\/wp-content\/uploads\/2022\/07\/Logo-Joyeria-Femenino-Floral-Negro.png\",\"width\":361,\"height\":126,\"caption\":\"Hanna Cosm\u00e9tica\"},\"image\":{\"@id\":\"https:\/\/hannacosmetica.com\/#\/schema\/logo\/image\/\"}}]}<\/script>\n<!-- \/ Yoast SEO plugin. -->","yoast_head_json":{"title":"Brocha de polvo Maquillaje y U\u00f1a - Hanna Cosm\u00e9tica","robots":{"index":"index","follow":"follow","max-snippet":"max-snippet:-1","max-image-preview":"max-image-preview:large","max-video-preview":"max-video-preview:-1"},"canonical":"https:\/\/hannacosmetica.com\/fr\/tienda\/estetica\/complementos-estetica\/brocha-de-polvo-maquillaje-y-una-2\/","og_locale":"fr_FR","og_type":"article","og_title":"Brocha de polvo Maquillaje y U\u00f1a - Hanna Cosm\u00e9tica","og_description":"Brocha De Polvos Cepillo Limpiador De Polvo De U\u00f1as Para Maquillaje O Artes De U\u00f1as Brocha de alta calidad para decoraci\u00f3n de&hellip;","og_url":"https:\/\/hannacosmetica.com\/fr\/tienda\/estetica\/complementos-estetica\/brocha-de-polvo-maquillaje-y-una-2\/","og_site_name":"Hanna Cosm\u00e9tica","article_modified_time":"2023-10-27T09:06:59+00:00","og_image":[{"width":1864,"height":1280,"url":"https:\/\/hannacosmetica.com\/wp-content\/uploads\/2022\/08\/2db429723de1a92b80a5eed0fe8689c4.jpg","type":"image\/jpeg"}],"twitter_card":"summary_large_image","schema":{"@context":"https:\/\/schema.org","@graph":[{"@type":"WebPage","@id":"https:\/\/hannacosmetica.com\/tienda\/estetica\/complementos-estetica\/brocha-de-polvo-maquillaje-y-una-2\/","url":"https:\/\/hannacosmetica.com\/tienda\/estetica\/complementos-estetica\/brocha-de-polvo-maquillaje-y-una-2\/","name":"Brocha de polvo Maquillaje y U\u00f1a - Hanna Cosm\u00e9tica","isPartOf":{"@id":"https:\/\/hannacosmetica.com\/#website"},"datePublished":"2022-08-09T15:40:22+00:00","dateModified":"2023-10-27T09:06:59+00:00","breadcrumb":{"@id":"https:\/\/hannacosmetica.com\/tienda\/estetica\/complementos-estetica\/brocha-de-polvo-maquillaje-y-una-2\/#breadcrumb"},"inLanguage":"fr-FR","potentialAction":[{"@type":"ReadAction","target":["https:\/\/hannacosmetica.com\/tienda\/estetica\/complementos-estetica\/brocha-de-polvo-maquillaje-y-una-2\/"]}]},{"@type":"BreadcrumbList","@id":"https:\/\/hannacosmetica.com\/tienda\/estetica\/complementos-estetica\/brocha-de-polvo-maquillaje-y-una-2\/#breadcrumb","itemListElement":[{"@type":"ListItem","position":1,"name":"Portada","item":"https:\/\/hannacosmetica.com\/"},{"@type":"ListItem","position":2,"name":"Tienda","item":"https:\/\/hannacosmetica.com\/shop\/"},{"@type":"ListItem","position":3,"name":"Brocha de polvo Maquillaje y U\u00f1a"}]},{"@type":"WebSite","@id":"https:\/\/hannacosmetica.com\/#website","url":"https:\/\/hannacosmetica.com\/","name":"Hanna Cosm\u00e9tica","description":"Tienda de productos u\u00f1as, bellezas y peluquer\u00edas","publisher":{"@id":"https:\/\/hannacosmetica.com\/#organization"},"potentialAction":[{"@type":"SearchAction","target":{"@type":"EntryPoint","urlTemplate":"https:\/\/hannacosmetica.com\/?s={search_term_string}"},"query-input":"required name=search_term_string"}],"inLanguage":"fr-FR"},{"@type":"Organization","@id":"https:\/\/hannacosmetica.com\/#organization","name":"Hanna Cosm\u00e9tica","url":"https:\/\/hannacosmetica.com\/","logo":{"@type":"ImageObject","inLanguage":"fr-FR","@id":"https:\/\/hannacosmetica.com\/#\/schema\/logo\/image\/","url":"https:\/\/hannacosmetica.com\/wp-content\/uploads\/2022\/07\/Logo-Joyeria-Femenino-Floral-Negro.png","contentUrl":"https:\/\/hannacosmetica.com\/wp-content\/uploads\/2022\/07\/Logo-Joyeria-Femenino-Floral-Negro.png","width":361,"height":126,"caption":"Hanna Cosm\u00e9tica"},"image":{"@id":"https:\/\/hannacosmetica.com\/#\/schema\/logo\/image\/"}}]}},"_links":{"self":[{"href":"https:\/\/hannacosmetica.com\/fr\/wp-json\/wp\/v2\/product\/3403"}],"collection":[{"href":"https:\/\/hannacosmetica.com\/fr\/wp-json\/wp\/v2\/product"}],"about":[{"href":"https:\/\/hannacosmetica.com\/fr\/wp-json\/wp\/v2\/types\/product"}],"replies":[{"embeddable":true,"href":"https:\/\/hannacosmetica.com\/fr\/wp-json\/wp\/v2\/comments?post=3403"}],"version-history":[{"count":1,"href":"https:\/\/hannacosmetica.com\/fr\/wp-json\/wp\/v2\/product\/3403\/revisions"}],"predecessor-version":[{"id":3427,"href":"https:\/\/hannacosmetica.com\/fr\/wp-json\/wp\/v2\/product\/3403\/revisions\/3427"}],"wp:featuredmedia":[{"embeddable":true,"href":"https:\/\/hannacosmetica.com\/fr\/wp-json\/wp\/v2\/media\/3429"}],"wp:attachment":[{"href":"https:\/\/hannacosmetica.com\/fr\/wp-json\/wp\/v2\/media?parent=3403"}],"wp:term":[{"taxonomy":"product_cat","embeddable":true,"href":"https:\/\/hannacosmetica.com\/fr\/wp-json\/wp\/v2\/product_cat?post=3403"},{"taxonomy":"product_tag","embeddable":true,"href":"https:\/\/hannacosmetica.com\/fr\/wp-json\/wp\/v2\/product_tag?post=3403"}],"curies":[{"name":"wp","href":"https:\/\/api.w.org\/{rel}","templated":true}]}}