{"id":3355,"date":"2022-08-09T13:29:50","date_gmt":"2022-08-09T13:29:50","guid":{"rendered":"https:\/\/hannacosmetica.com\/?post_type=product&#038;p=3355"},"modified":"2025-01-24T17:07:31","modified_gmt":"2025-01-24T17:07:31","slug":"brocha-para-quitar-el-polvo-de-unas","status":"publish","type":"product","link":"https:\/\/hannacosmetica.com\/fr\/tienda\/estetica\/complementos-estetica\/brocha-para-quitar-el-polvo-de-unas\/","title":{"rendered":"Brocha Para Quitar El Polvo De U\u00f1as"},"content":{"rendered":"<p>Brocha de alta calidad para decoraci\u00f3n de u\u00f1as El cepillo el\u00e9ctrico para polvo de u\u00f1as est\u00e1 hecho de fibra de calidad, la lana del cepillo no se caer\u00e1 f\u00e1cilmente, Limpia el polvo para las u\u00f1as acr\u00edlicas de forma f\u00e1cil y c\u00f3moda. F\u00e1cil de llevaEl cepillo es una herramienta profesional de manicura que se utiliza para eliminar part\u00edculas de polvo en el proceso del esmalte de u\u00f1as producido en la u\u00f1a, y tambi\u00e9n se puede utilizar como cepillo para colorete. Adecuado para uso profesional de manicura o arte personal de u\u00f1as DIY en casa, creando hermosas u\u00f1as para puntas de u\u00f1as brillantes de larga duraci\u00f3n.<\/p>","protected":false},"excerpt":{"rendered":"<p>Brocha de alta calidad para decoraci\u00f3n de u\u00f1as El cepillo el\u00e9ctrico para polvo de u\u00f1as est\u00e1 hecho de fibra de calidad, la&hellip;<\/p>","protected":false},"featured_media":7748,"comment_status":"open","ping_status":"closed","template":"","meta":[],"product_cat":[133,82,84,115],"product_tag":[],"yoast_head":"<!-- This site is optimized with the Yoast SEO plugin v19.9 - https:\/\/yoast.com\/wordpress\/plugins\/seo\/ -->\n<title>Brocha Para Quitar El Polvo De U\u00f1as - Hanna Cosm\u00e9tica<\/title>\n<meta name=\"robots\" content=\"index, follow, max-snippet:-1, max-image-preview:large, max-video-preview:-1\" \/>\n<link rel=\"canonical\" href=\"https:\/\/hannacosmetica.com\/fr\/tienda\/estetica\/complementos-estetica\/brocha-para-quitar-el-polvo-de-unas\/\" \/>\n<meta property=\"og:locale\" content=\"fr_FR\" \/>\n<meta property=\"og:type\" content=\"article\" \/>\n<meta property=\"og:title\" content=\"Brocha Para Quitar El Polvo De U\u00f1as - Hanna Cosm\u00e9tica\" \/>\n<meta property=\"og:description\" content=\"Brocha de alta calidad para decoraci\u00f3n de u\u00f1as El cepillo el\u00e9ctrico para polvo de u\u00f1as est\u00e1 hecho de fibra de calidad, la&hellip;\" \/>\n<meta property=\"og:url\" content=\"https:\/\/hannacosmetica.com\/fr\/tienda\/estetica\/complementos-estetica\/brocha-para-quitar-el-polvo-de-unas\/\" \/>\n<meta property=\"og:site_name\" content=\"Hanna Cosm\u00e9tica\" \/>\n<meta property=\"article:modified_time\" content=\"2025-01-24T17:07:31+00:00\" \/>\n<meta property=\"og:image\" content=\"https:\/\/hannacosmetica.com\/wp-content\/uploads\/2022\/08\/\u672a\u547d\u540d\u7684\u8bbe\u8ba1-26-1.png\" \/>\n\t<meta property=\"og:image:width\" content=\"4800\" \/>\n\t<meta property=\"og:image:height\" content=\"4800\" \/>\n\t<meta property=\"og:image:type\" content=\"image\/png\" \/>\n<meta name=\"twitter:card\" content=\"summary_large_image\" \/>\n<script type=\"application\/ld+json\" class=\"yoast-schema-graph\">{\"@context\":\"https:\/\/schema.org\",\"@graph\":[{\"@type\":\"WebPage\",\"@id\":\"https:\/\/hannacosmetica.com\/tienda\/estetica\/complementos-estetica\/brocha-para-quitar-el-polvo-de-unas\/\",\"url\":\"https:\/\/hannacosmetica.com\/tienda\/estetica\/complementos-estetica\/brocha-para-quitar-el-polvo-de-unas\/\",\"name\":\"Brocha Para Quitar El Polvo De U\u00f1as - Hanna Cosm\u00e9tica\",\"isPartOf\":{\"@id\":\"https:\/\/hannacosmetica.com\/#website\"},\"datePublished\":\"2022-08-09T13:29:50+00:00\",\"dateModified\":\"2025-01-24T17:07:31+00:00\",\"breadcrumb\":{\"@id\":\"https:\/\/hannacosmetica.com\/tienda\/estetica\/complementos-estetica\/brocha-para-quitar-el-polvo-de-unas\/#breadcrumb\"},\"inLanguage\":\"fr-FR\",\"potentialAction\":[{\"@type\":\"ReadAction\",\"target\":[\"https:\/\/hannacosmetica.com\/tienda\/estetica\/complementos-estetica\/brocha-para-quitar-el-polvo-de-unas\/\"]}]},{\"@type\":\"BreadcrumbList\",\"@id\":\"https:\/\/hannacosmetica.com\/tienda\/estetica\/complementos-estetica\/brocha-para-quitar-el-polvo-de-unas\/#breadcrumb\",\"itemListElement\":[{\"@type\":\"ListItem\",\"position\":1,\"name\":\"Portada\",\"item\":\"https:\/\/hannacosmetica.com\/\"},{\"@type\":\"ListItem\",\"position\":2,\"name\":\"Tienda\",\"item\":\"https:\/\/hannacosmetica.com\/shop\/\"},{\"@type\":\"ListItem\",\"position\":3,\"name\":\"Brocha Para Quitar El Polvo De U\u00f1as\"}]},{\"@type\":\"WebSite\",\"@id\":\"https:\/\/hannacosmetica.com\/#website\",\"url\":\"https:\/\/hannacosmetica.com\/\",\"name\":\"Hanna Cosm\u00e9tica\",\"description\":\"Tienda de productos u\u00f1as, bellezas y peluquer\u00edas\",\"publisher\":{\"@id\":\"https:\/\/hannacosmetica.com\/#organization\"},\"potentialAction\":[{\"@type\":\"SearchAction\",\"target\":{\"@type\":\"EntryPoint\",\"urlTemplate\":\"https:\/\/hannacosmetica.com\/?s={search_term_string}\"},\"query-input\":\"required name=search_term_string\"}],\"inLanguage\":\"fr-FR\"},{\"@type\":\"Organization\",\"@id\":\"https:\/\/hannacosmetica.com\/#organization\",\"name\":\"Hanna Cosm\u00e9tica\",\"url\":\"https:\/\/hannacosmetica.com\/\",\"logo\":{\"@type\":\"ImageObject\",\"inLanguage\":\"fr-FR\",\"@id\":\"https:\/\/hannacosmetica.com\/#\/schema\/logo\/image\/\",\"url\":\"https:\/\/hannacosmetica.com\/wp-content\/uploads\/2022\/07\/Logo-Joyeria-Femenino-Floral-Negro.png\",\"contentUrl\":\"https:\/\/hannacosmetica.com\/wp-content\/uploads\/2022\/07\/Logo-Joyeria-Femenino-Floral-Negro.png\",\"width\":361,\"height\":126,\"caption\":\"Hanna Cosm\u00e9tica\"},\"image\":{\"@id\":\"https:\/\/hannacosmetica.com\/#\/schema\/logo\/image\/\"}}]}<\/script>\n<!-- \/ Yoast SEO plugin. -->","yoast_head_json":{"title":"Brocha Para Quitar El Polvo De U\u00f1as - Hanna Cosm\u00e9tica","robots":{"index":"index","follow":"follow","max-snippet":"max-snippet:-1","max-image-preview":"max-image-preview:large","max-video-preview":"max-video-preview:-1"},"canonical":"https:\/\/hannacosmetica.com\/fr\/tienda\/estetica\/complementos-estetica\/brocha-para-quitar-el-polvo-de-unas\/","og_locale":"fr_FR","og_type":"article","og_title":"Brocha Para Quitar El Polvo De U\u00f1as - Hanna Cosm\u00e9tica","og_description":"Brocha de alta calidad para decoraci\u00f3n de u\u00f1as El cepillo el\u00e9ctrico para polvo de u\u00f1as est\u00e1 hecho de fibra de calidad, la&hellip;","og_url":"https:\/\/hannacosmetica.com\/fr\/tienda\/estetica\/complementos-estetica\/brocha-para-quitar-el-polvo-de-unas\/","og_site_name":"Hanna Cosm\u00e9tica","article_modified_time":"2025-01-24T17:07:31+00:00","og_image":[{"width":4800,"height":4800,"url":"https:\/\/hannacosmetica.com\/wp-content\/uploads\/2022\/08\/\u672a\u547d\u540d\u7684\u8bbe\u8ba1-26-1.png","type":"image\/png"}],"twitter_card":"summary_large_image","schema":{"@context":"https:\/\/schema.org","@graph":[{"@type":"WebPage","@id":"https:\/\/hannacosmetica.com\/tienda\/estetica\/complementos-estetica\/brocha-para-quitar-el-polvo-de-unas\/","url":"https:\/\/hannacosmetica.com\/tienda\/estetica\/complementos-estetica\/brocha-para-quitar-el-polvo-de-unas\/","name":"Brocha Para Quitar El Polvo De U\u00f1as - Hanna Cosm\u00e9tica","isPartOf":{"@id":"https:\/\/hannacosmetica.com\/#website"},"datePublished":"2022-08-09T13:29:50+00:00","dateModified":"2025-01-24T17:07:31+00:00","breadcrumb":{"@id":"https:\/\/hannacosmetica.com\/tienda\/estetica\/complementos-estetica\/brocha-para-quitar-el-polvo-de-unas\/#breadcrumb"},"inLanguage":"fr-FR","potentialAction":[{"@type":"ReadAction","target":["https:\/\/hannacosmetica.com\/tienda\/estetica\/complementos-estetica\/brocha-para-quitar-el-polvo-de-unas\/"]}]},{"@type":"BreadcrumbList","@id":"https:\/\/hannacosmetica.com\/tienda\/estetica\/complementos-estetica\/brocha-para-quitar-el-polvo-de-unas\/#breadcrumb","itemListElement":[{"@type":"ListItem","position":1,"name":"Portada","item":"https:\/\/hannacosmetica.com\/"},{"@type":"ListItem","position":2,"name":"Tienda","item":"https:\/\/hannacosmetica.com\/shop\/"},{"@type":"ListItem","position":3,"name":"Brocha Para Quitar El Polvo De U\u00f1as"}]},{"@type":"WebSite","@id":"https:\/\/hannacosmetica.com\/#website","url":"https:\/\/hannacosmetica.com\/","name":"Hanna Cosm\u00e9tica","description":"Tienda de productos u\u00f1as, bellezas y peluquer\u00edas","publisher":{"@id":"https:\/\/hannacosmetica.com\/#organization"},"potentialAction":[{"@type":"SearchAction","target":{"@type":"EntryPoint","urlTemplate":"https:\/\/hannacosmetica.com\/?s={search_term_string}"},"query-input":"required name=search_term_string"}],"inLanguage":"fr-FR"},{"@type":"Organization","@id":"https:\/\/hannacosmetica.com\/#organization","name":"Hanna Cosm\u00e9tica","url":"https:\/\/hannacosmetica.com\/","logo":{"@type":"ImageObject","inLanguage":"fr-FR","@id":"https:\/\/hannacosmetica.com\/#\/schema\/logo\/image\/","url":"https:\/\/hannacosmetica.com\/wp-content\/uploads\/2022\/07\/Logo-Joyeria-Femenino-Floral-Negro.png","contentUrl":"https:\/\/hannacosmetica.com\/wp-content\/uploads\/2022\/07\/Logo-Joyeria-Femenino-Floral-Negro.png","width":361,"height":126,"caption":"Hanna Cosm\u00e9tica"},"image":{"@id":"https:\/\/hannacosmetica.com\/#\/schema\/logo\/image\/"}}]}},"_links":{"self":[{"href":"https:\/\/hannacosmetica.com\/fr\/wp-json\/wp\/v2\/product\/3355"}],"collection":[{"href":"https:\/\/hannacosmetica.com\/fr\/wp-json\/wp\/v2\/product"}],"about":[{"href":"https:\/\/hannacosmetica.com\/fr\/wp-json\/wp\/v2\/types\/product"}],"replies":[{"embeddable":true,"href":"https:\/\/hannacosmetica.com\/fr\/wp-json\/wp\/v2\/comments?post=3355"}],"version-history":[{"count":1,"href":"https:\/\/hannacosmetica.com\/fr\/wp-json\/wp\/v2\/product\/3355\/revisions"}],"predecessor-version":[{"id":3359,"href":"https:\/\/hannacosmetica.com\/fr\/wp-json\/wp\/v2\/product\/3355\/revisions\/3359"}],"wp:featuredmedia":[{"embeddable":true,"href":"https:\/\/hannacosmetica.com\/fr\/wp-json\/wp\/v2\/media\/7748"}],"wp:attachment":[{"href":"https:\/\/hannacosmetica.com\/fr\/wp-json\/wp\/v2\/media?parent=3355"}],"wp:term":[{"taxonomy":"product_cat","embeddable":true,"href":"https:\/\/hannacosmetica.com\/fr\/wp-json\/wp\/v2\/product_cat?post=3355"},{"taxonomy":"product_tag","embeddable":true,"href":"https:\/\/hannacosmetica.com\/fr\/wp-json\/wp\/v2\/product_tag?post=3355"}],"curies":[{"name":"wp","href":"https:\/\/api.w.org\/{rel}","templated":true}]}}