{"id":3283,"date":"2022-08-09T11:48:18","date_gmt":"2022-08-09T11:48:18","guid":{"rendered":"https:\/\/hannacosmetica.com\/?post_type=product&#038;p=3283"},"modified":"2023-10-26T15:55:17","modified_gmt":"2023-10-26T15:55:17","slug":"organizador-de-brochas-de-maquillaje-y-una","status":"publish","type":"product","link":"https:\/\/hannacosmetica.com\/fr\/tienda\/estetica\/complementos-estetica\/organizador-de-brochas-de-maquillaje-y-una\/","title":{"rendered":"Organizador De Brochas De Maquillaje y U\u00f1a011"},"content":{"rendered":"<p>Organizador de Brochas de Maquillaje, Tompig Organizador de Maquillaje, Handcrafted Crystal Makeup Brush Organizador Organizador Personalizado para Brochas, Cejas, L\u00e1pices\u3002\u2714El elegante dise\u00f1o de colores brillantes te hace experimentar una sensaci\u00f3n de lujo y un efecto visual est\u00e9tico, brillar\u00e1 con un brillo poco com\u00fan bajo la luz.<br \/>\n\u2714Portaescobillas de cristal duradero, m\u00e1s resistente y de gran capacidad. Organice muchas formas y tama\u00f1os de pinceles de maquillaje, delineadores de labios \/ ojos, almohadillas de maquillaje, limas de u\u00f1as, portaplumas.<br \/>\n\u2714Soporte de cristal multifunci\u00f3n, perfecto para organizar pinceles de maquillaje, cosm\u00e9ticos, cepillo de dientes, bol\u00edgrafo, l\u00e1piz, material de oficina, candelabro.<br \/>\n\u2714Perfecto como regalo, el mejor regalo para tu mam\u00e1, esposa, amigas, alguien que ama el maquillaje o esa persona especial en tu vida.<\/p>","protected":false},"excerpt":{"rendered":"<p>Organizador de Brochas de Maquillaje, Tompig Organizador de Maquillaje, Handcrafted Crystal Makeup Brush Organizador Organizador Personalizado para Brochas, Cejas, L\u00e1pices\u3002\u2714El elegante dise\u00f1o&hellip;<\/p>","protected":false},"featured_media":3284,"comment_status":"open","ping_status":"closed","template":"","meta":[],"product_cat":[132,82,84,115],"product_tag":[],"yoast_head":"<!-- This site is optimized with the Yoast SEO plugin v19.9 - https:\/\/yoast.com\/wordpress\/plugins\/seo\/ -->\n<title>Organizador De Brochas De Maquillaje y U\u00f1a011 - Hanna Cosm\u00e9tica<\/title>\n<meta name=\"robots\" content=\"index, follow, max-snippet:-1, max-image-preview:large, max-video-preview:-1\" \/>\n<link rel=\"canonical\" href=\"https:\/\/hannacosmetica.com\/fr\/tienda\/estetica\/complementos-estetica\/organizador-de-brochas-de-maquillaje-y-una\/\" \/>\n<meta property=\"og:locale\" content=\"fr_FR\" \/>\n<meta property=\"og:type\" content=\"article\" \/>\n<meta property=\"og:title\" content=\"Organizador De Brochas De Maquillaje y U\u00f1a011 - Hanna Cosm\u00e9tica\" \/>\n<meta property=\"og:description\" content=\"Organizador de Brochas de Maquillaje, Tompig Organizador de Maquillaje, Handcrafted Crystal Makeup Brush Organizador Organizador Personalizado para Brochas, Cejas, L\u00e1pices\u3002\u2714El elegante dise\u00f1o&hellip;\" \/>\n<meta property=\"og:url\" content=\"https:\/\/hannacosmetica.com\/fr\/tienda\/estetica\/complementos-estetica\/organizador-de-brochas-de-maquillaje-y-una\/\" \/>\n<meta property=\"og:site_name\" content=\"Hanna Cosm\u00e9tica\" \/>\n<meta property=\"article:modified_time\" content=\"2023-10-26T15:55:17+00:00\" \/>\n<meta property=\"og:image\" content=\"https:\/\/hannacosmetica.com\/wp-content\/uploads\/2022\/08\/9a5bde26d985a738fa73c837101c788-1-scaled.jpg\" \/>\n\t<meta property=\"og:image:width\" content=\"3209\" \/>\n\t<meta property=\"og:image:height\" content=\"3360\" \/>\n\t<meta property=\"og:image:type\" content=\"image\/jpeg\" \/>\n<meta name=\"twitter:card\" content=\"summary_large_image\" \/>\n<script type=\"application\/ld+json\" class=\"yoast-schema-graph\">{\"@context\":\"https:\/\/schema.org\",\"@graph\":[{\"@type\":\"WebPage\",\"@id\":\"https:\/\/hannacosmetica.com\/tienda\/estetica\/complementos-estetica\/organizador-de-brochas-de-maquillaje-y-una\/\",\"url\":\"https:\/\/hannacosmetica.com\/tienda\/estetica\/complementos-estetica\/organizador-de-brochas-de-maquillaje-y-una\/\",\"name\":\"Organizador De Brochas De Maquillaje y U\u00f1a011 - Hanna Cosm\u00e9tica\",\"isPartOf\":{\"@id\":\"https:\/\/hannacosmetica.com\/#website\"},\"datePublished\":\"2022-08-09T11:48:18+00:00\",\"dateModified\":\"2023-10-26T15:55:17+00:00\",\"breadcrumb\":{\"@id\":\"https:\/\/hannacosmetica.com\/tienda\/estetica\/complementos-estetica\/organizador-de-brochas-de-maquillaje-y-una\/#breadcrumb\"},\"inLanguage\":\"fr-FR\",\"potentialAction\":[{\"@type\":\"ReadAction\",\"target\":[\"https:\/\/hannacosmetica.com\/tienda\/estetica\/complementos-estetica\/organizador-de-brochas-de-maquillaje-y-una\/\"]}]},{\"@type\":\"BreadcrumbList\",\"@id\":\"https:\/\/hannacosmetica.com\/tienda\/estetica\/complementos-estetica\/organizador-de-brochas-de-maquillaje-y-una\/#breadcrumb\",\"itemListElement\":[{\"@type\":\"ListItem\",\"position\":1,\"name\":\"Portada\",\"item\":\"https:\/\/hannacosmetica.com\/\"},{\"@type\":\"ListItem\",\"position\":2,\"name\":\"Tienda\",\"item\":\"https:\/\/hannacosmetica.com\/shop\/\"},{\"@type\":\"ListItem\",\"position\":3,\"name\":\"Organizador De Brochas De Maquillaje y U\u00f1a011\"}]},{\"@type\":\"WebSite\",\"@id\":\"https:\/\/hannacosmetica.com\/#website\",\"url\":\"https:\/\/hannacosmetica.com\/\",\"name\":\"Hanna Cosm\u00e9tica\",\"description\":\"Tienda de productos u\u00f1as, bellezas y peluquer\u00edas\",\"publisher\":{\"@id\":\"https:\/\/hannacosmetica.com\/#organization\"},\"potentialAction\":[{\"@type\":\"SearchAction\",\"target\":{\"@type\":\"EntryPoint\",\"urlTemplate\":\"https:\/\/hannacosmetica.com\/?s={search_term_string}\"},\"query-input\":\"required name=search_term_string\"}],\"inLanguage\":\"fr-FR\"},{\"@type\":\"Organization\",\"@id\":\"https:\/\/hannacosmetica.com\/#organization\",\"name\":\"Hanna Cosm\u00e9tica\",\"url\":\"https:\/\/hannacosmetica.com\/\",\"logo\":{\"@type\":\"ImageObject\",\"inLanguage\":\"fr-FR\",\"@id\":\"https:\/\/hannacosmetica.com\/#\/schema\/logo\/image\/\",\"url\":\"https:\/\/hannacosmetica.com\/wp-content\/uploads\/2022\/07\/Logo-Joyeria-Femenino-Floral-Negro.png\",\"contentUrl\":\"https:\/\/hannacosmetica.com\/wp-content\/uploads\/2022\/07\/Logo-Joyeria-Femenino-Floral-Negro.png\",\"width\":361,\"height\":126,\"caption\":\"Hanna Cosm\u00e9tica\"},\"image\":{\"@id\":\"https:\/\/hannacosmetica.com\/#\/schema\/logo\/image\/\"}}]}<\/script>\n<!-- \/ Yoast SEO plugin. -->","yoast_head_json":{"title":"Organizador De Brochas De Maquillaje y U\u00f1a011 - Hanna Cosm\u00e9tica","robots":{"index":"index","follow":"follow","max-snippet":"max-snippet:-1","max-image-preview":"max-image-preview:large","max-video-preview":"max-video-preview:-1"},"canonical":"https:\/\/hannacosmetica.com\/fr\/tienda\/estetica\/complementos-estetica\/organizador-de-brochas-de-maquillaje-y-una\/","og_locale":"fr_FR","og_type":"article","og_title":"Organizador De Brochas De Maquillaje y U\u00f1a011 - Hanna Cosm\u00e9tica","og_description":"Organizador de Brochas de Maquillaje, Tompig Organizador de Maquillaje, Handcrafted Crystal Makeup Brush Organizador Organizador Personalizado para Brochas, Cejas, L\u00e1pices\u3002\u2714El elegante dise\u00f1o&hellip;","og_url":"https:\/\/hannacosmetica.com\/fr\/tienda\/estetica\/complementos-estetica\/organizador-de-brochas-de-maquillaje-y-una\/","og_site_name":"Hanna Cosm\u00e9tica","article_modified_time":"2023-10-26T15:55:17+00:00","og_image":[{"width":3209,"height":3360,"url":"https:\/\/hannacosmetica.com\/wp-content\/uploads\/2022\/08\/9a5bde26d985a738fa73c837101c788-1-scaled.jpg","type":"image\/jpeg"}],"twitter_card":"summary_large_image","schema":{"@context":"https:\/\/schema.org","@graph":[{"@type":"WebPage","@id":"https:\/\/hannacosmetica.com\/tienda\/estetica\/complementos-estetica\/organizador-de-brochas-de-maquillaje-y-una\/","url":"https:\/\/hannacosmetica.com\/tienda\/estetica\/complementos-estetica\/organizador-de-brochas-de-maquillaje-y-una\/","name":"Organizador De Brochas De Maquillaje y U\u00f1a011 - Hanna Cosm\u00e9tica","isPartOf":{"@id":"https:\/\/hannacosmetica.com\/#website"},"datePublished":"2022-08-09T11:48:18+00:00","dateModified":"2023-10-26T15:55:17+00:00","breadcrumb":{"@id":"https:\/\/hannacosmetica.com\/tienda\/estetica\/complementos-estetica\/organizador-de-brochas-de-maquillaje-y-una\/#breadcrumb"},"inLanguage":"fr-FR","potentialAction":[{"@type":"ReadAction","target":["https:\/\/hannacosmetica.com\/tienda\/estetica\/complementos-estetica\/organizador-de-brochas-de-maquillaje-y-una\/"]}]},{"@type":"BreadcrumbList","@id":"https:\/\/hannacosmetica.com\/tienda\/estetica\/complementos-estetica\/organizador-de-brochas-de-maquillaje-y-una\/#breadcrumb","itemListElement":[{"@type":"ListItem","position":1,"name":"Portada","item":"https:\/\/hannacosmetica.com\/"},{"@type":"ListItem","position":2,"name":"Tienda","item":"https:\/\/hannacosmetica.com\/shop\/"},{"@type":"ListItem","position":3,"name":"Organizador De Brochas De Maquillaje y U\u00f1a011"}]},{"@type":"WebSite","@id":"https:\/\/hannacosmetica.com\/#website","url":"https:\/\/hannacosmetica.com\/","name":"Hanna Cosm\u00e9tica","description":"Tienda de productos u\u00f1as, bellezas y peluquer\u00edas","publisher":{"@id":"https:\/\/hannacosmetica.com\/#organization"},"potentialAction":[{"@type":"SearchAction","target":{"@type":"EntryPoint","urlTemplate":"https:\/\/hannacosmetica.com\/?s={search_term_string}"},"query-input":"required name=search_term_string"}],"inLanguage":"fr-FR"},{"@type":"Organization","@id":"https:\/\/hannacosmetica.com\/#organization","name":"Hanna Cosm\u00e9tica","url":"https:\/\/hannacosmetica.com\/","logo":{"@type":"ImageObject","inLanguage":"fr-FR","@id":"https:\/\/hannacosmetica.com\/#\/schema\/logo\/image\/","url":"https:\/\/hannacosmetica.com\/wp-content\/uploads\/2022\/07\/Logo-Joyeria-Femenino-Floral-Negro.png","contentUrl":"https:\/\/hannacosmetica.com\/wp-content\/uploads\/2022\/07\/Logo-Joyeria-Femenino-Floral-Negro.png","width":361,"height":126,"caption":"Hanna Cosm\u00e9tica"},"image":{"@id":"https:\/\/hannacosmetica.com\/#\/schema\/logo\/image\/"}}]}},"_links":{"self":[{"href":"https:\/\/hannacosmetica.com\/fr\/wp-json\/wp\/v2\/product\/3283"}],"collection":[{"href":"https:\/\/hannacosmetica.com\/fr\/wp-json\/wp\/v2\/product"}],"about":[{"href":"https:\/\/hannacosmetica.com\/fr\/wp-json\/wp\/v2\/types\/product"}],"replies":[{"embeddable":true,"href":"https:\/\/hannacosmetica.com\/fr\/wp-json\/wp\/v2\/comments?post=3283"}],"version-history":[{"count":2,"href":"https:\/\/hannacosmetica.com\/fr\/wp-json\/wp\/v2\/product\/3283\/revisions"}],"predecessor-version":[{"id":3967,"href":"https:\/\/hannacosmetica.com\/fr\/wp-json\/wp\/v2\/product\/3283\/revisions\/3967"}],"wp:featuredmedia":[{"embeddable":true,"href":"https:\/\/hannacosmetica.com\/fr\/wp-json\/wp\/v2\/media\/3284"}],"wp:attachment":[{"href":"https:\/\/hannacosmetica.com\/fr\/wp-json\/wp\/v2\/media?parent=3283"}],"wp:term":[{"taxonomy":"product_cat","embeddable":true,"href":"https:\/\/hannacosmetica.com\/fr\/wp-json\/wp\/v2\/product_cat?post=3283"},{"taxonomy":"product_tag","embeddable":true,"href":"https:\/\/hannacosmetica.com\/fr\/wp-json\/wp\/v2\/product_tag?post=3283"}],"curies":[{"name":"wp","href":"https:\/\/api.w.org\/{rel}","templated":true}]}}