{"id":22725,"date":"2026-03-04T12:43:59","date_gmt":"2026-03-04T12:43:59","guid":{"rendered":"https:\/\/hannacosmetica.com\/?post_type=product&#038;p=22725"},"modified":"2026-03-04T12:43:59","modified_gmt":"2026-03-04T12:43:59","slug":"brillo-secante-15ml-hanna-brillo-secante-rapido","status":"publish","type":"product","link":"https:\/\/hannacosmetica.com\/fr\/tienda\/hanna-exclusive\/esmalte-hanna\/brillo-secante-15ml-hanna-brillo-secante-rapido\/","title":{"rendered":"Brillo Secante 15ml Hanna \/ brillo secante r\u00e1pido"},"content":{"rendered":"<ul class=\"a-unordered-list a-vertical a-spacing-mini\">\n<li class=\"a-spacing-mini\"><span class=\"a-list-item\">EL TOP COAT( brillo)\u00a0 INDISPENSABLE PARA UN HERMOSO ACABADO EN TIEMPO RECORD: Simplemente aplica una capa de Brillo Secado R\u00e1pido para finalizar la manicura para lograr un efecto de secado veloz. \u00a1Ahorra m\u00e1s de tu valioso tiempo!<\/span><\/li>\n<li class=\"a-spacing-mini\"><span class=\"a-list-item\">EVITA EL DA\u00d1O ACCIDENTAL A TU MANICURA: No eches a perder el trabajo que tanto esfuerzo te cost\u00f3. El sellado de la pintura en corto tiempo disminuye la posibilidad de da\u00f1o ocasionado por contacto accidental con tus u\u00f1as mientras la pintura a\u00fan est\u00e1 h\u00fameda<\/span><\/li>\n<li class=\"a-spacing-mini\"><span class=\"a-list-item\">DISFRUTA DE TU MANICURA DURANTE MUCHO M\u00c1S TIEMPO: Nuestra f\u00f3rmula ayuda a prevenir las u\u00f1as astilladas; adem\u00e1s, proporciona una protecci\u00f3n contra los rayos ultravioleta que evita que la pintura pierda su tonalidad y mantenga su atractivo por m\u00e1s tiempo<\/span><\/li>\n<li class=\"a-spacing-mini\"><span class=\"a-list-item\">RESALTA LA BELLEZA DE TUS U\u00d1AS: Este top coat transparente de Secado R\u00e1pido te brinda, adem\u00e1s, un acabado brillante que resaltar\u00e1 el color de tu esmalte. \u00a1Ten la seguridad de que tus u\u00f1as no pasar\u00e1n desapercibidas!<\/span><\/li>\n<li class=\"a-spacing-mini\">tama\u00f1o de 15ml<\/li>\n<\/ul>","protected":false},"excerpt":{"rendered":"<p>EL TOP COAT( brillo)\u00a0 INDISPENSABLE PARA UN HERMOSO ACABADO EN TIEMPO RECORD: Simplemente aplica una capa de Brillo Secado R\u00e1pido para finalizar&hellip;<\/p>","protected":false},"featured_media":22726,"comment_status":"open","ping_status":"closed","template":"","meta":[],"product_cat":[305,144,304,82,87],"product_tag":[],"yoast_head":"<!-- This site is optimized with the Yoast SEO plugin v19.9 - https:\/\/yoast.com\/wordpress\/plugins\/seo\/ -->\n<title>Brillo Secante 15ml Hanna \/ brillo secante r\u00e1pido - Hanna Cosm\u00e9tica<\/title>\n<meta name=\"robots\" content=\"index, follow, max-snippet:-1, max-image-preview:large, max-video-preview:-1\" \/>\n<link rel=\"canonical\" href=\"https:\/\/hannacosmetica.com\/fr\/tienda\/hanna-exclusive\/esmalte-hanna\/brillo-secante-15ml-hanna-brillo-secante-rapido\/\" \/>\n<meta property=\"og:locale\" content=\"fr_FR\" \/>\n<meta property=\"og:type\" content=\"article\" \/>\n<meta property=\"og:title\" content=\"Brillo Secante 15ml Hanna \/ brillo secante r\u00e1pido - Hanna Cosm\u00e9tica\" \/>\n<meta property=\"og:description\" content=\"EL TOP COAT( brillo)\u00a0 INDISPENSABLE PARA UN HERMOSO ACABADO EN TIEMPO RECORD: Simplemente aplica una capa de Brillo Secado R\u00e1pido para finalizar&hellip;\" \/>\n<meta property=\"og:url\" content=\"https:\/\/hannacosmetica.com\/fr\/tienda\/hanna-exclusive\/esmalte-hanna\/brillo-secante-15ml-hanna-brillo-secante-rapido\/\" \/>\n<meta property=\"og:site_name\" content=\"Hanna Cosm\u00e9tica\" \/>\n<meta property=\"og:image\" content=\"https:\/\/hannacosmetica.com\/wp-content\/uploads\/2026\/03\/320E-31.png\" \/>\n\t<meta property=\"og:image:width\" content=\"1469\" \/>\n\t<meta property=\"og:image:height\" content=\"1313\" \/>\n\t<meta property=\"og:image:type\" content=\"image\/png\" \/>\n<meta name=\"twitter:card\" content=\"summary_large_image\" \/>\n<script type=\"application\/ld+json\" class=\"yoast-schema-graph\">{\"@context\":\"https:\/\/schema.org\",\"@graph\":[{\"@type\":\"WebPage\",\"@id\":\"https:\/\/hannacosmetica.com\/tienda\/hanna-exclusive\/esmalte-hanna\/brillo-secante-15ml-hanna-brillo-secante-rapido\/\",\"url\":\"https:\/\/hannacosmetica.com\/tienda\/hanna-exclusive\/esmalte-hanna\/brillo-secante-15ml-hanna-brillo-secante-rapido\/\",\"name\":\"Brillo Secante 15ml Hanna \/ brillo secante r\u00e1pido - Hanna Cosm\u00e9tica\",\"isPartOf\":{\"@id\":\"https:\/\/hannacosmetica.com\/#website\"},\"datePublished\":\"2026-03-04T12:43:59+00:00\",\"dateModified\":\"2026-03-04T12:43:59+00:00\",\"breadcrumb\":{\"@id\":\"https:\/\/hannacosmetica.com\/tienda\/hanna-exclusive\/esmalte-hanna\/brillo-secante-15ml-hanna-brillo-secante-rapido\/#breadcrumb\"},\"inLanguage\":\"fr-FR\",\"potentialAction\":[{\"@type\":\"ReadAction\",\"target\":[\"https:\/\/hannacosmetica.com\/tienda\/hanna-exclusive\/esmalte-hanna\/brillo-secante-15ml-hanna-brillo-secante-rapido\/\"]}]},{\"@type\":\"BreadcrumbList\",\"@id\":\"https:\/\/hannacosmetica.com\/tienda\/hanna-exclusive\/esmalte-hanna\/brillo-secante-15ml-hanna-brillo-secante-rapido\/#breadcrumb\",\"itemListElement\":[{\"@type\":\"ListItem\",\"position\":1,\"name\":\"Portada\",\"item\":\"https:\/\/hannacosmetica.com\/\"},{\"@type\":\"ListItem\",\"position\":2,\"name\":\"Tienda\",\"item\":\"https:\/\/hannacosmetica.com\/shop\/\"},{\"@type\":\"ListItem\",\"position\":3,\"name\":\"Brillo Secante 15ml Hanna \/ brillo secante r\u00e1pido\"}]},{\"@type\":\"WebSite\",\"@id\":\"https:\/\/hannacosmetica.com\/#website\",\"url\":\"https:\/\/hannacosmetica.com\/\",\"name\":\"Hanna Cosm\u00e9tica\",\"description\":\"Tienda de productos u\u00f1as, bellezas y peluquer\u00edas\",\"publisher\":{\"@id\":\"https:\/\/hannacosmetica.com\/#organization\"},\"potentialAction\":[{\"@type\":\"SearchAction\",\"target\":{\"@type\":\"EntryPoint\",\"urlTemplate\":\"https:\/\/hannacosmetica.com\/?s={search_term_string}\"},\"query-input\":\"required name=search_term_string\"}],\"inLanguage\":\"fr-FR\"},{\"@type\":\"Organization\",\"@id\":\"https:\/\/hannacosmetica.com\/#organization\",\"name\":\"Hanna Cosm\u00e9tica\",\"url\":\"https:\/\/hannacosmetica.com\/\",\"logo\":{\"@type\":\"ImageObject\",\"inLanguage\":\"fr-FR\",\"@id\":\"https:\/\/hannacosmetica.com\/#\/schema\/logo\/image\/\",\"url\":\"https:\/\/hannacosmetica.com\/wp-content\/uploads\/2022\/07\/Logo-Joyeria-Femenino-Floral-Negro.png\",\"contentUrl\":\"https:\/\/hannacosmetica.com\/wp-content\/uploads\/2022\/07\/Logo-Joyeria-Femenino-Floral-Negro.png\",\"width\":361,\"height\":126,\"caption\":\"Hanna Cosm\u00e9tica\"},\"image\":{\"@id\":\"https:\/\/hannacosmetica.com\/#\/schema\/logo\/image\/\"}}]}<\/script>\n<!-- \/ Yoast SEO plugin. -->","yoast_head_json":{"title":"Brillo Secante 15ml Hanna \/ brillo secante r\u00e1pido - Hanna Cosm\u00e9tica","robots":{"index":"index","follow":"follow","max-snippet":"max-snippet:-1","max-image-preview":"max-image-preview:large","max-video-preview":"max-video-preview:-1"},"canonical":"https:\/\/hannacosmetica.com\/fr\/tienda\/hanna-exclusive\/esmalte-hanna\/brillo-secante-15ml-hanna-brillo-secante-rapido\/","og_locale":"fr_FR","og_type":"article","og_title":"Brillo Secante 15ml Hanna \/ brillo secante r\u00e1pido - Hanna Cosm\u00e9tica","og_description":"EL TOP COAT( brillo)\u00a0 INDISPENSABLE PARA UN HERMOSO ACABADO EN TIEMPO RECORD: Simplemente aplica una capa de Brillo Secado R\u00e1pido para finalizar&hellip;","og_url":"https:\/\/hannacosmetica.com\/fr\/tienda\/hanna-exclusive\/esmalte-hanna\/brillo-secante-15ml-hanna-brillo-secante-rapido\/","og_site_name":"Hanna Cosm\u00e9tica","og_image":[{"width":1469,"height":1313,"url":"https:\/\/hannacosmetica.com\/wp-content\/uploads\/2026\/03\/320E-31.png","type":"image\/png"}],"twitter_card":"summary_large_image","schema":{"@context":"https:\/\/schema.org","@graph":[{"@type":"WebPage","@id":"https:\/\/hannacosmetica.com\/tienda\/hanna-exclusive\/esmalte-hanna\/brillo-secante-15ml-hanna-brillo-secante-rapido\/","url":"https:\/\/hannacosmetica.com\/tienda\/hanna-exclusive\/esmalte-hanna\/brillo-secante-15ml-hanna-brillo-secante-rapido\/","name":"Brillo Secante 15ml Hanna \/ brillo secante r\u00e1pido - Hanna Cosm\u00e9tica","isPartOf":{"@id":"https:\/\/hannacosmetica.com\/#website"},"datePublished":"2026-03-04T12:43:59+00:00","dateModified":"2026-03-04T12:43:59+00:00","breadcrumb":{"@id":"https:\/\/hannacosmetica.com\/tienda\/hanna-exclusive\/esmalte-hanna\/brillo-secante-15ml-hanna-brillo-secante-rapido\/#breadcrumb"},"inLanguage":"fr-FR","potentialAction":[{"@type":"ReadAction","target":["https:\/\/hannacosmetica.com\/tienda\/hanna-exclusive\/esmalte-hanna\/brillo-secante-15ml-hanna-brillo-secante-rapido\/"]}]},{"@type":"BreadcrumbList","@id":"https:\/\/hannacosmetica.com\/tienda\/hanna-exclusive\/esmalte-hanna\/brillo-secante-15ml-hanna-brillo-secante-rapido\/#breadcrumb","itemListElement":[{"@type":"ListItem","position":1,"name":"Portada","item":"https:\/\/hannacosmetica.com\/"},{"@type":"ListItem","position":2,"name":"Tienda","item":"https:\/\/hannacosmetica.com\/shop\/"},{"@type":"ListItem","position":3,"name":"Brillo Secante 15ml Hanna \/ brillo secante r\u00e1pido"}]},{"@type":"WebSite","@id":"https:\/\/hannacosmetica.com\/#website","url":"https:\/\/hannacosmetica.com\/","name":"Hanna Cosm\u00e9tica","description":"Tienda de productos u\u00f1as, bellezas y peluquer\u00edas","publisher":{"@id":"https:\/\/hannacosmetica.com\/#organization"},"potentialAction":[{"@type":"SearchAction","target":{"@type":"EntryPoint","urlTemplate":"https:\/\/hannacosmetica.com\/?s={search_term_string}"},"query-input":"required name=search_term_string"}],"inLanguage":"fr-FR"},{"@type":"Organization","@id":"https:\/\/hannacosmetica.com\/#organization","name":"Hanna Cosm\u00e9tica","url":"https:\/\/hannacosmetica.com\/","logo":{"@type":"ImageObject","inLanguage":"fr-FR","@id":"https:\/\/hannacosmetica.com\/#\/schema\/logo\/image\/","url":"https:\/\/hannacosmetica.com\/wp-content\/uploads\/2022\/07\/Logo-Joyeria-Femenino-Floral-Negro.png","contentUrl":"https:\/\/hannacosmetica.com\/wp-content\/uploads\/2022\/07\/Logo-Joyeria-Femenino-Floral-Negro.png","width":361,"height":126,"caption":"Hanna Cosm\u00e9tica"},"image":{"@id":"https:\/\/hannacosmetica.com\/#\/schema\/logo\/image\/"}}]}},"_links":{"self":[{"href":"https:\/\/hannacosmetica.com\/fr\/wp-json\/wp\/v2\/product\/22725"}],"collection":[{"href":"https:\/\/hannacosmetica.com\/fr\/wp-json\/wp\/v2\/product"}],"about":[{"href":"https:\/\/hannacosmetica.com\/fr\/wp-json\/wp\/v2\/types\/product"}],"replies":[{"embeddable":true,"href":"https:\/\/hannacosmetica.com\/fr\/wp-json\/wp\/v2\/comments?post=22725"}],"version-history":[{"count":1,"href":"https:\/\/hannacosmetica.com\/fr\/wp-json\/wp\/v2\/product\/22725\/revisions"}],"predecessor-version":[{"id":22728,"href":"https:\/\/hannacosmetica.com\/fr\/wp-json\/wp\/v2\/product\/22725\/revisions\/22728"}],"wp:featuredmedia":[{"embeddable":true,"href":"https:\/\/hannacosmetica.com\/fr\/wp-json\/wp\/v2\/media\/22726"}],"wp:attachment":[{"href":"https:\/\/hannacosmetica.com\/fr\/wp-json\/wp\/v2\/media?parent=22725"}],"wp:term":[{"taxonomy":"product_cat","embeddable":true,"href":"https:\/\/hannacosmetica.com\/fr\/wp-json\/wp\/v2\/product_cat?post=22725"},{"taxonomy":"product_tag","embeddable":true,"href":"https:\/\/hannacosmetica.com\/fr\/wp-json\/wp\/v2\/product_tag?post=22725"}],"curies":[{"name":"wp","href":"https:\/\/api.w.org\/{rel}","templated":true}]}}