{"id":22666,"date":"2026-02-25T10:13:46","date_gmt":"2026-02-25T10:13:46","guid":{"rendered":"https:\/\/hannacosmetica.com\/?post_type=product&#038;p=22666"},"modified":"2026-02-25T10:13:46","modified_gmt":"2026-02-25T10:13:46","slug":"reposa-pie-de-metal-ajustable-reposapies-para-esteticista-soporte-para-pedicura","status":"publish","type":"product","link":"https:\/\/hannacosmetica.com\/fr\/tienda\/manicura\/reposa-pie-de-metal-ajustable-reposapies-para-esteticista-soporte-para-pedicura\/","title":{"rendered":"Reposa Pie de Metal Ajustable\/ Reposapies para Esteticista \/ soporte para pedicura"},"content":{"rendered":"<ul class=\"a-unordered-list a-vertical a-spacing-mini\">\n<li class=\"a-spacing-mini\"><span class=\"a-list-item\">Piel sint\u00e9tica de alta calidad y coj\u00edn grueso que te dar\u00e1n una gran comodidad.<\/span><\/li>\n<li class=\"a-spacing-mini\"><span class=\"a-list-item\">Las robustas patas de escritorio de metal pueden soportar suficiente para personas de peso diferente.<\/span><\/li>\n<li class=\"a-spacing-mini\"><span class=\"a-list-item\">Ideal para la pedicura, tambi\u00e9n para el trabajo de manicura.<\/span><\/li>\n<li class=\"a-spacing-mini\"><span class=\"a-list-item\">Adecuado para salones, uso comercial en spa, pero tambi\u00e9n para uso dom\u00e9stico.<\/span><\/li>\n<li class=\"a-spacing-mini\"><span class=\"a-list-item\">La altura del reposapi\u00e9s es ajustable para satisfacer las diferentes necesidades de altura de las personas.<\/span><\/li>\n<\/ul>","protected":false},"excerpt":{"rendered":"<p>Piel sint\u00e9tica de alta calidad y coj\u00edn grueso que te dar\u00e1n una gran comodidad. Las robustas patas de escritorio de metal pueden&hellip;<\/p>","protected":false},"featured_media":22672,"comment_status":"open","ping_status":"closed","template":"","meta":[],"product_cat":[304,294,82,84,87],"product_tag":[],"yoast_head":"<!-- This site is optimized with the Yoast SEO plugin v19.9 - https:\/\/yoast.com\/wordpress\/plugins\/seo\/ -->\n<title>Reposa Pie de Metal Ajustable\/ Reposapies para Esteticista \/ soporte para pedicura - Hanna Cosm\u00e9tica<\/title>\n<meta name=\"robots\" content=\"index, follow, max-snippet:-1, max-image-preview:large, max-video-preview:-1\" \/>\n<link rel=\"canonical\" href=\"https:\/\/hannacosmetica.com\/fr\/tienda\/manicura\/reposa-pie-de-metal-ajustable-reposapies-para-esteticista-soporte-para-pedicura\/\" \/>\n<meta property=\"og:locale\" content=\"fr_FR\" \/>\n<meta property=\"og:type\" content=\"article\" \/>\n<meta property=\"og:title\" content=\"Reposa Pie de Metal Ajustable\/ Reposapies para Esteticista \/ soporte para pedicura - Hanna Cosm\u00e9tica\" \/>\n<meta property=\"og:description\" content=\"Piel sint\u00e9tica de alta calidad y coj\u00edn grueso que te dar\u00e1n una gran comodidad. Las robustas patas de escritorio de metal pueden&hellip;\" \/>\n<meta property=\"og:url\" content=\"https:\/\/hannacosmetica.com\/fr\/tienda\/manicura\/reposa-pie-de-metal-ajustable-reposapies-para-esteticista-soporte-para-pedicura\/\" \/>\n<meta property=\"og:site_name\" content=\"Hanna Cosm\u00e9tica\" \/>\n<meta property=\"og:image\" content=\"https:\/\/hannacosmetica.com\/wp-content\/uploads\/2026\/02\/320E-18.png\" \/>\n\t<meta property=\"og:image:width\" content=\"1469\" \/>\n\t<meta property=\"og:image:height\" content=\"1313\" \/>\n\t<meta property=\"og:image:type\" content=\"image\/png\" \/>\n<meta name=\"twitter:card\" content=\"summary_large_image\" \/>\n<script type=\"application\/ld+json\" class=\"yoast-schema-graph\">{\"@context\":\"https:\/\/schema.org\",\"@graph\":[{\"@type\":\"WebPage\",\"@id\":\"https:\/\/hannacosmetica.com\/tienda\/manicura\/reposa-pie-de-metal-ajustable-reposapies-para-esteticista-soporte-para-pedicura\/\",\"url\":\"https:\/\/hannacosmetica.com\/tienda\/manicura\/reposa-pie-de-metal-ajustable-reposapies-para-esteticista-soporte-para-pedicura\/\",\"name\":\"Reposa Pie de Metal Ajustable\/ Reposapies para Esteticista \/ soporte para pedicura - Hanna Cosm\u00e9tica\",\"isPartOf\":{\"@id\":\"https:\/\/hannacosmetica.com\/#website\"},\"datePublished\":\"2026-02-25T10:13:46+00:00\",\"dateModified\":\"2026-02-25T10:13:46+00:00\",\"breadcrumb\":{\"@id\":\"https:\/\/hannacosmetica.com\/tienda\/manicura\/reposa-pie-de-metal-ajustable-reposapies-para-esteticista-soporte-para-pedicura\/#breadcrumb\"},\"inLanguage\":\"fr-FR\",\"potentialAction\":[{\"@type\":\"ReadAction\",\"target\":[\"https:\/\/hannacosmetica.com\/tienda\/manicura\/reposa-pie-de-metal-ajustable-reposapies-para-esteticista-soporte-para-pedicura\/\"]}]},{\"@type\":\"BreadcrumbList\",\"@id\":\"https:\/\/hannacosmetica.com\/tienda\/manicura\/reposa-pie-de-metal-ajustable-reposapies-para-esteticista-soporte-para-pedicura\/#breadcrumb\",\"itemListElement\":[{\"@type\":\"ListItem\",\"position\":1,\"name\":\"Portada\",\"item\":\"https:\/\/hannacosmetica.com\/\"},{\"@type\":\"ListItem\",\"position\":2,\"name\":\"Tienda\",\"item\":\"https:\/\/hannacosmetica.com\/shop\/\"},{\"@type\":\"ListItem\",\"position\":3,\"name\":\"Reposa Pie de Metal Ajustable\/ Reposapies para Esteticista \/ soporte para pedicura\"}]},{\"@type\":\"WebSite\",\"@id\":\"https:\/\/hannacosmetica.com\/#website\",\"url\":\"https:\/\/hannacosmetica.com\/\",\"name\":\"Hanna Cosm\u00e9tica\",\"description\":\"Tienda de productos u\u00f1as, bellezas y peluquer\u00edas\",\"publisher\":{\"@id\":\"https:\/\/hannacosmetica.com\/#organization\"},\"potentialAction\":[{\"@type\":\"SearchAction\",\"target\":{\"@type\":\"EntryPoint\",\"urlTemplate\":\"https:\/\/hannacosmetica.com\/?s={search_term_string}\"},\"query-input\":\"required name=search_term_string\"}],\"inLanguage\":\"fr-FR\"},{\"@type\":\"Organization\",\"@id\":\"https:\/\/hannacosmetica.com\/#organization\",\"name\":\"Hanna Cosm\u00e9tica\",\"url\":\"https:\/\/hannacosmetica.com\/\",\"logo\":{\"@type\":\"ImageObject\",\"inLanguage\":\"fr-FR\",\"@id\":\"https:\/\/hannacosmetica.com\/#\/schema\/logo\/image\/\",\"url\":\"https:\/\/hannacosmetica.com\/wp-content\/uploads\/2022\/07\/Logo-Joyeria-Femenino-Floral-Negro.png\",\"contentUrl\":\"https:\/\/hannacosmetica.com\/wp-content\/uploads\/2022\/07\/Logo-Joyeria-Femenino-Floral-Negro.png\",\"width\":361,\"height\":126,\"caption\":\"Hanna Cosm\u00e9tica\"},\"image\":{\"@id\":\"https:\/\/hannacosmetica.com\/#\/schema\/logo\/image\/\"}}]}<\/script>\n<!-- \/ Yoast SEO plugin. -->","yoast_head_json":{"title":"Reposa Pie de Metal Ajustable\/ Reposapies para Esteticista \/ soporte para pedicura - Hanna Cosm\u00e9tica","robots":{"index":"index","follow":"follow","max-snippet":"max-snippet:-1","max-image-preview":"max-image-preview:large","max-video-preview":"max-video-preview:-1"},"canonical":"https:\/\/hannacosmetica.com\/fr\/tienda\/manicura\/reposa-pie-de-metal-ajustable-reposapies-para-esteticista-soporte-para-pedicura\/","og_locale":"fr_FR","og_type":"article","og_title":"Reposa Pie de Metal Ajustable\/ Reposapies para Esteticista \/ soporte para pedicura - Hanna Cosm\u00e9tica","og_description":"Piel sint\u00e9tica de alta calidad y coj\u00edn grueso que te dar\u00e1n una gran comodidad. Las robustas patas de escritorio de metal pueden&hellip;","og_url":"https:\/\/hannacosmetica.com\/fr\/tienda\/manicura\/reposa-pie-de-metal-ajustable-reposapies-para-esteticista-soporte-para-pedicura\/","og_site_name":"Hanna Cosm\u00e9tica","og_image":[{"width":1469,"height":1313,"url":"https:\/\/hannacosmetica.com\/wp-content\/uploads\/2026\/02\/320E-18.png","type":"image\/png"}],"twitter_card":"summary_large_image","schema":{"@context":"https:\/\/schema.org","@graph":[{"@type":"WebPage","@id":"https:\/\/hannacosmetica.com\/tienda\/manicura\/reposa-pie-de-metal-ajustable-reposapies-para-esteticista-soporte-para-pedicura\/","url":"https:\/\/hannacosmetica.com\/tienda\/manicura\/reposa-pie-de-metal-ajustable-reposapies-para-esteticista-soporte-para-pedicura\/","name":"Reposa Pie de Metal Ajustable\/ Reposapies para Esteticista \/ soporte para pedicura - Hanna Cosm\u00e9tica","isPartOf":{"@id":"https:\/\/hannacosmetica.com\/#website"},"datePublished":"2026-02-25T10:13:46+00:00","dateModified":"2026-02-25T10:13:46+00:00","breadcrumb":{"@id":"https:\/\/hannacosmetica.com\/tienda\/manicura\/reposa-pie-de-metal-ajustable-reposapies-para-esteticista-soporte-para-pedicura\/#breadcrumb"},"inLanguage":"fr-FR","potentialAction":[{"@type":"ReadAction","target":["https:\/\/hannacosmetica.com\/tienda\/manicura\/reposa-pie-de-metal-ajustable-reposapies-para-esteticista-soporte-para-pedicura\/"]}]},{"@type":"BreadcrumbList","@id":"https:\/\/hannacosmetica.com\/tienda\/manicura\/reposa-pie-de-metal-ajustable-reposapies-para-esteticista-soporte-para-pedicura\/#breadcrumb","itemListElement":[{"@type":"ListItem","position":1,"name":"Portada","item":"https:\/\/hannacosmetica.com\/"},{"@type":"ListItem","position":2,"name":"Tienda","item":"https:\/\/hannacosmetica.com\/shop\/"},{"@type":"ListItem","position":3,"name":"Reposa Pie de Metal Ajustable\/ Reposapies para Esteticista \/ soporte para pedicura"}]},{"@type":"WebSite","@id":"https:\/\/hannacosmetica.com\/#website","url":"https:\/\/hannacosmetica.com\/","name":"Hanna Cosm\u00e9tica","description":"Tienda de productos u\u00f1as, bellezas y peluquer\u00edas","publisher":{"@id":"https:\/\/hannacosmetica.com\/#organization"},"potentialAction":[{"@type":"SearchAction","target":{"@type":"EntryPoint","urlTemplate":"https:\/\/hannacosmetica.com\/?s={search_term_string}"},"query-input":"required name=search_term_string"}],"inLanguage":"fr-FR"},{"@type":"Organization","@id":"https:\/\/hannacosmetica.com\/#organization","name":"Hanna Cosm\u00e9tica","url":"https:\/\/hannacosmetica.com\/","logo":{"@type":"ImageObject","inLanguage":"fr-FR","@id":"https:\/\/hannacosmetica.com\/#\/schema\/logo\/image\/","url":"https:\/\/hannacosmetica.com\/wp-content\/uploads\/2022\/07\/Logo-Joyeria-Femenino-Floral-Negro.png","contentUrl":"https:\/\/hannacosmetica.com\/wp-content\/uploads\/2022\/07\/Logo-Joyeria-Femenino-Floral-Negro.png","width":361,"height":126,"caption":"Hanna Cosm\u00e9tica"},"image":{"@id":"https:\/\/hannacosmetica.com\/#\/schema\/logo\/image\/"}}]}},"_links":{"self":[{"href":"https:\/\/hannacosmetica.com\/fr\/wp-json\/wp\/v2\/product\/22666"}],"collection":[{"href":"https:\/\/hannacosmetica.com\/fr\/wp-json\/wp\/v2\/product"}],"about":[{"href":"https:\/\/hannacosmetica.com\/fr\/wp-json\/wp\/v2\/types\/product"}],"replies":[{"embeddable":true,"href":"https:\/\/hannacosmetica.com\/fr\/wp-json\/wp\/v2\/comments?post=22666"}],"version-history":[{"count":1,"href":"https:\/\/hannacosmetica.com\/fr\/wp-json\/wp\/v2\/product\/22666\/revisions"}],"predecessor-version":[{"id":22682,"href":"https:\/\/hannacosmetica.com\/fr\/wp-json\/wp\/v2\/product\/22666\/revisions\/22682"}],"wp:featuredmedia":[{"embeddable":true,"href":"https:\/\/hannacosmetica.com\/fr\/wp-json\/wp\/v2\/media\/22672"}],"wp:attachment":[{"href":"https:\/\/hannacosmetica.com\/fr\/wp-json\/wp\/v2\/media?parent=22666"}],"wp:term":[{"taxonomy":"product_cat","embeddable":true,"href":"https:\/\/hannacosmetica.com\/fr\/wp-json\/wp\/v2\/product_cat?post=22666"},{"taxonomy":"product_tag","embeddable":true,"href":"https:\/\/hannacosmetica.com\/fr\/wp-json\/wp\/v2\/product_tag?post=22666"}],"curies":[{"name":"wp","href":"https:\/\/api.w.org\/{rel}","templated":true}]}}