{"id":22629,"date":"2026-02-22T16:22:13","date_gmt":"2026-02-22T16:22:13","guid":{"rendered":"https:\/\/hannacosmetica.com\/?post_type=product&#038;p=22629"},"modified":"2026-02-22T16:33:21","modified_gmt":"2026-02-22T16:33:21","slug":"silla-acolchada-f122-silla-de-recepcion-silla-de-unas-silla-de-spa-copia","status":"publish","type":"product","link":"https:\/\/hannacosmetica.com\/fr\/tienda\/mobiliario\/sillas\/silla-acolchada-f122-silla-de-recepcion-silla-de-unas-silla-de-spa-copia\/","title":{"rendered":"Silla Acolchada F122\/ silla de recepcion\/ silla de u\u00f1as\/ silla de Spa"},"content":{"rendered":"<p>Material de Alta Calidad\u3011: La base de madera maciza y el respaldo de esta silla\u00a0 est\u00e1n revestidos en polipiel, un material cl\u00e1sico y moderno a la vez, de aspecto majestuoso y elegante, que ofrece un soporte robusto y una sentada suave.<\/p>\n<p>Dise\u00f1o acolchado]: el respaldo y el coj\u00edn de esta silla de\u00a0 cuentan con un elegante dise\u00f1o acolchado que agrega capas y se adapta mejor a las curvas del cuerpo. El interior est\u00e1 relleno de espuma para garantizar la comodidad y la est\u00e9tica.<\/p>\n<ul class=\"a-unordered-list a-vertical a-spacing-mini\">\n<li class=\"a-spacing-mini\"><span class=\"a-list-item\">[Estructura estable]: cuatro patas de metal robusto aseguran la estabilidad de la silla acolchada. Las patas se cruzan en la parte inferior para sostener mejor el coj\u00edn y nuestro cuerpo. Patas ajustables en la base de las patas para adaptarse a una variedad de suelos.<\/span><\/li>\n<li>Uso m\u00faltiple]: el dise\u00f1o \u00fanico hace que esta silla sea adecuada para todos los estilos de casa, centro d eu\u00f1as, spa, recepcion, oficina etc<\/li>\n<li>montaje simple\u00a0 y facil.<\/li>\n<\/ul>\n","protected":false},"excerpt":{"rendered":"<p>Material de Alta Calidad\u3011: La base de madera maciza y el respaldo de esta silla\u00a0 est\u00e1n revestidos en polipiel, un material cl\u00e1sico&hellip;<\/p>","protected":false},"featured_media":22560,"comment_status":"open","ping_status":"closed","template":"","meta":[],"product_cat":[152,304,295,83,84,115,85,117,87],"product_tag":[],"yoast_head":"<!-- This site is optimized with the Yoast SEO plugin v19.9 - https:\/\/yoast.com\/wordpress\/plugins\/seo\/ -->\n<title>Silla Acolchada F122\/ silla de recepcion\/ silla de u\u00f1as\/ silla de Spa - Hanna Cosm\u00e9tica<\/title>\n<meta name=\"robots\" content=\"index, follow, max-snippet:-1, max-image-preview:large, max-video-preview:-1\" \/>\n<link rel=\"canonical\" href=\"https:\/\/hannacosmetica.com\/fr\/tienda\/mobiliario\/sillas\/silla-acolchada-f122-silla-de-recepcion-silla-de-unas-silla-de-spa-copia\/\" \/>\n<meta property=\"og:locale\" content=\"fr_FR\" \/>\n<meta property=\"og:type\" content=\"article\" \/>\n<meta property=\"og:title\" content=\"Silla Acolchada F122\/ silla de recepcion\/ silla de u\u00f1as\/ silla de Spa - Hanna Cosm\u00e9tica\" \/>\n<meta property=\"og:description\" content=\"Material de Alta Calidad\u3011: La base de madera maciza y el respaldo de esta silla\u00a0 est\u00e1n revestidos en polipiel, un material cl\u00e1sico&hellip;\" \/>\n<meta property=\"og:url\" content=\"https:\/\/hannacosmetica.com\/fr\/tienda\/mobiliario\/sillas\/silla-acolchada-f122-silla-de-recepcion-silla-de-unas-silla-de-spa-copia\/\" \/>\n<meta property=\"og:site_name\" content=\"Hanna Cosm\u00e9tica\" \/>\n<meta property=\"article:modified_time\" content=\"2026-02-22T16:33:21+00:00\" \/>\n<meta property=\"og:image\" content=\"https:\/\/hannacosmetica.com\/wp-content\/uploads\/2026\/02\/Copia-de-CATALOGO-DE-SILLAS-470-x-520-px-7-1520x1263.png\" \/>\n\t<meta property=\"og:image:width\" content=\"1520\" \/>\n\t<meta property=\"og:image:height\" content=\"1263\" \/>\n\t<meta property=\"og:image:type\" content=\"image\/png\" \/>\n<meta name=\"twitter:card\" content=\"summary_large_image\" \/>\n<script type=\"application\/ld+json\" class=\"yoast-schema-graph\">{\"@context\":\"https:\/\/schema.org\",\"@graph\":[{\"@type\":\"WebPage\",\"@id\":\"https:\/\/hannacosmetica.com\/tienda\/mobiliario\/sillas\/silla-acolchada-f122-silla-de-recepcion-silla-de-unas-silla-de-spa-copia\/\",\"url\":\"https:\/\/hannacosmetica.com\/tienda\/mobiliario\/sillas\/silla-acolchada-f122-silla-de-recepcion-silla-de-unas-silla-de-spa-copia\/\",\"name\":\"Silla Acolchada F122\/ silla de recepcion\/ silla de u\u00f1as\/ silla de Spa - Hanna Cosm\u00e9tica\",\"isPartOf\":{\"@id\":\"https:\/\/hannacosmetica.com\/#website\"},\"datePublished\":\"2026-02-22T16:22:13+00:00\",\"dateModified\":\"2026-02-22T16:33:21+00:00\",\"breadcrumb\":{\"@id\":\"https:\/\/hannacosmetica.com\/tienda\/mobiliario\/sillas\/silla-acolchada-f122-silla-de-recepcion-silla-de-unas-silla-de-spa-copia\/#breadcrumb\"},\"inLanguage\":\"fr-FR\",\"potentialAction\":[{\"@type\":\"ReadAction\",\"target\":[\"https:\/\/hannacosmetica.com\/tienda\/mobiliario\/sillas\/silla-acolchada-f122-silla-de-recepcion-silla-de-unas-silla-de-spa-copia\/\"]}]},{\"@type\":\"BreadcrumbList\",\"@id\":\"https:\/\/hannacosmetica.com\/tienda\/mobiliario\/sillas\/silla-acolchada-f122-silla-de-recepcion-silla-de-unas-silla-de-spa-copia\/#breadcrumb\",\"itemListElement\":[{\"@type\":\"ListItem\",\"position\":1,\"name\":\"Portada\",\"item\":\"https:\/\/hannacosmetica.com\/\"},{\"@type\":\"ListItem\",\"position\":2,\"name\":\"Tienda\",\"item\":\"https:\/\/hannacosmetica.com\/shop\/\"},{\"@type\":\"ListItem\",\"position\":3,\"name\":\"Silla Acolchada F122\/ silla de recepcion\/ silla de u\u00f1as\/ silla de Spa\"}]},{\"@type\":\"WebSite\",\"@id\":\"https:\/\/hannacosmetica.com\/#website\",\"url\":\"https:\/\/hannacosmetica.com\/\",\"name\":\"Hanna Cosm\u00e9tica\",\"description\":\"Tienda de productos u\u00f1as, bellezas y peluquer\u00edas\",\"publisher\":{\"@id\":\"https:\/\/hannacosmetica.com\/#organization\"},\"potentialAction\":[{\"@type\":\"SearchAction\",\"target\":{\"@type\":\"EntryPoint\",\"urlTemplate\":\"https:\/\/hannacosmetica.com\/?s={search_term_string}\"},\"query-input\":\"required name=search_term_string\"}],\"inLanguage\":\"fr-FR\"},{\"@type\":\"Organization\",\"@id\":\"https:\/\/hannacosmetica.com\/#organization\",\"name\":\"Hanna Cosm\u00e9tica\",\"url\":\"https:\/\/hannacosmetica.com\/\",\"logo\":{\"@type\":\"ImageObject\",\"inLanguage\":\"fr-FR\",\"@id\":\"https:\/\/hannacosmetica.com\/#\/schema\/logo\/image\/\",\"url\":\"https:\/\/hannacosmetica.com\/wp-content\/uploads\/2022\/07\/Logo-Joyeria-Femenino-Floral-Negro.png\",\"contentUrl\":\"https:\/\/hannacosmetica.com\/wp-content\/uploads\/2022\/07\/Logo-Joyeria-Femenino-Floral-Negro.png\",\"width\":361,\"height\":126,\"caption\":\"Hanna Cosm\u00e9tica\"},\"image\":{\"@id\":\"https:\/\/hannacosmetica.com\/#\/schema\/logo\/image\/\"}}]}<\/script>\n<!-- \/ Yoast SEO plugin. -->","yoast_head_json":{"title":"Silla Acolchada F122\/ silla de recepcion\/ silla de u\u00f1as\/ silla de Spa - Hanna Cosm\u00e9tica","robots":{"index":"index","follow":"follow","max-snippet":"max-snippet:-1","max-image-preview":"max-image-preview:large","max-video-preview":"max-video-preview:-1"},"canonical":"https:\/\/hannacosmetica.com\/fr\/tienda\/mobiliario\/sillas\/silla-acolchada-f122-silla-de-recepcion-silla-de-unas-silla-de-spa-copia\/","og_locale":"fr_FR","og_type":"article","og_title":"Silla Acolchada F122\/ silla de recepcion\/ silla de u\u00f1as\/ silla de Spa - Hanna Cosm\u00e9tica","og_description":"Material de Alta Calidad\u3011: La base de madera maciza y el respaldo de esta silla\u00a0 est\u00e1n revestidos en polipiel, un material cl\u00e1sico&hellip;","og_url":"https:\/\/hannacosmetica.com\/fr\/tienda\/mobiliario\/sillas\/silla-acolchada-f122-silla-de-recepcion-silla-de-unas-silla-de-spa-copia\/","og_site_name":"Hanna Cosm\u00e9tica","article_modified_time":"2026-02-22T16:33:21+00:00","og_image":[{"width":1520,"height":1263,"url":"https:\/\/hannacosmetica.com\/wp-content\/uploads\/2026\/02\/Copia-de-CATALOGO-DE-SILLAS-470-x-520-px-7-1520x1263.png","type":"image\/png"}],"twitter_card":"summary_large_image","schema":{"@context":"https:\/\/schema.org","@graph":[{"@type":"WebPage","@id":"https:\/\/hannacosmetica.com\/tienda\/mobiliario\/sillas\/silla-acolchada-f122-silla-de-recepcion-silla-de-unas-silla-de-spa-copia\/","url":"https:\/\/hannacosmetica.com\/tienda\/mobiliario\/sillas\/silla-acolchada-f122-silla-de-recepcion-silla-de-unas-silla-de-spa-copia\/","name":"Silla Acolchada F122\/ silla de recepcion\/ silla de u\u00f1as\/ silla de Spa - Hanna Cosm\u00e9tica","isPartOf":{"@id":"https:\/\/hannacosmetica.com\/#website"},"datePublished":"2026-02-22T16:22:13+00:00","dateModified":"2026-02-22T16:33:21+00:00","breadcrumb":{"@id":"https:\/\/hannacosmetica.com\/tienda\/mobiliario\/sillas\/silla-acolchada-f122-silla-de-recepcion-silla-de-unas-silla-de-spa-copia\/#breadcrumb"},"inLanguage":"fr-FR","potentialAction":[{"@type":"ReadAction","target":["https:\/\/hannacosmetica.com\/tienda\/mobiliario\/sillas\/silla-acolchada-f122-silla-de-recepcion-silla-de-unas-silla-de-spa-copia\/"]}]},{"@type":"BreadcrumbList","@id":"https:\/\/hannacosmetica.com\/tienda\/mobiliario\/sillas\/silla-acolchada-f122-silla-de-recepcion-silla-de-unas-silla-de-spa-copia\/#breadcrumb","itemListElement":[{"@type":"ListItem","position":1,"name":"Portada","item":"https:\/\/hannacosmetica.com\/"},{"@type":"ListItem","position":2,"name":"Tienda","item":"https:\/\/hannacosmetica.com\/shop\/"},{"@type":"ListItem","position":3,"name":"Silla Acolchada F122\/ silla de recepcion\/ silla de u\u00f1as\/ silla de Spa"}]},{"@type":"WebSite","@id":"https:\/\/hannacosmetica.com\/#website","url":"https:\/\/hannacosmetica.com\/","name":"Hanna Cosm\u00e9tica","description":"Tienda de productos u\u00f1as, bellezas y peluquer\u00edas","publisher":{"@id":"https:\/\/hannacosmetica.com\/#organization"},"potentialAction":[{"@type":"SearchAction","target":{"@type":"EntryPoint","urlTemplate":"https:\/\/hannacosmetica.com\/?s={search_term_string}"},"query-input":"required name=search_term_string"}],"inLanguage":"fr-FR"},{"@type":"Organization","@id":"https:\/\/hannacosmetica.com\/#organization","name":"Hanna Cosm\u00e9tica","url":"https:\/\/hannacosmetica.com\/","logo":{"@type":"ImageObject","inLanguage":"fr-FR","@id":"https:\/\/hannacosmetica.com\/#\/schema\/logo\/image\/","url":"https:\/\/hannacosmetica.com\/wp-content\/uploads\/2022\/07\/Logo-Joyeria-Femenino-Floral-Negro.png","contentUrl":"https:\/\/hannacosmetica.com\/wp-content\/uploads\/2022\/07\/Logo-Joyeria-Femenino-Floral-Negro.png","width":361,"height":126,"caption":"Hanna Cosm\u00e9tica"},"image":{"@id":"https:\/\/hannacosmetica.com\/#\/schema\/logo\/image\/"}}]}},"_links":{"self":[{"href":"https:\/\/hannacosmetica.com\/fr\/wp-json\/wp\/v2\/product\/22629"}],"collection":[{"href":"https:\/\/hannacosmetica.com\/fr\/wp-json\/wp\/v2\/product"}],"about":[{"href":"https:\/\/hannacosmetica.com\/fr\/wp-json\/wp\/v2\/types\/product"}],"replies":[{"embeddable":true,"href":"https:\/\/hannacosmetica.com\/fr\/wp-json\/wp\/v2\/comments?post=22629"}],"version-history":[{"count":2,"href":"https:\/\/hannacosmetica.com\/fr\/wp-json\/wp\/v2\/product\/22629\/revisions"}],"predecessor-version":[{"id":22635,"href":"https:\/\/hannacosmetica.com\/fr\/wp-json\/wp\/v2\/product\/22629\/revisions\/22635"}],"wp:featuredmedia":[{"embeddable":true,"href":"https:\/\/hannacosmetica.com\/fr\/wp-json\/wp\/v2\/media\/22560"}],"wp:attachment":[{"href":"https:\/\/hannacosmetica.com\/fr\/wp-json\/wp\/v2\/media?parent=22629"}],"wp:term":[{"taxonomy":"product_cat","embeddable":true,"href":"https:\/\/hannacosmetica.com\/fr\/wp-json\/wp\/v2\/product_cat?post=22629"},{"taxonomy":"product_tag","embeddable":true,"href":"https:\/\/hannacosmetica.com\/fr\/wp-json\/wp\/v2\/product_tag?post=22629"}],"curies":[{"name":"wp","href":"https:\/\/api.w.org\/{rel}","templated":true}]}}