{"id":22537,"date":"2026-02-16T17:26:08","date_gmt":"2026-02-16T17:26:08","guid":{"rendered":"https:\/\/hannacosmetica.com\/?post_type=product&#038;p=22537"},"modified":"2026-02-16T17:28:20","modified_gmt":"2026-02-16T17:28:20","slug":"muestrario-redondo-muestrario-circulos-transparente","status":"publish","type":"product","link":"https:\/\/hannacosmetica.com\/fr\/tienda\/hanna-exclusive\/complementos-hanna-exclusive\/muestrario-redondo-muestrario-circulos-transparente\/","title":{"rendered":"Muestrario redondo \/ muestrario circulos  transparente"},"content":{"rendered":"<div id=\"featurebullets_feature_div\" class=\"celwidget\" data-feature-name=\"featurebullets\" data-csa-c-type=\"widget\" data-csa-c-content-id=\"featurebullets\" data-csa-c-slot-id=\"featurebullets_feature_div\" data-csa-c-asin=\"B08P6XX41R\" data-csa-c-is-in-initial-active-row=\"false\" data-csa-c-id=\"bm4cpu-ls1rzs-g4p5i2-q3ozva\" data-cel-widget=\"featurebullets_feature_div\">\n<div id=\"feature-bullets\" class=\"a-section a-spacing-medium a-spacing-top-small\">\n<ul class=\"a-unordered-list a-vertical a-spacing-mini\">\n<li class=\"a-spacing-mini\"><span class=\"a-list-item\">Contenido del paquete: recibir\u00e1 100 muestras\u00a0 <\/span><span class=\"a-list-item\">de circulos\u00a0 acrilico .\u00a0 cantidad suficiente para que pueda mostrar sus coloridos esmaltes de u\u00f1as.<\/span><\/li>\n<li class=\"a-spacing-mini\"><span class=\"a-list-item\">\u2728Dise\u00f1o \u00fanico con parte posterior plana, que le permite unirlo bien al libro de colores de u\u00f1as y las tapas de las botellas de esmalte de u\u00f1as.<\/span><\/li>\n<li class=\"a-spacing-mini\"><span class=\"a-list-item\">\u2728 Muestra de exhibici\u00f3n de arte de u\u00f1as: ideal para demostraci\u00f3n y exhibici\u00f3n de esmaltes\u00a0 o f\u00e1cil identificaci\u00f3n para el esmalte.\u00a0<\/span><\/li>\n<\/ul>\n<\/div>\n<\/div>","protected":false},"excerpt":{"rendered":"<p>Contenido del paquete: recibir\u00e1 100 muestras\u00a0 de circulos\u00a0 acrilico .\u00a0 cantidad suficiente para que pueda mostrar sus coloridos esmaltes de u\u00f1as. \u2728Dise\u00f1o&hellip;<\/p>","protected":false},"featured_media":22500,"comment_status":"open","ping_status":"closed","template":"","meta":[],"product_cat":[462,304,82,101,87],"product_tag":[],"yoast_head":"<!-- This site is optimized with the Yoast SEO plugin v19.9 - https:\/\/yoast.com\/wordpress\/plugins\/seo\/ -->\n<title>Muestrario redondo \/ muestrario circulos transparente - Hanna Cosm\u00e9tica<\/title>\n<meta name=\"robots\" content=\"index, follow, max-snippet:-1, max-image-preview:large, max-video-preview:-1\" \/>\n<link rel=\"canonical\" href=\"https:\/\/hannacosmetica.com\/fr\/tienda\/hanna-exclusive\/complementos-hanna-exclusive\/muestrario-redondo-muestrario-circulos-transparente\/\" \/>\n<meta property=\"og:locale\" content=\"fr_FR\" \/>\n<meta property=\"og:type\" content=\"article\" \/>\n<meta property=\"og:title\" content=\"Muestrario redondo \/ muestrario circulos transparente - Hanna Cosm\u00e9tica\" \/>\n<meta property=\"og:description\" content=\"Contenido del paquete: recibir\u00e1 100 muestras\u00a0 de circulos\u00a0 acrilico .\u00a0 cantidad suficiente para que pueda mostrar sus coloridos esmaltes de u\u00f1as. \u2728Dise\u00f1o&hellip;\" \/>\n<meta property=\"og:url\" content=\"https:\/\/hannacosmetica.com\/fr\/tienda\/hanna-exclusive\/complementos-hanna-exclusive\/muestrario-redondo-muestrario-circulos-transparente\/\" \/>\n<meta property=\"og:site_name\" content=\"Hanna Cosm\u00e9tica\" \/>\n<meta property=\"article:modified_time\" content=\"2026-02-16T17:28:20+00:00\" \/>\n<meta property=\"og:image\" content=\"https:\/\/hannacosmetica.com\/wp-content\/uploads\/2026\/02\/DISPENSADOR-2026-02-15T133331.748-760x679.png\" \/>\n\t<meta property=\"og:image:width\" content=\"760\" \/>\n\t<meta property=\"og:image:height\" content=\"679\" \/>\n\t<meta property=\"og:image:type\" content=\"image\/png\" \/>\n<meta name=\"twitter:card\" content=\"summary_large_image\" \/>\n<script type=\"application\/ld+json\" class=\"yoast-schema-graph\">{\"@context\":\"https:\/\/schema.org\",\"@graph\":[{\"@type\":\"WebPage\",\"@id\":\"https:\/\/hannacosmetica.com\/tienda\/hanna-exclusive\/complementos-hanna-exclusive\/muestrario-redondo-muestrario-circulos-transparente\/\",\"url\":\"https:\/\/hannacosmetica.com\/tienda\/hanna-exclusive\/complementos-hanna-exclusive\/muestrario-redondo-muestrario-circulos-transparente\/\",\"name\":\"Muestrario redondo \/ muestrario circulos transparente - Hanna Cosm\u00e9tica\",\"isPartOf\":{\"@id\":\"https:\/\/hannacosmetica.com\/#website\"},\"datePublished\":\"2026-02-16T17:26:08+00:00\",\"dateModified\":\"2026-02-16T17:28:20+00:00\",\"breadcrumb\":{\"@id\":\"https:\/\/hannacosmetica.com\/tienda\/hanna-exclusive\/complementos-hanna-exclusive\/muestrario-redondo-muestrario-circulos-transparente\/#breadcrumb\"},\"inLanguage\":\"fr-FR\",\"potentialAction\":[{\"@type\":\"ReadAction\",\"target\":[\"https:\/\/hannacosmetica.com\/tienda\/hanna-exclusive\/complementos-hanna-exclusive\/muestrario-redondo-muestrario-circulos-transparente\/\"]}]},{\"@type\":\"BreadcrumbList\",\"@id\":\"https:\/\/hannacosmetica.com\/tienda\/hanna-exclusive\/complementos-hanna-exclusive\/muestrario-redondo-muestrario-circulos-transparente\/#breadcrumb\",\"itemListElement\":[{\"@type\":\"ListItem\",\"position\":1,\"name\":\"Portada\",\"item\":\"https:\/\/hannacosmetica.com\/\"},{\"@type\":\"ListItem\",\"position\":2,\"name\":\"Tienda\",\"item\":\"https:\/\/hannacosmetica.com\/shop\/\"},{\"@type\":\"ListItem\",\"position\":3,\"name\":\"Muestrario redondo \/ muestrario circulos transparente\"}]},{\"@type\":\"WebSite\",\"@id\":\"https:\/\/hannacosmetica.com\/#website\",\"url\":\"https:\/\/hannacosmetica.com\/\",\"name\":\"Hanna Cosm\u00e9tica\",\"description\":\"Tienda de productos u\u00f1as, bellezas y peluquer\u00edas\",\"publisher\":{\"@id\":\"https:\/\/hannacosmetica.com\/#organization\"},\"potentialAction\":[{\"@type\":\"SearchAction\",\"target\":{\"@type\":\"EntryPoint\",\"urlTemplate\":\"https:\/\/hannacosmetica.com\/?s={search_term_string}\"},\"query-input\":\"required name=search_term_string\"}],\"inLanguage\":\"fr-FR\"},{\"@type\":\"Organization\",\"@id\":\"https:\/\/hannacosmetica.com\/#organization\",\"name\":\"Hanna Cosm\u00e9tica\",\"url\":\"https:\/\/hannacosmetica.com\/\",\"logo\":{\"@type\":\"ImageObject\",\"inLanguage\":\"fr-FR\",\"@id\":\"https:\/\/hannacosmetica.com\/#\/schema\/logo\/image\/\",\"url\":\"https:\/\/hannacosmetica.com\/wp-content\/uploads\/2022\/07\/Logo-Joyeria-Femenino-Floral-Negro.png\",\"contentUrl\":\"https:\/\/hannacosmetica.com\/wp-content\/uploads\/2022\/07\/Logo-Joyeria-Femenino-Floral-Negro.png\",\"width\":361,\"height\":126,\"caption\":\"Hanna Cosm\u00e9tica\"},\"image\":{\"@id\":\"https:\/\/hannacosmetica.com\/#\/schema\/logo\/image\/\"}}]}<\/script>\n<!-- \/ Yoast SEO plugin. -->","yoast_head_json":{"title":"Muestrario redondo \/ muestrario circulos transparente - Hanna Cosm\u00e9tica","robots":{"index":"index","follow":"follow","max-snippet":"max-snippet:-1","max-image-preview":"max-image-preview:large","max-video-preview":"max-video-preview:-1"},"canonical":"https:\/\/hannacosmetica.com\/fr\/tienda\/hanna-exclusive\/complementos-hanna-exclusive\/muestrario-redondo-muestrario-circulos-transparente\/","og_locale":"fr_FR","og_type":"article","og_title":"Muestrario redondo \/ muestrario circulos transparente - Hanna Cosm\u00e9tica","og_description":"Contenido del paquete: recibir\u00e1 100 muestras\u00a0 de circulos\u00a0 acrilico .\u00a0 cantidad suficiente para que pueda mostrar sus coloridos esmaltes de u\u00f1as. \u2728Dise\u00f1o&hellip;","og_url":"https:\/\/hannacosmetica.com\/fr\/tienda\/hanna-exclusive\/complementos-hanna-exclusive\/muestrario-redondo-muestrario-circulos-transparente\/","og_site_name":"Hanna Cosm\u00e9tica","article_modified_time":"2026-02-16T17:28:20+00:00","og_image":[{"width":760,"height":679,"url":"https:\/\/hannacosmetica.com\/wp-content\/uploads\/2026\/02\/DISPENSADOR-2026-02-15T133331.748-760x679.png","type":"image\/png"}],"twitter_card":"summary_large_image","schema":{"@context":"https:\/\/schema.org","@graph":[{"@type":"WebPage","@id":"https:\/\/hannacosmetica.com\/tienda\/hanna-exclusive\/complementos-hanna-exclusive\/muestrario-redondo-muestrario-circulos-transparente\/","url":"https:\/\/hannacosmetica.com\/tienda\/hanna-exclusive\/complementos-hanna-exclusive\/muestrario-redondo-muestrario-circulos-transparente\/","name":"Muestrario redondo \/ muestrario circulos transparente - Hanna Cosm\u00e9tica","isPartOf":{"@id":"https:\/\/hannacosmetica.com\/#website"},"datePublished":"2026-02-16T17:26:08+00:00","dateModified":"2026-02-16T17:28:20+00:00","breadcrumb":{"@id":"https:\/\/hannacosmetica.com\/tienda\/hanna-exclusive\/complementos-hanna-exclusive\/muestrario-redondo-muestrario-circulos-transparente\/#breadcrumb"},"inLanguage":"fr-FR","potentialAction":[{"@type":"ReadAction","target":["https:\/\/hannacosmetica.com\/tienda\/hanna-exclusive\/complementos-hanna-exclusive\/muestrario-redondo-muestrario-circulos-transparente\/"]}]},{"@type":"BreadcrumbList","@id":"https:\/\/hannacosmetica.com\/tienda\/hanna-exclusive\/complementos-hanna-exclusive\/muestrario-redondo-muestrario-circulos-transparente\/#breadcrumb","itemListElement":[{"@type":"ListItem","position":1,"name":"Portada","item":"https:\/\/hannacosmetica.com\/"},{"@type":"ListItem","position":2,"name":"Tienda","item":"https:\/\/hannacosmetica.com\/shop\/"},{"@type":"ListItem","position":3,"name":"Muestrario redondo \/ muestrario circulos transparente"}]},{"@type":"WebSite","@id":"https:\/\/hannacosmetica.com\/#website","url":"https:\/\/hannacosmetica.com\/","name":"Hanna Cosm\u00e9tica","description":"Tienda de productos u\u00f1as, bellezas y peluquer\u00edas","publisher":{"@id":"https:\/\/hannacosmetica.com\/#organization"},"potentialAction":[{"@type":"SearchAction","target":{"@type":"EntryPoint","urlTemplate":"https:\/\/hannacosmetica.com\/?s={search_term_string}"},"query-input":"required name=search_term_string"}],"inLanguage":"fr-FR"},{"@type":"Organization","@id":"https:\/\/hannacosmetica.com\/#organization","name":"Hanna Cosm\u00e9tica","url":"https:\/\/hannacosmetica.com\/","logo":{"@type":"ImageObject","inLanguage":"fr-FR","@id":"https:\/\/hannacosmetica.com\/#\/schema\/logo\/image\/","url":"https:\/\/hannacosmetica.com\/wp-content\/uploads\/2022\/07\/Logo-Joyeria-Femenino-Floral-Negro.png","contentUrl":"https:\/\/hannacosmetica.com\/wp-content\/uploads\/2022\/07\/Logo-Joyeria-Femenino-Floral-Negro.png","width":361,"height":126,"caption":"Hanna Cosm\u00e9tica"},"image":{"@id":"https:\/\/hannacosmetica.com\/#\/schema\/logo\/image\/"}}]}},"_links":{"self":[{"href":"https:\/\/hannacosmetica.com\/fr\/wp-json\/wp\/v2\/product\/22537"}],"collection":[{"href":"https:\/\/hannacosmetica.com\/fr\/wp-json\/wp\/v2\/product"}],"about":[{"href":"https:\/\/hannacosmetica.com\/fr\/wp-json\/wp\/v2\/types\/product"}],"replies":[{"embeddable":true,"href":"https:\/\/hannacosmetica.com\/fr\/wp-json\/wp\/v2\/comments?post=22537"}],"version-history":[{"count":1,"href":"https:\/\/hannacosmetica.com\/fr\/wp-json\/wp\/v2\/product\/22537\/revisions"}],"predecessor-version":[{"id":22538,"href":"https:\/\/hannacosmetica.com\/fr\/wp-json\/wp\/v2\/product\/22537\/revisions\/22538"}],"wp:featuredmedia":[{"embeddable":true,"href":"https:\/\/hannacosmetica.com\/fr\/wp-json\/wp\/v2\/media\/22500"}],"wp:attachment":[{"href":"https:\/\/hannacosmetica.com\/fr\/wp-json\/wp\/v2\/media?parent=22537"}],"wp:term":[{"taxonomy":"product_cat","embeddable":true,"href":"https:\/\/hannacosmetica.com\/fr\/wp-json\/wp\/v2\/product_cat?post=22537"},{"taxonomy":"product_tag","embeddable":true,"href":"https:\/\/hannacosmetica.com\/fr\/wp-json\/wp\/v2\/product_tag?post=22537"}],"curies":[{"name":"wp","href":"https:\/\/api.w.org\/{rel}","templated":true}]}}