{"id":22508,"date":"2026-02-15T17:41:04","date_gmt":"2026-02-15T17:41:04","guid":{"rendered":"https:\/\/hannacosmetica.com\/?post_type=product&#038;p=22508"},"modified":"2026-02-15T17:41:05","modified_gmt":"2026-02-15T17:41:05","slug":"cepillo-de-unas-cepillo-con-mango-cepillo-largo","status":"publish","type":"product","link":"https:\/\/hannacosmetica.com\/fr\/tienda\/pestanas\/complementos-pestanas\/cepillo-de-unas-cepillo-con-mango-cepillo-largo\/","title":{"rendered":"Cepillo de  u\u00f1as\/ Cepillo con mango\/ Cepillo largo"},"content":{"rendered":"<ul class=\"a-unordered-list a-vertical a-spacing-mini\">\n<li class=\"a-spacing-mini\"><span class=\"a-list-item\">Material: el cepillo de u\u00f1as est\u00e1 hecho de pl\u00e1stico de alta calidad, resistente, no es f\u00e1cil de doblar, las cerdas son moderadas en dureza sin causar ninguna molestia y duraderas.<\/span><\/li>\n<li class=\"a-spacing-mini\"><span class=\"a-list-item\">Dise\u00f1o ergon\u00f3mico: el dise\u00f1o de mango largo es f\u00e1cil y c\u00f3modo de sostener. El dise\u00f1o del agujero para colgar es conveniente para el almacenamiento y no ocupa espacio.<\/span><\/li>\n<li class=\"a-spacing-mini\"><span class=\"a-list-item\">[Ligero y f\u00e1cil de transportar]: los cepillos de u\u00f1as son peque\u00f1os y ligeros, no ocupar\u00e1n mucho espacio, f\u00e1ciles de llevar y almacenar, tambi\u00e9n puedes ponerlos en tu bolsa de viaje o bolso cuando viajas o en un viaje de negocios si lo necesitas.<\/span><\/li>\n<li class=\"a-spacing-mini\"><span class=\"a-list-item\">Amplia aplicaci\u00f3n: se puede utilizar para eliminar la suciedad de las u\u00f1as, manos, pies, zapatos, u\u00f1as de mascotas y mucho m\u00e1s. Y tambi\u00e9n adecuado para la cocina, ba\u00f1o, fregaderos de cobertizo de jard\u00edn.<\/span><\/li>\n<li class=\"a-spacing-mini\"><\/li>\n<\/ul>\n","protected":false},"excerpt":{"rendered":"<p>Material: el cepillo de u\u00f1as est\u00e1 hecho de pl\u00e1stico de alta calidad, resistente, no es f\u00e1cil de doblar, las cerdas son moderadas&hellip;<\/p>","protected":false},"featured_media":22470,"comment_status":"open","ping_status":"closed","template":"","meta":[],"product_cat":[152,304,82,101,83,84,115,85,117,87],"product_tag":[],"yoast_head":"<!-- This site is optimized with the Yoast SEO plugin v19.9 - https:\/\/yoast.com\/wordpress\/plugins\/seo\/ -->\n<title>Cepillo de u\u00f1as\/ Cepillo con mango\/ Cepillo largo - Hanna Cosm\u00e9tica<\/title>\n<meta name=\"robots\" content=\"index, follow, max-snippet:-1, max-image-preview:large, max-video-preview:-1\" \/>\n<link rel=\"canonical\" href=\"https:\/\/hannacosmetica.com\/fr\/tienda\/pestanas\/complementos-pestanas\/cepillo-de-unas-cepillo-con-mango-cepillo-largo\/\" \/>\n<meta property=\"og:locale\" content=\"fr_FR\" \/>\n<meta property=\"og:type\" content=\"article\" \/>\n<meta property=\"og:title\" content=\"Cepillo de u\u00f1as\/ Cepillo con mango\/ Cepillo largo - Hanna Cosm\u00e9tica\" \/>\n<meta property=\"og:description\" content=\"Material: el cepillo de u\u00f1as est\u00e1 hecho de pl\u00e1stico de alta calidad, resistente, no es f\u00e1cil de doblar, las cerdas son moderadas&hellip;\" \/>\n<meta property=\"og:url\" content=\"https:\/\/hannacosmetica.com\/fr\/tienda\/pestanas\/complementos-pestanas\/cepillo-de-unas-cepillo-con-mango-cepillo-largo\/\" \/>\n<meta property=\"og:site_name\" content=\"Hanna Cosm\u00e9tica\" \/>\n<meta property=\"article:modified_time\" content=\"2026-02-15T17:41:05+00:00\" \/>\n<meta property=\"og:image\" content=\"https:\/\/hannacosmetica.com\/wp-content\/uploads\/2026\/02\/DISPENSADOR-2026-02-13T165601.065.png\" \/>\n\t<meta property=\"og:image:width\" content=\"1469\" \/>\n\t<meta property=\"og:image:height\" content=\"1313\" \/>\n\t<meta property=\"og:image:type\" content=\"image\/png\" \/>\n<meta name=\"twitter:card\" content=\"summary_large_image\" \/>\n<script type=\"application\/ld+json\" class=\"yoast-schema-graph\">{\"@context\":\"https:\/\/schema.org\",\"@graph\":[{\"@type\":\"WebPage\",\"@id\":\"https:\/\/hannacosmetica.com\/tienda\/pestanas\/complementos-pestanas\/cepillo-de-unas-cepillo-con-mango-cepillo-largo\/\",\"url\":\"https:\/\/hannacosmetica.com\/tienda\/pestanas\/complementos-pestanas\/cepillo-de-unas-cepillo-con-mango-cepillo-largo\/\",\"name\":\"Cepillo de u\u00f1as\/ Cepillo con mango\/ Cepillo largo - Hanna Cosm\u00e9tica\",\"isPartOf\":{\"@id\":\"https:\/\/hannacosmetica.com\/#website\"},\"datePublished\":\"2026-02-15T17:41:04+00:00\",\"dateModified\":\"2026-02-15T17:41:05+00:00\",\"breadcrumb\":{\"@id\":\"https:\/\/hannacosmetica.com\/tienda\/pestanas\/complementos-pestanas\/cepillo-de-unas-cepillo-con-mango-cepillo-largo\/#breadcrumb\"},\"inLanguage\":\"fr-FR\",\"potentialAction\":[{\"@type\":\"ReadAction\",\"target\":[\"https:\/\/hannacosmetica.com\/tienda\/pestanas\/complementos-pestanas\/cepillo-de-unas-cepillo-con-mango-cepillo-largo\/\"]}]},{\"@type\":\"BreadcrumbList\",\"@id\":\"https:\/\/hannacosmetica.com\/tienda\/pestanas\/complementos-pestanas\/cepillo-de-unas-cepillo-con-mango-cepillo-largo\/#breadcrumb\",\"itemListElement\":[{\"@type\":\"ListItem\",\"position\":1,\"name\":\"Portada\",\"item\":\"https:\/\/hannacosmetica.com\/\"},{\"@type\":\"ListItem\",\"position\":2,\"name\":\"Tienda\",\"item\":\"https:\/\/hannacosmetica.com\/shop\/\"},{\"@type\":\"ListItem\",\"position\":3,\"name\":\"Cepillo de u\u00f1as\/ Cepillo con mango\/ Cepillo largo\"}]},{\"@type\":\"WebSite\",\"@id\":\"https:\/\/hannacosmetica.com\/#website\",\"url\":\"https:\/\/hannacosmetica.com\/\",\"name\":\"Hanna Cosm\u00e9tica\",\"description\":\"Tienda de productos u\u00f1as, bellezas y peluquer\u00edas\",\"publisher\":{\"@id\":\"https:\/\/hannacosmetica.com\/#organization\"},\"potentialAction\":[{\"@type\":\"SearchAction\",\"target\":{\"@type\":\"EntryPoint\",\"urlTemplate\":\"https:\/\/hannacosmetica.com\/?s={search_term_string}\"},\"query-input\":\"required name=search_term_string\"}],\"inLanguage\":\"fr-FR\"},{\"@type\":\"Organization\",\"@id\":\"https:\/\/hannacosmetica.com\/#organization\",\"name\":\"Hanna Cosm\u00e9tica\",\"url\":\"https:\/\/hannacosmetica.com\/\",\"logo\":{\"@type\":\"ImageObject\",\"inLanguage\":\"fr-FR\",\"@id\":\"https:\/\/hannacosmetica.com\/#\/schema\/logo\/image\/\",\"url\":\"https:\/\/hannacosmetica.com\/wp-content\/uploads\/2022\/07\/Logo-Joyeria-Femenino-Floral-Negro.png\",\"contentUrl\":\"https:\/\/hannacosmetica.com\/wp-content\/uploads\/2022\/07\/Logo-Joyeria-Femenino-Floral-Negro.png\",\"width\":361,\"height\":126,\"caption\":\"Hanna Cosm\u00e9tica\"},\"image\":{\"@id\":\"https:\/\/hannacosmetica.com\/#\/schema\/logo\/image\/\"}}]}<\/script>\n<!-- \/ Yoast SEO plugin. -->","yoast_head_json":{"title":"Cepillo de u\u00f1as\/ Cepillo con mango\/ Cepillo largo - Hanna Cosm\u00e9tica","robots":{"index":"index","follow":"follow","max-snippet":"max-snippet:-1","max-image-preview":"max-image-preview:large","max-video-preview":"max-video-preview:-1"},"canonical":"https:\/\/hannacosmetica.com\/fr\/tienda\/pestanas\/complementos-pestanas\/cepillo-de-unas-cepillo-con-mango-cepillo-largo\/","og_locale":"fr_FR","og_type":"article","og_title":"Cepillo de u\u00f1as\/ Cepillo con mango\/ Cepillo largo - Hanna Cosm\u00e9tica","og_description":"Material: el cepillo de u\u00f1as est\u00e1 hecho de pl\u00e1stico de alta calidad, resistente, no es f\u00e1cil de doblar, las cerdas son moderadas&hellip;","og_url":"https:\/\/hannacosmetica.com\/fr\/tienda\/pestanas\/complementos-pestanas\/cepillo-de-unas-cepillo-con-mango-cepillo-largo\/","og_site_name":"Hanna Cosm\u00e9tica","article_modified_time":"2026-02-15T17:41:05+00:00","og_image":[{"width":1469,"height":1313,"url":"https:\/\/hannacosmetica.com\/wp-content\/uploads\/2026\/02\/DISPENSADOR-2026-02-13T165601.065.png","type":"image\/png"}],"twitter_card":"summary_large_image","schema":{"@context":"https:\/\/schema.org","@graph":[{"@type":"WebPage","@id":"https:\/\/hannacosmetica.com\/tienda\/pestanas\/complementos-pestanas\/cepillo-de-unas-cepillo-con-mango-cepillo-largo\/","url":"https:\/\/hannacosmetica.com\/tienda\/pestanas\/complementos-pestanas\/cepillo-de-unas-cepillo-con-mango-cepillo-largo\/","name":"Cepillo de u\u00f1as\/ Cepillo con mango\/ Cepillo largo - Hanna Cosm\u00e9tica","isPartOf":{"@id":"https:\/\/hannacosmetica.com\/#website"},"datePublished":"2026-02-15T17:41:04+00:00","dateModified":"2026-02-15T17:41:05+00:00","breadcrumb":{"@id":"https:\/\/hannacosmetica.com\/tienda\/pestanas\/complementos-pestanas\/cepillo-de-unas-cepillo-con-mango-cepillo-largo\/#breadcrumb"},"inLanguage":"fr-FR","potentialAction":[{"@type":"ReadAction","target":["https:\/\/hannacosmetica.com\/tienda\/pestanas\/complementos-pestanas\/cepillo-de-unas-cepillo-con-mango-cepillo-largo\/"]}]},{"@type":"BreadcrumbList","@id":"https:\/\/hannacosmetica.com\/tienda\/pestanas\/complementos-pestanas\/cepillo-de-unas-cepillo-con-mango-cepillo-largo\/#breadcrumb","itemListElement":[{"@type":"ListItem","position":1,"name":"Portada","item":"https:\/\/hannacosmetica.com\/"},{"@type":"ListItem","position":2,"name":"Tienda","item":"https:\/\/hannacosmetica.com\/shop\/"},{"@type":"ListItem","position":3,"name":"Cepillo de u\u00f1as\/ Cepillo con mango\/ Cepillo largo"}]},{"@type":"WebSite","@id":"https:\/\/hannacosmetica.com\/#website","url":"https:\/\/hannacosmetica.com\/","name":"Hanna Cosm\u00e9tica","description":"Tienda de productos u\u00f1as, bellezas y peluquer\u00edas","publisher":{"@id":"https:\/\/hannacosmetica.com\/#organization"},"potentialAction":[{"@type":"SearchAction","target":{"@type":"EntryPoint","urlTemplate":"https:\/\/hannacosmetica.com\/?s={search_term_string}"},"query-input":"required name=search_term_string"}],"inLanguage":"fr-FR"},{"@type":"Organization","@id":"https:\/\/hannacosmetica.com\/#organization","name":"Hanna Cosm\u00e9tica","url":"https:\/\/hannacosmetica.com\/","logo":{"@type":"ImageObject","inLanguage":"fr-FR","@id":"https:\/\/hannacosmetica.com\/#\/schema\/logo\/image\/","url":"https:\/\/hannacosmetica.com\/wp-content\/uploads\/2022\/07\/Logo-Joyeria-Femenino-Floral-Negro.png","contentUrl":"https:\/\/hannacosmetica.com\/wp-content\/uploads\/2022\/07\/Logo-Joyeria-Femenino-Floral-Negro.png","width":361,"height":126,"caption":"Hanna Cosm\u00e9tica"},"image":{"@id":"https:\/\/hannacosmetica.com\/#\/schema\/logo\/image\/"}}]}},"_links":{"self":[{"href":"https:\/\/hannacosmetica.com\/fr\/wp-json\/wp\/v2\/product\/22508"}],"collection":[{"href":"https:\/\/hannacosmetica.com\/fr\/wp-json\/wp\/v2\/product"}],"about":[{"href":"https:\/\/hannacosmetica.com\/fr\/wp-json\/wp\/v2\/types\/product"}],"replies":[{"embeddable":true,"href":"https:\/\/hannacosmetica.com\/fr\/wp-json\/wp\/v2\/comments?post=22508"}],"version-history":[{"count":1,"href":"https:\/\/hannacosmetica.com\/fr\/wp-json\/wp\/v2\/product\/22508\/revisions"}],"predecessor-version":[{"id":22512,"href":"https:\/\/hannacosmetica.com\/fr\/wp-json\/wp\/v2\/product\/22508\/revisions\/22512"}],"wp:featuredmedia":[{"embeddable":true,"href":"https:\/\/hannacosmetica.com\/fr\/wp-json\/wp\/v2\/media\/22470"}],"wp:attachment":[{"href":"https:\/\/hannacosmetica.com\/fr\/wp-json\/wp\/v2\/media?parent=22508"}],"wp:term":[{"taxonomy":"product_cat","embeddable":true,"href":"https:\/\/hannacosmetica.com\/fr\/wp-json\/wp\/v2\/product_cat?post=22508"},{"taxonomy":"product_tag","embeddable":true,"href":"https:\/\/hannacosmetica.com\/fr\/wp-json\/wp\/v2\/product_tag?post=22508"}],"curies":[{"name":"wp","href":"https:\/\/api.w.org\/{rel}","templated":true}]}}