{"id":22442,"date":"2026-02-13T14:35:47","date_gmt":"2026-02-13T14:35:47","guid":{"rendered":"https:\/\/hannacosmetica.com\/?post_type=product&#038;p=22442"},"modified":"2026-02-13T14:37:06","modified_gmt":"2026-02-13T14:37:06","slug":"mostardor-de-recepcion-recibidor-b-1090-2","status":"publish","type":"product","link":"https:\/\/hannacosmetica.com\/fr\/tienda\/mobiliario\/recepcion\/mostardor-de-recepcion-recibidor-b-1090-2\/","title":{"rendered":"Mostardor de Recepci\u00f3n\/ Recibidor B-1090"},"content":{"rendered":"<ul class=\"a-unordered-list a-vertical a-spacing-mini\">\n<li class=\"a-spacing-mini\"><span class=\"a-list-item\">\u2705 Mostrador de melanina con acabado laminado blanco y detalle de\u00a0 placa\u00a0 en color dorado\u00a0 ideal para todo tipo de negocios, recepciones y salas de espera.\u00a0<\/span><\/li>\n<li class=\"a-spacing-mini\"><span class=\"a-list-item\">\u2705 DIMENSIONES DEL PRODUCTO: 120cm (largo) x 50cm (ancho) x 100cm (alto).<\/span><\/li>\n<li class=\"a-spacing-mini\"><span class=\"a-list-item\">\u2705 CARACTER\u00cdSTICAS T\u00c9CNICAS: La estructura de este mostrador es laminado La estructura es robusta y muy f\u00e1cil de montar, con materiales de primera calidad y un escritorio amplio con gran resistencia para el uso diario de cualquier actividad. El embellecedor es una pieza decorativa,\u00a0 Es perfecto para cualquier tipo de negocio, adem\u00e1s de tener un dise\u00f1o elegante y distintivo para tu negocio\u00a0<\/span><\/li>\n<\/ul>","protected":false},"excerpt":{"rendered":"<p>\u2705 Mostrador de melanina con acabado laminado blanco y detalle de\u00a0 placa\u00a0 en color dorado\u00a0 ideal para todo tipo de negocios, recepciones&hellip;<\/p>","protected":false},"featured_media":22443,"comment_status":"open","ping_status":"closed","template":"","meta":[],"product_cat":[304,294,299,83,84,85,87],"product_tag":[],"yoast_head":"<!-- This site is optimized with the Yoast SEO plugin v19.9 - https:\/\/yoast.com\/wordpress\/plugins\/seo\/ -->\n<title>Mostardor de Recepci\u00f3n\/ Recibidor B-1090 - Hanna Cosm\u00e9tica<\/title>\n<meta name=\"robots\" content=\"index, follow, max-snippet:-1, max-image-preview:large, max-video-preview:-1\" \/>\n<link rel=\"canonical\" href=\"https:\/\/hannacosmetica.com\/fr\/tienda\/mobiliario\/recepcion\/mostardor-de-recepcion-recibidor-b-1090-2\/\" \/>\n<meta property=\"og:locale\" content=\"fr_FR\" \/>\n<meta property=\"og:type\" content=\"article\" \/>\n<meta property=\"og:title\" content=\"Mostardor de Recepci\u00f3n\/ Recibidor B-1090 - Hanna Cosm\u00e9tica\" \/>\n<meta property=\"og:description\" content=\"\u2705 Mostrador de melanina con acabado laminado blanco y detalle de\u00a0 placa\u00a0 en color dorado\u00a0 ideal para todo tipo de negocios, recepciones&hellip;\" \/>\n<meta property=\"og:url\" content=\"https:\/\/hannacosmetica.com\/fr\/tienda\/mobiliario\/recepcion\/mostardor-de-recepcion-recibidor-b-1090-2\/\" \/>\n<meta property=\"og:site_name\" content=\"Hanna Cosm\u00e9tica\" \/>\n<meta property=\"article:modified_time\" content=\"2026-02-13T14:37:06+00:00\" \/>\n<meta property=\"og:image\" content=\"https:\/\/hannacosmetica.com\/wp-content\/uploads\/2026\/02\/DISPENSADOR-2026-02-13T153618.786.png\" \/>\n\t<meta property=\"og:image:width\" content=\"1469\" \/>\n\t<meta property=\"og:image:height\" content=\"1313\" \/>\n\t<meta property=\"og:image:type\" content=\"image\/png\" \/>\n<meta name=\"twitter:card\" content=\"summary_large_image\" \/>\n<script type=\"application\/ld+json\" class=\"yoast-schema-graph\">{\"@context\":\"https:\/\/schema.org\",\"@graph\":[{\"@type\":\"WebPage\",\"@id\":\"https:\/\/hannacosmetica.com\/tienda\/mobiliario\/recepcion\/mostardor-de-recepcion-recibidor-b-1090-2\/\",\"url\":\"https:\/\/hannacosmetica.com\/tienda\/mobiliario\/recepcion\/mostardor-de-recepcion-recibidor-b-1090-2\/\",\"name\":\"Mostardor de Recepci\u00f3n\/ Recibidor B-1090 - Hanna Cosm\u00e9tica\",\"isPartOf\":{\"@id\":\"https:\/\/hannacosmetica.com\/#website\"},\"datePublished\":\"2026-02-13T14:35:47+00:00\",\"dateModified\":\"2026-02-13T14:37:06+00:00\",\"breadcrumb\":{\"@id\":\"https:\/\/hannacosmetica.com\/tienda\/mobiliario\/recepcion\/mostardor-de-recepcion-recibidor-b-1090-2\/#breadcrumb\"},\"inLanguage\":\"fr-FR\",\"potentialAction\":[{\"@type\":\"ReadAction\",\"target\":[\"https:\/\/hannacosmetica.com\/tienda\/mobiliario\/recepcion\/mostardor-de-recepcion-recibidor-b-1090-2\/\"]}]},{\"@type\":\"BreadcrumbList\",\"@id\":\"https:\/\/hannacosmetica.com\/tienda\/mobiliario\/recepcion\/mostardor-de-recepcion-recibidor-b-1090-2\/#breadcrumb\",\"itemListElement\":[{\"@type\":\"ListItem\",\"position\":1,\"name\":\"Portada\",\"item\":\"https:\/\/hannacosmetica.com\/\"},{\"@type\":\"ListItem\",\"position\":2,\"name\":\"Tienda\",\"item\":\"https:\/\/hannacosmetica.com\/shop\/\"},{\"@type\":\"ListItem\",\"position\":3,\"name\":\"Mostardor de Recepci\u00f3n\/ Recibidor B-1090\"}]},{\"@type\":\"WebSite\",\"@id\":\"https:\/\/hannacosmetica.com\/#website\",\"url\":\"https:\/\/hannacosmetica.com\/\",\"name\":\"Hanna Cosm\u00e9tica\",\"description\":\"Tienda de productos u\u00f1as, bellezas y peluquer\u00edas\",\"publisher\":{\"@id\":\"https:\/\/hannacosmetica.com\/#organization\"},\"potentialAction\":[{\"@type\":\"SearchAction\",\"target\":{\"@type\":\"EntryPoint\",\"urlTemplate\":\"https:\/\/hannacosmetica.com\/?s={search_term_string}\"},\"query-input\":\"required name=search_term_string\"}],\"inLanguage\":\"fr-FR\"},{\"@type\":\"Organization\",\"@id\":\"https:\/\/hannacosmetica.com\/#organization\",\"name\":\"Hanna Cosm\u00e9tica\",\"url\":\"https:\/\/hannacosmetica.com\/\",\"logo\":{\"@type\":\"ImageObject\",\"inLanguage\":\"fr-FR\",\"@id\":\"https:\/\/hannacosmetica.com\/#\/schema\/logo\/image\/\",\"url\":\"https:\/\/hannacosmetica.com\/wp-content\/uploads\/2022\/07\/Logo-Joyeria-Femenino-Floral-Negro.png\",\"contentUrl\":\"https:\/\/hannacosmetica.com\/wp-content\/uploads\/2022\/07\/Logo-Joyeria-Femenino-Floral-Negro.png\",\"width\":361,\"height\":126,\"caption\":\"Hanna Cosm\u00e9tica\"},\"image\":{\"@id\":\"https:\/\/hannacosmetica.com\/#\/schema\/logo\/image\/\"}}]}<\/script>\n<!-- \/ Yoast SEO plugin. -->","yoast_head_json":{"title":"Mostardor de Recepci\u00f3n\/ Recibidor B-1090 - Hanna Cosm\u00e9tica","robots":{"index":"index","follow":"follow","max-snippet":"max-snippet:-1","max-image-preview":"max-image-preview:large","max-video-preview":"max-video-preview:-1"},"canonical":"https:\/\/hannacosmetica.com\/fr\/tienda\/mobiliario\/recepcion\/mostardor-de-recepcion-recibidor-b-1090-2\/","og_locale":"fr_FR","og_type":"article","og_title":"Mostardor de Recepci\u00f3n\/ Recibidor B-1090 - Hanna Cosm\u00e9tica","og_description":"\u2705 Mostrador de melanina con acabado laminado blanco y detalle de\u00a0 placa\u00a0 en color dorado\u00a0 ideal para todo tipo de negocios, recepciones&hellip;","og_url":"https:\/\/hannacosmetica.com\/fr\/tienda\/mobiliario\/recepcion\/mostardor-de-recepcion-recibidor-b-1090-2\/","og_site_name":"Hanna Cosm\u00e9tica","article_modified_time":"2026-02-13T14:37:06+00:00","og_image":[{"width":1469,"height":1313,"url":"https:\/\/hannacosmetica.com\/wp-content\/uploads\/2026\/02\/DISPENSADOR-2026-02-13T153618.786.png","type":"image\/png"}],"twitter_card":"summary_large_image","schema":{"@context":"https:\/\/schema.org","@graph":[{"@type":"WebPage","@id":"https:\/\/hannacosmetica.com\/tienda\/mobiliario\/recepcion\/mostardor-de-recepcion-recibidor-b-1090-2\/","url":"https:\/\/hannacosmetica.com\/tienda\/mobiliario\/recepcion\/mostardor-de-recepcion-recibidor-b-1090-2\/","name":"Mostardor de Recepci\u00f3n\/ Recibidor B-1090 - Hanna Cosm\u00e9tica","isPartOf":{"@id":"https:\/\/hannacosmetica.com\/#website"},"datePublished":"2026-02-13T14:35:47+00:00","dateModified":"2026-02-13T14:37:06+00:00","breadcrumb":{"@id":"https:\/\/hannacosmetica.com\/tienda\/mobiliario\/recepcion\/mostardor-de-recepcion-recibidor-b-1090-2\/#breadcrumb"},"inLanguage":"fr-FR","potentialAction":[{"@type":"ReadAction","target":["https:\/\/hannacosmetica.com\/tienda\/mobiliario\/recepcion\/mostardor-de-recepcion-recibidor-b-1090-2\/"]}]},{"@type":"BreadcrumbList","@id":"https:\/\/hannacosmetica.com\/tienda\/mobiliario\/recepcion\/mostardor-de-recepcion-recibidor-b-1090-2\/#breadcrumb","itemListElement":[{"@type":"ListItem","position":1,"name":"Portada","item":"https:\/\/hannacosmetica.com\/"},{"@type":"ListItem","position":2,"name":"Tienda","item":"https:\/\/hannacosmetica.com\/shop\/"},{"@type":"ListItem","position":3,"name":"Mostardor de Recepci\u00f3n\/ Recibidor B-1090"}]},{"@type":"WebSite","@id":"https:\/\/hannacosmetica.com\/#website","url":"https:\/\/hannacosmetica.com\/","name":"Hanna Cosm\u00e9tica","description":"Tienda de productos u\u00f1as, bellezas y peluquer\u00edas","publisher":{"@id":"https:\/\/hannacosmetica.com\/#organization"},"potentialAction":[{"@type":"SearchAction","target":{"@type":"EntryPoint","urlTemplate":"https:\/\/hannacosmetica.com\/?s={search_term_string}"},"query-input":"required name=search_term_string"}],"inLanguage":"fr-FR"},{"@type":"Organization","@id":"https:\/\/hannacosmetica.com\/#organization","name":"Hanna Cosm\u00e9tica","url":"https:\/\/hannacosmetica.com\/","logo":{"@type":"ImageObject","inLanguage":"fr-FR","@id":"https:\/\/hannacosmetica.com\/#\/schema\/logo\/image\/","url":"https:\/\/hannacosmetica.com\/wp-content\/uploads\/2022\/07\/Logo-Joyeria-Femenino-Floral-Negro.png","contentUrl":"https:\/\/hannacosmetica.com\/wp-content\/uploads\/2022\/07\/Logo-Joyeria-Femenino-Floral-Negro.png","width":361,"height":126,"caption":"Hanna Cosm\u00e9tica"},"image":{"@id":"https:\/\/hannacosmetica.com\/#\/schema\/logo\/image\/"}}]}},"_links":{"self":[{"href":"https:\/\/hannacosmetica.com\/fr\/wp-json\/wp\/v2\/product\/22442"}],"collection":[{"href":"https:\/\/hannacosmetica.com\/fr\/wp-json\/wp\/v2\/product"}],"about":[{"href":"https:\/\/hannacosmetica.com\/fr\/wp-json\/wp\/v2\/types\/product"}],"replies":[{"embeddable":true,"href":"https:\/\/hannacosmetica.com\/fr\/wp-json\/wp\/v2\/comments?post=22442"}],"version-history":[{"count":1,"href":"https:\/\/hannacosmetica.com\/fr\/wp-json\/wp\/v2\/product\/22442\/revisions"}],"predecessor-version":[{"id":22444,"href":"https:\/\/hannacosmetica.com\/fr\/wp-json\/wp\/v2\/product\/22442\/revisions\/22444"}],"wp:featuredmedia":[{"embeddable":true,"href":"https:\/\/hannacosmetica.com\/fr\/wp-json\/wp\/v2\/media\/22443"}],"wp:attachment":[{"href":"https:\/\/hannacosmetica.com\/fr\/wp-json\/wp\/v2\/media?parent=22442"}],"wp:term":[{"taxonomy":"product_cat","embeddable":true,"href":"https:\/\/hannacosmetica.com\/fr\/wp-json\/wp\/v2\/product_cat?post=22442"},{"taxonomy":"product_tag","embeddable":true,"href":"https:\/\/hannacosmetica.com\/fr\/wp-json\/wp\/v2\/product_tag?post=22442"}],"curies":[{"name":"wp","href":"https:\/\/api.w.org\/{rel}","templated":true}]}}