{"id":22285,"date":"2026-02-09T10:47:21","date_gmt":"2026-02-09T10:47:21","guid":{"rendered":"https:\/\/hannacosmetica.com\/?post_type=product&#038;p=22285"},"modified":"2026-02-09T10:47:21","modified_gmt":"2026-02-09T10:47:21","slug":"lampara-ajustable-lampara-de-manicura-lampara-de-pestanas-lampara-led","status":"publish","type":"product","link":"https:\/\/hannacosmetica.com\/fr\/tienda\/hanna-exclusive\/complementos-hanna-exclusive\/lampara-ajustable-lampara-de-manicura-lampara-de-pestanas-lampara-led\/","title":{"rendered":"L\u00e1mpara Ajustable\/ Lampara de manicura\/ Lampara de Pesta\u00f1as\/ lampara Led"},"content":{"rendered":"<p>\u2714\ufe0f \u3010Luz de pesta\u00f1as brillante\u3011 La luz de las pesta\u00f1as est\u00e1 disponible en 3 colores (c\u00e1lido, neutro y fr\u00edo), el nivel de brillo de la luz de las pesta\u00f1as se puede ajustar de 0% a 100%, y el dise\u00f1o de la perla de la l\u00e1mpara LED de alta calidad le permite personalizar la iluminaci\u00f3n para diferentes entornos de trabajo<br \/>\n\u2714\ufe0f \u3010Protecci\u00f3n giratoria de la cabeza y los ojos\u3011 La cabeza giratoria de 360 \u00b0 proporciona una iluminaci\u00f3n precisa sin deslumbramiento, parpadeo o imagen fantasma, asegurando protecci\u00f3n ocular para esteticistas que trabajan largas horas.<br \/>\n\u2714\ufe0f \u3010Dise\u00f1o de clip\u3011 Esta l\u00e1mpara de pesta\u00f1as est\u00e1 hecha de aleaci\u00f3n de aluminio resistente con un dise\u00f1o de clip que se puede sujetar f\u00e1cilmente en la parte superior de la mesa.<br \/>\n\u2714\ufe0f \u3010Soporte de tel\u00e9fono flexible\u3011 La l\u00e1mpara de extensi\u00f3n de pesta\u00f1as viene con un soporte de tel\u00e9fono giratorio de 360 \u00b0, compatible con la mayor\u00eda de tel\u00e9fonos inteligentes. Ofrece un \u00e1ngulo de visi\u00f3n ajustable para disparar video, transmisi\u00f3n en vivo y otros fines multimedia.<br \/>\n\u2714\ufe0f \u3010M\u00faltiples aplicaciones\u3011Esta l\u00e1mpara de pesta\u00f1as vers\u00e1til es perfecta para esteticistas, artistas, pr\u00f3tesistas de u\u00f1as y otros profesionales de la belleza. Perfecto para tutoriales de maquillaje, fotograf\u00eda de primer plano, disparo, ense\u00f1anza en l\u00ednea, etc.<\/p>","protected":false},"excerpt":{"rendered":"<p>\u2714\ufe0f \u3010Luz de pesta\u00f1as brillante\u3011 La luz de las pesta\u00f1as est\u00e1 disponible en 3 colores (c\u00e1lido, neutro y fr\u00edo), el nivel de&hellip;<\/p>","protected":false},"featured_media":22290,"comment_status":"open","ping_status":"closed","template":"","meta":[],"product_cat":[462,304,303,294,82,101,84,115,85,117,86,119,87],"product_tag":[],"yoast_head":"<!-- This site is optimized with the Yoast SEO plugin v19.9 - https:\/\/yoast.com\/wordpress\/plugins\/seo\/ -->\n<title>L\u00e1mpara Ajustable\/ Lampara de manicura\/ Lampara de Pesta\u00f1as\/ lampara Led - Hanna Cosm\u00e9tica<\/title>\n<meta name=\"robots\" content=\"index, follow, max-snippet:-1, max-image-preview:large, max-video-preview:-1\" \/>\n<link rel=\"canonical\" href=\"https:\/\/hannacosmetica.com\/fr\/tienda\/hanna-exclusive\/complementos-hanna-exclusive\/lampara-ajustable-lampara-de-manicura-lampara-de-pestanas-lampara-led\/\" \/>\n<meta property=\"og:locale\" content=\"fr_FR\" \/>\n<meta property=\"og:type\" content=\"article\" \/>\n<meta property=\"og:title\" content=\"L\u00e1mpara Ajustable\/ Lampara de manicura\/ Lampara de Pesta\u00f1as\/ lampara Led - Hanna Cosm\u00e9tica\" \/>\n<meta property=\"og:description\" content=\"\u2714\ufe0f \u3010Luz de pesta\u00f1as brillante\u3011 La luz de las pesta\u00f1as est\u00e1 disponible en 3 colores (c\u00e1lido, neutro y fr\u00edo), el nivel de&hellip;\" \/>\n<meta property=\"og:url\" content=\"https:\/\/hannacosmetica.com\/fr\/tienda\/hanna-exclusive\/complementos-hanna-exclusive\/lampara-ajustable-lampara-de-manicura-lampara-de-pestanas-lampara-led\/\" \/>\n<meta property=\"og:site_name\" content=\"Hanna Cosm\u00e9tica\" \/>\n<meta property=\"og:image\" content=\"https:\/\/hannacosmetica.com\/wp-content\/uploads\/2026\/02\/DISPENSADOR-2026-02-09T114116.736.png\" \/>\n\t<meta property=\"og:image:width\" content=\"1469\" \/>\n\t<meta property=\"og:image:height\" content=\"1313\" \/>\n\t<meta property=\"og:image:type\" content=\"image\/png\" \/>\n<meta name=\"twitter:card\" content=\"summary_large_image\" \/>\n<script type=\"application\/ld+json\" class=\"yoast-schema-graph\">{\"@context\":\"https:\/\/schema.org\",\"@graph\":[{\"@type\":\"WebPage\",\"@id\":\"https:\/\/hannacosmetica.com\/tienda\/hanna-exclusive\/complementos-hanna-exclusive\/lampara-ajustable-lampara-de-manicura-lampara-de-pestanas-lampara-led\/\",\"url\":\"https:\/\/hannacosmetica.com\/tienda\/hanna-exclusive\/complementos-hanna-exclusive\/lampara-ajustable-lampara-de-manicura-lampara-de-pestanas-lampara-led\/\",\"name\":\"L\u00e1mpara Ajustable\/ Lampara de manicura\/ Lampara de Pesta\u00f1as\/ lampara Led - Hanna Cosm\u00e9tica\",\"isPartOf\":{\"@id\":\"https:\/\/hannacosmetica.com\/#website\"},\"datePublished\":\"2026-02-09T10:47:21+00:00\",\"dateModified\":\"2026-02-09T10:47:21+00:00\",\"breadcrumb\":{\"@id\":\"https:\/\/hannacosmetica.com\/tienda\/hanna-exclusive\/complementos-hanna-exclusive\/lampara-ajustable-lampara-de-manicura-lampara-de-pestanas-lampara-led\/#breadcrumb\"},\"inLanguage\":\"fr-FR\",\"potentialAction\":[{\"@type\":\"ReadAction\",\"target\":[\"https:\/\/hannacosmetica.com\/tienda\/hanna-exclusive\/complementos-hanna-exclusive\/lampara-ajustable-lampara-de-manicura-lampara-de-pestanas-lampara-led\/\"]}]},{\"@type\":\"BreadcrumbList\",\"@id\":\"https:\/\/hannacosmetica.com\/tienda\/hanna-exclusive\/complementos-hanna-exclusive\/lampara-ajustable-lampara-de-manicura-lampara-de-pestanas-lampara-led\/#breadcrumb\",\"itemListElement\":[{\"@type\":\"ListItem\",\"position\":1,\"name\":\"Portada\",\"item\":\"https:\/\/hannacosmetica.com\/\"},{\"@type\":\"ListItem\",\"position\":2,\"name\":\"Tienda\",\"item\":\"https:\/\/hannacosmetica.com\/shop\/\"},{\"@type\":\"ListItem\",\"position\":3,\"name\":\"L\u00e1mpara Ajustable\/ Lampara de manicura\/ Lampara de Pesta\u00f1as\/ lampara Led\"}]},{\"@type\":\"WebSite\",\"@id\":\"https:\/\/hannacosmetica.com\/#website\",\"url\":\"https:\/\/hannacosmetica.com\/\",\"name\":\"Hanna Cosm\u00e9tica\",\"description\":\"Tienda de productos u\u00f1as, bellezas y peluquer\u00edas\",\"publisher\":{\"@id\":\"https:\/\/hannacosmetica.com\/#organization\"},\"potentialAction\":[{\"@type\":\"SearchAction\",\"target\":{\"@type\":\"EntryPoint\",\"urlTemplate\":\"https:\/\/hannacosmetica.com\/?s={search_term_string}\"},\"query-input\":\"required name=search_term_string\"}],\"inLanguage\":\"fr-FR\"},{\"@type\":\"Organization\",\"@id\":\"https:\/\/hannacosmetica.com\/#organization\",\"name\":\"Hanna Cosm\u00e9tica\",\"url\":\"https:\/\/hannacosmetica.com\/\",\"logo\":{\"@type\":\"ImageObject\",\"inLanguage\":\"fr-FR\",\"@id\":\"https:\/\/hannacosmetica.com\/#\/schema\/logo\/image\/\",\"url\":\"https:\/\/hannacosmetica.com\/wp-content\/uploads\/2022\/07\/Logo-Joyeria-Femenino-Floral-Negro.png\",\"contentUrl\":\"https:\/\/hannacosmetica.com\/wp-content\/uploads\/2022\/07\/Logo-Joyeria-Femenino-Floral-Negro.png\",\"width\":361,\"height\":126,\"caption\":\"Hanna Cosm\u00e9tica\"},\"image\":{\"@id\":\"https:\/\/hannacosmetica.com\/#\/schema\/logo\/image\/\"}}]}<\/script>\n<!-- \/ Yoast SEO plugin. -->","yoast_head_json":{"title":"L\u00e1mpara Ajustable\/ Lampara de manicura\/ Lampara de Pesta\u00f1as\/ lampara Led - Hanna Cosm\u00e9tica","robots":{"index":"index","follow":"follow","max-snippet":"max-snippet:-1","max-image-preview":"max-image-preview:large","max-video-preview":"max-video-preview:-1"},"canonical":"https:\/\/hannacosmetica.com\/fr\/tienda\/hanna-exclusive\/complementos-hanna-exclusive\/lampara-ajustable-lampara-de-manicura-lampara-de-pestanas-lampara-led\/","og_locale":"fr_FR","og_type":"article","og_title":"L\u00e1mpara Ajustable\/ Lampara de manicura\/ Lampara de Pesta\u00f1as\/ lampara Led - Hanna Cosm\u00e9tica","og_description":"\u2714\ufe0f \u3010Luz de pesta\u00f1as brillante\u3011 La luz de las pesta\u00f1as est\u00e1 disponible en 3 colores (c\u00e1lido, neutro y fr\u00edo), el nivel de&hellip;","og_url":"https:\/\/hannacosmetica.com\/fr\/tienda\/hanna-exclusive\/complementos-hanna-exclusive\/lampara-ajustable-lampara-de-manicura-lampara-de-pestanas-lampara-led\/","og_site_name":"Hanna Cosm\u00e9tica","og_image":[{"width":1469,"height":1313,"url":"https:\/\/hannacosmetica.com\/wp-content\/uploads\/2026\/02\/DISPENSADOR-2026-02-09T114116.736.png","type":"image\/png"}],"twitter_card":"summary_large_image","schema":{"@context":"https:\/\/schema.org","@graph":[{"@type":"WebPage","@id":"https:\/\/hannacosmetica.com\/tienda\/hanna-exclusive\/complementos-hanna-exclusive\/lampara-ajustable-lampara-de-manicura-lampara-de-pestanas-lampara-led\/","url":"https:\/\/hannacosmetica.com\/tienda\/hanna-exclusive\/complementos-hanna-exclusive\/lampara-ajustable-lampara-de-manicura-lampara-de-pestanas-lampara-led\/","name":"L\u00e1mpara Ajustable\/ Lampara de manicura\/ Lampara de Pesta\u00f1as\/ lampara Led - Hanna Cosm\u00e9tica","isPartOf":{"@id":"https:\/\/hannacosmetica.com\/#website"},"datePublished":"2026-02-09T10:47:21+00:00","dateModified":"2026-02-09T10:47:21+00:00","breadcrumb":{"@id":"https:\/\/hannacosmetica.com\/tienda\/hanna-exclusive\/complementos-hanna-exclusive\/lampara-ajustable-lampara-de-manicura-lampara-de-pestanas-lampara-led\/#breadcrumb"},"inLanguage":"fr-FR","potentialAction":[{"@type":"ReadAction","target":["https:\/\/hannacosmetica.com\/tienda\/hanna-exclusive\/complementos-hanna-exclusive\/lampara-ajustable-lampara-de-manicura-lampara-de-pestanas-lampara-led\/"]}]},{"@type":"BreadcrumbList","@id":"https:\/\/hannacosmetica.com\/tienda\/hanna-exclusive\/complementos-hanna-exclusive\/lampara-ajustable-lampara-de-manicura-lampara-de-pestanas-lampara-led\/#breadcrumb","itemListElement":[{"@type":"ListItem","position":1,"name":"Portada","item":"https:\/\/hannacosmetica.com\/"},{"@type":"ListItem","position":2,"name":"Tienda","item":"https:\/\/hannacosmetica.com\/shop\/"},{"@type":"ListItem","position":3,"name":"L\u00e1mpara Ajustable\/ Lampara de manicura\/ Lampara de Pesta\u00f1as\/ lampara Led"}]},{"@type":"WebSite","@id":"https:\/\/hannacosmetica.com\/#website","url":"https:\/\/hannacosmetica.com\/","name":"Hanna Cosm\u00e9tica","description":"Tienda de productos u\u00f1as, bellezas y peluquer\u00edas","publisher":{"@id":"https:\/\/hannacosmetica.com\/#organization"},"potentialAction":[{"@type":"SearchAction","target":{"@type":"EntryPoint","urlTemplate":"https:\/\/hannacosmetica.com\/?s={search_term_string}"},"query-input":"required name=search_term_string"}],"inLanguage":"fr-FR"},{"@type":"Organization","@id":"https:\/\/hannacosmetica.com\/#organization","name":"Hanna Cosm\u00e9tica","url":"https:\/\/hannacosmetica.com\/","logo":{"@type":"ImageObject","inLanguage":"fr-FR","@id":"https:\/\/hannacosmetica.com\/#\/schema\/logo\/image\/","url":"https:\/\/hannacosmetica.com\/wp-content\/uploads\/2022\/07\/Logo-Joyeria-Femenino-Floral-Negro.png","contentUrl":"https:\/\/hannacosmetica.com\/wp-content\/uploads\/2022\/07\/Logo-Joyeria-Femenino-Floral-Negro.png","width":361,"height":126,"caption":"Hanna Cosm\u00e9tica"},"image":{"@id":"https:\/\/hannacosmetica.com\/#\/schema\/logo\/image\/"}}]}},"_links":{"self":[{"href":"https:\/\/hannacosmetica.com\/fr\/wp-json\/wp\/v2\/product\/22285"}],"collection":[{"href":"https:\/\/hannacosmetica.com\/fr\/wp-json\/wp\/v2\/product"}],"about":[{"href":"https:\/\/hannacosmetica.com\/fr\/wp-json\/wp\/v2\/types\/product"}],"replies":[{"embeddable":true,"href":"https:\/\/hannacosmetica.com\/fr\/wp-json\/wp\/v2\/comments?post=22285"}],"version-history":[{"count":2,"href":"https:\/\/hannacosmetica.com\/fr\/wp-json\/wp\/v2\/product\/22285\/revisions"}],"predecessor-version":[{"id":22302,"href":"https:\/\/hannacosmetica.com\/fr\/wp-json\/wp\/v2\/product\/22285\/revisions\/22302"}],"wp:featuredmedia":[{"embeddable":true,"href":"https:\/\/hannacosmetica.com\/fr\/wp-json\/wp\/v2\/media\/22290"}],"wp:attachment":[{"href":"https:\/\/hannacosmetica.com\/fr\/wp-json\/wp\/v2\/media?parent=22285"}],"wp:term":[{"taxonomy":"product_cat","embeddable":true,"href":"https:\/\/hannacosmetica.com\/fr\/wp-json\/wp\/v2\/product_cat?post=22285"},{"taxonomy":"product_tag","embeddable":true,"href":"https:\/\/hannacosmetica.com\/fr\/wp-json\/wp\/v2\/product_tag?post=22285"}],"curies":[{"name":"wp","href":"https:\/\/api.w.org\/{rel}","templated":true}]}}