{"id":22212,"date":"2026-02-06T11:44:09","date_gmt":"2026-02-06T11:44:09","guid":{"rendered":"https:\/\/hannacosmetica.com\/?post_type=product&#038;p=22212"},"modified":"2026-02-06T11:44:09","modified_gmt":"2026-02-06T11:44:09","slug":"lampara-led-lampara-de-pestanas-luz-led-aro-de-luz-luz-media-luna","status":"publish","type":"product","link":"https:\/\/hannacosmetica.com\/fr\/tienda\/hanna-exclusive\/complementos-hanna-exclusive\/lampara-led-lampara-de-pestanas-luz-led-aro-de-luz-luz-media-luna\/","title":{"rendered":"L\u00e1mpara Led\/ L\u00e1mpara de pesta\u00f1as \/ luz led\/ Aro de luz \/ luz Media Luna"},"content":{"rendered":"<ul class=\"a-unordered-list a-vertical a-spacing-mini\">\n<li class=\"a-spacing-mini\"><span class=\"a-list-item\">Luz de pesta\u00f1as para tecnolog\u00eda de pesta\u00f1as con soporte para tel\u00e9fono: nuestra lampara de pie aro de luz pesta\u00f1as tiene un dise\u00f1o multifuncional, este anillo de luz para pesta\u00f1as cuenta con un soporte ajustable para tel\u00e9fono, cabezal giratorio y construcci\u00f3n resistente que te permite realizar grabaci\u00f3n de video manos libres y transmisi\u00f3n en vivo, grabar momentos de belleza y compartirlos en redes sociales. Tambi\u00e9n te permite ver f\u00e1cilmente fotos de referencia durante el servicio para facilitar tu trabajo.<\/span><\/li>\n<li class=\"a-spacing-mini\"><span class=\"a-list-item\">Dise\u00f1o de forma de media luna sin sombra: a diferencia de las l\u00e1mparas tradicionales de anillo o barra, nuestra l\u00e1mpara de pie luna creciente adopta un dise\u00f1o de arco \u00fanico y el cabezal de la l\u00e1mpara se puede girar 360\u00b0, eliminando sombras y \u00e1ngulos ciegos, cubriendo toda la zona, perfecto para trabajos delicados. Y la altura es ajustable de 125 a 179 cm, por lo que es muy eficiente de usar. La tecnolog\u00eda Light for Lash est\u00e1 hecha de hierro y aleaci\u00f3n de aluminio, que es moderna y hermosa mientras garantiza la estabilidad.<\/span><\/li>\n<li class=\"a-spacing-mini\"><span class=\"a-list-item\">2 modos de control de pesta\u00f1as LED: esta lampara de pie led viene con un control remoto de mano y un interruptor de encendido\/apagado en l\u00ednea, con 3 modos de color y 10 niveles de brillo, puedes ajustar la temperatura del color de 3200 K (c\u00e1lido) a 5600 K (fr\u00edo). Tambi\u00e9n puedes ajustar el brillo del 0 % al 100 %. Para satisfacer tus necesidades de iluminaci\u00f3n individuales. La luz de extensi\u00f3n de pesta\u00f1as tambi\u00e9n est\u00e1 equipada con tecnolog\u00eda de protecci\u00f3n ocular, que es adecuada para procesar detalles complejos sin fatiga ocular.<\/span><\/li>\n<li class=\"a-spacing-mini\"><span class=\"a-list-item\">Aplicable a m\u00faltiples escenarios de iluminaci\u00f3n: la luz de media luna para esteticistas no solo se puede utilizar como una luz facial para esteticistas y luz para tecnolog\u00eda de pesta\u00f1as, sino tambi\u00e9n como una luz de herramienta de tatuaje, luz de spa, l\u00e1mpara de manualidades, l\u00e1mpara de maquillaje, l\u00e1mpara de pie de belleza, decoraci\u00f3n est\u00e9tica para sala de spa, luz de sala de estar, etc. Su dise\u00f1o elegante tambi\u00e9n complementa la decoraci\u00f3n del hogar.<\/span><\/li>\n<li class=\"a-spacing-mini\"><span class=\"a-list-item\">Contenido del paquete: 1 l\u00e1mpara de media luna, 1 interruptor de encendido\/apagado, 1 control remoto, 1 soporte para tel\u00e9fono, 1 fuente de alimentaci\u00f3n, 2 varillas de soporte, 1 base, 1 manual del producto y nuestra lente es para satisfacer a cada cliente y proporcionar un reembolso del 100% si no est\u00e1s satisfecho. La l\u00e1mpara de luz de pesta\u00f1as Stjiatu proporciona 12 meses de servicio posventa, si tienes alguna pregunta, puedes ponerte en contacto con nosotros por primera vez.<\/span><\/li>\n<\/ul>","protected":false},"excerpt":{"rendered":"<p>Luz de pesta\u00f1as para tecnolog\u00eda de pesta\u00f1as con soporte para tel\u00e9fono: nuestra lampara de pie aro de luz pesta\u00f1as tiene un dise\u00f1o&hellip;<\/p>","protected":false},"featured_media":22213,"comment_status":"open","ping_status":"closed","template":"","meta":[],"product_cat":[462,152,304,303,294,82,101,83,84,115,85,117,86,119,87],"product_tag":[],"yoast_head":"<!-- This site is optimized with the Yoast SEO plugin v19.9 - https:\/\/yoast.com\/wordpress\/plugins\/seo\/ -->\n<title>L\u00e1mpara Led\/ L\u00e1mpara de pesta\u00f1as \/ luz led\/ Aro de luz \/ luz Media Luna - Hanna Cosm\u00e9tica<\/title>\n<meta name=\"robots\" content=\"index, follow, max-snippet:-1, max-image-preview:large, max-video-preview:-1\" \/>\n<link rel=\"canonical\" href=\"https:\/\/hannacosmetica.com\/fr\/tienda\/hanna-exclusive\/complementos-hanna-exclusive\/lampara-led-lampara-de-pestanas-luz-led-aro-de-luz-luz-media-luna\/\" \/>\n<meta property=\"og:locale\" content=\"fr_FR\" \/>\n<meta property=\"og:type\" content=\"article\" \/>\n<meta property=\"og:title\" content=\"L\u00e1mpara Led\/ L\u00e1mpara de pesta\u00f1as \/ luz led\/ Aro de luz \/ luz Media Luna - Hanna Cosm\u00e9tica\" \/>\n<meta property=\"og:description\" content=\"Luz de pesta\u00f1as para tecnolog\u00eda de pesta\u00f1as con soporte para tel\u00e9fono: nuestra lampara de pie aro de luz pesta\u00f1as tiene un dise\u00f1o&hellip;\" \/>\n<meta property=\"og:url\" content=\"https:\/\/hannacosmetica.com\/fr\/tienda\/hanna-exclusive\/complementos-hanna-exclusive\/lampara-led-lampara-de-pestanas-luz-led-aro-de-luz-luz-media-luna\/\" \/>\n<meta property=\"og:site_name\" content=\"Hanna Cosm\u00e9tica\" \/>\n<meta property=\"og:image\" content=\"https:\/\/hannacosmetica.com\/wp-content\/uploads\/2026\/02\/DISPENSADOR-81.png\" \/>\n\t<meta property=\"og:image:width\" content=\"1469\" \/>\n\t<meta property=\"og:image:height\" content=\"1313\" \/>\n\t<meta property=\"og:image:type\" content=\"image\/png\" \/>\n<meta name=\"twitter:card\" content=\"summary_large_image\" \/>\n<script type=\"application\/ld+json\" class=\"yoast-schema-graph\">{\"@context\":\"https:\/\/schema.org\",\"@graph\":[{\"@type\":\"WebPage\",\"@id\":\"https:\/\/hannacosmetica.com\/tienda\/hanna-exclusive\/complementos-hanna-exclusive\/lampara-led-lampara-de-pestanas-luz-led-aro-de-luz-luz-media-luna\/\",\"url\":\"https:\/\/hannacosmetica.com\/tienda\/hanna-exclusive\/complementos-hanna-exclusive\/lampara-led-lampara-de-pestanas-luz-led-aro-de-luz-luz-media-luna\/\",\"name\":\"L\u00e1mpara Led\/ L\u00e1mpara de pesta\u00f1as \/ luz led\/ Aro de luz \/ luz Media Luna - Hanna Cosm\u00e9tica\",\"isPartOf\":{\"@id\":\"https:\/\/hannacosmetica.com\/#website\"},\"datePublished\":\"2026-02-06T11:44:09+00:00\",\"dateModified\":\"2026-02-06T11:44:09+00:00\",\"breadcrumb\":{\"@id\":\"https:\/\/hannacosmetica.com\/tienda\/hanna-exclusive\/complementos-hanna-exclusive\/lampara-led-lampara-de-pestanas-luz-led-aro-de-luz-luz-media-luna\/#breadcrumb\"},\"inLanguage\":\"fr-FR\",\"potentialAction\":[{\"@type\":\"ReadAction\",\"target\":[\"https:\/\/hannacosmetica.com\/tienda\/hanna-exclusive\/complementos-hanna-exclusive\/lampara-led-lampara-de-pestanas-luz-led-aro-de-luz-luz-media-luna\/\"]}]},{\"@type\":\"BreadcrumbList\",\"@id\":\"https:\/\/hannacosmetica.com\/tienda\/hanna-exclusive\/complementos-hanna-exclusive\/lampara-led-lampara-de-pestanas-luz-led-aro-de-luz-luz-media-luna\/#breadcrumb\",\"itemListElement\":[{\"@type\":\"ListItem\",\"position\":1,\"name\":\"Portada\",\"item\":\"https:\/\/hannacosmetica.com\/\"},{\"@type\":\"ListItem\",\"position\":2,\"name\":\"Tienda\",\"item\":\"https:\/\/hannacosmetica.com\/shop\/\"},{\"@type\":\"ListItem\",\"position\":3,\"name\":\"L\u00e1mpara Led\/ L\u00e1mpara de pesta\u00f1as \/ luz led\/ Aro de luz \/ luz Media Luna\"}]},{\"@type\":\"WebSite\",\"@id\":\"https:\/\/hannacosmetica.com\/#website\",\"url\":\"https:\/\/hannacosmetica.com\/\",\"name\":\"Hanna Cosm\u00e9tica\",\"description\":\"Tienda de productos u\u00f1as, bellezas y peluquer\u00edas\",\"publisher\":{\"@id\":\"https:\/\/hannacosmetica.com\/#organization\"},\"potentialAction\":[{\"@type\":\"SearchAction\",\"target\":{\"@type\":\"EntryPoint\",\"urlTemplate\":\"https:\/\/hannacosmetica.com\/?s={search_term_string}\"},\"query-input\":\"required name=search_term_string\"}],\"inLanguage\":\"fr-FR\"},{\"@type\":\"Organization\",\"@id\":\"https:\/\/hannacosmetica.com\/#organization\",\"name\":\"Hanna Cosm\u00e9tica\",\"url\":\"https:\/\/hannacosmetica.com\/\",\"logo\":{\"@type\":\"ImageObject\",\"inLanguage\":\"fr-FR\",\"@id\":\"https:\/\/hannacosmetica.com\/#\/schema\/logo\/image\/\",\"url\":\"https:\/\/hannacosmetica.com\/wp-content\/uploads\/2022\/07\/Logo-Joyeria-Femenino-Floral-Negro.png\",\"contentUrl\":\"https:\/\/hannacosmetica.com\/wp-content\/uploads\/2022\/07\/Logo-Joyeria-Femenino-Floral-Negro.png\",\"width\":361,\"height\":126,\"caption\":\"Hanna Cosm\u00e9tica\"},\"image\":{\"@id\":\"https:\/\/hannacosmetica.com\/#\/schema\/logo\/image\/\"}}]}<\/script>\n<!-- \/ Yoast SEO plugin. -->","yoast_head_json":{"title":"L\u00e1mpara Led\/ L\u00e1mpara de pesta\u00f1as \/ luz led\/ Aro de luz \/ luz Media Luna - Hanna Cosm\u00e9tica","robots":{"index":"index","follow":"follow","max-snippet":"max-snippet:-1","max-image-preview":"max-image-preview:large","max-video-preview":"max-video-preview:-1"},"canonical":"https:\/\/hannacosmetica.com\/fr\/tienda\/hanna-exclusive\/complementos-hanna-exclusive\/lampara-led-lampara-de-pestanas-luz-led-aro-de-luz-luz-media-luna\/","og_locale":"fr_FR","og_type":"article","og_title":"L\u00e1mpara Led\/ L\u00e1mpara de pesta\u00f1as \/ luz led\/ Aro de luz \/ luz Media Luna - Hanna Cosm\u00e9tica","og_description":"Luz de pesta\u00f1as para tecnolog\u00eda de pesta\u00f1as con soporte para tel\u00e9fono: nuestra lampara de pie aro de luz pesta\u00f1as tiene un dise\u00f1o&hellip;","og_url":"https:\/\/hannacosmetica.com\/fr\/tienda\/hanna-exclusive\/complementos-hanna-exclusive\/lampara-led-lampara-de-pestanas-luz-led-aro-de-luz-luz-media-luna\/","og_site_name":"Hanna Cosm\u00e9tica","og_image":[{"width":1469,"height":1313,"url":"https:\/\/hannacosmetica.com\/wp-content\/uploads\/2026\/02\/DISPENSADOR-81.png","type":"image\/png"}],"twitter_card":"summary_large_image","schema":{"@context":"https:\/\/schema.org","@graph":[{"@type":"WebPage","@id":"https:\/\/hannacosmetica.com\/tienda\/hanna-exclusive\/complementos-hanna-exclusive\/lampara-led-lampara-de-pestanas-luz-led-aro-de-luz-luz-media-luna\/","url":"https:\/\/hannacosmetica.com\/tienda\/hanna-exclusive\/complementos-hanna-exclusive\/lampara-led-lampara-de-pestanas-luz-led-aro-de-luz-luz-media-luna\/","name":"L\u00e1mpara Led\/ L\u00e1mpara de pesta\u00f1as \/ luz led\/ Aro de luz \/ luz Media Luna - Hanna Cosm\u00e9tica","isPartOf":{"@id":"https:\/\/hannacosmetica.com\/#website"},"datePublished":"2026-02-06T11:44:09+00:00","dateModified":"2026-02-06T11:44:09+00:00","breadcrumb":{"@id":"https:\/\/hannacosmetica.com\/tienda\/hanna-exclusive\/complementos-hanna-exclusive\/lampara-led-lampara-de-pestanas-luz-led-aro-de-luz-luz-media-luna\/#breadcrumb"},"inLanguage":"fr-FR","potentialAction":[{"@type":"ReadAction","target":["https:\/\/hannacosmetica.com\/tienda\/hanna-exclusive\/complementos-hanna-exclusive\/lampara-led-lampara-de-pestanas-luz-led-aro-de-luz-luz-media-luna\/"]}]},{"@type":"BreadcrumbList","@id":"https:\/\/hannacosmetica.com\/tienda\/hanna-exclusive\/complementos-hanna-exclusive\/lampara-led-lampara-de-pestanas-luz-led-aro-de-luz-luz-media-luna\/#breadcrumb","itemListElement":[{"@type":"ListItem","position":1,"name":"Portada","item":"https:\/\/hannacosmetica.com\/"},{"@type":"ListItem","position":2,"name":"Tienda","item":"https:\/\/hannacosmetica.com\/shop\/"},{"@type":"ListItem","position":3,"name":"L\u00e1mpara Led\/ L\u00e1mpara de pesta\u00f1as \/ luz led\/ Aro de luz \/ luz Media Luna"}]},{"@type":"WebSite","@id":"https:\/\/hannacosmetica.com\/#website","url":"https:\/\/hannacosmetica.com\/","name":"Hanna Cosm\u00e9tica","description":"Tienda de productos u\u00f1as, bellezas y peluquer\u00edas","publisher":{"@id":"https:\/\/hannacosmetica.com\/#organization"},"potentialAction":[{"@type":"SearchAction","target":{"@type":"EntryPoint","urlTemplate":"https:\/\/hannacosmetica.com\/?s={search_term_string}"},"query-input":"required name=search_term_string"}],"inLanguage":"fr-FR"},{"@type":"Organization","@id":"https:\/\/hannacosmetica.com\/#organization","name":"Hanna Cosm\u00e9tica","url":"https:\/\/hannacosmetica.com\/","logo":{"@type":"ImageObject","inLanguage":"fr-FR","@id":"https:\/\/hannacosmetica.com\/#\/schema\/logo\/image\/","url":"https:\/\/hannacosmetica.com\/wp-content\/uploads\/2022\/07\/Logo-Joyeria-Femenino-Floral-Negro.png","contentUrl":"https:\/\/hannacosmetica.com\/wp-content\/uploads\/2022\/07\/Logo-Joyeria-Femenino-Floral-Negro.png","width":361,"height":126,"caption":"Hanna Cosm\u00e9tica"},"image":{"@id":"https:\/\/hannacosmetica.com\/#\/schema\/logo\/image\/"}}]}},"_links":{"self":[{"href":"https:\/\/hannacosmetica.com\/fr\/wp-json\/wp\/v2\/product\/22212"}],"collection":[{"href":"https:\/\/hannacosmetica.com\/fr\/wp-json\/wp\/v2\/product"}],"about":[{"href":"https:\/\/hannacosmetica.com\/fr\/wp-json\/wp\/v2\/types\/product"}],"replies":[{"embeddable":true,"href":"https:\/\/hannacosmetica.com\/fr\/wp-json\/wp\/v2\/comments?post=22212"}],"version-history":[{"count":1,"href":"https:\/\/hannacosmetica.com\/fr\/wp-json\/wp\/v2\/product\/22212\/revisions"}],"predecessor-version":[{"id":22227,"href":"https:\/\/hannacosmetica.com\/fr\/wp-json\/wp\/v2\/product\/22212\/revisions\/22227"}],"wp:featuredmedia":[{"embeddable":true,"href":"https:\/\/hannacosmetica.com\/fr\/wp-json\/wp\/v2\/media\/22213"}],"wp:attachment":[{"href":"https:\/\/hannacosmetica.com\/fr\/wp-json\/wp\/v2\/media?parent=22212"}],"wp:term":[{"taxonomy":"product_cat","embeddable":true,"href":"https:\/\/hannacosmetica.com\/fr\/wp-json\/wp\/v2\/product_cat?post=22212"},{"taxonomy":"product_tag","embeddable":true,"href":"https:\/\/hannacosmetica.com\/fr\/wp-json\/wp\/v2\/product_tag?post=22212"}],"curies":[{"name":"wp","href":"https:\/\/api.w.org\/{rel}","templated":true}]}}