{"id":21807,"date":"2025-12-17T11:10:32","date_gmt":"2025-12-17T11:10:32","guid":{"rendered":"https:\/\/hannacosmetica.com\/?post_type=product&#038;p=21807"},"modified":"2025-12-19T10:04:11","modified_gmt":"2025-12-19T10:04:11","slug":"pulidor-rosa-10-u-hanna-forma-media-luna-2","status":"publish","type":"product","link":"https:\/\/hannacosmetica.com\/fr\/tienda\/manicura\/limas-y-pulidoras\/pulidor-rosa-10-u-hanna-forma-media-luna-2\/","title":{"rendered":"Pulidor Rosa 10\/u Hanna Forma diamante"},"content":{"rendered":"<ul class=\"a-unordered-list a-vertical a-spacing-mini\">\n<li class=\"a-spacing-mini\"><span class=\"a-list-item\">PAQUETE\u3011 Este juego contiene 10 unidades de PULIDORES\u00a0 de grava profesionales de doble cara con forma de Diamante adecuadas para el pulido y el limado de u\u00f1as.<\/span><\/li>\n<li class=\"a-spacing-mini\"><span class=\"a-list-item\">\u3010DURADERA Y ROBUSTA\u3011 Estas limas de manicura son perfectas para cortar o dar forma r\u00e1pidamente a la u\u00f1a natural o acr\u00edlica a la forma o longitud deseada. Lima y pula las u\u00f1as para un acabado suave.<\/span><\/li>\n<li class=\"a-spacing-mini\"><span class=\"a-list-item\">\u3010USABLE Y LAVABLE\u3011 Hecho de barra de arena de alta calidad, las limas de u\u00f1as son muy resistentes al desgaste, se pueden usar durante mucho tiempo.Son lavables, puede limpiarlas con agua despu\u00e9s de usarlas.<\/span><\/li>\n<li class=\"a-spacing-mini\"><span class=\"a-list-item\">\u3010MULTIUSOS\u3011 Adecuado para manicura, modelado de u\u00f1as, arreglo nai, peinado de u\u00f1as y esmalte de u\u00f1as. Puedes usarlos en casa y sal\u00f3n.<\/span><\/li>\n<li>GRAMAGE: 100\/100<\/li>\n<\/ul>","protected":false},"excerpt":{"rendered":"<p>PAQUETE\u3011 Este juego contiene 10 unidades de PULIDORES\u00a0 de grava profesionales de doble cara con forma de Diamante adecuadas para el pulido&hellip;<\/p>","protected":false},"featured_media":21802,"comment_status":"open","ping_status":"closed","template":"","meta":[],"product_cat":[304,82,99,87],"product_tag":[],"yoast_head":"<!-- This site is optimized with the Yoast SEO plugin v19.9 - https:\/\/yoast.com\/wordpress\/plugins\/seo\/ -->\n<title>Pulidor Rosa 10\/u Hanna Forma diamante - Hanna Cosm\u00e9tica<\/title>\n<meta name=\"robots\" content=\"index, follow, max-snippet:-1, max-image-preview:large, max-video-preview:-1\" \/>\n<link rel=\"canonical\" href=\"https:\/\/hannacosmetica.com\/fr\/tienda\/manicura\/limas-y-pulidoras\/pulidor-rosa-10-u-hanna-forma-media-luna-2\/\" \/>\n<meta property=\"og:locale\" content=\"fr_FR\" \/>\n<meta property=\"og:type\" content=\"article\" \/>\n<meta property=\"og:title\" content=\"Pulidor Rosa 10\/u Hanna Forma diamante - Hanna Cosm\u00e9tica\" \/>\n<meta property=\"og:description\" content=\"PAQUETE\u3011 Este juego contiene 10 unidades de PULIDORES\u00a0 de grava profesionales de doble cara con forma de Diamante adecuadas para el pulido&hellip;\" \/>\n<meta property=\"og:url\" content=\"https:\/\/hannacosmetica.com\/fr\/tienda\/manicura\/limas-y-pulidoras\/pulidor-rosa-10-u-hanna-forma-media-luna-2\/\" \/>\n<meta property=\"og:site_name\" content=\"Hanna Cosm\u00e9tica\" \/>\n<meta property=\"article:modified_time\" content=\"2025-12-19T10:04:11+00:00\" \/>\n<meta property=\"og:image\" content=\"https:\/\/hannacosmetica.com\/wp-content\/uploads\/2025\/12\/5-Patas-para-una-mayor-firmeza-480-x-420-px-2025-12-17T115202.263.png\" \/>\n\t<meta property=\"og:image:width\" content=\"1500\" \/>\n\t<meta property=\"og:image:height\" content=\"1313\" \/>\n\t<meta property=\"og:image:type\" content=\"image\/png\" \/>\n<meta name=\"twitter:card\" content=\"summary_large_image\" \/>\n<script type=\"application\/ld+json\" class=\"yoast-schema-graph\">{\"@context\":\"https:\/\/schema.org\",\"@graph\":[{\"@type\":\"WebPage\",\"@id\":\"https:\/\/hannacosmetica.com\/tienda\/manicura\/limas-y-pulidoras\/pulidor-rosa-10-u-hanna-forma-media-luna-2\/\",\"url\":\"https:\/\/hannacosmetica.com\/tienda\/manicura\/limas-y-pulidoras\/pulidor-rosa-10-u-hanna-forma-media-luna-2\/\",\"name\":\"Pulidor Rosa 10\/u Hanna Forma diamante - Hanna Cosm\u00e9tica\",\"isPartOf\":{\"@id\":\"https:\/\/hannacosmetica.com\/#website\"},\"datePublished\":\"2025-12-17T11:10:32+00:00\",\"dateModified\":\"2025-12-19T10:04:11+00:00\",\"breadcrumb\":{\"@id\":\"https:\/\/hannacosmetica.com\/tienda\/manicura\/limas-y-pulidoras\/pulidor-rosa-10-u-hanna-forma-media-luna-2\/#breadcrumb\"},\"inLanguage\":\"fr-FR\",\"potentialAction\":[{\"@type\":\"ReadAction\",\"target\":[\"https:\/\/hannacosmetica.com\/tienda\/manicura\/limas-y-pulidoras\/pulidor-rosa-10-u-hanna-forma-media-luna-2\/\"]}]},{\"@type\":\"BreadcrumbList\",\"@id\":\"https:\/\/hannacosmetica.com\/tienda\/manicura\/limas-y-pulidoras\/pulidor-rosa-10-u-hanna-forma-media-luna-2\/#breadcrumb\",\"itemListElement\":[{\"@type\":\"ListItem\",\"position\":1,\"name\":\"Portada\",\"item\":\"https:\/\/hannacosmetica.com\/\"},{\"@type\":\"ListItem\",\"position\":2,\"name\":\"Tienda\",\"item\":\"https:\/\/hannacosmetica.com\/shop\/\"},{\"@type\":\"ListItem\",\"position\":3,\"name\":\"Pulidor Rosa 10\/u Hanna Forma diamante\"}]},{\"@type\":\"WebSite\",\"@id\":\"https:\/\/hannacosmetica.com\/#website\",\"url\":\"https:\/\/hannacosmetica.com\/\",\"name\":\"Hanna Cosm\u00e9tica\",\"description\":\"Tienda de productos u\u00f1as, bellezas y peluquer\u00edas\",\"publisher\":{\"@id\":\"https:\/\/hannacosmetica.com\/#organization\"},\"potentialAction\":[{\"@type\":\"SearchAction\",\"target\":{\"@type\":\"EntryPoint\",\"urlTemplate\":\"https:\/\/hannacosmetica.com\/?s={search_term_string}\"},\"query-input\":\"required name=search_term_string\"}],\"inLanguage\":\"fr-FR\"},{\"@type\":\"Organization\",\"@id\":\"https:\/\/hannacosmetica.com\/#organization\",\"name\":\"Hanna Cosm\u00e9tica\",\"url\":\"https:\/\/hannacosmetica.com\/\",\"logo\":{\"@type\":\"ImageObject\",\"inLanguage\":\"fr-FR\",\"@id\":\"https:\/\/hannacosmetica.com\/#\/schema\/logo\/image\/\",\"url\":\"https:\/\/hannacosmetica.com\/wp-content\/uploads\/2022\/07\/Logo-Joyeria-Femenino-Floral-Negro.png\",\"contentUrl\":\"https:\/\/hannacosmetica.com\/wp-content\/uploads\/2022\/07\/Logo-Joyeria-Femenino-Floral-Negro.png\",\"width\":361,\"height\":126,\"caption\":\"Hanna Cosm\u00e9tica\"},\"image\":{\"@id\":\"https:\/\/hannacosmetica.com\/#\/schema\/logo\/image\/\"}}]}<\/script>\n<!-- \/ Yoast SEO plugin. -->","yoast_head_json":{"title":"Pulidor Rosa 10\/u Hanna Forma diamante - Hanna Cosm\u00e9tica","robots":{"index":"index","follow":"follow","max-snippet":"max-snippet:-1","max-image-preview":"max-image-preview:large","max-video-preview":"max-video-preview:-1"},"canonical":"https:\/\/hannacosmetica.com\/fr\/tienda\/manicura\/limas-y-pulidoras\/pulidor-rosa-10-u-hanna-forma-media-luna-2\/","og_locale":"fr_FR","og_type":"article","og_title":"Pulidor Rosa 10\/u Hanna Forma diamante - Hanna Cosm\u00e9tica","og_description":"PAQUETE\u3011 Este juego contiene 10 unidades de PULIDORES\u00a0 de grava profesionales de doble cara con forma de Diamante adecuadas para el pulido&hellip;","og_url":"https:\/\/hannacosmetica.com\/fr\/tienda\/manicura\/limas-y-pulidoras\/pulidor-rosa-10-u-hanna-forma-media-luna-2\/","og_site_name":"Hanna Cosm\u00e9tica","article_modified_time":"2025-12-19T10:04:11+00:00","og_image":[{"width":1500,"height":1313,"url":"https:\/\/hannacosmetica.com\/wp-content\/uploads\/2025\/12\/5-Patas-para-una-mayor-firmeza-480-x-420-px-2025-12-17T115202.263.png","type":"image\/png"}],"twitter_card":"summary_large_image","schema":{"@context":"https:\/\/schema.org","@graph":[{"@type":"WebPage","@id":"https:\/\/hannacosmetica.com\/tienda\/manicura\/limas-y-pulidoras\/pulidor-rosa-10-u-hanna-forma-media-luna-2\/","url":"https:\/\/hannacosmetica.com\/tienda\/manicura\/limas-y-pulidoras\/pulidor-rosa-10-u-hanna-forma-media-luna-2\/","name":"Pulidor Rosa 10\/u Hanna Forma diamante - Hanna Cosm\u00e9tica","isPartOf":{"@id":"https:\/\/hannacosmetica.com\/#website"},"datePublished":"2025-12-17T11:10:32+00:00","dateModified":"2025-12-19T10:04:11+00:00","breadcrumb":{"@id":"https:\/\/hannacosmetica.com\/tienda\/manicura\/limas-y-pulidoras\/pulidor-rosa-10-u-hanna-forma-media-luna-2\/#breadcrumb"},"inLanguage":"fr-FR","potentialAction":[{"@type":"ReadAction","target":["https:\/\/hannacosmetica.com\/tienda\/manicura\/limas-y-pulidoras\/pulidor-rosa-10-u-hanna-forma-media-luna-2\/"]}]},{"@type":"BreadcrumbList","@id":"https:\/\/hannacosmetica.com\/tienda\/manicura\/limas-y-pulidoras\/pulidor-rosa-10-u-hanna-forma-media-luna-2\/#breadcrumb","itemListElement":[{"@type":"ListItem","position":1,"name":"Portada","item":"https:\/\/hannacosmetica.com\/"},{"@type":"ListItem","position":2,"name":"Tienda","item":"https:\/\/hannacosmetica.com\/shop\/"},{"@type":"ListItem","position":3,"name":"Pulidor Rosa 10\/u Hanna Forma diamante"}]},{"@type":"WebSite","@id":"https:\/\/hannacosmetica.com\/#website","url":"https:\/\/hannacosmetica.com\/","name":"Hanna Cosm\u00e9tica","description":"Tienda de productos u\u00f1as, bellezas y peluquer\u00edas","publisher":{"@id":"https:\/\/hannacosmetica.com\/#organization"},"potentialAction":[{"@type":"SearchAction","target":{"@type":"EntryPoint","urlTemplate":"https:\/\/hannacosmetica.com\/?s={search_term_string}"},"query-input":"required name=search_term_string"}],"inLanguage":"fr-FR"},{"@type":"Organization","@id":"https:\/\/hannacosmetica.com\/#organization","name":"Hanna Cosm\u00e9tica","url":"https:\/\/hannacosmetica.com\/","logo":{"@type":"ImageObject","inLanguage":"fr-FR","@id":"https:\/\/hannacosmetica.com\/#\/schema\/logo\/image\/","url":"https:\/\/hannacosmetica.com\/wp-content\/uploads\/2022\/07\/Logo-Joyeria-Femenino-Floral-Negro.png","contentUrl":"https:\/\/hannacosmetica.com\/wp-content\/uploads\/2022\/07\/Logo-Joyeria-Femenino-Floral-Negro.png","width":361,"height":126,"caption":"Hanna Cosm\u00e9tica"},"image":{"@id":"https:\/\/hannacosmetica.com\/#\/schema\/logo\/image\/"}}]}},"_links":{"self":[{"href":"https:\/\/hannacosmetica.com\/fr\/wp-json\/wp\/v2\/product\/21807"}],"collection":[{"href":"https:\/\/hannacosmetica.com\/fr\/wp-json\/wp\/v2\/product"}],"about":[{"href":"https:\/\/hannacosmetica.com\/fr\/wp-json\/wp\/v2\/types\/product"}],"replies":[{"embeddable":true,"href":"https:\/\/hannacosmetica.com\/fr\/wp-json\/wp\/v2\/comments?post=21807"}],"version-history":[{"count":3,"href":"https:\/\/hannacosmetica.com\/fr\/wp-json\/wp\/v2\/product\/21807\/revisions"}],"predecessor-version":[{"id":21841,"href":"https:\/\/hannacosmetica.com\/fr\/wp-json\/wp\/v2\/product\/21807\/revisions\/21841"}],"wp:featuredmedia":[{"embeddable":true,"href":"https:\/\/hannacosmetica.com\/fr\/wp-json\/wp\/v2\/media\/21802"}],"wp:attachment":[{"href":"https:\/\/hannacosmetica.com\/fr\/wp-json\/wp\/v2\/media?parent=21807"}],"wp:term":[{"taxonomy":"product_cat","embeddable":true,"href":"https:\/\/hannacosmetica.com\/fr\/wp-json\/wp\/v2\/product_cat?post=21807"},{"taxonomy":"product_tag","embeddable":true,"href":"https:\/\/hannacosmetica.com\/fr\/wp-json\/wp\/v2\/product_tag?post=21807"}],"curies":[{"name":"wp","href":"https:\/\/api.w.org\/{rel}","templated":true}]}}