{"id":21796,"date":"2025-12-16T17:03:24","date_gmt":"2025-12-16T17:03:24","guid":{"rendered":"https:\/\/hannacosmetica.com\/?post_type=product&#038;p=21796"},"modified":"2025-12-17T10:49:59","modified_gmt":"2025-12-17T10:49:59","slug":"gel-blooming-hanna-15-ml","status":"publish","type":"product","link":"https:\/\/hannacosmetica.com\/fr\/tienda\/hanna-exclusive\/esmalte-hanna\/gel-blooming-hanna-15-ml\/","title":{"rendered":"Gel Blooming HANNA 15 ml"},"content":{"rendered":"<ul class=\"a-unordered-list a-vertical a-spacing-mini\">\n<li><span class=\"a-list-item\">Varios efectos de floraci\u00f3n\u3011 \u00a1Use nuestro Gel Blooming HANNA para crear sin esfuerzo dise\u00f1os de u\u00f1as como m\u00e1rmol, piedra natural, acuarela, estampado floral, te\u00f1ido anudado, degradados y m\u00e1s! Cree arte de u\u00f1as interesante y elegante en segundos.<\/span><\/li>\n<li><span class=\"a-list-item\">\u3010F\u00e1cil de usar\u3011Gel\u00a0<strong>transparente<\/strong>\u00a0para todos los sistemas de decoraci\u00f3n de u\u00f1as. Aplique el gel floreciente antes del gel de color, luego use el pincel para decoraci\u00f3n de u\u00f1as para hacer florecer cualquier efecto que desee. Puedes hacerte la manicura t\u00fa mismo en casa, como un sal\u00f3n de u\u00f1as.<\/span><\/li>\n<li><span class=\"a-list-item\">\u3010Respetuoso con el medio ambiente y saludable\u3011El esmalte de u\u00f1as de gel floreciente est\u00e1 hecho de ingredientes libres de toxinas que lo hacen seguro y tiene poco olor. Sin ingredientes agresivos ni adhesivos que da\u00f1en las u\u00f1as.<\/span><\/li>\n<li>Necesita curado en l\u00e1mpara.<\/li>\n<li>Tama\u00f1o:15ml<\/li>\n<\/ul>","protected":false},"excerpt":{"rendered":"<p>Varios efectos de floraci\u00f3n\u3011 \u00a1Use nuestro Gel Blooming HANNA para crear sin esfuerzo dise\u00f1os de u\u00f1as como m\u00e1rmol, piedra natural, acuarela, estampado&hellip;<\/p>","protected":false},"featured_media":21797,"comment_status":"open","ping_status":"closed","template":"","meta":[],"product_cat":[305,156,304,82,101,87],"product_tag":[],"yoast_head":"<!-- This site is optimized with the Yoast SEO plugin v19.9 - https:\/\/yoast.com\/wordpress\/plugins\/seo\/ -->\n<title>Gel Blooming HANNA 15 ml - Hanna Cosm\u00e9tica<\/title>\n<meta name=\"robots\" content=\"index, follow, max-snippet:-1, max-image-preview:large, max-video-preview:-1\" \/>\n<link rel=\"canonical\" href=\"https:\/\/hannacosmetica.com\/fr\/tienda\/hanna-exclusive\/esmalte-hanna\/gel-blooming-hanna-15-ml\/\" \/>\n<meta property=\"og:locale\" content=\"fr_FR\" \/>\n<meta property=\"og:type\" content=\"article\" \/>\n<meta property=\"og:title\" content=\"Gel Blooming HANNA 15 ml - Hanna Cosm\u00e9tica\" \/>\n<meta property=\"og:description\" content=\"Varios efectos de floraci\u00f3n\u3011 \u00a1Use nuestro Gel Blooming HANNA para crear sin esfuerzo dise\u00f1os de u\u00f1as como m\u00e1rmol, piedra natural, acuarela, estampado&hellip;\" \/>\n<meta property=\"og:url\" content=\"https:\/\/hannacosmetica.com\/fr\/tienda\/hanna-exclusive\/esmalte-hanna\/gel-blooming-hanna-15-ml\/\" \/>\n<meta property=\"og:site_name\" content=\"Hanna Cosm\u00e9tica\" \/>\n<meta property=\"article:modified_time\" content=\"2025-12-17T10:49:59+00:00\" \/>\n<meta property=\"og:image\" content=\"https:\/\/hannacosmetica.com\/wp-content\/uploads\/2025\/12\/5-Patas-para-una-mayor-firmeza-480-x-420-px-2025-12-16T165953.147.png\" \/>\n\t<meta property=\"og:image:width\" content=\"1500\" \/>\n\t<meta property=\"og:image:height\" content=\"1312\" \/>\n\t<meta property=\"og:image:type\" content=\"image\/png\" \/>\n<meta name=\"twitter:card\" content=\"summary_large_image\" \/>\n<script type=\"application\/ld+json\" class=\"yoast-schema-graph\">{\"@context\":\"https:\/\/schema.org\",\"@graph\":[{\"@type\":\"WebPage\",\"@id\":\"https:\/\/hannacosmetica.com\/tienda\/hanna-exclusive\/esmalte-hanna\/gel-blooming-hanna-15-ml\/\",\"url\":\"https:\/\/hannacosmetica.com\/tienda\/hanna-exclusive\/esmalte-hanna\/gel-blooming-hanna-15-ml\/\",\"name\":\"Gel Blooming HANNA 15 ml - Hanna Cosm\u00e9tica\",\"isPartOf\":{\"@id\":\"https:\/\/hannacosmetica.com\/#website\"},\"datePublished\":\"2025-12-16T17:03:24+00:00\",\"dateModified\":\"2025-12-17T10:49:59+00:00\",\"breadcrumb\":{\"@id\":\"https:\/\/hannacosmetica.com\/tienda\/hanna-exclusive\/esmalte-hanna\/gel-blooming-hanna-15-ml\/#breadcrumb\"},\"inLanguage\":\"fr-FR\",\"potentialAction\":[{\"@type\":\"ReadAction\",\"target\":[\"https:\/\/hannacosmetica.com\/tienda\/hanna-exclusive\/esmalte-hanna\/gel-blooming-hanna-15-ml\/\"]}]},{\"@type\":\"BreadcrumbList\",\"@id\":\"https:\/\/hannacosmetica.com\/tienda\/hanna-exclusive\/esmalte-hanna\/gel-blooming-hanna-15-ml\/#breadcrumb\",\"itemListElement\":[{\"@type\":\"ListItem\",\"position\":1,\"name\":\"Portada\",\"item\":\"https:\/\/hannacosmetica.com\/\"},{\"@type\":\"ListItem\",\"position\":2,\"name\":\"Tienda\",\"item\":\"https:\/\/hannacosmetica.com\/shop\/\"},{\"@type\":\"ListItem\",\"position\":3,\"name\":\"Gel Blooming HANNA 15 ml\"}]},{\"@type\":\"WebSite\",\"@id\":\"https:\/\/hannacosmetica.com\/#website\",\"url\":\"https:\/\/hannacosmetica.com\/\",\"name\":\"Hanna Cosm\u00e9tica\",\"description\":\"Tienda de productos u\u00f1as, bellezas y peluquer\u00edas\",\"publisher\":{\"@id\":\"https:\/\/hannacosmetica.com\/#organization\"},\"potentialAction\":[{\"@type\":\"SearchAction\",\"target\":{\"@type\":\"EntryPoint\",\"urlTemplate\":\"https:\/\/hannacosmetica.com\/?s={search_term_string}\"},\"query-input\":\"required name=search_term_string\"}],\"inLanguage\":\"fr-FR\"},{\"@type\":\"Organization\",\"@id\":\"https:\/\/hannacosmetica.com\/#organization\",\"name\":\"Hanna Cosm\u00e9tica\",\"url\":\"https:\/\/hannacosmetica.com\/\",\"logo\":{\"@type\":\"ImageObject\",\"inLanguage\":\"fr-FR\",\"@id\":\"https:\/\/hannacosmetica.com\/#\/schema\/logo\/image\/\",\"url\":\"https:\/\/hannacosmetica.com\/wp-content\/uploads\/2022\/07\/Logo-Joyeria-Femenino-Floral-Negro.png\",\"contentUrl\":\"https:\/\/hannacosmetica.com\/wp-content\/uploads\/2022\/07\/Logo-Joyeria-Femenino-Floral-Negro.png\",\"width\":361,\"height\":126,\"caption\":\"Hanna Cosm\u00e9tica\"},\"image\":{\"@id\":\"https:\/\/hannacosmetica.com\/#\/schema\/logo\/image\/\"}}]}<\/script>\n<!-- \/ Yoast SEO plugin. -->","yoast_head_json":{"title":"Gel Blooming HANNA 15 ml - Hanna Cosm\u00e9tica","robots":{"index":"index","follow":"follow","max-snippet":"max-snippet:-1","max-image-preview":"max-image-preview:large","max-video-preview":"max-video-preview:-1"},"canonical":"https:\/\/hannacosmetica.com\/fr\/tienda\/hanna-exclusive\/esmalte-hanna\/gel-blooming-hanna-15-ml\/","og_locale":"fr_FR","og_type":"article","og_title":"Gel Blooming HANNA 15 ml - Hanna Cosm\u00e9tica","og_description":"Varios efectos de floraci\u00f3n\u3011 \u00a1Use nuestro Gel Blooming HANNA para crear sin esfuerzo dise\u00f1os de u\u00f1as como m\u00e1rmol, piedra natural, acuarela, estampado&hellip;","og_url":"https:\/\/hannacosmetica.com\/fr\/tienda\/hanna-exclusive\/esmalte-hanna\/gel-blooming-hanna-15-ml\/","og_site_name":"Hanna Cosm\u00e9tica","article_modified_time":"2025-12-17T10:49:59+00:00","og_image":[{"width":1500,"height":1312,"url":"https:\/\/hannacosmetica.com\/wp-content\/uploads\/2025\/12\/5-Patas-para-una-mayor-firmeza-480-x-420-px-2025-12-16T165953.147.png","type":"image\/png"}],"twitter_card":"summary_large_image","schema":{"@context":"https:\/\/schema.org","@graph":[{"@type":"WebPage","@id":"https:\/\/hannacosmetica.com\/tienda\/hanna-exclusive\/esmalte-hanna\/gel-blooming-hanna-15-ml\/","url":"https:\/\/hannacosmetica.com\/tienda\/hanna-exclusive\/esmalte-hanna\/gel-blooming-hanna-15-ml\/","name":"Gel Blooming HANNA 15 ml - Hanna Cosm\u00e9tica","isPartOf":{"@id":"https:\/\/hannacosmetica.com\/#website"},"datePublished":"2025-12-16T17:03:24+00:00","dateModified":"2025-12-17T10:49:59+00:00","breadcrumb":{"@id":"https:\/\/hannacosmetica.com\/tienda\/hanna-exclusive\/esmalte-hanna\/gel-blooming-hanna-15-ml\/#breadcrumb"},"inLanguage":"fr-FR","potentialAction":[{"@type":"ReadAction","target":["https:\/\/hannacosmetica.com\/tienda\/hanna-exclusive\/esmalte-hanna\/gel-blooming-hanna-15-ml\/"]}]},{"@type":"BreadcrumbList","@id":"https:\/\/hannacosmetica.com\/tienda\/hanna-exclusive\/esmalte-hanna\/gel-blooming-hanna-15-ml\/#breadcrumb","itemListElement":[{"@type":"ListItem","position":1,"name":"Portada","item":"https:\/\/hannacosmetica.com\/"},{"@type":"ListItem","position":2,"name":"Tienda","item":"https:\/\/hannacosmetica.com\/shop\/"},{"@type":"ListItem","position":3,"name":"Gel Blooming HANNA 15 ml"}]},{"@type":"WebSite","@id":"https:\/\/hannacosmetica.com\/#website","url":"https:\/\/hannacosmetica.com\/","name":"Hanna Cosm\u00e9tica","description":"Tienda de productos u\u00f1as, bellezas y peluquer\u00edas","publisher":{"@id":"https:\/\/hannacosmetica.com\/#organization"},"potentialAction":[{"@type":"SearchAction","target":{"@type":"EntryPoint","urlTemplate":"https:\/\/hannacosmetica.com\/?s={search_term_string}"},"query-input":"required name=search_term_string"}],"inLanguage":"fr-FR"},{"@type":"Organization","@id":"https:\/\/hannacosmetica.com\/#organization","name":"Hanna Cosm\u00e9tica","url":"https:\/\/hannacosmetica.com\/","logo":{"@type":"ImageObject","inLanguage":"fr-FR","@id":"https:\/\/hannacosmetica.com\/#\/schema\/logo\/image\/","url":"https:\/\/hannacosmetica.com\/wp-content\/uploads\/2022\/07\/Logo-Joyeria-Femenino-Floral-Negro.png","contentUrl":"https:\/\/hannacosmetica.com\/wp-content\/uploads\/2022\/07\/Logo-Joyeria-Femenino-Floral-Negro.png","width":361,"height":126,"caption":"Hanna Cosm\u00e9tica"},"image":{"@id":"https:\/\/hannacosmetica.com\/#\/schema\/logo\/image\/"}}]}},"_links":{"self":[{"href":"https:\/\/hannacosmetica.com\/fr\/wp-json\/wp\/v2\/product\/21796"}],"collection":[{"href":"https:\/\/hannacosmetica.com\/fr\/wp-json\/wp\/v2\/product"}],"about":[{"href":"https:\/\/hannacosmetica.com\/fr\/wp-json\/wp\/v2\/types\/product"}],"replies":[{"embeddable":true,"href":"https:\/\/hannacosmetica.com\/fr\/wp-json\/wp\/v2\/comments?post=21796"}],"version-history":[{"count":1,"href":"https:\/\/hannacosmetica.com\/fr\/wp-json\/wp\/v2\/product\/21796\/revisions"}],"predecessor-version":[{"id":21798,"href":"https:\/\/hannacosmetica.com\/fr\/wp-json\/wp\/v2\/product\/21796\/revisions\/21798"}],"wp:featuredmedia":[{"embeddable":true,"href":"https:\/\/hannacosmetica.com\/fr\/wp-json\/wp\/v2\/media\/21797"}],"wp:attachment":[{"href":"https:\/\/hannacosmetica.com\/fr\/wp-json\/wp\/v2\/media?parent=21796"}],"wp:term":[{"taxonomy":"product_cat","embeddable":true,"href":"https:\/\/hannacosmetica.com\/fr\/wp-json\/wp\/v2\/product_cat?post=21796"},{"taxonomy":"product_tag","embeddable":true,"href":"https:\/\/hannacosmetica.com\/fr\/wp-json\/wp\/v2\/product_tag?post=21796"}],"curies":[{"name":"wp","href":"https:\/\/api.w.org\/{rel}","templated":true}]}}