{"id":21688,"date":"2025-11-20T12:17:06","date_gmt":"2025-11-20T12:17:06","guid":{"rendered":"https:\/\/hannacosmetica.com\/?post_type=product&#038;p=21688"},"modified":"2025-11-20T12:17:06","modified_gmt":"2025-11-20T12:17:06","slug":"silla-manicura-con-respaldo-silla-con-ruedas-taburete-con-respaldo","status":"publish","type":"product","link":"https:\/\/hannacosmetica.com\/fr\/tienda\/mobiliario\/sillas\/silla-manicura-con-respaldo-silla-con-ruedas-taburete-con-respaldo\/","title":{"rendered":"Silla Manicura con respaldo\/ silla con Ruedas. \/ Taburete con respaldo"},"content":{"rendered":"<p>silla\u00a0 de alta calidad , taburete de ruedas: la estructura del taburete est\u00e1 hecha de acero de alta calidad, fuerte y estable. El tejido est\u00e1 hecho de cuero Pu de alta calidad y esponjas de alta densidad. las sillas de cuero son resistentes al desgaste y limpias, tienen buena elasticidad y no son f\u00e1ciles de deformar.<br \/>\nSilla ajustable de altura de silla de ruedas: el taburete de barra ajustable de silla de ruedas se ajusta con un elevador de aire, que puede ajustar f\u00e1cilmente la altura. El taburete con ruedas tiene 5 ruedas flexibles, f\u00e1ciles de mover, tranquilas al moverse y sin da\u00f1ar el suelo.<br \/>\nTaburete c\u00f3modo con respaldo: un respaldo relleno de esponja puede sostener efectivamente tu espalda, puedes usarlo c\u00f3modamente durante mucho tiempo, y la forma minimalista lo hace adecuado para cualquier escena;<br \/>\nEl taburete con ruedas es f\u00e1cil de ensamblar y tiene una alta calidad de servicio: este taburete de un solo poste se puede ensamblar f\u00e1cilmente en unos minutos. Si tiene alguna duda, siempre le brindaremos el mejor servicio.<br \/>\nTaburete giratorio de 360 grados para silla de ruedas: la silla giratoria de 360 grados le permite girar libremente y f\u00e1cilmente, disfrutar de la flexibilidad de sentarse y charlar con amigos en diferentes direcciones.<\/p>","protected":false},"excerpt":{"rendered":"<p>silla\u00a0 de alta calidad , taburete de ruedas: la estructura del taburete est\u00e1 hecha de acero de alta calidad, fuerte y estable.&hellip;<\/p>","protected":false},"featured_media":21693,"comment_status":"open","ping_status":"closed","template":"","meta":[],"product_cat":[304,294,295,82,101,87],"product_tag":[],"yoast_head":"<!-- This site is optimized with the Yoast SEO plugin v19.9 - https:\/\/yoast.com\/wordpress\/plugins\/seo\/ -->\n<title>Silla Manicura con respaldo\/ silla con Ruedas. \/ Taburete con respaldo - Hanna Cosm\u00e9tica<\/title>\n<meta name=\"robots\" content=\"index, follow, max-snippet:-1, max-image-preview:large, max-video-preview:-1\" \/>\n<link rel=\"canonical\" href=\"https:\/\/hannacosmetica.com\/fr\/tienda\/mobiliario\/sillas\/silla-manicura-con-respaldo-silla-con-ruedas-taburete-con-respaldo\/\" \/>\n<meta property=\"og:locale\" content=\"fr_FR\" \/>\n<meta property=\"og:type\" content=\"article\" \/>\n<meta property=\"og:title\" content=\"Silla Manicura con respaldo\/ silla con Ruedas. \/ Taburete con respaldo - Hanna Cosm\u00e9tica\" \/>\n<meta property=\"og:description\" content=\"silla\u00a0 de alta calidad , taburete de ruedas: la estructura del taburete est\u00e1 hecha de acero de alta calidad, fuerte y estable.&hellip;\" \/>\n<meta property=\"og:url\" content=\"https:\/\/hannacosmetica.com\/fr\/tienda\/mobiliario\/sillas\/silla-manicura-con-respaldo-silla-con-ruedas-taburete-con-respaldo\/\" \/>\n<meta property=\"og:site_name\" content=\"Hanna Cosm\u00e9tica\" \/>\n<meta property=\"og:image\" content=\"https:\/\/hannacosmetica.com\/wp-content\/uploads\/2025\/11\/Sin-titulo-470-x-420-px-100.png\" \/>\n\t<meta property=\"og:image:width\" content=\"1500\" \/>\n\t<meta property=\"og:image:height\" content=\"1313\" \/>\n\t<meta property=\"og:image:type\" content=\"image\/png\" \/>\n<meta name=\"twitter:card\" content=\"summary_large_image\" \/>\n<script type=\"application\/ld+json\" class=\"yoast-schema-graph\">{\"@context\":\"https:\/\/schema.org\",\"@graph\":[{\"@type\":\"WebPage\",\"@id\":\"https:\/\/hannacosmetica.com\/tienda\/mobiliario\/sillas\/silla-manicura-con-respaldo-silla-con-ruedas-taburete-con-respaldo\/\",\"url\":\"https:\/\/hannacosmetica.com\/tienda\/mobiliario\/sillas\/silla-manicura-con-respaldo-silla-con-ruedas-taburete-con-respaldo\/\",\"name\":\"Silla Manicura con respaldo\/ silla con Ruedas. \/ Taburete con respaldo - Hanna Cosm\u00e9tica\",\"isPartOf\":{\"@id\":\"https:\/\/hannacosmetica.com\/#website\"},\"datePublished\":\"2025-11-20T12:17:06+00:00\",\"dateModified\":\"2025-11-20T12:17:06+00:00\",\"breadcrumb\":{\"@id\":\"https:\/\/hannacosmetica.com\/tienda\/mobiliario\/sillas\/silla-manicura-con-respaldo-silla-con-ruedas-taburete-con-respaldo\/#breadcrumb\"},\"inLanguage\":\"fr-FR\",\"potentialAction\":[{\"@type\":\"ReadAction\",\"target\":[\"https:\/\/hannacosmetica.com\/tienda\/mobiliario\/sillas\/silla-manicura-con-respaldo-silla-con-ruedas-taburete-con-respaldo\/\"]}]},{\"@type\":\"BreadcrumbList\",\"@id\":\"https:\/\/hannacosmetica.com\/tienda\/mobiliario\/sillas\/silla-manicura-con-respaldo-silla-con-ruedas-taburete-con-respaldo\/#breadcrumb\",\"itemListElement\":[{\"@type\":\"ListItem\",\"position\":1,\"name\":\"Portada\",\"item\":\"https:\/\/hannacosmetica.com\/\"},{\"@type\":\"ListItem\",\"position\":2,\"name\":\"Tienda\",\"item\":\"https:\/\/hannacosmetica.com\/shop\/\"},{\"@type\":\"ListItem\",\"position\":3,\"name\":\"Silla Manicura con respaldo\/ silla con Ruedas. \/ Taburete con respaldo\"}]},{\"@type\":\"WebSite\",\"@id\":\"https:\/\/hannacosmetica.com\/#website\",\"url\":\"https:\/\/hannacosmetica.com\/\",\"name\":\"Hanna Cosm\u00e9tica\",\"description\":\"Tienda de productos u\u00f1as, bellezas y peluquer\u00edas\",\"publisher\":{\"@id\":\"https:\/\/hannacosmetica.com\/#organization\"},\"potentialAction\":[{\"@type\":\"SearchAction\",\"target\":{\"@type\":\"EntryPoint\",\"urlTemplate\":\"https:\/\/hannacosmetica.com\/?s={search_term_string}\"},\"query-input\":\"required name=search_term_string\"}],\"inLanguage\":\"fr-FR\"},{\"@type\":\"Organization\",\"@id\":\"https:\/\/hannacosmetica.com\/#organization\",\"name\":\"Hanna Cosm\u00e9tica\",\"url\":\"https:\/\/hannacosmetica.com\/\",\"logo\":{\"@type\":\"ImageObject\",\"inLanguage\":\"fr-FR\",\"@id\":\"https:\/\/hannacosmetica.com\/#\/schema\/logo\/image\/\",\"url\":\"https:\/\/hannacosmetica.com\/wp-content\/uploads\/2022\/07\/Logo-Joyeria-Femenino-Floral-Negro.png\",\"contentUrl\":\"https:\/\/hannacosmetica.com\/wp-content\/uploads\/2022\/07\/Logo-Joyeria-Femenino-Floral-Negro.png\",\"width\":361,\"height\":126,\"caption\":\"Hanna Cosm\u00e9tica\"},\"image\":{\"@id\":\"https:\/\/hannacosmetica.com\/#\/schema\/logo\/image\/\"}}]}<\/script>\n<!-- \/ Yoast SEO plugin. -->","yoast_head_json":{"title":"Silla Manicura con respaldo\/ silla con Ruedas. \/ Taburete con respaldo - Hanna Cosm\u00e9tica","robots":{"index":"index","follow":"follow","max-snippet":"max-snippet:-1","max-image-preview":"max-image-preview:large","max-video-preview":"max-video-preview:-1"},"canonical":"https:\/\/hannacosmetica.com\/fr\/tienda\/mobiliario\/sillas\/silla-manicura-con-respaldo-silla-con-ruedas-taburete-con-respaldo\/","og_locale":"fr_FR","og_type":"article","og_title":"Silla Manicura con respaldo\/ silla con Ruedas. \/ Taburete con respaldo - Hanna Cosm\u00e9tica","og_description":"silla\u00a0 de alta calidad , taburete de ruedas: la estructura del taburete est\u00e1 hecha de acero de alta calidad, fuerte y estable.&hellip;","og_url":"https:\/\/hannacosmetica.com\/fr\/tienda\/mobiliario\/sillas\/silla-manicura-con-respaldo-silla-con-ruedas-taburete-con-respaldo\/","og_site_name":"Hanna Cosm\u00e9tica","og_image":[{"width":1500,"height":1313,"url":"https:\/\/hannacosmetica.com\/wp-content\/uploads\/2025\/11\/Sin-titulo-470-x-420-px-100.png","type":"image\/png"}],"twitter_card":"summary_large_image","schema":{"@context":"https:\/\/schema.org","@graph":[{"@type":"WebPage","@id":"https:\/\/hannacosmetica.com\/tienda\/mobiliario\/sillas\/silla-manicura-con-respaldo-silla-con-ruedas-taburete-con-respaldo\/","url":"https:\/\/hannacosmetica.com\/tienda\/mobiliario\/sillas\/silla-manicura-con-respaldo-silla-con-ruedas-taburete-con-respaldo\/","name":"Silla Manicura con respaldo\/ silla con Ruedas. \/ Taburete con respaldo - Hanna Cosm\u00e9tica","isPartOf":{"@id":"https:\/\/hannacosmetica.com\/#website"},"datePublished":"2025-11-20T12:17:06+00:00","dateModified":"2025-11-20T12:17:06+00:00","breadcrumb":{"@id":"https:\/\/hannacosmetica.com\/tienda\/mobiliario\/sillas\/silla-manicura-con-respaldo-silla-con-ruedas-taburete-con-respaldo\/#breadcrumb"},"inLanguage":"fr-FR","potentialAction":[{"@type":"ReadAction","target":["https:\/\/hannacosmetica.com\/tienda\/mobiliario\/sillas\/silla-manicura-con-respaldo-silla-con-ruedas-taburete-con-respaldo\/"]}]},{"@type":"BreadcrumbList","@id":"https:\/\/hannacosmetica.com\/tienda\/mobiliario\/sillas\/silla-manicura-con-respaldo-silla-con-ruedas-taburete-con-respaldo\/#breadcrumb","itemListElement":[{"@type":"ListItem","position":1,"name":"Portada","item":"https:\/\/hannacosmetica.com\/"},{"@type":"ListItem","position":2,"name":"Tienda","item":"https:\/\/hannacosmetica.com\/shop\/"},{"@type":"ListItem","position":3,"name":"Silla Manicura con respaldo\/ silla con Ruedas. \/ Taburete con respaldo"}]},{"@type":"WebSite","@id":"https:\/\/hannacosmetica.com\/#website","url":"https:\/\/hannacosmetica.com\/","name":"Hanna Cosm\u00e9tica","description":"Tienda de productos u\u00f1as, bellezas y peluquer\u00edas","publisher":{"@id":"https:\/\/hannacosmetica.com\/#organization"},"potentialAction":[{"@type":"SearchAction","target":{"@type":"EntryPoint","urlTemplate":"https:\/\/hannacosmetica.com\/?s={search_term_string}"},"query-input":"required name=search_term_string"}],"inLanguage":"fr-FR"},{"@type":"Organization","@id":"https:\/\/hannacosmetica.com\/#organization","name":"Hanna Cosm\u00e9tica","url":"https:\/\/hannacosmetica.com\/","logo":{"@type":"ImageObject","inLanguage":"fr-FR","@id":"https:\/\/hannacosmetica.com\/#\/schema\/logo\/image\/","url":"https:\/\/hannacosmetica.com\/wp-content\/uploads\/2022\/07\/Logo-Joyeria-Femenino-Floral-Negro.png","contentUrl":"https:\/\/hannacosmetica.com\/wp-content\/uploads\/2022\/07\/Logo-Joyeria-Femenino-Floral-Negro.png","width":361,"height":126,"caption":"Hanna Cosm\u00e9tica"},"image":{"@id":"https:\/\/hannacosmetica.com\/#\/schema\/logo\/image\/"}}]}},"_links":{"self":[{"href":"https:\/\/hannacosmetica.com\/fr\/wp-json\/wp\/v2\/product\/21688"}],"collection":[{"href":"https:\/\/hannacosmetica.com\/fr\/wp-json\/wp\/v2\/product"}],"about":[{"href":"https:\/\/hannacosmetica.com\/fr\/wp-json\/wp\/v2\/types\/product"}],"replies":[{"embeddable":true,"href":"https:\/\/hannacosmetica.com\/fr\/wp-json\/wp\/v2\/comments?post=21688"}],"version-history":[{"count":1,"href":"https:\/\/hannacosmetica.com\/fr\/wp-json\/wp\/v2\/product\/21688\/revisions"}],"predecessor-version":[{"id":21702,"href":"https:\/\/hannacosmetica.com\/fr\/wp-json\/wp\/v2\/product\/21688\/revisions\/21702"}],"wp:featuredmedia":[{"embeddable":true,"href":"https:\/\/hannacosmetica.com\/fr\/wp-json\/wp\/v2\/media\/21693"}],"wp:attachment":[{"href":"https:\/\/hannacosmetica.com\/fr\/wp-json\/wp\/v2\/media?parent=21688"}],"wp:term":[{"taxonomy":"product_cat","embeddable":true,"href":"https:\/\/hannacosmetica.com\/fr\/wp-json\/wp\/v2\/product_cat?post=21688"},{"taxonomy":"product_tag","embeddable":true,"href":"https:\/\/hannacosmetica.com\/fr\/wp-json\/wp\/v2\/product_tag?post=21688"}],"curies":[{"name":"wp","href":"https:\/\/api.w.org\/{rel}","templated":true}]}}