{"id":21635,"date":"2025-11-19T15:35:49","date_gmt":"2025-11-19T15:35:49","guid":{"rendered":"https:\/\/hannacosmetica.com\/?post_type=product&#038;p=21635"},"modified":"2025-12-01T17:14:46","modified_gmt":"2025-12-01T17:14:46","slug":"ojo-de-gato-b-16ml-por-unidad-hanna-cat-eyes","status":"publish","type":"product","link":"https:\/\/hannacosmetica.com\/fr\/tienda\/hanna-exclusive\/esmalte-hanna\/ojo-de-gato-b-16ml-por-unidad-hanna-cat-eyes\/","title":{"rendered":"Ojo de Gato-C 16ml por unidad Hanna\/ Cat Eyes"},"content":{"rendered":"<p><strong>nuevos Ojo de\u00a0 Gato de 16ml\u00a0 \u00a0Hanna\u00a0<\/strong><\/p>\n<ul class=\"a-unordered-list a-vertical a-spacing-mini\">\n<li class=\"a-spacing-mini\"><span class=\"a-list-item\">Esmaltes Ojo de Gato Semipermanentes para U\u00f1as\u00a0 Semipermanentes Cat Magn\u00e9tico Eye Gel Polish<\/span><\/li>\n<li class=\"a-spacing-mini\"><span class=\"a-list-item\">F\u00c1CIL APLICACI\u00d3N Y BUENA DURABILIDAD: La gama de esmaltes semipermanentes para u\u00f1as tiene una duraci\u00f3n de m\u00e1s de 21 d\u00edas con un brillo perfecto si se aplica correctamente, con una capa superior de gel base durante todo el proceso de aplicaci\u00f3n.<\/span><\/li>\n<\/ul>\n<p>Hermosa coleccion de esmaltes\u00a0 imantados para decorar tu u\u00f1as.<\/p>","protected":false},"excerpt":{"rendered":"<p>nuevos Ojo de\u00a0 Gato de 16ml\u00a0 \u00a0Hanna\u00a0 Esmaltes Ojo de Gato Semipermanentes para U\u00f1as\u00a0 Semipermanentes Cat Magn\u00e9tico Eye Gel Polish F\u00c1CIL APLICACI\u00d3N&hellip;<\/p>","protected":false},"featured_media":21636,"comment_status":"open","ping_status":"closed","template":"","meta":[],"product_cat":[305,304,82,89,87],"product_tag":[],"yoast_head":"<!-- This site is optimized with the Yoast SEO plugin v19.9 - https:\/\/yoast.com\/wordpress\/plugins\/seo\/ -->\n<title>Ojo de Gato-C 16ml por unidad Hanna\/ Cat Eyes - Hanna Cosm\u00e9tica<\/title>\n<meta name=\"robots\" content=\"index, follow, max-snippet:-1, max-image-preview:large, max-video-preview:-1\" \/>\n<link rel=\"canonical\" href=\"https:\/\/hannacosmetica.com\/fr\/tienda\/hanna-exclusive\/esmalte-hanna\/ojo-de-gato-b-16ml-por-unidad-hanna-cat-eyes\/\" \/>\n<meta property=\"og:locale\" content=\"fr_FR\" \/>\n<meta property=\"og:type\" content=\"article\" \/>\n<meta property=\"og:title\" content=\"Ojo de Gato-C 16ml por unidad Hanna\/ Cat Eyes - Hanna Cosm\u00e9tica\" \/>\n<meta property=\"og:description\" content=\"nuevos Ojo de\u00a0 Gato de 16ml\u00a0 \u00a0Hanna\u00a0 Esmaltes Ojo de Gato Semipermanentes para U\u00f1as\u00a0 Semipermanentes Cat Magn\u00e9tico Eye Gel Polish F\u00c1CIL APLICACI\u00d3N&hellip;\" \/>\n<meta property=\"og:url\" content=\"https:\/\/hannacosmetica.com\/fr\/tienda\/hanna-exclusive\/esmalte-hanna\/ojo-de-gato-b-16ml-por-unidad-hanna-cat-eyes\/\" \/>\n<meta property=\"og:site_name\" content=\"Hanna Cosm\u00e9tica\" \/>\n<meta property=\"article:modified_time\" content=\"2025-12-01T17:14:46+00:00\" \/>\n<meta property=\"og:image\" content=\"https:\/\/hannacosmetica.com\/wp-content\/uploads\/2025\/11\/Sin-titulo-470-x-420-px-84.png\" \/>\n\t<meta property=\"og:image:width\" content=\"1500\" \/>\n\t<meta property=\"og:image:height\" content=\"1313\" \/>\n\t<meta property=\"og:image:type\" content=\"image\/png\" \/>\n<meta name=\"twitter:card\" content=\"summary_large_image\" \/>\n<script type=\"application\/ld+json\" class=\"yoast-schema-graph\">{\"@context\":\"https:\/\/schema.org\",\"@graph\":[{\"@type\":\"WebPage\",\"@id\":\"https:\/\/hannacosmetica.com\/tienda\/hanna-exclusive\/esmalte-hanna\/ojo-de-gato-b-16ml-por-unidad-hanna-cat-eyes\/\",\"url\":\"https:\/\/hannacosmetica.com\/tienda\/hanna-exclusive\/esmalte-hanna\/ojo-de-gato-b-16ml-por-unidad-hanna-cat-eyes\/\",\"name\":\"Ojo de Gato-C 16ml por unidad Hanna\/ Cat Eyes - Hanna Cosm\u00e9tica\",\"isPartOf\":{\"@id\":\"https:\/\/hannacosmetica.com\/#website\"},\"datePublished\":\"2025-11-19T15:35:49+00:00\",\"dateModified\":\"2025-12-01T17:14:46+00:00\",\"breadcrumb\":{\"@id\":\"https:\/\/hannacosmetica.com\/tienda\/hanna-exclusive\/esmalte-hanna\/ojo-de-gato-b-16ml-por-unidad-hanna-cat-eyes\/#breadcrumb\"},\"inLanguage\":\"fr-FR\",\"potentialAction\":[{\"@type\":\"ReadAction\",\"target\":[\"https:\/\/hannacosmetica.com\/tienda\/hanna-exclusive\/esmalte-hanna\/ojo-de-gato-b-16ml-por-unidad-hanna-cat-eyes\/\"]}]},{\"@type\":\"BreadcrumbList\",\"@id\":\"https:\/\/hannacosmetica.com\/tienda\/hanna-exclusive\/esmalte-hanna\/ojo-de-gato-b-16ml-por-unidad-hanna-cat-eyes\/#breadcrumb\",\"itemListElement\":[{\"@type\":\"ListItem\",\"position\":1,\"name\":\"Portada\",\"item\":\"https:\/\/hannacosmetica.com\/\"},{\"@type\":\"ListItem\",\"position\":2,\"name\":\"Tienda\",\"item\":\"https:\/\/hannacosmetica.com\/shop\/\"},{\"@type\":\"ListItem\",\"position\":3,\"name\":\"Ojo de Gato-C 16ml por unidad Hanna\/ Cat Eyes\"}]},{\"@type\":\"WebSite\",\"@id\":\"https:\/\/hannacosmetica.com\/#website\",\"url\":\"https:\/\/hannacosmetica.com\/\",\"name\":\"Hanna Cosm\u00e9tica\",\"description\":\"Tienda de productos u\u00f1as, bellezas y peluquer\u00edas\",\"publisher\":{\"@id\":\"https:\/\/hannacosmetica.com\/#organization\"},\"potentialAction\":[{\"@type\":\"SearchAction\",\"target\":{\"@type\":\"EntryPoint\",\"urlTemplate\":\"https:\/\/hannacosmetica.com\/?s={search_term_string}\"},\"query-input\":\"required name=search_term_string\"}],\"inLanguage\":\"fr-FR\"},{\"@type\":\"Organization\",\"@id\":\"https:\/\/hannacosmetica.com\/#organization\",\"name\":\"Hanna Cosm\u00e9tica\",\"url\":\"https:\/\/hannacosmetica.com\/\",\"logo\":{\"@type\":\"ImageObject\",\"inLanguage\":\"fr-FR\",\"@id\":\"https:\/\/hannacosmetica.com\/#\/schema\/logo\/image\/\",\"url\":\"https:\/\/hannacosmetica.com\/wp-content\/uploads\/2022\/07\/Logo-Joyeria-Femenino-Floral-Negro.png\",\"contentUrl\":\"https:\/\/hannacosmetica.com\/wp-content\/uploads\/2022\/07\/Logo-Joyeria-Femenino-Floral-Negro.png\",\"width\":361,\"height\":126,\"caption\":\"Hanna Cosm\u00e9tica\"},\"image\":{\"@id\":\"https:\/\/hannacosmetica.com\/#\/schema\/logo\/image\/\"}}]}<\/script>\n<!-- \/ Yoast SEO plugin. -->","yoast_head_json":{"title":"Ojo de Gato-C 16ml por unidad Hanna\/ Cat Eyes - Hanna Cosm\u00e9tica","robots":{"index":"index","follow":"follow","max-snippet":"max-snippet:-1","max-image-preview":"max-image-preview:large","max-video-preview":"max-video-preview:-1"},"canonical":"https:\/\/hannacosmetica.com\/fr\/tienda\/hanna-exclusive\/esmalte-hanna\/ojo-de-gato-b-16ml-por-unidad-hanna-cat-eyes\/","og_locale":"fr_FR","og_type":"article","og_title":"Ojo de Gato-C 16ml por unidad Hanna\/ Cat Eyes - Hanna Cosm\u00e9tica","og_description":"nuevos Ojo de\u00a0 Gato de 16ml\u00a0 \u00a0Hanna\u00a0 Esmaltes Ojo de Gato Semipermanentes para U\u00f1as\u00a0 Semipermanentes Cat Magn\u00e9tico Eye Gel Polish F\u00c1CIL APLICACI\u00d3N&hellip;","og_url":"https:\/\/hannacosmetica.com\/fr\/tienda\/hanna-exclusive\/esmalte-hanna\/ojo-de-gato-b-16ml-por-unidad-hanna-cat-eyes\/","og_site_name":"Hanna Cosm\u00e9tica","article_modified_time":"2025-12-01T17:14:46+00:00","og_image":[{"width":1500,"height":1313,"url":"https:\/\/hannacosmetica.com\/wp-content\/uploads\/2025\/11\/Sin-titulo-470-x-420-px-84.png","type":"image\/png"}],"twitter_card":"summary_large_image","schema":{"@context":"https:\/\/schema.org","@graph":[{"@type":"WebPage","@id":"https:\/\/hannacosmetica.com\/tienda\/hanna-exclusive\/esmalte-hanna\/ojo-de-gato-b-16ml-por-unidad-hanna-cat-eyes\/","url":"https:\/\/hannacosmetica.com\/tienda\/hanna-exclusive\/esmalte-hanna\/ojo-de-gato-b-16ml-por-unidad-hanna-cat-eyes\/","name":"Ojo de Gato-C 16ml por unidad Hanna\/ Cat Eyes - Hanna Cosm\u00e9tica","isPartOf":{"@id":"https:\/\/hannacosmetica.com\/#website"},"datePublished":"2025-11-19T15:35:49+00:00","dateModified":"2025-12-01T17:14:46+00:00","breadcrumb":{"@id":"https:\/\/hannacosmetica.com\/tienda\/hanna-exclusive\/esmalte-hanna\/ojo-de-gato-b-16ml-por-unidad-hanna-cat-eyes\/#breadcrumb"},"inLanguage":"fr-FR","potentialAction":[{"@type":"ReadAction","target":["https:\/\/hannacosmetica.com\/tienda\/hanna-exclusive\/esmalte-hanna\/ojo-de-gato-b-16ml-por-unidad-hanna-cat-eyes\/"]}]},{"@type":"BreadcrumbList","@id":"https:\/\/hannacosmetica.com\/tienda\/hanna-exclusive\/esmalte-hanna\/ojo-de-gato-b-16ml-por-unidad-hanna-cat-eyes\/#breadcrumb","itemListElement":[{"@type":"ListItem","position":1,"name":"Portada","item":"https:\/\/hannacosmetica.com\/"},{"@type":"ListItem","position":2,"name":"Tienda","item":"https:\/\/hannacosmetica.com\/shop\/"},{"@type":"ListItem","position":3,"name":"Ojo de Gato-C 16ml por unidad Hanna\/ Cat Eyes"}]},{"@type":"WebSite","@id":"https:\/\/hannacosmetica.com\/#website","url":"https:\/\/hannacosmetica.com\/","name":"Hanna Cosm\u00e9tica","description":"Tienda de productos u\u00f1as, bellezas y peluquer\u00edas","publisher":{"@id":"https:\/\/hannacosmetica.com\/#organization"},"potentialAction":[{"@type":"SearchAction","target":{"@type":"EntryPoint","urlTemplate":"https:\/\/hannacosmetica.com\/?s={search_term_string}"},"query-input":"required name=search_term_string"}],"inLanguage":"fr-FR"},{"@type":"Organization","@id":"https:\/\/hannacosmetica.com\/#organization","name":"Hanna Cosm\u00e9tica","url":"https:\/\/hannacosmetica.com\/","logo":{"@type":"ImageObject","inLanguage":"fr-FR","@id":"https:\/\/hannacosmetica.com\/#\/schema\/logo\/image\/","url":"https:\/\/hannacosmetica.com\/wp-content\/uploads\/2022\/07\/Logo-Joyeria-Femenino-Floral-Negro.png","contentUrl":"https:\/\/hannacosmetica.com\/wp-content\/uploads\/2022\/07\/Logo-Joyeria-Femenino-Floral-Negro.png","width":361,"height":126,"caption":"Hanna Cosm\u00e9tica"},"image":{"@id":"https:\/\/hannacosmetica.com\/#\/schema\/logo\/image\/"}}]}},"_links":{"self":[{"href":"https:\/\/hannacosmetica.com\/fr\/wp-json\/wp\/v2\/product\/21635"}],"collection":[{"href":"https:\/\/hannacosmetica.com\/fr\/wp-json\/wp\/v2\/product"}],"about":[{"href":"https:\/\/hannacosmetica.com\/fr\/wp-json\/wp\/v2\/types\/product"}],"replies":[{"embeddable":true,"href":"https:\/\/hannacosmetica.com\/fr\/wp-json\/wp\/v2\/comments?post=21635"}],"version-history":[{"count":2,"href":"https:\/\/hannacosmetica.com\/fr\/wp-json\/wp\/v2\/product\/21635\/revisions"}],"predecessor-version":[{"id":21752,"href":"https:\/\/hannacosmetica.com\/fr\/wp-json\/wp\/v2\/product\/21635\/revisions\/21752"}],"wp:featuredmedia":[{"embeddable":true,"href":"https:\/\/hannacosmetica.com\/fr\/wp-json\/wp\/v2\/media\/21636"}],"wp:attachment":[{"href":"https:\/\/hannacosmetica.com\/fr\/wp-json\/wp\/v2\/media?parent=21635"}],"wp:term":[{"taxonomy":"product_cat","embeddable":true,"href":"https:\/\/hannacosmetica.com\/fr\/wp-json\/wp\/v2\/product_cat?post=21635"},{"taxonomy":"product_tag","embeddable":true,"href":"https:\/\/hannacosmetica.com\/fr\/wp-json\/wp\/v2\/product_tag?post=21635"}],"curies":[{"name":"wp","href":"https:\/\/api.w.org\/{rel}","templated":true}]}}