{"id":21489,"date":"2025-11-18T17:34:24","date_gmt":"2025-11-18T17:34:24","guid":{"rendered":"https:\/\/hannacosmetica.com\/?post_type=product&#038;p=21489"},"modified":"2025-11-18T17:34:25","modified_gmt":"2025-11-18T17:34:25","slug":"nail-prep-15ml-hanna-preparador-de-unas","status":"publish","type":"product","link":"https:\/\/hannacosmetica.com\/fr\/tienda\/hanna-exclusive\/esmalte-hanna\/nail-prep-15ml-hanna-preparador-de-unas\/","title":{"rendered":"Nail Prep 15ml Hanna \/ Preparador de U\u00f1as"},"content":{"rendered":"<ul class=\"a-unordered-list a-vertical a-spacing-mini\">\n<li class=\"a-spacing-mini\"><span class=\"a-list-item\">[Limpia las u\u00f1as] Nail Prep elimina la grasa, la suciedad y los residuos de la superficie de las u\u00f1as, dej\u00e1ndolas limpias y listas para aplicar esmalte u otros tratamientos.<\/span><\/li>\n<li class=\"a-spacing-mini\"><span class=\"a-list-item\">\ud83d\udc85 [Prepara la superficie de las u\u00f1as] Alisa la superficie de las u\u00f1as para mejorar la adherencia del esmalte o el gel, lo que se traduce en resultados m\u00e1s duraderos.<\/span><\/li>\n<li class=\"a-spacing-mini\"><span class=\"a-list-item\">\ud83d\udc85 [Deshidrata las u\u00f1as] Elimina el exceso de humedad y grasa, lo que mejora la adherencia del esmalte u otros productos y evita que se descascaren.<\/span><\/li>\n<li class=\"a-spacing-mini\"><span class=\"a-list-item\">\ud83d\udc85 [Mejora la durabilidad] Proporciona una superficie limpia y seca que reduce el descascarillado y las grietas del esmalte, lo que hace que la manicura dure m\u00e1s tiempo.<\/span><\/li>\n<li class=\"a-spacing-mini\"><span class=\"a-list-item\">\ud83d\udc85 [Favorece la salud de las u\u00f1as] El uso regular de Nail Prep protege contra las infecciones y mantiene la u\u00f1a sana, libre de residuos nocivos.<\/span><\/li>\n<\/ul>\n","protected":false},"excerpt":{"rendered":"<p>[Limpia las u\u00f1as] Nail Prep elimina la grasa, la suciedad y los residuos de la superficie de las u\u00f1as, dej\u00e1ndolas limpias y&hellip;<\/p>\n","protected":false},"featured_media":21490,"comment_status":"open","ping_status":"closed","template":"","meta":[],"product_cat":[462,152,305,304,82,87],"product_tag":[],"yoast_head":"<!-- This site is optimized with the Yoast SEO plugin v19.9 - https:\/\/yoast.com\/wordpress\/plugins\/seo\/ -->\n<title>Nail Prep 15ml Hanna \/ Preparador de U\u00f1as - Hanna Cosm\u00e9tica<\/title>\n<meta name=\"robots\" content=\"index, follow, max-snippet:-1, max-image-preview:large, max-video-preview:-1\" \/>\n<link rel=\"canonical\" href=\"https:\/\/hannacosmetica.com\/fr\/tienda\/hanna-exclusive\/esmalte-hanna\/nail-prep-15ml-hanna-preparador-de-unas\/\" \/>\n<meta property=\"og:locale\" content=\"fr_FR\" \/>\n<meta property=\"og:type\" content=\"article\" \/>\n<meta property=\"og:title\" content=\"Nail Prep 15ml Hanna \/ Preparador de U\u00f1as - Hanna Cosm\u00e9tica\" \/>\n<meta property=\"og:description\" content=\"[Limpia las u\u00f1as] Nail Prep elimina la grasa, la suciedad y los residuos de la superficie de las u\u00f1as, dej\u00e1ndolas limpias y&hellip;\" \/>\n<meta property=\"og:url\" content=\"https:\/\/hannacosmetica.com\/fr\/tienda\/hanna-exclusive\/esmalte-hanna\/nail-prep-15ml-hanna-preparador-de-unas\/\" \/>\n<meta property=\"og:site_name\" content=\"Hanna Cosm\u00e9tica\" \/>\n<meta property=\"article:modified_time\" content=\"2025-11-18T17:34:25+00:00\" \/>\n<meta property=\"og:image\" content=\"https:\/\/hannacosmetica.com\/wp-content\/uploads\/2025\/11\/Sin-titulo-470-x-420-px-45.png\" \/>\n\t<meta property=\"og:image:width\" content=\"1500\" \/>\n\t<meta property=\"og:image:height\" content=\"1313\" \/>\n\t<meta property=\"og:image:type\" content=\"image\/png\" \/>\n<meta name=\"twitter:card\" content=\"summary_large_image\" \/>\n<script type=\"application\/ld+json\" class=\"yoast-schema-graph\">{\"@context\":\"https:\/\/schema.org\",\"@graph\":[{\"@type\":\"WebPage\",\"@id\":\"https:\/\/hannacosmetica.com\/tienda\/hanna-exclusive\/esmalte-hanna\/nail-prep-15ml-hanna-preparador-de-unas\/\",\"url\":\"https:\/\/hannacosmetica.com\/tienda\/hanna-exclusive\/esmalte-hanna\/nail-prep-15ml-hanna-preparador-de-unas\/\",\"name\":\"Nail Prep 15ml Hanna \/ Preparador de U\u00f1as - Hanna Cosm\u00e9tica\",\"isPartOf\":{\"@id\":\"https:\/\/hannacosmetica.com\/#website\"},\"datePublished\":\"2025-11-18T17:34:24+00:00\",\"dateModified\":\"2025-11-18T17:34:25+00:00\",\"breadcrumb\":{\"@id\":\"https:\/\/hannacosmetica.com\/tienda\/hanna-exclusive\/esmalte-hanna\/nail-prep-15ml-hanna-preparador-de-unas\/#breadcrumb\"},\"inLanguage\":\"fr-FR\",\"potentialAction\":[{\"@type\":\"ReadAction\",\"target\":[\"https:\/\/hannacosmetica.com\/tienda\/hanna-exclusive\/esmalte-hanna\/nail-prep-15ml-hanna-preparador-de-unas\/\"]}]},{\"@type\":\"BreadcrumbList\",\"@id\":\"https:\/\/hannacosmetica.com\/tienda\/hanna-exclusive\/esmalte-hanna\/nail-prep-15ml-hanna-preparador-de-unas\/#breadcrumb\",\"itemListElement\":[{\"@type\":\"ListItem\",\"position\":1,\"name\":\"Portada\",\"item\":\"https:\/\/hannacosmetica.com\/\"},{\"@type\":\"ListItem\",\"position\":2,\"name\":\"Tienda\",\"item\":\"https:\/\/hannacosmetica.com\/shop\/\"},{\"@type\":\"ListItem\",\"position\":3,\"name\":\"Nail Prep 15ml Hanna \/ Preparador de U\u00f1as\"}]},{\"@type\":\"WebSite\",\"@id\":\"https:\/\/hannacosmetica.com\/#website\",\"url\":\"https:\/\/hannacosmetica.com\/\",\"name\":\"Hanna Cosm\u00e9tica\",\"description\":\"Tienda de productos u\u00f1as, bellezas y peluquer\u00edas\",\"publisher\":{\"@id\":\"https:\/\/hannacosmetica.com\/#organization\"},\"potentialAction\":[{\"@type\":\"SearchAction\",\"target\":{\"@type\":\"EntryPoint\",\"urlTemplate\":\"https:\/\/hannacosmetica.com\/?s={search_term_string}\"},\"query-input\":\"required name=search_term_string\"}],\"inLanguage\":\"fr-FR\"},{\"@type\":\"Organization\",\"@id\":\"https:\/\/hannacosmetica.com\/#organization\",\"name\":\"Hanna Cosm\u00e9tica\",\"url\":\"https:\/\/hannacosmetica.com\/\",\"logo\":{\"@type\":\"ImageObject\",\"inLanguage\":\"fr-FR\",\"@id\":\"https:\/\/hannacosmetica.com\/#\/schema\/logo\/image\/\",\"url\":\"https:\/\/hannacosmetica.com\/wp-content\/uploads\/2022\/07\/Logo-Joyeria-Femenino-Floral-Negro.png\",\"contentUrl\":\"https:\/\/hannacosmetica.com\/wp-content\/uploads\/2022\/07\/Logo-Joyeria-Femenino-Floral-Negro.png\",\"width\":361,\"height\":126,\"caption\":\"Hanna Cosm\u00e9tica\"},\"image\":{\"@id\":\"https:\/\/hannacosmetica.com\/#\/schema\/logo\/image\/\"}}]}<\/script>\n<!-- \/ Yoast SEO plugin. -->","yoast_head_json":{"title":"Nail Prep 15ml Hanna \/ Preparador de U\u00f1as - Hanna Cosm\u00e9tica","robots":{"index":"index","follow":"follow","max-snippet":"max-snippet:-1","max-image-preview":"max-image-preview:large","max-video-preview":"max-video-preview:-1"},"canonical":"https:\/\/hannacosmetica.com\/fr\/tienda\/hanna-exclusive\/esmalte-hanna\/nail-prep-15ml-hanna-preparador-de-unas\/","og_locale":"fr_FR","og_type":"article","og_title":"Nail Prep 15ml Hanna \/ Preparador de U\u00f1as - Hanna Cosm\u00e9tica","og_description":"[Limpia las u\u00f1as] Nail Prep elimina la grasa, la suciedad y los residuos de la superficie de las u\u00f1as, dej\u00e1ndolas limpias y&hellip;","og_url":"https:\/\/hannacosmetica.com\/fr\/tienda\/hanna-exclusive\/esmalte-hanna\/nail-prep-15ml-hanna-preparador-de-unas\/","og_site_name":"Hanna Cosm\u00e9tica","article_modified_time":"2025-11-18T17:34:25+00:00","og_image":[{"width":1500,"height":1313,"url":"https:\/\/hannacosmetica.com\/wp-content\/uploads\/2025\/11\/Sin-titulo-470-x-420-px-45.png","type":"image\/png"}],"twitter_card":"summary_large_image","schema":{"@context":"https:\/\/schema.org","@graph":[{"@type":"WebPage","@id":"https:\/\/hannacosmetica.com\/tienda\/hanna-exclusive\/esmalte-hanna\/nail-prep-15ml-hanna-preparador-de-unas\/","url":"https:\/\/hannacosmetica.com\/tienda\/hanna-exclusive\/esmalte-hanna\/nail-prep-15ml-hanna-preparador-de-unas\/","name":"Nail Prep 15ml Hanna \/ Preparador de U\u00f1as - Hanna Cosm\u00e9tica","isPartOf":{"@id":"https:\/\/hannacosmetica.com\/#website"},"datePublished":"2025-11-18T17:34:24+00:00","dateModified":"2025-11-18T17:34:25+00:00","breadcrumb":{"@id":"https:\/\/hannacosmetica.com\/tienda\/hanna-exclusive\/esmalte-hanna\/nail-prep-15ml-hanna-preparador-de-unas\/#breadcrumb"},"inLanguage":"fr-FR","potentialAction":[{"@type":"ReadAction","target":["https:\/\/hannacosmetica.com\/tienda\/hanna-exclusive\/esmalte-hanna\/nail-prep-15ml-hanna-preparador-de-unas\/"]}]},{"@type":"BreadcrumbList","@id":"https:\/\/hannacosmetica.com\/tienda\/hanna-exclusive\/esmalte-hanna\/nail-prep-15ml-hanna-preparador-de-unas\/#breadcrumb","itemListElement":[{"@type":"ListItem","position":1,"name":"Portada","item":"https:\/\/hannacosmetica.com\/"},{"@type":"ListItem","position":2,"name":"Tienda","item":"https:\/\/hannacosmetica.com\/shop\/"},{"@type":"ListItem","position":3,"name":"Nail Prep 15ml Hanna \/ Preparador de U\u00f1as"}]},{"@type":"WebSite","@id":"https:\/\/hannacosmetica.com\/#website","url":"https:\/\/hannacosmetica.com\/","name":"Hanna Cosm\u00e9tica","description":"Tienda de productos u\u00f1as, bellezas y peluquer\u00edas","publisher":{"@id":"https:\/\/hannacosmetica.com\/#organization"},"potentialAction":[{"@type":"SearchAction","target":{"@type":"EntryPoint","urlTemplate":"https:\/\/hannacosmetica.com\/?s={search_term_string}"},"query-input":"required name=search_term_string"}],"inLanguage":"fr-FR"},{"@type":"Organization","@id":"https:\/\/hannacosmetica.com\/#organization","name":"Hanna Cosm\u00e9tica","url":"https:\/\/hannacosmetica.com\/","logo":{"@type":"ImageObject","inLanguage":"fr-FR","@id":"https:\/\/hannacosmetica.com\/#\/schema\/logo\/image\/","url":"https:\/\/hannacosmetica.com\/wp-content\/uploads\/2022\/07\/Logo-Joyeria-Femenino-Floral-Negro.png","contentUrl":"https:\/\/hannacosmetica.com\/wp-content\/uploads\/2022\/07\/Logo-Joyeria-Femenino-Floral-Negro.png","width":361,"height":126,"caption":"Hanna Cosm\u00e9tica"},"image":{"@id":"https:\/\/hannacosmetica.com\/#\/schema\/logo\/image\/"}}]}},"_links":{"self":[{"href":"https:\/\/hannacosmetica.com\/fr\/wp-json\/wp\/v2\/product\/21489"}],"collection":[{"href":"https:\/\/hannacosmetica.com\/fr\/wp-json\/wp\/v2\/product"}],"about":[{"href":"https:\/\/hannacosmetica.com\/fr\/wp-json\/wp\/v2\/types\/product"}],"replies":[{"embeddable":true,"href":"https:\/\/hannacosmetica.com\/fr\/wp-json\/wp\/v2\/comments?post=21489"}],"version-history":[{"count":1,"href":"https:\/\/hannacosmetica.com\/fr\/wp-json\/wp\/v2\/product\/21489\/revisions"}],"predecessor-version":[{"id":21491,"href":"https:\/\/hannacosmetica.com\/fr\/wp-json\/wp\/v2\/product\/21489\/revisions\/21491"}],"wp:featuredmedia":[{"embeddable":true,"href":"https:\/\/hannacosmetica.com\/fr\/wp-json\/wp\/v2\/media\/21490"}],"wp:attachment":[{"href":"https:\/\/hannacosmetica.com\/fr\/wp-json\/wp\/v2\/media?parent=21489"}],"wp:term":[{"taxonomy":"product_cat","embeddable":true,"href":"https:\/\/hannacosmetica.com\/fr\/wp-json\/wp\/v2\/product_cat?post=21489"},{"taxonomy":"product_tag","embeddable":true,"href":"https:\/\/hannacosmetica.com\/fr\/wp-json\/wp\/v2\/product_tag?post=21489"}],"curies":[{"name":"wp","href":"https:\/\/api.w.org\/{rel}","templated":true}]}}