{"id":21080,"date":"2025-08-11T10:09:30","date_gmt":"2025-08-11T10:09:30","guid":{"rendered":"https:\/\/hannacosmetica.com\/?post_type=product&#038;p=21080"},"modified":"2025-08-11T10:09:30","modified_gmt":"2025-08-11T10:09:30","slug":"pincel-de-silicona-3u","status":"publish","type":"product","link":"https:\/\/hannacosmetica.com\/fr\/tienda\/hanna-exclusive\/pincel\/pincel-de-silicona-3u\/","title":{"rendered":"Pincel de silicona 3U"},"content":{"rendered":"<ul class=\"a-unordered-list a-vertical a-spacing-mini\">\n<li class=\"a-spacing-mini\"><span class=\"a-list-item\"><span>Juego de herramientas multifuncionales para decoraci\u00f3n de u\u00f1as: la herramienta de silicona para u\u00f1as de 3 piezas con dos puntas es adecuada para diversas creaciones de arte de u\u00f1as, como pintar, dar forma, untar, aplicar pegatinas y tallar, etc. Es adecuado para principiantes o manicuristas experimentados y satisface una variedad de necesidades de dise\u00f1o de arte de u\u00f1as.<\/span><\/span><\/li>\n<li class=\"a-spacing-mini\"><span class=\"a-list-item\"><span>Material, Las puntas de estas herramientas de modelado de silicona est\u00e1n hechas de silicona, suave y flexible. Adem\u00e1s de ser resistentes al desgaste, son f\u00e1ciles de limpiar, eliminando la dificultad de limpieza de los pinceles de manicura convencionales y garantizando la higiene y la seguridad.<\/span><\/span><\/li>\n<li class=\"a-spacing-mini\"><span class=\"a-list-item\"><span>Dise\u00f1o de doble cabeza: este pincel de gel de modelado para manicura presenta un innovador dise\u00f1o de doble cabeza, con un extremo utilizado para contornear con precisi\u00f3n y el otro extremo adecuado para rellenar \u00e1reas grandes, lo que simplifica los cambios de herramientas durante la manicura, desde la capa base hasta los detalles decorativos en una sola pasada, haciendo que su trabajo de manicura sea m\u00e1s conveniente<\/span><\/span><\/li>\n<li class=\"a-spacing-mini\"><span class=\"a-list-item\"><span>Control preciso: la punta de silicona de este pincel para decoraci\u00f3n de u\u00f1as tiene un dise\u00f1o c\u00f3nico flexible y el\u00e1stico, que le permite controlar con precisi\u00f3n la fuerza aplicada y lograr una manicura profesional incluso con patrones complejos o los espacios m\u00e1s peque\u00f1os.<\/span><\/span><\/li>\n<\/ul>","protected":false},"excerpt":{"rendered":"<p>Juego de herramientas multifuncionales para decoraci\u00f3n de u\u00f1as: la herramienta de silicona para u\u00f1as de 3 piezas con dos puntas es adecuada&hellip;<\/p>","protected":false},"featured_media":21082,"comment_status":"open","ping_status":"closed","template":"","meta":[],"product_cat":[304,316,82,97,87],"product_tag":[],"yoast_head":"<!-- This site is optimized with the Yoast SEO plugin v19.9 - https:\/\/yoast.com\/wordpress\/plugins\/seo\/ -->\n<title>Pincel de silicona 3U - Hanna Cosm\u00e9tica<\/title>\n<meta name=\"robots\" content=\"index, follow, max-snippet:-1, max-image-preview:large, max-video-preview:-1\" \/>\n<link rel=\"canonical\" href=\"https:\/\/hannacosmetica.com\/fr\/tienda\/hanna-exclusive\/pincel\/pincel-de-silicona-3u\/\" \/>\n<meta property=\"og:locale\" content=\"fr_FR\" \/>\n<meta property=\"og:type\" content=\"article\" \/>\n<meta property=\"og:title\" content=\"Pincel de silicona 3U - Hanna Cosm\u00e9tica\" \/>\n<meta property=\"og:description\" content=\"Juego de herramientas multifuncionales para decoraci\u00f3n de u\u00f1as: la herramienta de silicona para u\u00f1as de 3 piezas con dos puntas es adecuada&hellip;\" \/>\n<meta property=\"og:url\" content=\"https:\/\/hannacosmetica.com\/fr\/tienda\/hanna-exclusive\/pincel\/pincel-de-silicona-3u\/\" \/>\n<meta property=\"og:site_name\" content=\"Hanna Cosm\u00e9tica\" \/>\n<meta property=\"og:image\" content=\"https:\/\/hannacosmetica.com\/wp-content\/uploads\/2025\/08\/5-Patas-para-una-mayor-firmeza-1.pdf-2025-08-11T113616.644.png\" \/>\n\t<meta property=\"og:image:width\" content=\"1469\" \/>\n\t<meta property=\"og:image:height\" content=\"1313\" \/>\n\t<meta property=\"og:image:type\" content=\"image\/png\" \/>\n<meta name=\"twitter:card\" content=\"summary_large_image\" \/>\n<script type=\"application\/ld+json\" class=\"yoast-schema-graph\">{\"@context\":\"https:\/\/schema.org\",\"@graph\":[{\"@type\":\"WebPage\",\"@id\":\"https:\/\/hannacosmetica.com\/tienda\/hanna-exclusive\/pincel\/pincel-de-silicona-3u\/\",\"url\":\"https:\/\/hannacosmetica.com\/tienda\/hanna-exclusive\/pincel\/pincel-de-silicona-3u\/\",\"name\":\"Pincel de silicona 3U - Hanna Cosm\u00e9tica\",\"isPartOf\":{\"@id\":\"https:\/\/hannacosmetica.com\/#website\"},\"datePublished\":\"2025-08-11T10:09:30+00:00\",\"dateModified\":\"2025-08-11T10:09:30+00:00\",\"breadcrumb\":{\"@id\":\"https:\/\/hannacosmetica.com\/tienda\/hanna-exclusive\/pincel\/pincel-de-silicona-3u\/#breadcrumb\"},\"inLanguage\":\"fr-FR\",\"potentialAction\":[{\"@type\":\"ReadAction\",\"target\":[\"https:\/\/hannacosmetica.com\/tienda\/hanna-exclusive\/pincel\/pincel-de-silicona-3u\/\"]}]},{\"@type\":\"BreadcrumbList\",\"@id\":\"https:\/\/hannacosmetica.com\/tienda\/hanna-exclusive\/pincel\/pincel-de-silicona-3u\/#breadcrumb\",\"itemListElement\":[{\"@type\":\"ListItem\",\"position\":1,\"name\":\"Portada\",\"item\":\"https:\/\/hannacosmetica.com\/\"},{\"@type\":\"ListItem\",\"position\":2,\"name\":\"Tienda\",\"item\":\"https:\/\/hannacosmetica.com\/shop\/\"},{\"@type\":\"ListItem\",\"position\":3,\"name\":\"Pincel de silicona 3U\"}]},{\"@type\":\"WebSite\",\"@id\":\"https:\/\/hannacosmetica.com\/#website\",\"url\":\"https:\/\/hannacosmetica.com\/\",\"name\":\"Hanna Cosm\u00e9tica\",\"description\":\"Tienda de productos u\u00f1as, bellezas y peluquer\u00edas\",\"publisher\":{\"@id\":\"https:\/\/hannacosmetica.com\/#organization\"},\"potentialAction\":[{\"@type\":\"SearchAction\",\"target\":{\"@type\":\"EntryPoint\",\"urlTemplate\":\"https:\/\/hannacosmetica.com\/?s={search_term_string}\"},\"query-input\":\"required name=search_term_string\"}],\"inLanguage\":\"fr-FR\"},{\"@type\":\"Organization\",\"@id\":\"https:\/\/hannacosmetica.com\/#organization\",\"name\":\"Hanna Cosm\u00e9tica\",\"url\":\"https:\/\/hannacosmetica.com\/\",\"logo\":{\"@type\":\"ImageObject\",\"inLanguage\":\"fr-FR\",\"@id\":\"https:\/\/hannacosmetica.com\/#\/schema\/logo\/image\/\",\"url\":\"https:\/\/hannacosmetica.com\/wp-content\/uploads\/2022\/07\/Logo-Joyeria-Femenino-Floral-Negro.png\",\"contentUrl\":\"https:\/\/hannacosmetica.com\/wp-content\/uploads\/2022\/07\/Logo-Joyeria-Femenino-Floral-Negro.png\",\"width\":361,\"height\":126,\"caption\":\"Hanna Cosm\u00e9tica\"},\"image\":{\"@id\":\"https:\/\/hannacosmetica.com\/#\/schema\/logo\/image\/\"}}]}<\/script>\n<!-- \/ Yoast SEO plugin. -->","yoast_head_json":{"title":"Pincel de silicona 3U - Hanna Cosm\u00e9tica","robots":{"index":"index","follow":"follow","max-snippet":"max-snippet:-1","max-image-preview":"max-image-preview:large","max-video-preview":"max-video-preview:-1"},"canonical":"https:\/\/hannacosmetica.com\/fr\/tienda\/hanna-exclusive\/pincel\/pincel-de-silicona-3u\/","og_locale":"fr_FR","og_type":"article","og_title":"Pincel de silicona 3U - Hanna Cosm\u00e9tica","og_description":"Juego de herramientas multifuncionales para decoraci\u00f3n de u\u00f1as: la herramienta de silicona para u\u00f1as de 3 piezas con dos puntas es adecuada&hellip;","og_url":"https:\/\/hannacosmetica.com\/fr\/tienda\/hanna-exclusive\/pincel\/pincel-de-silicona-3u\/","og_site_name":"Hanna Cosm\u00e9tica","og_image":[{"width":1469,"height":1313,"url":"https:\/\/hannacosmetica.com\/wp-content\/uploads\/2025\/08\/5-Patas-para-una-mayor-firmeza-1.pdf-2025-08-11T113616.644.png","type":"image\/png"}],"twitter_card":"summary_large_image","schema":{"@context":"https:\/\/schema.org","@graph":[{"@type":"WebPage","@id":"https:\/\/hannacosmetica.com\/tienda\/hanna-exclusive\/pincel\/pincel-de-silicona-3u\/","url":"https:\/\/hannacosmetica.com\/tienda\/hanna-exclusive\/pincel\/pincel-de-silicona-3u\/","name":"Pincel de silicona 3U - Hanna Cosm\u00e9tica","isPartOf":{"@id":"https:\/\/hannacosmetica.com\/#website"},"datePublished":"2025-08-11T10:09:30+00:00","dateModified":"2025-08-11T10:09:30+00:00","breadcrumb":{"@id":"https:\/\/hannacosmetica.com\/tienda\/hanna-exclusive\/pincel\/pincel-de-silicona-3u\/#breadcrumb"},"inLanguage":"fr-FR","potentialAction":[{"@type":"ReadAction","target":["https:\/\/hannacosmetica.com\/tienda\/hanna-exclusive\/pincel\/pincel-de-silicona-3u\/"]}]},{"@type":"BreadcrumbList","@id":"https:\/\/hannacosmetica.com\/tienda\/hanna-exclusive\/pincel\/pincel-de-silicona-3u\/#breadcrumb","itemListElement":[{"@type":"ListItem","position":1,"name":"Portada","item":"https:\/\/hannacosmetica.com\/"},{"@type":"ListItem","position":2,"name":"Tienda","item":"https:\/\/hannacosmetica.com\/shop\/"},{"@type":"ListItem","position":3,"name":"Pincel de silicona 3U"}]},{"@type":"WebSite","@id":"https:\/\/hannacosmetica.com\/#website","url":"https:\/\/hannacosmetica.com\/","name":"Hanna Cosm\u00e9tica","description":"Tienda de productos u\u00f1as, bellezas y peluquer\u00edas","publisher":{"@id":"https:\/\/hannacosmetica.com\/#organization"},"potentialAction":[{"@type":"SearchAction","target":{"@type":"EntryPoint","urlTemplate":"https:\/\/hannacosmetica.com\/?s={search_term_string}"},"query-input":"required name=search_term_string"}],"inLanguage":"fr-FR"},{"@type":"Organization","@id":"https:\/\/hannacosmetica.com\/#organization","name":"Hanna Cosm\u00e9tica","url":"https:\/\/hannacosmetica.com\/","logo":{"@type":"ImageObject","inLanguage":"fr-FR","@id":"https:\/\/hannacosmetica.com\/#\/schema\/logo\/image\/","url":"https:\/\/hannacosmetica.com\/wp-content\/uploads\/2022\/07\/Logo-Joyeria-Femenino-Floral-Negro.png","contentUrl":"https:\/\/hannacosmetica.com\/wp-content\/uploads\/2022\/07\/Logo-Joyeria-Femenino-Floral-Negro.png","width":361,"height":126,"caption":"Hanna Cosm\u00e9tica"},"image":{"@id":"https:\/\/hannacosmetica.com\/#\/schema\/logo\/image\/"}}]}},"_links":{"self":[{"href":"https:\/\/hannacosmetica.com\/fr\/wp-json\/wp\/v2\/product\/21080"}],"collection":[{"href":"https:\/\/hannacosmetica.com\/fr\/wp-json\/wp\/v2\/product"}],"about":[{"href":"https:\/\/hannacosmetica.com\/fr\/wp-json\/wp\/v2\/types\/product"}],"replies":[{"embeddable":true,"href":"https:\/\/hannacosmetica.com\/fr\/wp-json\/wp\/v2\/comments?post=21080"}],"version-history":[{"count":1,"href":"https:\/\/hannacosmetica.com\/fr\/wp-json\/wp\/v2\/product\/21080\/revisions"}],"predecessor-version":[{"id":21084,"href":"https:\/\/hannacosmetica.com\/fr\/wp-json\/wp\/v2\/product\/21080\/revisions\/21084"}],"wp:featuredmedia":[{"embeddable":true,"href":"https:\/\/hannacosmetica.com\/fr\/wp-json\/wp\/v2\/media\/21082"}],"wp:attachment":[{"href":"https:\/\/hannacosmetica.com\/fr\/wp-json\/wp\/v2\/media?parent=21080"}],"wp:term":[{"taxonomy":"product_cat","embeddable":true,"href":"https:\/\/hannacosmetica.com\/fr\/wp-json\/wp\/v2\/product_cat?post=21080"},{"taxonomy":"product_tag","embeddable":true,"href":"https:\/\/hannacosmetica.com\/fr\/wp-json\/wp\/v2\/product_tag?post=21080"}],"curies":[{"name":"wp","href":"https:\/\/api.w.org\/{rel}","templated":true}]}}