{"id":20937,"date":"2025-07-31T16:39:34","date_gmt":"2025-07-31T16:39:34","guid":{"rendered":"https:\/\/hannacosmetica.com\/?post_type=product&#038;p=20937"},"modified":"2025-07-31T16:39:57","modified_gmt":"2025-07-31T16:39:57","slug":"torno-35000rpm","status":"publish","type":"product","link":"https:\/\/hannacosmetica.com\/fr\/tienda\/maquinaria\/tornos-para-unas\/torno-35000rpm\/","title":{"rendered":"Torno Recargable  35000RPM"},"content":{"rendered":"<ul class=\"a-unordered-list a-vertical a-spacing-mini\">\n<li class=\"a-spacing-mini\"><span class=\"a-list-item\">\u2605 Potente taladro de u\u00f1as: la perilla ajusta la velocidad y la pantalla LCD visual permite ajustar la velocidad libremente de 0 a 35000 RPM. Est\u00e1 equipado con 6 brocas para metal y se puede colocar en el escritorio. Est\u00e1 equipado con 6 orificios para brocas y orificios para afilar bol\u00edgrafos para un almacenamiento conveniente y ahorro de espacio.<\/span><\/li>\n<li class=\"a-spacing-mini\"><span class=\"a-list-item\">\u2605 Pantalla LCD: el cabezal de molienda se puede reemplazar libremente y el bot\u00f3n de pausa est\u00e1 dise\u00f1ado. La velocidad de pausa y reinicio es la velocidad antes de la pausa, lo cual es conveniente para manejar temporalmente otras cosas mientras se pule y ahorra el tiempo de ajustar repetidamente la velocidad y apagar.<\/span><\/li>\n<li class=\"a-spacing-mini\"><span class=\"a-list-item\">\u2605 Mango delgado y suave: los rodamientos de alta calidad hacen que el corta\u00fa\u00f1as sea de tono bajo, suave y ligeramente vibratorio durante la manicura\/pedicura. El mango peque\u00f1o y liviano tiene un sistema de disipaci\u00f3n de calor mejorado en el medio y en la parte inferior para una r\u00e1pida disipaci\u00f3n del calor.<\/span><\/li>\n<li class=\"a-spacing-mini\"><span class=\"a-list-item\">\u2605 Viene con enchufes: el cuerpo est\u00e1 equipado con un enchufe para cabezal de molienda y un enchufe para bol\u00edgrafo, que son convenientes para llevar y mantener limpio el escritorio.<\/span><\/li>\n<li class=\"a-spacing-mini\"><span class=\"a-list-item\">\u2605 Bater\u00eda de larga duraci\u00f3n: 8 horas de duraci\u00f3n de la bater\u00eda. Las 3 bater\u00edas integradas de 1200 mAh pueden funcionar durante aproximadamente 8 horas despu\u00e9s de estar completamente cargadas. La alta velocidad de 35.000 proporciona potencia continua, velocidad continua y estable, baja p\u00e9rdida y reducci\u00f3n de ruido y una larga vida \u00fatil.<\/span><\/li>\n<\/ul>","protected":false},"excerpt":{"rendered":"<p>\u2605 Potente taladro de u\u00f1as: la perilla ajusta la velocidad y la pantalla LCD visual permite ajustar la velocidad libremente de 0&hellip;<\/p>","protected":false},"featured_media":20940,"comment_status":"open","ping_status":"closed","template":"","meta":[],"product_cat":[304,82,86,118,87],"product_tag":[],"yoast_head":"<!-- This site is optimized with the Yoast SEO plugin v19.9 - https:\/\/yoast.com\/wordpress\/plugins\/seo\/ -->\n<title>Torno Recargable 35000RPM - Hanna Cosm\u00e9tica<\/title>\n<meta name=\"robots\" content=\"index, follow, max-snippet:-1, max-image-preview:large, max-video-preview:-1\" \/>\n<link rel=\"canonical\" href=\"https:\/\/hannacosmetica.com\/fr\/tienda\/maquinaria\/tornos-para-unas\/torno-35000rpm\/\" \/>\n<meta property=\"og:locale\" content=\"fr_FR\" \/>\n<meta property=\"og:type\" content=\"article\" \/>\n<meta property=\"og:title\" content=\"Torno Recargable 35000RPM - Hanna Cosm\u00e9tica\" \/>\n<meta property=\"og:description\" content=\"\u2605 Potente taladro de u\u00f1as: la perilla ajusta la velocidad y la pantalla LCD visual permite ajustar la velocidad libremente de 0&hellip;\" \/>\n<meta property=\"og:url\" content=\"https:\/\/hannacosmetica.com\/fr\/tienda\/maquinaria\/tornos-para-unas\/torno-35000rpm\/\" \/>\n<meta property=\"og:site_name\" content=\"Hanna Cosm\u00e9tica\" \/>\n<meta property=\"article:modified_time\" content=\"2025-07-31T16:39:57+00:00\" \/>\n<meta property=\"og:image\" content=\"https:\/\/hannacosmetica.com\/wp-content\/uploads\/2025\/07\/5-Patas-para-una-mayor-firmeza-1.pdf-73.png\" \/>\n\t<meta property=\"og:image:width\" content=\"1469\" \/>\n\t<meta property=\"og:image:height\" content=\"1313\" \/>\n\t<meta property=\"og:image:type\" content=\"image\/png\" \/>\n<meta name=\"twitter:card\" content=\"summary_large_image\" \/>\n<script type=\"application\/ld+json\" class=\"yoast-schema-graph\">{\"@context\":\"https:\/\/schema.org\",\"@graph\":[{\"@type\":\"WebPage\",\"@id\":\"https:\/\/hannacosmetica.com\/tienda\/maquinaria\/tornos-para-unas\/torno-35000rpm\/\",\"url\":\"https:\/\/hannacosmetica.com\/tienda\/maquinaria\/tornos-para-unas\/torno-35000rpm\/\",\"name\":\"Torno Recargable 35000RPM - Hanna Cosm\u00e9tica\",\"isPartOf\":{\"@id\":\"https:\/\/hannacosmetica.com\/#website\"},\"datePublished\":\"2025-07-31T16:39:34+00:00\",\"dateModified\":\"2025-07-31T16:39:57+00:00\",\"breadcrumb\":{\"@id\":\"https:\/\/hannacosmetica.com\/tienda\/maquinaria\/tornos-para-unas\/torno-35000rpm\/#breadcrumb\"},\"inLanguage\":\"fr-FR\",\"potentialAction\":[{\"@type\":\"ReadAction\",\"target\":[\"https:\/\/hannacosmetica.com\/tienda\/maquinaria\/tornos-para-unas\/torno-35000rpm\/\"]}]},{\"@type\":\"BreadcrumbList\",\"@id\":\"https:\/\/hannacosmetica.com\/tienda\/maquinaria\/tornos-para-unas\/torno-35000rpm\/#breadcrumb\",\"itemListElement\":[{\"@type\":\"ListItem\",\"position\":1,\"name\":\"Portada\",\"item\":\"https:\/\/hannacosmetica.com\/\"},{\"@type\":\"ListItem\",\"position\":2,\"name\":\"Tienda\",\"item\":\"https:\/\/hannacosmetica.com\/shop\/\"},{\"@type\":\"ListItem\",\"position\":3,\"name\":\"Torno Recargable 35000RPM\"}]},{\"@type\":\"WebSite\",\"@id\":\"https:\/\/hannacosmetica.com\/#website\",\"url\":\"https:\/\/hannacosmetica.com\/\",\"name\":\"Hanna Cosm\u00e9tica\",\"description\":\"Tienda de productos u\u00f1as, bellezas y peluquer\u00edas\",\"publisher\":{\"@id\":\"https:\/\/hannacosmetica.com\/#organization\"},\"potentialAction\":[{\"@type\":\"SearchAction\",\"target\":{\"@type\":\"EntryPoint\",\"urlTemplate\":\"https:\/\/hannacosmetica.com\/?s={search_term_string}\"},\"query-input\":\"required name=search_term_string\"}],\"inLanguage\":\"fr-FR\"},{\"@type\":\"Organization\",\"@id\":\"https:\/\/hannacosmetica.com\/#organization\",\"name\":\"Hanna Cosm\u00e9tica\",\"url\":\"https:\/\/hannacosmetica.com\/\",\"logo\":{\"@type\":\"ImageObject\",\"inLanguage\":\"fr-FR\",\"@id\":\"https:\/\/hannacosmetica.com\/#\/schema\/logo\/image\/\",\"url\":\"https:\/\/hannacosmetica.com\/wp-content\/uploads\/2022\/07\/Logo-Joyeria-Femenino-Floral-Negro.png\",\"contentUrl\":\"https:\/\/hannacosmetica.com\/wp-content\/uploads\/2022\/07\/Logo-Joyeria-Femenino-Floral-Negro.png\",\"width\":361,\"height\":126,\"caption\":\"Hanna Cosm\u00e9tica\"},\"image\":{\"@id\":\"https:\/\/hannacosmetica.com\/#\/schema\/logo\/image\/\"}}]}<\/script>\n<!-- \/ Yoast SEO plugin. -->","yoast_head_json":{"title":"Torno Recargable 35000RPM - Hanna Cosm\u00e9tica","robots":{"index":"index","follow":"follow","max-snippet":"max-snippet:-1","max-image-preview":"max-image-preview:large","max-video-preview":"max-video-preview:-1"},"canonical":"https:\/\/hannacosmetica.com\/fr\/tienda\/maquinaria\/tornos-para-unas\/torno-35000rpm\/","og_locale":"fr_FR","og_type":"article","og_title":"Torno Recargable 35000RPM - Hanna Cosm\u00e9tica","og_description":"\u2605 Potente taladro de u\u00f1as: la perilla ajusta la velocidad y la pantalla LCD visual permite ajustar la velocidad libremente de 0&hellip;","og_url":"https:\/\/hannacosmetica.com\/fr\/tienda\/maquinaria\/tornos-para-unas\/torno-35000rpm\/","og_site_name":"Hanna Cosm\u00e9tica","article_modified_time":"2025-07-31T16:39:57+00:00","og_image":[{"width":1469,"height":1313,"url":"https:\/\/hannacosmetica.com\/wp-content\/uploads\/2025\/07\/5-Patas-para-una-mayor-firmeza-1.pdf-73.png","type":"image\/png"}],"twitter_card":"summary_large_image","schema":{"@context":"https:\/\/schema.org","@graph":[{"@type":"WebPage","@id":"https:\/\/hannacosmetica.com\/tienda\/maquinaria\/tornos-para-unas\/torno-35000rpm\/","url":"https:\/\/hannacosmetica.com\/tienda\/maquinaria\/tornos-para-unas\/torno-35000rpm\/","name":"Torno Recargable 35000RPM - Hanna Cosm\u00e9tica","isPartOf":{"@id":"https:\/\/hannacosmetica.com\/#website"},"datePublished":"2025-07-31T16:39:34+00:00","dateModified":"2025-07-31T16:39:57+00:00","breadcrumb":{"@id":"https:\/\/hannacosmetica.com\/tienda\/maquinaria\/tornos-para-unas\/torno-35000rpm\/#breadcrumb"},"inLanguage":"fr-FR","potentialAction":[{"@type":"ReadAction","target":["https:\/\/hannacosmetica.com\/tienda\/maquinaria\/tornos-para-unas\/torno-35000rpm\/"]}]},{"@type":"BreadcrumbList","@id":"https:\/\/hannacosmetica.com\/tienda\/maquinaria\/tornos-para-unas\/torno-35000rpm\/#breadcrumb","itemListElement":[{"@type":"ListItem","position":1,"name":"Portada","item":"https:\/\/hannacosmetica.com\/"},{"@type":"ListItem","position":2,"name":"Tienda","item":"https:\/\/hannacosmetica.com\/shop\/"},{"@type":"ListItem","position":3,"name":"Torno Recargable 35000RPM"}]},{"@type":"WebSite","@id":"https:\/\/hannacosmetica.com\/#website","url":"https:\/\/hannacosmetica.com\/","name":"Hanna Cosm\u00e9tica","description":"Tienda de productos u\u00f1as, bellezas y peluquer\u00edas","publisher":{"@id":"https:\/\/hannacosmetica.com\/#organization"},"potentialAction":[{"@type":"SearchAction","target":{"@type":"EntryPoint","urlTemplate":"https:\/\/hannacosmetica.com\/?s={search_term_string}"},"query-input":"required name=search_term_string"}],"inLanguage":"fr-FR"},{"@type":"Organization","@id":"https:\/\/hannacosmetica.com\/#organization","name":"Hanna Cosm\u00e9tica","url":"https:\/\/hannacosmetica.com\/","logo":{"@type":"ImageObject","inLanguage":"fr-FR","@id":"https:\/\/hannacosmetica.com\/#\/schema\/logo\/image\/","url":"https:\/\/hannacosmetica.com\/wp-content\/uploads\/2022\/07\/Logo-Joyeria-Femenino-Floral-Negro.png","contentUrl":"https:\/\/hannacosmetica.com\/wp-content\/uploads\/2022\/07\/Logo-Joyeria-Femenino-Floral-Negro.png","width":361,"height":126,"caption":"Hanna Cosm\u00e9tica"},"image":{"@id":"https:\/\/hannacosmetica.com\/#\/schema\/logo\/image\/"}}]}},"_links":{"self":[{"href":"https:\/\/hannacosmetica.com\/fr\/wp-json\/wp\/v2\/product\/20937"}],"collection":[{"href":"https:\/\/hannacosmetica.com\/fr\/wp-json\/wp\/v2\/product"}],"about":[{"href":"https:\/\/hannacosmetica.com\/fr\/wp-json\/wp\/v2\/types\/product"}],"replies":[{"embeddable":true,"href":"https:\/\/hannacosmetica.com\/fr\/wp-json\/wp\/v2\/comments?post=20937"}],"version-history":[{"count":2,"href":"https:\/\/hannacosmetica.com\/fr\/wp-json\/wp\/v2\/product\/20937\/revisions"}],"predecessor-version":[{"id":20949,"href":"https:\/\/hannacosmetica.com\/fr\/wp-json\/wp\/v2\/product\/20937\/revisions\/20949"}],"wp:featuredmedia":[{"embeddable":true,"href":"https:\/\/hannacosmetica.com\/fr\/wp-json\/wp\/v2\/media\/20940"}],"wp:attachment":[{"href":"https:\/\/hannacosmetica.com\/fr\/wp-json\/wp\/v2\/media?parent=20937"}],"wp:term":[{"taxonomy":"product_cat","embeddable":true,"href":"https:\/\/hannacosmetica.com\/fr\/wp-json\/wp\/v2\/product_cat?post=20937"},{"taxonomy":"product_tag","embeddable":true,"href":"https:\/\/hannacosmetica.com\/fr\/wp-json\/wp\/v2\/product_tag?post=20937"}],"curies":[{"name":"wp","href":"https:\/\/api.w.org\/{rel}","templated":true}]}}