{"id":20893,"date":"2025-07-30T16:33:09","date_gmt":"2025-07-30T16:33:09","guid":{"rendered":"https:\/\/hannacosmetica.com\/?post_type=product&#038;p=20893"},"modified":"2025-07-30T16:33:10","modified_gmt":"2025-07-30T16:33:10","slug":"lampara-sun-s7-268w","status":"publish","type":"product","link":"https:\/\/hannacosmetica.com\/fr\/tienda\/maquinaria\/lamparas-de-secado-de-unas\/lampara-sun-s7-268w\/","title":{"rendered":"Lampara Sun S7  268W"},"content":{"rendered":"<p>Curado uniforme para u\u00f1as precisas: nuestra l\u00e1mpara de esmalte de u\u00f1as UV de 268 W est\u00e1 equipada con 57 perlas de luz LED de larga duraci\u00f3n, distribuidas sobre 15 cuentas en la parte superior y 42 cuentas en los lados. Permite secar y endurecer toda e producto aplicado sobre\u00a0 la mano o el pie, incluido el pulgar.<br \/>\nFunciones de temporizador flexibles y pr\u00e1ctico dise\u00f1o de placa base: nuestra l\u00e1mpara de u\u00f1as profesional ofrece cuatro ajustes de temporizador: 10s, 30s, 60s y 99s para personalizar seg\u00fan tus necesidades. Inserta tu mano en el secador de u\u00f1as LED y el modo de 99 segundos de baja temperatura se activar\u00e1 autom\u00e1ticamente sin necesidad de pulsar el bot\u00f3n de ajuste de tiempo. El dise\u00f1o de la placa base es extra\u00edble, lo que hace que el endurecimiento de las u\u00f1as de los pies sea especialmente c\u00f3modo y f\u00e1cil.<br \/>\nSensor infrarrojo autom\u00e1tico y pantalla LCD: una vez que la fuente de alimentaci\u00f3n est\u00e1 conectada, la luz parpadear\u00e1 autom\u00e1ticamente cuando coloques la mano.<br \/>\nSecador de esmalte de u\u00f1as UV LED para el cuidado profesional de las u\u00f1as: apto para gel LED, gel UV, esculturas, pegamento para piedras preciosas y otros productos especiales. Le permite crear dise\u00f1os de u\u00f1as profesionales en casa usted mismo, sin tener que visitar el sal\u00f3n. Ten en cuenta que este secador de u\u00f1as UV LED no est\u00e1 dise\u00f1ado para el esmalte de u\u00f1as tradicional. Para el esmalte de u\u00f1as normal, se recomienda secar de forma natural<\/p>","protected":false},"excerpt":{"rendered":"<p>Curado uniforme para u\u00f1as precisas: nuestra l\u00e1mpara de esmalte de u\u00f1as UV de 268 W est\u00e1 equipada con 57 perlas de luz&hellip;<\/p>","protected":false},"featured_media":20895,"comment_status":"open","ping_status":"closed","template":"","meta":[],"product_cat":[304,82,86,119,87],"product_tag":[],"yoast_head":"<!-- This site is optimized with the Yoast SEO plugin v19.9 - https:\/\/yoast.com\/wordpress\/plugins\/seo\/ -->\n<title>Lampara Sun S7 268W - Hanna Cosm\u00e9tica<\/title>\n<meta name=\"robots\" content=\"index, follow, max-snippet:-1, max-image-preview:large, max-video-preview:-1\" \/>\n<link rel=\"canonical\" href=\"https:\/\/hannacosmetica.com\/fr\/tienda\/maquinaria\/lamparas-de-secado-de-unas\/lampara-sun-s7-268w\/\" \/>\n<meta property=\"og:locale\" content=\"fr_FR\" \/>\n<meta property=\"og:type\" content=\"article\" \/>\n<meta property=\"og:title\" content=\"Lampara Sun S7 268W - Hanna Cosm\u00e9tica\" \/>\n<meta property=\"og:description\" content=\"Curado uniforme para u\u00f1as precisas: nuestra l\u00e1mpara de esmalte de u\u00f1as UV de 268 W est\u00e1 equipada con 57 perlas de luz&hellip;\" \/>\n<meta property=\"og:url\" content=\"https:\/\/hannacosmetica.com\/fr\/tienda\/maquinaria\/lamparas-de-secado-de-unas\/lampara-sun-s7-268w\/\" \/>\n<meta property=\"og:site_name\" content=\"Hanna Cosm\u00e9tica\" \/>\n<meta property=\"article:modified_time\" content=\"2025-07-30T16:33:10+00:00\" \/>\n<meta property=\"og:image\" content=\"https:\/\/hannacosmetica.com\/wp-content\/uploads\/2025\/07\/5-Patas-para-una-mayor-firmeza-1.pdf-47.png\" \/>\n\t<meta property=\"og:image:width\" content=\"1469\" \/>\n\t<meta property=\"og:image:height\" content=\"1313\" \/>\n\t<meta property=\"og:image:type\" content=\"image\/png\" \/>\n<meta name=\"twitter:card\" content=\"summary_large_image\" \/>\n<script type=\"application\/ld+json\" class=\"yoast-schema-graph\">{\"@context\":\"https:\/\/schema.org\",\"@graph\":[{\"@type\":\"WebPage\",\"@id\":\"https:\/\/hannacosmetica.com\/tienda\/maquinaria\/lamparas-de-secado-de-unas\/lampara-sun-s7-268w\/\",\"url\":\"https:\/\/hannacosmetica.com\/tienda\/maquinaria\/lamparas-de-secado-de-unas\/lampara-sun-s7-268w\/\",\"name\":\"Lampara Sun S7 268W - Hanna Cosm\u00e9tica\",\"isPartOf\":{\"@id\":\"https:\/\/hannacosmetica.com\/#website\"},\"datePublished\":\"2025-07-30T16:33:09+00:00\",\"dateModified\":\"2025-07-30T16:33:10+00:00\",\"breadcrumb\":{\"@id\":\"https:\/\/hannacosmetica.com\/tienda\/maquinaria\/lamparas-de-secado-de-unas\/lampara-sun-s7-268w\/#breadcrumb\"},\"inLanguage\":\"fr-FR\",\"potentialAction\":[{\"@type\":\"ReadAction\",\"target\":[\"https:\/\/hannacosmetica.com\/tienda\/maquinaria\/lamparas-de-secado-de-unas\/lampara-sun-s7-268w\/\"]}]},{\"@type\":\"BreadcrumbList\",\"@id\":\"https:\/\/hannacosmetica.com\/tienda\/maquinaria\/lamparas-de-secado-de-unas\/lampara-sun-s7-268w\/#breadcrumb\",\"itemListElement\":[{\"@type\":\"ListItem\",\"position\":1,\"name\":\"Portada\",\"item\":\"https:\/\/hannacosmetica.com\/\"},{\"@type\":\"ListItem\",\"position\":2,\"name\":\"Tienda\",\"item\":\"https:\/\/hannacosmetica.com\/shop\/\"},{\"@type\":\"ListItem\",\"position\":3,\"name\":\"Lampara Sun S7 268W\"}]},{\"@type\":\"WebSite\",\"@id\":\"https:\/\/hannacosmetica.com\/#website\",\"url\":\"https:\/\/hannacosmetica.com\/\",\"name\":\"Hanna Cosm\u00e9tica\",\"description\":\"Tienda de productos u\u00f1as, bellezas y peluquer\u00edas\",\"publisher\":{\"@id\":\"https:\/\/hannacosmetica.com\/#organization\"},\"potentialAction\":[{\"@type\":\"SearchAction\",\"target\":{\"@type\":\"EntryPoint\",\"urlTemplate\":\"https:\/\/hannacosmetica.com\/?s={search_term_string}\"},\"query-input\":\"required name=search_term_string\"}],\"inLanguage\":\"fr-FR\"},{\"@type\":\"Organization\",\"@id\":\"https:\/\/hannacosmetica.com\/#organization\",\"name\":\"Hanna Cosm\u00e9tica\",\"url\":\"https:\/\/hannacosmetica.com\/\",\"logo\":{\"@type\":\"ImageObject\",\"inLanguage\":\"fr-FR\",\"@id\":\"https:\/\/hannacosmetica.com\/#\/schema\/logo\/image\/\",\"url\":\"https:\/\/hannacosmetica.com\/wp-content\/uploads\/2022\/07\/Logo-Joyeria-Femenino-Floral-Negro.png\",\"contentUrl\":\"https:\/\/hannacosmetica.com\/wp-content\/uploads\/2022\/07\/Logo-Joyeria-Femenino-Floral-Negro.png\",\"width\":361,\"height\":126,\"caption\":\"Hanna Cosm\u00e9tica\"},\"image\":{\"@id\":\"https:\/\/hannacosmetica.com\/#\/schema\/logo\/image\/\"}}]}<\/script>\n<!-- \/ Yoast SEO plugin. -->","yoast_head_json":{"title":"Lampara Sun S7 268W - Hanna Cosm\u00e9tica","robots":{"index":"index","follow":"follow","max-snippet":"max-snippet:-1","max-image-preview":"max-image-preview:large","max-video-preview":"max-video-preview:-1"},"canonical":"https:\/\/hannacosmetica.com\/fr\/tienda\/maquinaria\/lamparas-de-secado-de-unas\/lampara-sun-s7-268w\/","og_locale":"fr_FR","og_type":"article","og_title":"Lampara Sun S7 268W - Hanna Cosm\u00e9tica","og_description":"Curado uniforme para u\u00f1as precisas: nuestra l\u00e1mpara de esmalte de u\u00f1as UV de 268 W est\u00e1 equipada con 57 perlas de luz&hellip;","og_url":"https:\/\/hannacosmetica.com\/fr\/tienda\/maquinaria\/lamparas-de-secado-de-unas\/lampara-sun-s7-268w\/","og_site_name":"Hanna Cosm\u00e9tica","article_modified_time":"2025-07-30T16:33:10+00:00","og_image":[{"width":1469,"height":1313,"url":"https:\/\/hannacosmetica.com\/wp-content\/uploads\/2025\/07\/5-Patas-para-una-mayor-firmeza-1.pdf-47.png","type":"image\/png"}],"twitter_card":"summary_large_image","schema":{"@context":"https:\/\/schema.org","@graph":[{"@type":"WebPage","@id":"https:\/\/hannacosmetica.com\/tienda\/maquinaria\/lamparas-de-secado-de-unas\/lampara-sun-s7-268w\/","url":"https:\/\/hannacosmetica.com\/tienda\/maquinaria\/lamparas-de-secado-de-unas\/lampara-sun-s7-268w\/","name":"Lampara Sun S7 268W - Hanna Cosm\u00e9tica","isPartOf":{"@id":"https:\/\/hannacosmetica.com\/#website"},"datePublished":"2025-07-30T16:33:09+00:00","dateModified":"2025-07-30T16:33:10+00:00","breadcrumb":{"@id":"https:\/\/hannacosmetica.com\/tienda\/maquinaria\/lamparas-de-secado-de-unas\/lampara-sun-s7-268w\/#breadcrumb"},"inLanguage":"fr-FR","potentialAction":[{"@type":"ReadAction","target":["https:\/\/hannacosmetica.com\/tienda\/maquinaria\/lamparas-de-secado-de-unas\/lampara-sun-s7-268w\/"]}]},{"@type":"BreadcrumbList","@id":"https:\/\/hannacosmetica.com\/tienda\/maquinaria\/lamparas-de-secado-de-unas\/lampara-sun-s7-268w\/#breadcrumb","itemListElement":[{"@type":"ListItem","position":1,"name":"Portada","item":"https:\/\/hannacosmetica.com\/"},{"@type":"ListItem","position":2,"name":"Tienda","item":"https:\/\/hannacosmetica.com\/shop\/"},{"@type":"ListItem","position":3,"name":"Lampara Sun S7 268W"}]},{"@type":"WebSite","@id":"https:\/\/hannacosmetica.com\/#website","url":"https:\/\/hannacosmetica.com\/","name":"Hanna Cosm\u00e9tica","description":"Tienda de productos u\u00f1as, bellezas y peluquer\u00edas","publisher":{"@id":"https:\/\/hannacosmetica.com\/#organization"},"potentialAction":[{"@type":"SearchAction","target":{"@type":"EntryPoint","urlTemplate":"https:\/\/hannacosmetica.com\/?s={search_term_string}"},"query-input":"required name=search_term_string"}],"inLanguage":"fr-FR"},{"@type":"Organization","@id":"https:\/\/hannacosmetica.com\/#organization","name":"Hanna Cosm\u00e9tica","url":"https:\/\/hannacosmetica.com\/","logo":{"@type":"ImageObject","inLanguage":"fr-FR","@id":"https:\/\/hannacosmetica.com\/#\/schema\/logo\/image\/","url":"https:\/\/hannacosmetica.com\/wp-content\/uploads\/2022\/07\/Logo-Joyeria-Femenino-Floral-Negro.png","contentUrl":"https:\/\/hannacosmetica.com\/wp-content\/uploads\/2022\/07\/Logo-Joyeria-Femenino-Floral-Negro.png","width":361,"height":126,"caption":"Hanna Cosm\u00e9tica"},"image":{"@id":"https:\/\/hannacosmetica.com\/#\/schema\/logo\/image\/"}}]}},"_links":{"self":[{"href":"https:\/\/hannacosmetica.com\/fr\/wp-json\/wp\/v2\/product\/20893"}],"collection":[{"href":"https:\/\/hannacosmetica.com\/fr\/wp-json\/wp\/v2\/product"}],"about":[{"href":"https:\/\/hannacosmetica.com\/fr\/wp-json\/wp\/v2\/types\/product"}],"replies":[{"embeddable":true,"href":"https:\/\/hannacosmetica.com\/fr\/wp-json\/wp\/v2\/comments?post=20893"}],"version-history":[{"count":1,"href":"https:\/\/hannacosmetica.com\/fr\/wp-json\/wp\/v2\/product\/20893\/revisions"}],"predecessor-version":[{"id":20900,"href":"https:\/\/hannacosmetica.com\/fr\/wp-json\/wp\/v2\/product\/20893\/revisions\/20900"}],"wp:featuredmedia":[{"embeddable":true,"href":"https:\/\/hannacosmetica.com\/fr\/wp-json\/wp\/v2\/media\/20895"}],"wp:attachment":[{"href":"https:\/\/hannacosmetica.com\/fr\/wp-json\/wp\/v2\/media?parent=20893"}],"wp:term":[{"taxonomy":"product_cat","embeddable":true,"href":"https:\/\/hannacosmetica.com\/fr\/wp-json\/wp\/v2\/product_cat?post=20893"},{"taxonomy":"product_tag","embeddable":true,"href":"https:\/\/hannacosmetica.com\/fr\/wp-json\/wp\/v2\/product_tag?post=20893"}],"curies":[{"name":"wp","href":"https:\/\/api.w.org\/{rel}","templated":true}]}}